{"id":13760,"date":"2023-01-10T04:47:02","date_gmt":"2023-01-10T07:47:02","guid":{"rendered":"https:\/\/www.cursos.olgavelez.co\/cu\/producto\/deja-de-sufrir-por-amor-usando-la-astrologia-2\/"},"modified":"2023-09-20T16:06:10","modified_gmt":"2023-09-20T19:06:10","slug":"deja-de-sufrir-por-amor-usando-la-astrologia-2","status":"publish","type":"product","link":"https:\/\/www.cursos.olgavelez.co\/cu\/producto\/deja-de-sufrir-por-amor-usando-la-astrologia-2\/","title":{"rendered":"DEJA DE SUFRIR POR AMOR! USANDO LA ASTROLOG\u00cdA"},"content":{"rendered":"<p>\u00bfQuieres SANAR tus relaciones de pareja y no sabes c\u00f3mo?<\/p>\n<p>Con este taller lograras conseguirte A TI, entender el \u201cporque\u201d y \u201cpara que\u201d de tus relaciones pasadas y encontraras un camino hacia tu valor y merecimiento usando el lenguaje sagrado del universo LA ASTROLOGIA, convirtiendo este espacio en un traje a la medida lleno de rituales, ejercicios y conocimiento direccionado a la sanaci\u00f3n. \u00bfY lo mejor de todo? NO TIENES QUE SABER NADA de astrolog\u00eda porque est\u00e1 dise\u00f1ado en un lenguaje simple y practico que te ayudara a potenciar las \u00e1reas m\u00e1s ocultas de tu ser \u00bfEst\u00e1s dispuesto a dar el primer paso? \u00a1Inscr\u00edbete! Acceder\u00e1s al certificado avalado por Hotmart y Seminarios Online.<\/p>\n<p>\u00bfQU\u00c9 VAS A LOGRAR?<\/p>\n<p>Lograras entender desde el alma tus relaciones amorosas, revelaras el \u201cporque\u201d y \u201cpara que\u201d de tus experiencias pasadas, sanaras a trav\u00e9s de profundos ejercicios el amor, soltaras experiencias ocultas en tu \u00e1rbol geneal\u00f3gico y crearas un camino hacia la realizaci\u00f3n en el espacio del amor iniciando con el amor hacia ti mismo.<\/p>\n<p>\u00bfC\u00d3MO LO VAS A LOGRAR?<\/p>\n<p>M\u00f3dulo 1 Sobre el amor y las relaciones<\/p>\n<p>Lecci\u00f3n 0: \u00a1Bienvenidos! Empieza por aqu\u00ed<br \/>\nLecci\u00f3n 1: \u00bfPor qu\u00e9 duele tanto amar?<br \/>\nLecci\u00f3n 2: El espejo de mis relaciones<br \/>\nLecci\u00f3n 3: \u00bfAmar es para m\u00ed?<\/p>\n<p>M\u00f3dulo 2 Conectando con la astrolog\u00eda<\/p>\n<p>Lecci\u00f3n 1: \u00bfQu\u00e9 es y c\u00f3mo puede ayudarme la astrolog\u00eda?<br \/>\nLecci\u00f3n 2: \u00bfQu\u00e9 ver en la carta natal?<br \/>\nLecci\u00f3n 3: \u00bfC\u00f3mo calcular la carta natal?<br \/>\nLecci\u00f3n 4: \u00bfQu\u00e9 hacer si no se me la hora de nacimiento?<br \/>\nLecci\u00f3n 5: \u00bfQu\u00e9 son las Sinastr\u00eda y cartas compuestas?<br \/>\nLecci\u00f3n 6: \u00bfC\u00f3mo calcularlas?<\/p>\n<p>M\u00f3dulo 3 YO como centro del amor<\/p>\n<p>Lecci\u00f3n 1: Mi concepci\u00f3n del amor<br \/>\nLecci\u00f3n 2: Mis emociones en la Luna<br \/>\nLecci\u00f3n 3: Mis expresi\u00f3n del amor en Venus<br \/>\nLecci\u00f3n 4: \u00bfC\u00f3mo se manifiesta el amor de noviazgo en mi vida?<br \/>\nLecci\u00f3n 5: \u00bfC\u00f3mo se manifiesta el amor de matrimonio en mi vida?<br \/>\nLecci\u00f3n 6: Heridas en el amor<\/p>\n<p>M\u00f3dulo 4 El \u201cque\u201d y \u201cpara que\u201d de mi relaci\u00f3n<\/p>\n<p>Lecci\u00f3n 1: Lo arm\u00f3nico e inarm\u00f3nico dentro de la astrolog\u00eda (Aspectos)<br \/>\nLecci\u00f3n 2: Viendo nuestra conexi\u00f3n en Sinastr\u00eda<br \/>\nLecci\u00f3n 3: El prop\u00f3sito de la relaci\u00f3n en carta compuesta<\/p>\n<p>M\u00f3dulo 5 Soltando el dolor<\/p>\n<p>Lecci\u00f3n 1: Aceptar la sombra<br \/>\nLecci\u00f3n 2: Soltar el dolor<br \/>\nLecci\u00f3n 3: Morir en lo que no me funciono<br \/>\nLecci\u00f3n 4: Aceptar la luz<\/p>\n<p>M\u00f3dulo 6 Mi transgeneracional<\/p>\n<p>Lecci\u00f3n 1: Lo que dec\u00eda mis ancestros dec\u00edan sobre el amor.<br \/>\nLecci\u00f3n 2: Soltando lo que no me pertenece<\/p>\n<p>M\u00f3dulo 7 CREANDO mi realidad<\/p>\n<p>Lecci\u00f3n 1: \u00bfQu\u00e9 quiero generar en mi vida?<br \/>\nLecci\u00f3n 2: \u00bfQui\u00e9n SOY y cu\u00e1nto valgo?<br \/>\nLecci\u00f3n 3: Ejercicios para conectar con la manifestaci\u00f3n<\/p>\n<p>M\u00f3dulo 8 Material Adicional \u2013 BONOS<\/p>\n<p>Material de apoyo gu\u00eda astrol\u00f3gica<\/p>\n<p>M\u00f3dulo 9 Video Respuestas<\/p>\n<p>Respuesta a preguntas frecuentes<\/p>\n<p>ACERCA DEL PRODUCTOR<\/p>\n<p>Argelia Gonz\u00e1lez, astrologa y presentadora del programa Mundo Astral televisado por Une TV. Una mujer feliz, abundante y exitosa, con numerosos conocimientos y certificaciones en habilidades blandas entre las cuales se encuentran coaching ontol\u00f3gico y sist\u00e9mico, programaci\u00f3n neuroling\u00fc\u00edstica, psicomagia, descodificaci\u00f3n biol\u00f3gica, y muchas m\u00e1s. Escritora de \u201cAceptando la magia que hay en mi\u201d y fundadora del movimiento Crea tu Bienestar Hoy, un espacio en donde se conectan los poderes de la mente racional con los poderes del mundo espiritual para generar desde la consciencia resultados EXTRAORDINARIOS enfocados en la integridad personal y dicha.<\/p>\n","protected":false},"excerpt":{"rendered":"<p>\u00bfQuieres SANAR tus relaciones de pareja y no sabes c\u00f3mo?<\/p>\n<p>Con este taller lograras conseguirte A TI, entender el \u201cporque\u201d y \u201cpara que\u201d de tus relaciones pasadas y encontraras un camino hacia tu valor y merecimiento usando el lenguaje sagrado del universo LA ASTROLOGIA, convirtiendo este espacio en un traje a la medida lleno de rituales, ejercicios y conocimiento direccionado a la sanaci\u00f3n. \u00bfY lo mejor de todo? NO TIENES QUE SABER NADA de astrolog\u00eda porque est\u00e1 dise\u00f1ado en un lenguaje simple y practico que te ayudara a potenciar las \u00e1reas m\u00e1s ocultas de tu ser \u00bfEst\u00e1s dispuesto a dar el primer paso? \u00a1Inscr\u00edbete! Acceder\u00e1s al certificado avalado por Hotmart y Seminarios Online.<\/p>\n","protected":false},"featured_media":4532,"template":"","meta":{"_joinchat":[]},"product_brand":[],"product_cat":[336,344],"product_tag":[],"class_list":{"0":"post-13760","1":"product","2":"type-product","3":"status-publish","4":"has-post-thumbnail","6":"product_cat-relaciones","7":"product_cat-todos","9":"first","10":"instock","11":"sale","12":"shipping-taxable","13":"product-type-external"},"_links":{"self":[{"href":"https:\/\/www.cursos.olgavelez.co\/cu\/wp-json\/wp\/v2\/product\/13760","targetHints":{"allow":["GET"]}}],"collection":[{"href":"https:\/\/www.cursos.olgavelez.co\/cu\/wp-json\/wp\/v2\/product"}],"about":[{"href":"https:\/\/www.cursos.olgavelez.co\/cu\/wp-json\/wp\/v2\/types\/product"}],"version-history":[{"count":1,"href":"https:\/\/www.cursos.olgavelez.co\/cu\/wp-json\/wp\/v2\/product\/13760\/revisions"}],"predecessor-version":[{"id":15014,"href":"https:\/\/www.cursos.olgavelez.co\/cu\/wp-json\/wp\/v2\/product\/13760\/revisions\/15014"}],"wp:featuredmedia":[{"embeddable":true,"href":"https:\/\/www.cursos.olgavelez.co\/cu\/wp-json\/wp\/v2\/media\/4532"}],"wp:attachment":[{"href":"https:\/\/www.cursos.olgavelez.co\/cu\/wp-json\/wp\/v2\/media?parent=13760"}],"wp:term":[{"taxonomy":"product_brand","embeddable":true,"href":"https:\/\/www.cursos.olgavelez.co\/cu\/wp-json\/wp\/v2\/product_brand?post=13760"},{"taxonomy":"product_cat","embeddable":true,"href":"https:\/\/www.cursos.olgavelez.co\/cu\/wp-json\/wp\/v2\/product_cat?post=13760"},{"taxonomy":"product_tag","embeddable":true,"href":"https:\/\/www.cursos.olgavelez.co\/cu\/wp-json\/wp\/v2\/product_tag?post=13760"}],"curies":[{"name":"wp","href":"https:\/\/api.w.org\/{rel}","templated":true}]}}