{"id":13749,"date":"2023-01-10T04:46:54","date_gmt":"2023-01-10T07:46:54","guid":{"rendered":"https:\/\/www.cursos.olgavelez.co\/cu\/producto\/administracion-pro-para-restaurantes-2\/"},"modified":"2023-09-20T16:05:59","modified_gmt":"2023-09-20T19:05:59","slug":"administracion-pro-para-restaurantes-2","status":"publish","type":"product","link":"https:\/\/www.cursos.olgavelez.co\/cu\/producto\/administracion-pro-para-restaurantes-2\/","title":{"rendered":"ADMINISTRACI\u00d3N PRO PARA RESTAURANTES"},"content":{"rendered":"<p>Muchos restaurantes quiebran sin que sus propietarios entiendan por qu\u00e9.     <\/p>\n<p>Una de las razones principales, es el desconocimiento de los costos en los platos y los altos gastos operacionales.<\/p>\n<p>Con el programa ADMINISTRACI\u00d3N PRO PARA RESTAURANTES, aprende a determinar el precio correcto y desarrolla promociones atractivas.                                   <\/p>\n<p>Adem\u00e1s, organiza los inventarios basados en costos, c\u00f3mo aumentar las utilidades y mucho m\u00e1s.<\/p>\n<p>\u00bfQU\u00c9 VAS A LOGRAR?<\/p>\n<p>Determinar\u00e1s el precio correcto de cada uno de los platos de la carta del restaurante.<\/p>\n<p>Aumentar\u00e1s la utilidad del negocio, para que seas exitoso.<\/p>\n<p>Lograr\u00e1s ejecutar un correcto control administrativo del restaurante o empresa de alimentos y bebidas, con ejemplos claros y sencillos de casos reales.<\/p>\n<p>Dise\u00f1ar\u00e1s estrategias de ventas, bas\u00e1ndose en los platos que tengan los costos mas atractivos.<\/p>\n<p>Desarrollar\u00e1s promociones atractivas y seguras que generen alto impacto en los clientes. <\/p>\n<p>Organizar\u00e1s todos los inventarios basados en los costos gastron\u00f3micos. <\/p>\n<p>Generar\u00e1s la estandarizaci\u00f3n, en la elaboraci\u00f3n de los platos incluyendo la presentaci\u00f3n y cantidades exactas.<\/p>\n<p>Realizar\u00e1s constante seguimiento de los proveedores, para controlar la materia prima utilizada en el negocio.<\/p>\n<p>Acceder\u00e1s al certificado avalado por Hotmart y Seminarios Online.<\/p>\n<p>\u00bfC\u00d3MO LO VAS A LOGRAR?<\/p>\n<p>A trav\u00e9s del siguiente contenido, estructurado paso a paso:<\/p>\n<p>M\u00d3DULO 1 &#8211; ADMINISTRACI\u00d3N PRO PARA RESTAURANTES<\/p>\n<p>Recomendaciones iniciales.<br \/>\nIntroducci\u00f3n y bienvenida.<\/p>\n<p>M\u00d3DULO 2 &#8211; ESTRUCTURA DE COSTOS<\/p>\n<p>Introducci\u00f3n a los costos gastron\u00f3micos.<br \/>\nEstructura de costos gastron\u00f3micos.<br \/>\nEjemplos de una estructura de costos.<\/p>\n<p>M\u00d3DULO 3 &#8211; AN\u00c1LISIS Y ESTRATEGIAS DE VENTAS<\/p>\n<p>An\u00e1lisis y estrategias de ventas.<br \/>\nEstrategias de ventas I.<br \/>\nEstrategias de ventas II.<br \/>\nEstrategias de ventas III.<\/p>\n<p>M\u00d3DULO 4 &#8211; ESTUDIO DE MERCADO<\/p>\n<p>Estudio de mercado para restaurantes.<\/p>\n<p>M\u00d3DULO 5 &#8211; SOFTWARE<\/p>\n<p>Software para restaurantes.<\/p>\n<p>M\u00d3DULO 6 &#8211; MANUAL DE OPERACIONES<\/p>\n<p>Manual de operaciones.<br \/>\nEjemplo del manual de operaciones.<\/p>\n<p>M\u00d3DULO 7 &#8211; INVENTARIOS<\/p>\n<p>Inventarios I.<br \/>\nInventarios II.<\/p>\n<p>M\u00d3DULO 8 &#8211; CONTRATACI\u00d3N DE PERSONAL<\/p>\n<p>Contrataci\u00f3n de personal I.<br \/>\nContrataci\u00f3n de personal II.<\/p>\n<p>M\u00d3DULO 9 &#8211; MATERIAL ADICIONAL (BONOS)<\/p>\n<p>Bono 1: XLS. Plantilla de costos receta est\u00e1ndar.<br \/>\nBono 2: XLS. Plantillas de costos receta est\u00e1ndar diligenciadas.<br \/>\nBono 3: PDF. Estrategias de ventas para restaurantes.<br \/>\nBono 4: XLS. 8 manuales de operaciones y procedimientos.<br \/>\nBono 5: XLS. Plantilla de inventarios.<br \/>\nBono 6: PPT. Diapositivas del curso.<\/p>\n<p>M\u00d3DULO 10 &#8211; \u00bfC\u00d3MO OBTENER TU CERTIFICADO?<\/p>\n<p>\u00bfC\u00f3mo obtener tu certificado?<\/p>\n<p>ACERCA DEL PRODUCTOR<\/p>\n<p>Desarrollado por NELSON LASTRA, CEO de NS Consultores Gastron\u00f3micos (Colombia). <\/p>\n<p>Administrador de empresas tur\u00edsticas y hoteleras de la Universidad Aut\u00f3noma del Caribe 1994. Docente: Gesti\u00f3n de bares y restaurante. Corporaci\u00f3n Bolivariana del Norte, 2015-2018.<\/p>\n<p>Instructor: Tecnolog\u00eda en Gesti\u00f3n Hotelera. Sena Regional Magdalena 2013-2016.Administrador de contrato: Pacific Rubiales-Sodexo 2012-2013.Empresario Digital: Ministerio de las TICS. En formaci\u00f3n. Gerente de operaciones: Mendihuaca Caribbean Resort 1997-2000. Jefe de eventos y banquetes: Hotel Barranquilla Plaza 2004-2006. Conferencista C\u00e1mara de Comercio Barranquilla. Conferencista C\u00e1mara de Comercio La Guajira. Conferencista de la camara de comercio de Cartagena, Conferencista de la asociaci\u00f3n de Colombiana de la Industria Gastron\u00f3mica. (Capitulo Bogot\u00e1 y Atl\u00e1ntico)<\/p>\n<p>Como l\u00edder gastron\u00f3mico ha llevado a marcas y personas a mejorar sus procesos de administraci\u00f3n de restaurantes fortaleciendo procesos internos mediante sus desarrollos gastron\u00f3micos.<\/p>\n","protected":false},"excerpt":{"rendered":"<p>Muchos restaurantes quiebran sin que sus propietarios entiendan por qu\u00e9.     <\/p>\n<p>Una de las razones principales, es el desconocimiento de los costos en los platos y los altos gastos operacionales.<\/p>\n<p>Con el programa ADMINISTRACI\u00d3N PRO PARA RESTAURANTES, aprende a determinar el precio correcto y desarrolla promociones atractivas.                                   <\/p>\n<p>Adem\u00e1s, organiza los inventarios basados en costos, c\u00f3mo aumentar las utilidades y mucho m\u00e1s.<\/p>\n","protected":false},"featured_media":5009,"template":"","meta":{"_joinchat":[]},"product_brand":[],"product_cat":[333,344],"product_tag":[],"class_list":{"0":"post-13749","1":"product","2":"type-product","3":"status-publish","4":"has-post-thumbnail","6":"product_cat-negocios-y-marketing","7":"product_cat-todos","9":"first","10":"instock","11":"sale","12":"shipping-taxable","13":"product-type-external"},"_links":{"self":[{"href":"https:\/\/www.cursos.olgavelez.co\/cu\/wp-json\/wp\/v2\/product\/13749","targetHints":{"allow":["GET"]}}],"collection":[{"href":"https:\/\/www.cursos.olgavelez.co\/cu\/wp-json\/wp\/v2\/product"}],"about":[{"href":"https:\/\/www.cursos.olgavelez.co\/cu\/wp-json\/wp\/v2\/types\/product"}],"version-history":[{"count":1,"href":"https:\/\/www.cursos.olgavelez.co\/cu\/wp-json\/wp\/v2\/product\/13749\/revisions"}],"predecessor-version":[{"id":14838,"href":"https:\/\/www.cursos.olgavelez.co\/cu\/wp-json\/wp\/v2\/product\/13749\/revisions\/14838"}],"wp:featuredmedia":[{"embeddable":true,"href":"https:\/\/www.cursos.olgavelez.co\/cu\/wp-json\/wp\/v2\/media\/5009"}],"wp:attachment":[{"href":"https:\/\/www.cursos.olgavelez.co\/cu\/wp-json\/wp\/v2\/media?parent=13749"}],"wp:term":[{"taxonomy":"product_brand","embeddable":true,"href":"https:\/\/www.cursos.olgavelez.co\/cu\/wp-json\/wp\/v2\/product_brand?post=13749"},{"taxonomy":"product_cat","embeddable":true,"href":"https:\/\/www.cursos.olgavelez.co\/cu\/wp-json\/wp\/v2\/product_cat?post=13749"},{"taxonomy":"product_tag","embeddable":true,"href":"https:\/\/www.cursos.olgavelez.co\/cu\/wp-json\/wp\/v2\/product_tag?post=13749"}],"curies":[{"name":"wp","href":"https:\/\/api.w.org\/{rel}","templated":true}]}}