{"id":13732,"date":"2023-01-10T04:46:43","date_gmt":"2023-01-10T07:46:43","guid":{"rendered":"https:\/\/www.cursos.olgavelez.co\/cu\/producto\/diseno-y-decoracion-con-globos-2\/"},"modified":"2023-09-20T16:05:43","modified_gmt":"2023-09-20T19:05:43","slug":"diseno-y-decoracion-con-globos-2","status":"publish","type":"product","link":"https:\/\/www.cursos.olgavelez.co\/cu\/producto\/diseno-y-decoracion-con-globos-2\/","title":{"rendered":"DISE\u00d1O Y DECORACI\u00d3N CON GLOBOS"},"content":{"rendered":"<p>\u00bfTe Gustar\u00eda Iniciarte de Forma Profesional en El Maravilloso Arte De La Decoraci\u00f3n Con Globos?<\/p>\n<p>Te presento el curso de Formaci\u00f3n Profesional Dise\u00f1o y Decoraci\u00f3n con Globos 100% online, que re\u00fane en 4 sencillos y explicativos m\u00f3dulos con todo lo que necesitas saber, para hacer y vender fant\u00e1sticas creaciones.<\/p>\n<p>El curso de Formaci\u00f3n Profesional de Dise\u00f1o y Decoraci\u00f3n con Globos, est\u00e1 dise\u00f1ado para que tengas una base s\u00f3lida, antes de iniciar tu negocio de decoraci\u00f3n con globos.<\/p>\n<p>\u00bfQU\u00c9 VAS A LOGRAR?<\/p>\n<p>Con este MasterClass lograr\u00e1s:<\/p>\n<p>Tener todos los recursos que necesitas para emprender tu negocio de globos.<\/p>\n<p>Alcanzar tu Libertad econ\u00f3mica y encontrar la soluci\u00f3n para emprender tu propio negocio ganando dinero cuanto antes.<\/p>\n<p>Prepararte profesionalmente en este sector, adquiriendo los conocimientos. fundamentales de la decoraci\u00f3n con globos como oportunidad de negocio.<\/p>\n<p>Perfeccionar los Conocimientos que ya posees en eventos y fiestas y ofrecer una experiencia inigualable en fiestas y reuniones.<\/p>\n<p>T\u00e9cnicas para hacer y vender fant\u00e1sticas creaciones a tu ritmo, y repetir las sesiones cuantas veces sea necesario.<\/p>\n<p>Tomar notas de la informaci\u00f3n ense\u00f1ada para que luego puedas revisarlas.<\/p>\n<p>Practicar viendo los v\u00eddeos. \u00a1Es la mejor manera de aprender!<\/p>\n<p>Aprender\u00e1s C\u00f3mo Empezar o Iniciarte en La Decoraci\u00f3n con Globos.<\/p>\n<p>Los materiales y herramientas que necesitas, las t\u00e9cnicas correctas de inflado, atado, encintado y calibrado de los globos.<\/p>\n<p>\u00a1Tendr\u00e1s SOPORTE continuo! debajo de cada v\u00eddeo vez un \u00e1rea de COMENTARIOS, donde podr\u00e1s dejar tu pregunta al respecto de cada que ser\u00e1n respondidas.<\/p>\n<p>\u00bfC\u00d3MO LO VAS A LOGRAR? <\/p>\n<p>Te guiaremos a trav\u00e9s de lecciones paso a paso que te llevar\u00e1n a realizar Decoraciones con Globos como un profesional, en muy poco tiempo y ahorrando mucho dinero.<br \/>\nEl curso contiene clases con v\u00eddeos HD y documentos en PDF con los siguientes m\u00f3dulos:<\/p>\n<p>M\u00d3DULO 1: FUNDAMENTOS DE LA DECORACI\u00d3N CON GLOBOS <\/p>\n<p>Avance del Curso.<br \/>\nV\u00eddeo &#8211; Principios y fundamentos de la decoraci\u00f3n con globos.<br \/>\nV\u00eddeo &#8211; C\u00f3mo prolongar el tiempo de flotaci\u00f3n de los globos de l\u00e1tex.<br \/>\nGu\u00eda: Todo lo que debes saber acerca de los globos y su tiempo de flotaci\u00f3n.<br \/>\nArt\u00edculo &#8211; Ley de California : Directrices de la Industria Del Globo.<br \/>\nPDF &#8211; Tabla de Helio.<br \/>\nPDF + Art\u00edculo &#8211; Listas de distribuidores de globos.<br \/>\nPDF &#8211; Check List Materiales y Herramientas.<\/p>\n<p>M\u00d3DULO 2: LA DECORACI\u00d3N CON GLOBOS CL\u00c1SICA <\/p>\n<p>V\u00eddeo &#8211; Decoraci\u00f3n cl\u00e1sica con globos.<br \/>\nV\u00eddeo &#8211; C\u00f3mo hacer nubes de globos (Fantasy Clouds).<br \/>\nVideo &#8211; Principios y elementos del dise\u00f1o aplicados a la decoraci\u00f3n con globos.<br \/>\nPDF &#8211; Dise\u00f1os de Patrones para Arcos y Columnas.<br \/>\nPDF &#8211; F\u00f3rmulas para calcular longitud y materiales de Arcos.<br \/>\nArt\u00edculo: Lista de programas online para dise\u00f1ar con globos. <\/p>\n<p>M\u00d3DULO 3: NEGOCIO Y MARKETING <\/p>\n<p>Video &#8211; C\u00f3mo fijar precios para obtener beneficios.<br \/>\nPDF &#8211; Plantilla de formulario de costos laborales 1.<br \/>\nPDF &#8211; Ejemplo de formulario de costos laborales 2.<br \/>\nGu\u00eda &#8211; Comenzar tu negocio de globos \/ Marketing \/ Como conseguir clientes \/ Publicidad.<br \/>\nArt\u00edculo &#8211; Por qu\u00e9 y cuanto debes cobrar por adelantado, tus servicios de Decoraci\u00f3n.<br \/>\nArt\u00edculo &#8211; C\u00f3mo Presentar Tus Ramos de Globos y Promocionar tu Negocio.<br \/>\nGu\u00eda + PDF &#8211; C\u00f3mo redactar un contrato de servicios.<\/p>\n<p>M\u00d3DULO 4: T\u00c9CNICAS PARA A\u00d1ADIR VALOR <\/p>\n<p>V\u00eddeo &#8211; T\u00e9cnicas para a\u00f1adir un valor.<br \/>\nArt\u00edculo &#8211; C\u00f3mo inflar un globo Deco Bubble o Burbuja.<br \/>\nArt\u00edculo &#8211; 6 Tips para que tus decoraciones duren m\u00e1s tiempo.<\/p>\n<p>M\u00d3DULO 5 &#8211; PEDESTAL DE GLOBOS BABY BOOM<\/p>\n<p>V\u00eddeo Tutorial -Pedestal de globos Baby Boom (Aprendiendo a hacer la base).<br \/>\nV\u00eddeo Tutorial- Pedestal de globos Baby Boom (Aprendiendo a hacer la figura).<\/p>\n<p>ACERCA DEL PRODUCTOR<\/p>\n<p>Desarrollado por ENCARNY CASTRO, Balloon Artist, Directora en la empresa \u201cS\u00faper Globos\u201d Ha sido part\u00edcipe de varios cursos y convenciones a nivel mundial, organizados por la mayor industria del Globo, \u201cQualatex\u201d. Acreditada por \u201cQBN\u201d (Qualatex Balloon Network); organizaci\u00f3n profesional dedicada a la b\u00fasqueda de la excelencia en la Decoraci\u00f3n con Globos. <\/p>\n<p>Con m\u00e1s de 11 a\u00f1os de experiencia en esta industria ha plasmado toda su experiencia en un negocio que deja grandes utilidades y es de amplio crecimiento en los \u00faltimos a\u00f1os.<\/p>\n","protected":false},"excerpt":{"rendered":"<p>\u00bfTe Gustar\u00eda Iniciarte de Forma Profesional en El Maravilloso Arte De La Decoraci\u00f3n Con Globos?<\/p>\n<p>Te presento el curso de Formaci\u00f3n Profesional Dise\u00f1o y Decoraci\u00f3n con Globos 100% online, que re\u00fane en 4 sencillos y explicativos m\u00f3dulos con todo lo que necesitas saber, para hacer y vender fant\u00e1sticas creaciones.<\/p>\n<p>El curso de Formaci\u00f3n Profesional de Dise\u00f1o y Decoraci\u00f3n con Globos, est\u00e1 dise\u00f1ado para que tengas una base s\u00f3lida, antes de iniciar tu negocio de decoraci\u00f3n con globos.<\/p>\n","protected":false},"featured_media":3999,"template":"","meta":{"_joinchat":[]},"product_brand":[],"product_cat":[343,344],"product_tag":[],"class_list":{"0":"post-13732","1":"product","2":"type-product","3":"status-publish","4":"has-post-thumbnail","6":"product_cat-mas-vendidos","7":"product_cat-todos","9":"first","10":"instock","11":"sale","12":"shipping-taxable","13":"product-type-external"},"_links":{"self":[{"href":"https:\/\/www.cursos.olgavelez.co\/cu\/wp-json\/wp\/v2\/product\/13732","targetHints":{"allow":["GET"]}}],"collection":[{"href":"https:\/\/www.cursos.olgavelez.co\/cu\/wp-json\/wp\/v2\/product"}],"about":[{"href":"https:\/\/www.cursos.olgavelez.co\/cu\/wp-json\/wp\/v2\/types\/product"}],"version-history":[{"count":1,"href":"https:\/\/www.cursos.olgavelez.co\/cu\/wp-json\/wp\/v2\/product\/13732\/revisions"}],"predecessor-version":[{"id":14569,"href":"https:\/\/www.cursos.olgavelez.co\/cu\/wp-json\/wp\/v2\/product\/13732\/revisions\/14569"}],"wp:featuredmedia":[{"embeddable":true,"href":"https:\/\/www.cursos.olgavelez.co\/cu\/wp-json\/wp\/v2\/media\/3999"}],"wp:attachment":[{"href":"https:\/\/www.cursos.olgavelez.co\/cu\/wp-json\/wp\/v2\/media?parent=13732"}],"wp:term":[{"taxonomy":"product_brand","embeddable":true,"href":"https:\/\/www.cursos.olgavelez.co\/cu\/wp-json\/wp\/v2\/product_brand?post=13732"},{"taxonomy":"product_cat","embeddable":true,"href":"https:\/\/www.cursos.olgavelez.co\/cu\/wp-json\/wp\/v2\/product_cat?post=13732"},{"taxonomy":"product_tag","embeddable":true,"href":"https:\/\/www.cursos.olgavelez.co\/cu\/wp-json\/wp\/v2\/product_tag?post=13732"}],"curies":[{"name":"wp","href":"https:\/\/api.w.org\/{rel}","templated":true}]}}