{"id":13683,"date":"2023-01-10T04:42:48","date_gmt":"2023-01-10T07:42:48","guid":{"rendered":"https:\/\/www.cursos.olgavelez.co\/cu\/?post_type=product&#038;p=13683"},"modified":"2023-09-20T16:06:17","modified_gmt":"2023-09-20T19:06:17","slug":"aprende-primeros-auxilios","status":"publish","type":"product","link":"https:\/\/www.cursos.olgavelez.co\/cu\/producto\/aprende-primeros-auxilios\/","title":{"rendered":"APRENDE PRIMEROS AUXILIOS"},"content":{"rendered":"<p>\u00a1LOS PRIMEROS SEGUNDOS PARA ACTUAR EN UNA EMERGENCIA SON VITALES!<\/p>\n<p>Si est\u00e1s preparado, puedes incluso, salvar la vida de alguien.<\/p>\n<p>Con el MasterClass APRENDE PRIMERO AUXILIOS, proporciona ayuda cualificada para hacerlo correctamente.<\/p>\n<p>\u00bfQU\u00c9 VAS A LOGRAR?<\/p>\n<p>Conocer c\u00f3mo evitar una condici\u00f3n m\u00e9dica de mayor complejidad.<br \/>\nDesbloquear tu mente y aplicar las t\u00e9cnicas de atenci\u00f3n r\u00e1pida en accidentes de trabajo, de tr\u00e1nsito o en casa.<br \/>\nPreparar a la persona\/v\u00edctima\/paciente para una atenci\u00f3n m\u00e9dica posterior y mejorar las probabilidades de recuperaci\u00f3n.<br \/>\nProporcionar ayuda cualificada en diversas situaciones de emergencia, a tu familia, tus amigos o compa\u00f1eros de trabajo.<br \/>\nComprender por qu\u00e9 muchas de las muertes podr\u00edan evitarse si tuvi\u00e9ramos unas nociones b\u00e1sicas de primeros auxilios.<br \/>\nEntender la relevancia del porqu\u00e9 \u201cEl primer minuto despu\u00e9s de una situaci\u00f3n de emergencia es fundamental, para prevenir muchas muertes o secuelas posteriores\u201d.<br \/>\nDescubrir c\u00f3mo las t\u00e9cnicas iniciales de primeros auxilios pueden mejorar la eficacia de la atenci\u00f3n m\u00e9dica posterior.<br \/>\nSaber d\u00f3nde consultar tus preguntas sobre primeros auxilios y mejorar tus t\u00e9cnicas. Recuerda que: \u201cLa gente no se bloquea con la cabeza, se bloquea con el cuerpo\u201d.<br \/>\nAcceder a los contenidos PARA TODA LA VIDA y tambi\u00e9n a todas las actualizaciones que haga del programa.<br \/>\nAcceder a un sistema de comentarios en los que podr\u00e1s publicar tus preguntas y recibir una respuesta precisa y r\u00e1pida que te permita seguir con tu capacitaci\u00f3n.<br \/>\nAcceder al diploma descargable avalado por Hotmart y SeminariosOnline.<\/p>\n<p>\u00bfC\u00d3MO LO VAS A LOGRAR?<\/p>\n<p>Qu\u00e9 son los primeros auxilios y su importancia.<br \/>\nBotiqu\u00edn de primeros auxilios.<br \/>\nSignos Vitales.<br \/>\nEl socorrista o Primer Respondiente.<br \/>\nActuaci\u00f3n general ante emergencia.<br \/>\nValoraci\u00f3n Primaria y secundaria en Primeros auxilios.<br \/>\nC\u00f3mo revisar a una persona consciente, inconsciente.<br \/>\nC\u00f3mo revisar a un adulto a un ni\u00f1o o beb\u00e9.<br \/>\nCadena de Supervivencia.<br \/>\nRCP en Adultos, Ni\u00f1os y Reci\u00e9n Nacidos.<br \/>\nDesfibriladores autom\u00e1ticos externos.<br \/>\nAbordaje de la Asfixia.<br \/>\nAtragantamiento en Adultos, Ni\u00f1os y RN.<br \/>\nCrisis Diab\u00e9ticas y Al\u00e9rgicas.<br \/>\nDeshidrataci\u00f3n.<br \/>\nCrisis Asm\u00e1ticas, Hipertensivas.<br \/>\nConsumo de alcohol.<br \/>\nSangrado nasal.<br \/>\nHemorragias.<br \/>\nShock.<br \/>\nLesiones El\u00e9ctricas.<br \/>\nAhogamiento.<br \/>\nIncendio en Vivienda.<br \/>\nAccidente Dental.<br \/>\nCuerpo extra\u00f1o ojo, nariz y o\u00eddo.<br \/>\nLesi\u00f3n por Rayo, lesi\u00f3n ocular.<br \/>\nLesiones t\u00e9rmicas.<br \/>\nMiembro seccionado\/amputaci\u00f3n.<br \/>\nHerida en el Abdomen, Herida Grave y Leve.<br \/>\nHerida en el T\u00f3rax.<br \/>\nEsguince o Torcedura de tobillo.<br \/>\nFractura de Pierna.<br \/>\nTraumatismo cr\u00e1neo y columna.<br \/>\nFractura de Brazo.<br \/>\nQuemaduras en general.<br \/>\nQuemaduras en ni\u00f1os, Leves y Graves.<br \/>\nMordedura de serpiente.<br \/>\nPicadura de Garrapata, de Medusa.<br \/>\nMordedura animal humana.<br \/>\nPicadura o mordedura varios animales.<br \/>\nPicadura de abeja.<br \/>\nConvulsiones.<br \/>\nDerrame cerebral.<br \/>\nP\u00e9rdida del conocimiento o Lipotimia.<br \/>\nDesmayo.<br \/>\nIntoxicaci\u00f3n por Mon\u00f3xido de Carbono.<br \/>\nIntoxicaci\u00f3n Qu\u00edmica y Alimentaria.<br \/>\nEnvenenamiento.<br \/>\nIntoxicaci\u00f3n por Humo y Gases.<br \/>\nPlantas venenosas.<br \/>\nPosici\u00f3n lateral de Seguridad.<br \/>\nTraslado y transporte de accidentados. <\/p>\n<p>Informaci\u00f3n sobre el Productor:<\/p>\n<p>Desarrollado por ALEXANDRO MART\u00cdN, graduado en Radiodiagn\u00f3stico y Medicina Nuclear en Espa\u00f1a.<\/p>\n<p>Conferencista con m\u00e1s de 5 a\u00f1os en charlas de Promoci\u00f3n de la Salud p\u00fablica en varios pa\u00edses de Sudam\u00e9rica, acad\u00e9mico de 5 a\u00f1os de medicina. <\/p>\n<p>Ha sido premiado con varios reconocimientos de instituciones p\u00fablicas y privadas realizando las charlas de sensibilizaci\u00f3n y programas de Salud Preventiva.<\/p>\n","protected":false},"excerpt":{"rendered":"<p>\u00a1LOS PRIMEROS SEGUNDOS PARA ACTUAR EN UNA EMERGENCIA SON VITALES!<\/p>\n<p>Si est\u00e1s preparado, puedes incluso, salvar la vida de alguien.<\/p>\n<p>Con el MasterClass APRENDE PRIMERO AUXILIOS, proporciona ayuda cualificada para hacerlo correctamente.<\/p>\n","protected":false},"featured_media":5231,"template":"","meta":{"_joinchat":[]},"product_brand":[],"product_cat":[337,344],"product_tag":[],"class_list":{"0":"post-13683","1":"product","2":"type-product","3":"status-publish","4":"has-post-thumbnail","6":"product_cat-salud-y-deportes","7":"product_cat-todos","9":"first","10":"instock","11":"sale","12":"shipping-taxable","13":"product-type-external"},"_links":{"self":[{"href":"https:\/\/www.cursos.olgavelez.co\/cu\/wp-json\/wp\/v2\/product\/13683","targetHints":{"allow":["GET"]}}],"collection":[{"href":"https:\/\/www.cursos.olgavelez.co\/cu\/wp-json\/wp\/v2\/product"}],"about":[{"href":"https:\/\/www.cursos.olgavelez.co\/cu\/wp-json\/wp\/v2\/types\/product"}],"version-history":[{"count":2,"href":"https:\/\/www.cursos.olgavelez.co\/cu\/wp-json\/wp\/v2\/product\/13683\/revisions"}],"predecessor-version":[{"id":15128,"href":"https:\/\/www.cursos.olgavelez.co\/cu\/wp-json\/wp\/v2\/product\/13683\/revisions\/15128"}],"wp:featuredmedia":[{"embeddable":true,"href":"https:\/\/www.cursos.olgavelez.co\/cu\/wp-json\/wp\/v2\/media\/5231"}],"wp:attachment":[{"href":"https:\/\/www.cursos.olgavelez.co\/cu\/wp-json\/wp\/v2\/media?parent=13683"}],"wp:term":[{"taxonomy":"product_brand","embeddable":true,"href":"https:\/\/www.cursos.olgavelez.co\/cu\/wp-json\/wp\/v2\/product_brand?post=13683"},{"taxonomy":"product_cat","embeddable":true,"href":"https:\/\/www.cursos.olgavelez.co\/cu\/wp-json\/wp\/v2\/product_cat?post=13683"},{"taxonomy":"product_tag","embeddable":true,"href":"https:\/\/www.cursos.olgavelez.co\/cu\/wp-json\/wp\/v2\/product_tag?post=13683"}],"curies":[{"name":"wp","href":"https:\/\/api.w.org\/{rel}","templated":true}]}}