{"id":13651,"date":"2023-01-10T04:42:44","date_gmt":"2023-01-10T07:42:44","guid":{"rendered":"https:\/\/www.cursos.olgavelez.co\/cu\/?post_type=product&#038;p=13651"},"modified":"2023-09-20T16:06:17","modified_gmt":"2023-09-20T19:06:17","slug":"estimulacion-acuatica-para-bebes","status":"publish","type":"product","link":"https:\/\/www.cursos.olgavelez.co\/cu\/producto\/estimulacion-acuatica-para-bebes\/","title":{"rendered":"ESTIMULACI\u00d3N ACU\u00c1TICA PARA BEB\u00c9S"},"content":{"rendered":"<p>\u00bfQu\u00e9 vas a lograr? <\/p>\n<p>Es un curso de estimulaci\u00f3n acu\u00e1tica para bebes en casa, donde te ense\u00f1aremos el paso a paso de un m\u00e9todo f\u00e1cil, pr\u00e1ctico y seguro para que puedas compartir con tu bebe las primeras experiencias con el agua durante los primeros momentos de su vida. Vive la experiencia \u00fanica, creando momentos inolvidables para que compartas con \u00e9l. Al final de esta etapa, aprender\u00e1s la forma correcta y segura de ba\u00f1ar a tu beb\u00e9 con los materiales y posturas adecuadas hasta realizar sus primeras inmersiones bajo el agua que dar\u00e1n beneficios vitales en su desarrollo tales como:<\/p>\n<p>Activaci\u00f3n sensorial y neuronal desde el inicio de los ejercicios con el reconocimiento de colores, formas y texturas.<br \/>\nMotricidad fina que desarrolla el agarre seguro de diferentes objetos.<br \/>\nMotricidad gruesa que ayudar\u00e1 a gatear y caminar m\u00e1s r\u00e1pidamente a tu beb\u00e9.<br \/>\nDesarrollo de lenguaje a trav\u00e9s de la socializaci\u00f3n con mam\u00e1 y pap\u00e1.<br \/>\nProfundiza los lazos afectivos entre padres y beb\u00e9.<br \/>\nEst\u00edmulo y equilibrio del apetito y transici\u00f3n confiable para la nataci\u00f3n infantil.<br \/>\nMejora notable en el proceso del sue\u00f1o, confianza, seguridad e independencia.<\/p>\n<p>\u00bfC\u00f3mo lo vas a lograr? <\/p>\n<p>A partir de un programa muy completo de 23 m\u00f3dulos que te muestran todo lo que necesitas saber para hacer una adecuada estimulaci\u00f3n acu\u00e1tica a tu beb\u00e9:<\/p>\n<p>M\u00f3dulo 1: \u00bfQui\u00e9nes somos? (Introducci\u00f3n)<br \/>\nM\u00f3dulo 2: \u00bfPara qu\u00e9 hacerlo? (Beneficios de la estimulaci\u00f3n acu\u00e1tica)<br \/>\nM\u00f3dulo 3: \u00bfD\u00f3nde lo haremos? (Ambiente adecuado)<br \/>\nM\u00f3dulo 4: \u00bfQu\u00e9 vamos a necesitar? (Materiales a utilizar)<br \/>\nM\u00f3dulo 5: \u00a1Siempre alertas! (Medidas de seguridad)<br \/>\nM\u00f3dulo 6: Mi primer ba\u00f1o en tina (Ba\u00f1o del reci\u00e9n nacido en tina)<br \/>\nM\u00f3dulo 7: Mi amiga el agua (Actividades 1 agarres adecuados y primeros movimientos)<br \/>\nM\u00f3dulo 8: Empiezo a moverme (Actividades 2 primeros movimientos)<br \/>\nM\u00f3dulo 9: 1, 2, 3 chorrito (Actividades 3 chorrito y osito chiquitito)<br \/>\nM\u00f3dulo 10: Me divierto con juguetes (Actividades 4 uso de materiales)<\/p>\n<p>Y otros 13 m\u00f3dulos m\u00e1s donde aprender\u00e1s actividades en la ba\u00f1era con tu beb\u00e9, las primeras inmersiones y masajes para despu\u00e9s del ba\u00f1o para que tu beb\u00e9 pueda desarrollar muchos beneficios para su desarrollo f\u00edsico y mental.<\/p>\n","protected":false},"excerpt":{"rendered":"<p>\u00bfQu\u00e9 vas a lograr? <\/p>\n<p>Es un curso de estimulaci\u00f3n acu\u00e1tica para bebes en casa, donde te ense\u00f1aremos el paso a paso de un m\u00e9todo f\u00e1cil, pr\u00e1ctico y seguro para que puedas compartir con tu bebe las primeras experiencias con el agua durante los primeros momentos de su vida. Vive la experiencia \u00fanica, creando momentos inolvidables para que compartas con \u00e9l. Al final de esta etapa, aprender\u00e1s la forma correcta y segura de ba\u00f1ar a tu beb\u00e9 con los materiales y posturas adecuadas hasta realizar sus primeras inmersiones bajo el agua que dar\u00e1n beneficios vitales en su desarrollo tales como:<\/p>\n<p>Activaci\u00f3n sensorial y neuronal desde el inicio de los ejercicios con el reconocimiento de colores, formas y texturas.<br \/>\nMotricidad fina que desarrolla el agarre seguro de diferentes objetos.<br \/>\nMotricidad gruesa que ayudar\u00e1 a gatear y caminar m\u00e1s r\u00e1pidamente a tu beb\u00e9.<br \/>\nDesarrollo de lenguaje a trav\u00e9s de la socializaci\u00f3n con mam\u00e1 y pap\u00e1.<br \/>\nProfundiza los lazos afectivos entre padres y beb\u00e9.<br \/>\nEst\u00edmulo y equilibrio del apetito y transici\u00f3n confiable para la nataci\u00f3n infantil.<br \/>\nMejora notable en el proceso del sue\u00f1o, confianza, seguridad e independencia.<\/p>\n","protected":false},"featured_media":5227,"template":"","meta":{"_joinchat":[]},"product_brand":[],"product_cat":[337,344],"product_tag":[],"class_list":{"0":"post-13651","1":"product","2":"type-product","3":"status-publish","4":"has-post-thumbnail","6":"product_cat-salud-y-deportes","7":"product_cat-todos","9":"first","10":"instock","11":"sale","12":"shipping-taxable","13":"product-type-external"},"_links":{"self":[{"href":"https:\/\/www.cursos.olgavelez.co\/cu\/wp-json\/wp\/v2\/product\/13651","targetHints":{"allow":["GET"]}}],"collection":[{"href":"https:\/\/www.cursos.olgavelez.co\/cu\/wp-json\/wp\/v2\/product"}],"about":[{"href":"https:\/\/www.cursos.olgavelez.co\/cu\/wp-json\/wp\/v2\/types\/product"}],"version-history":[{"count":2,"href":"https:\/\/www.cursos.olgavelez.co\/cu\/wp-json\/wp\/v2\/product\/13651\/revisions"}],"predecessor-version":[{"id":15124,"href":"https:\/\/www.cursos.olgavelez.co\/cu\/wp-json\/wp\/v2\/product\/13651\/revisions\/15124"}],"wp:featuredmedia":[{"embeddable":true,"href":"https:\/\/www.cursos.olgavelez.co\/cu\/wp-json\/wp\/v2\/media\/5227"}],"wp:attachment":[{"href":"https:\/\/www.cursos.olgavelez.co\/cu\/wp-json\/wp\/v2\/media?parent=13651"}],"wp:term":[{"taxonomy":"product_brand","embeddable":true,"href":"https:\/\/www.cursos.olgavelez.co\/cu\/wp-json\/wp\/v2\/product_brand?post=13651"},{"taxonomy":"product_cat","embeddable":true,"href":"https:\/\/www.cursos.olgavelez.co\/cu\/wp-json\/wp\/v2\/product_cat?post=13651"},{"taxonomy":"product_tag","embeddable":true,"href":"https:\/\/www.cursos.olgavelez.co\/cu\/wp-json\/wp\/v2\/product_tag?post=13651"}],"curies":[{"name":"wp","href":"https:\/\/api.w.org\/{rel}","templated":true}]}}