{"id":13647,"date":"2023-01-10T04:42:44","date_gmt":"2023-01-10T07:42:44","guid":{"rendered":"https:\/\/www.cursos.olgavelez.co\/cu\/?post_type=product&#038;p=13647"},"modified":"2023-09-20T16:06:16","modified_gmt":"2023-09-20T19:06:16","slug":"terapia-respiratoria-en-casa","status":"publish","type":"product","link":"https:\/\/www.cursos.olgavelez.co\/cu\/producto\/terapia-respiratoria-en-casa\/","title":{"rendered":"TERAPIA RESPIRATORIA EN CASA"},"content":{"rendered":"<p>\u00bfSab\u00edas que hay varias enfermedades respiratorias que puedes manejar y tratar desde tu casa, sin necesidad de ir a un centro de salud?<\/p>\n<p>Este es un MasterClass enfocado totalmente en personas que quieran mejorar su condici\u00f3n respiratoria en momentos de crisis o darle un tratamiento a su problem\u00e1tica cr\u00f3nica o a la de sus seres queridos. <\/p>\n<p>\u00bfQUE VAS A LOGRAR?<\/p>\n<p>Aprender la terminolog\u00eda b\u00e1sica relacionada con enfermedades respiratorias simples que se pueden prevenir, controlar y manejar en casa.<\/p>\n<p>Desarrollar diferentes tratamientos para dichas enfermedades y saber cu\u00e1les son los medicamentos de venta libre indicados y como suministrarlos.<\/p>\n<p>C\u00f3mo manejar algunos dispositivos m\u00e9dicos en el hogar.<\/p>\n<p>Realizar un lavado nasal correcto y efectivo.<\/p>\n<p>Comprender \u201cLas verdades\u201d sobre los remedios caseros y naturistas.<\/p>\n<p>Tener buenos h\u00e1bitos nutricionales para tu salud respiratoria.<\/p>\n<p>Diferenciar e identificar entre signos y s\u00edntomas de cada enfermedad respiratoria.<\/p>\n<p>Manejar el Protocolo de seguridad respiratoria, con el fin evitar la aparici\u00f3n de las enfermedades respiratorias virales y al\u00e9rgicas.<\/p>\n<p>\u00bfC\u00d3MO LO VAS A LOGRAR?<\/p>\n<p>Son m\u00e1s de 7 horas del seminario con 10 video talleres donde se explica paso a paso los diferentes procedimientos y t\u00e9cnicas a nivel de la salud respiratoria que se pueden implementar y manejar desde casa.<\/p>\n<p>M\u00f3dulo 1 Introducci\u00f3n seminario \u201cTrata tus enfermedades respiratorias desde casa\u201d.<\/p>\n<p>M\u00f3dulo 2 Objetivos del seminario \u201cTrata tus enfermedades respiratorias desde casa\u201d.<\/p>\n<p>M\u00f3dulo 3 Planificaci\u00f3n del seminario \u201cTrata tus enfermedades respiratorias desde casa\u201d.<\/p>\n<p>M\u00f3dulo 4 Palabras t\u00e9cnicas que debes saber.<\/p>\n<p>M\u00f3dulo 5 Conocimiento del sistema Respiratorio.<\/p>\n<p>M\u00f3dulo 6 Lavado o limpieza nasal.<\/p>\n<p>M\u00f3dulo 6.1 Lavado Nasal para Ni\u00f1os de 0 a 2 Meses.<\/p>\n<p>M\u00f3dulo 6.2 Lavado Nasal de 3 Meses a 2 a\u00f1os.<\/p>\n<p>M\u00f3dulo 6.3 Lavado Nasal de 3 A\u00f1os a 7 A\u00f1os.<\/p>\n<p>M\u00f3dulo 6.4 Lavado Nasal de 7 A\u00f1os en adelante.<\/p>\n<p>M\u00f3dulo 6.5 Lavado Nasal Adulto Mayor.<\/p>\n<p>M\u00f3dulo 7 La Gripe.<\/p>\n<p>M\u00f3dulo 8 La Rinitis.<\/p>\n<p>M\u00f3dulo 9 La Laringitis.<\/p>\n<p>M\u00f3dulo 10 Enfermedades respiratorias que se pueden manejar en casa.<\/p>\n<p>M\u00f3dulo 11 Influencia de la nutrici\u00f3n en el sistema respiratorio.<\/p>\n<p>M\u00f3dulo 12 Manejo de dispositivos m\u00e9dicos.<\/p>\n<p>M\u00f3dulo 12.1 Manejo de Diafragma.<\/p>\n<p>M\u00f3dulo 12.2 Manejo Correcto del Inhalador.<\/p>\n<p>M\u00f3dulo 12.3 Manejo de Dispositivos M\u00e9dicos.<\/p>\n<p>M\u00f3dulo 12.4 Limpieza de Equipos M\u00e9dicos.<\/p>\n<p>M\u00f3dulo 12.5 Como Realizar una Inhalocamara Casera.<\/p>\n<p>M\u00f3dulo 13 Hogar sano y ambientalmente seguro.<\/p>\n<p>ACERCA DE LA PRODUCTORA:<\/p>\n<p>JENNY ANDREA RODR\u00cdGUEZ MUNEVAR, Terapeuta Respiratoria Domiciliaria, egresada de la Universidad Manuela Beltr\u00e1n en Bogot\u00e1 Colombia; universidad pionera y una de las m\u00e1s reconocidas a nivel nacional e internacional en el programa de Terapia Respiratoria.<\/p>\n<p>Con m\u00e1s de 20 a\u00f1os de experiencia, atendiendo pacientes con diversas patolog\u00edas a nivel respiratorio, asisti\u00e9ndolos desde sus casas y educando a familiares y cuidadores en el manejo y control de sus enfermedades respiratorias simples, sin la necesidad de ir a una cl\u00ednica u hospital.<\/p>\n","protected":false},"excerpt":{"rendered":"<p>\u00bfSab\u00edas que hay varias enfermedades respiratorias que puedes manejar y tratar desde tu casa, sin necesidad de ir a un centro de salud?<\/p>\n<p>Este es un MasterClass enfocado totalmente en personas que quieran mejorar su condici\u00f3n respiratoria en momentos de crisis o darle un tratamiento a su problem\u00e1tica cr\u00f3nica o a la de sus seres queridos. <\/p>\n","protected":false},"featured_media":5223,"template":"","meta":{"_joinchat":[]},"product_brand":[],"product_cat":[337,344],"product_tag":[],"class_list":{"0":"post-13647","1":"product","2":"type-product","3":"status-publish","4":"has-post-thumbnail","6":"product_cat-salud-y-deportes","7":"product_cat-todos","9":"first","10":"instock","11":"sale","12":"shipping-taxable","13":"product-type-external"},"_links":{"self":[{"href":"https:\/\/www.cursos.olgavelez.co\/cu\/wp-json\/wp\/v2\/product\/13647","targetHints":{"allow":["GET"]}}],"collection":[{"href":"https:\/\/www.cursos.olgavelez.co\/cu\/wp-json\/wp\/v2\/product"}],"about":[{"href":"https:\/\/www.cursos.olgavelez.co\/cu\/wp-json\/wp\/v2\/types\/product"}],"version-history":[{"count":2,"href":"https:\/\/www.cursos.olgavelez.co\/cu\/wp-json\/wp\/v2\/product\/13647\/revisions"}],"predecessor-version":[{"id":15120,"href":"https:\/\/www.cursos.olgavelez.co\/cu\/wp-json\/wp\/v2\/product\/13647\/revisions\/15120"}],"wp:featuredmedia":[{"embeddable":true,"href":"https:\/\/www.cursos.olgavelez.co\/cu\/wp-json\/wp\/v2\/media\/5223"}],"wp:attachment":[{"href":"https:\/\/www.cursos.olgavelez.co\/cu\/wp-json\/wp\/v2\/media?parent=13647"}],"wp:term":[{"taxonomy":"product_brand","embeddable":true,"href":"https:\/\/www.cursos.olgavelez.co\/cu\/wp-json\/wp\/v2\/product_brand?post=13647"},{"taxonomy":"product_cat","embeddable":true,"href":"https:\/\/www.cursos.olgavelez.co\/cu\/wp-json\/wp\/v2\/product_cat?post=13647"},{"taxonomy":"product_tag","embeddable":true,"href":"https:\/\/www.cursos.olgavelez.co\/cu\/wp-json\/wp\/v2\/product_tag?post=13647"}],"curies":[{"name":"wp","href":"https:\/\/api.w.org\/{rel}","templated":true}]}}