{"id":13646,"date":"2023-01-10T04:42:44","date_gmt":"2023-01-10T07:42:44","guid":{"rendered":"https:\/\/www.cursos.olgavelez.co\/cu\/?post_type=product&#038;p=13646"},"modified":"2023-09-20T16:06:16","modified_gmt":"2023-09-20T19:06:16","slug":"3-kilos-menos-en-7-dias","status":"publish","type":"product","link":"https:\/\/www.cursos.olgavelez.co\/cu\/producto\/3-kilos-menos-en-7-dias\/","title":{"rendered":"3 KILOS MENOS EN 7 D\u00cdAS"},"content":{"rendered":"<p>Este es un programa virtual que te ense\u00f1a en 8 pasos fundamentales a adelgazar saludablemente, mientras te entrega la informaci\u00f3n clara y precisa para que tomes el control de tu cuerpo y obtengas tu mejor versi\u00f3n f\u00edsica como nunca lo so\u00f1aste.<\/p>\n<p>\u00bfQU\u00c9 VAS A LOGRAR?<\/p>\n<p>Tener toda la informaci\u00f3n para identificar tu estado f\u00edsico y objetivos personales.<\/p>\n<p>Obtener el conocimiento completo acerca de la correcta hidrataci\u00f3n.<\/p>\n<p>Contar con ejemplos de rutinas de ejercicio f\u00e1ciles de hacer en casa.<\/p>\n<p>Tener informaci\u00f3n sobre qu\u00e9 alimentos comer seg\u00fan tu metabolismo.<\/p>\n<p>Comprender la importancia de tener buenos suplementos.<\/p>\n<p>Comprender la importancia de el descanso.<\/p>\n<p>Aprender\u00e1s a manejar tus emociones para el Reto.<\/p>\n<p>Entender la importancia de tomar el sol e impactos positivos sobre nuestro cuerpo.<\/p>\n<p>\u00bfC\u00d3MO LO VAS A LOGRAR?<\/p>\n<p>Aplicando al pie de la letra los 8 pasos y siguiendo todas las recomendaciones. Comenzar\u00e1s a tener resultados positivos desde el primer d\u00eda y experimentar\u00e1s un cambio significativo en tu cuerpo al tiempo que se renueva tu energ\u00eda y vitalidad.<\/p>\n<p>Respaldado por el equipo de soporte t\u00e9cnico de MELINA PLATA 24\/7 donde puedes descargar todas tus dudas en este importante proceso. Estaremos a tu lado en tu transformaci\u00f3n, brindando un acompa\u00f1amiento constante.<\/p>\n<p>A trav\u00e9s del siguiente contenido, estructurado paso a paso:<\/p>\n<p>Parte 1. Introducci\u00f3n.<\/p>\n<p>Parte 2. Estado F\u00edsico.<\/p>\n<p>Parte 3. Objetivos.<\/p>\n<p>Parte 4. La hidrataci\u00f3n.<\/p>\n<p>Parte 5. Agua fr\u00eda o caliente.<\/p>\n<p>Parte 6. La alimentaci\u00f3n.<\/p>\n<p>Parte 7. Jugos verdes.<\/p>\n<p>Parte 8. El ejercicio.<\/p>\n<p>Parte 9. Rutina de gl\u00fateos.<\/p>\n<p>Parte 10. Rutina de tren inferior.<\/p>\n<p>Parte 11. Hongo c\u00e1ndida y como tratarlo.<\/p>\n<p>Parte 12. Desintoxicaci\u00f3n.<\/p>\n<p>Parte 13. Limpieza de h\u00edgado sal de epson.<\/p>\n<p>Parte 14. complemento del descanso.<\/p>\n<p>Parte 15. El descanso.<\/p>\n<p>Parte 16. Las emociones.<\/p>\n<p>Parte 17. La energ\u00eda solar.<\/p>\n<p>ACERCA DEL PRODUCTOR:<\/p>\n<p>Desarrollado por MELINA PLATA, profesional en Gesti\u00f3n Empresarial, mujer madre cabeza de hogar, amante de la vida saludable y empresaria. A pesar de todas las dificultades ha logrado salir adelante para convertirse en su mejor versi\u00f3n. Ha dedicado gran parte de su vida a ayudar a personas como t\u00fa para que tomen el control de sus vidas, evitando enfermedades f\u00edsicas y degenerativas por medio de la alimentaci\u00f3n saludable.<\/p>\n","protected":false},"excerpt":{"rendered":"<p>Este es un programa virtual que te ense\u00f1a en 8 pasos fundamentales a adelgazar saludablemente, mientras te entrega la informaci\u00f3n clara y precisa para que tomes el control de tu cuerpo y obtengas tu mejor versi\u00f3n f\u00edsica como nunca lo so\u00f1aste.<\/p>\n","protected":false},"featured_media":5222,"template":"","meta":{"_joinchat":[]},"product_brand":[],"product_cat":[337,344],"product_tag":[],"class_list":{"0":"post-13646","1":"product","2":"type-product","3":"status-publish","4":"has-post-thumbnail","6":"product_cat-salud-y-deportes","7":"product_cat-todos","9":"first","10":"instock","11":"sale","12":"shipping-taxable","13":"product-type-external"},"_links":{"self":[{"href":"https:\/\/www.cursos.olgavelez.co\/cu\/wp-json\/wp\/v2\/product\/13646","targetHints":{"allow":["GET"]}}],"collection":[{"href":"https:\/\/www.cursos.olgavelez.co\/cu\/wp-json\/wp\/v2\/product"}],"about":[{"href":"https:\/\/www.cursos.olgavelez.co\/cu\/wp-json\/wp\/v2\/types\/product"}],"version-history":[{"count":2,"href":"https:\/\/www.cursos.olgavelez.co\/cu\/wp-json\/wp\/v2\/product\/13646\/revisions"}],"predecessor-version":[{"id":15119,"href":"https:\/\/www.cursos.olgavelez.co\/cu\/wp-json\/wp\/v2\/product\/13646\/revisions\/15119"}],"wp:featuredmedia":[{"embeddable":true,"href":"https:\/\/www.cursos.olgavelez.co\/cu\/wp-json\/wp\/v2\/media\/5222"}],"wp:attachment":[{"href":"https:\/\/www.cursos.olgavelez.co\/cu\/wp-json\/wp\/v2\/media?parent=13646"}],"wp:term":[{"taxonomy":"product_brand","embeddable":true,"href":"https:\/\/www.cursos.olgavelez.co\/cu\/wp-json\/wp\/v2\/product_brand?post=13646"},{"taxonomy":"product_cat","embeddable":true,"href":"https:\/\/www.cursos.olgavelez.co\/cu\/wp-json\/wp\/v2\/product_cat?post=13646"},{"taxonomy":"product_tag","embeddable":true,"href":"https:\/\/www.cursos.olgavelez.co\/cu\/wp-json\/wp\/v2\/product_tag?post=13646"}],"curies":[{"name":"wp","href":"https:\/\/api.w.org\/{rel}","templated":true}]}}