{"id":13634,"date":"2023-01-10T04:42:43","date_gmt":"2023-01-10T07:42:43","guid":{"rendered":"https:\/\/www.cursos.olgavelez.co\/cu\/?post_type=product&#038;p=13634"},"modified":"2023-09-20T16:06:15","modified_gmt":"2023-09-20T19:06:15","slug":"aprende-anatomia-para-principiantes","status":"publish","type":"product","link":"https:\/\/www.cursos.olgavelez.co\/cu\/producto\/aprende-anatomia-para-principiantes\/","title":{"rendered":"APRENDE ANATOM\u00cdA PARA PRINCIPIANTES"},"content":{"rendered":"<p>Entender el cuerpo humano, para muchos ha sido complejo.<\/p>\n<p>Esta es tu oportunidad de aprenderlo todo con el MasterClass ANATOM\u00cdA PARA PRINCIPIANTES.<\/p>\n<p>Conoce y comprende la ubicaci\u00f3n y funcionamiento de la estructura \u00f3sea, muscular y nerviosa de manera clara y did\u00e1ctica.<\/p>\n<p>\u00a1Este es el complemento perfecto si est\u00e1s iniciando en el \u00e1rea de la salud o simplemente quieres saber m\u00e1s!<\/p>\n<p>\u00bfQU\u00c9 VAS A LOGRAR?<\/p>\n<p>Podr\u00e1s descubrir el cuerpo humano de una forma totalmente nueva, al tener a tu alcance una de las herramientas de aprendizaje m\u00e1s avanzadas en Anatom\u00eda.<\/p>\n<p>Explorar\u00e1s las capas m\u00e1s profundas del cuerpo humano con sus diferentes sistemas, apoyado en uno de los mejores softwares en 3D.<\/p>\n<p>Aprender\u00e1s a identificar y ubicar las diferentes complejidades de la estructura \u00f3sea, muscular y nerviosa en el cuerpo humano.<\/p>\n<p>Comprender\u00e1s completamente cada sistema del cuerpo humano de una manera clara, did\u00e1ctica e ilustrativa.<\/p>\n<p>Acceder\u00e1s al certificado descargable avalado por Hotmart y Seminarios Online.<\/p>\n<p>\u00bfC\u00d3MO LO VAS A LOGRAR?<\/p>\n<p>Este entrenamiento de 24 v\u00eddeos y 3.5 horas, est\u00e1 estructurado por sistemas, de la siguiente manera:<\/p>\n<p>SISTEMA \u00d3SEO &#8211; SO<\/p>\n<p>Introducci\u00f3n a SO.<br \/>\nA. Cr\u00e1neo, Cara y Mand\u00edbula.<br \/>\nB. Dorso (Columna).<br \/>\nC. Brazos.<br \/>\nD. Piernas.<br \/>\nE. Caja Tor\u00e1cica.<br \/>\nF. Pelvis \u00d3sea.<br \/>\nG. Tips.<\/p>\n<p>SISTEMA MUSCULAR &#8211; SM<\/p>\n<p>Introducci\u00f3n a SM.<br \/>\nA. Cr\u00e1neo y Cara.<br \/>\nB. Cuello.<br \/>\nC. T\u00f3rax (Pectorales).<br \/>\nD. Miembro Superiores.<br \/>\nE. Dorsal y Lumbar.<br \/>\nF. Abdomen y Gl\u00fateos.<br \/>\nG. Miembros Inferiores.<br \/>\nH. Tips.<\/p>\n<p>SISTEMA NERVIOSO &#8211; SN<\/p>\n<p>A. Enc\u00e9falo.<br \/>\nB. Cerebro (Externo\/Interno).<br \/>\nC.\tCerebelo y Tallo Cerebral.<br \/>\nD. Nervios Craneales.<br \/>\nE. Plexo Braquial.<br \/>\nF. Plexo Sacro.<br \/>\nG. Tips.<\/p>\n<p>ACERCA DEL PRODUCTOR<\/p>\n<p>Desarrollado por JUAN ESTEBAN OSPINAL de Cali Colombia, universitario en una de las facultades de enfermer\u00eda de la ciudad.<\/p>\n<p>Se ha desempe\u00f1ado como monitor en la materia de Anatom\u00eda para nuevos estudiantes; adem\u00e1s, es practicante de Tanatopraxia en el instituto de ciencias mortuorias de mayor reconocimiento local. <\/p>\n<p>Particip\u00f3 en la exposici\u00f3n cient\u00edfica y educativa, Bodies Cuerpos Humanos Reales, al guiar a cientos de visitantes en el proceso de sensibilizaci\u00f3n con las diversas caracter\u00edsticas anat\u00f3micas del humano.<\/p>\n","protected":false},"excerpt":{"rendered":"<p>Entender el cuerpo humano, para muchos ha sido complejo.<\/p>\n<p>Esta es tu oportunidad de aprenderlo todo con el MasterClass ANATOM\u00cdA PARA PRINCIPIANTES.<\/p>\n<p>Conoce y comprende la ubicaci\u00f3n y funcionamiento de la estructura \u00f3sea, muscular y nerviosa de manera clara y did\u00e1ctica.<\/p>\n<p>\u00a1Este es el complemento perfecto si est\u00e1s iniciando en el \u00e1rea de la salud o simplemente quieres saber m\u00e1s!<\/p>\n","protected":false},"featured_media":5208,"template":"","meta":{"_joinchat":[]},"product_brand":[],"product_cat":[337,344],"product_tag":[],"class_list":{"0":"post-13634","1":"product","2":"type-product","3":"status-publish","4":"has-post-thumbnail","6":"product_cat-salud-y-deportes","7":"product_cat-todos","9":"first","10":"instock","11":"sale","12":"shipping-taxable","13":"product-type-external"},"_links":{"self":[{"href":"https:\/\/www.cursos.olgavelez.co\/cu\/wp-json\/wp\/v2\/product\/13634","targetHints":{"allow":["GET"]}}],"collection":[{"href":"https:\/\/www.cursos.olgavelez.co\/cu\/wp-json\/wp\/v2\/product"}],"about":[{"href":"https:\/\/www.cursos.olgavelez.co\/cu\/wp-json\/wp\/v2\/types\/product"}],"version-history":[{"count":2,"href":"https:\/\/www.cursos.olgavelez.co\/cu\/wp-json\/wp\/v2\/product\/13634\/revisions"}],"predecessor-version":[{"id":15105,"href":"https:\/\/www.cursos.olgavelez.co\/cu\/wp-json\/wp\/v2\/product\/13634\/revisions\/15105"}],"wp:featuredmedia":[{"embeddable":true,"href":"https:\/\/www.cursos.olgavelez.co\/cu\/wp-json\/wp\/v2\/media\/5208"}],"wp:attachment":[{"href":"https:\/\/www.cursos.olgavelez.co\/cu\/wp-json\/wp\/v2\/media?parent=13634"}],"wp:term":[{"taxonomy":"product_brand","embeddable":true,"href":"https:\/\/www.cursos.olgavelez.co\/cu\/wp-json\/wp\/v2\/product_brand?post=13634"},{"taxonomy":"product_cat","embeddable":true,"href":"https:\/\/www.cursos.olgavelez.co\/cu\/wp-json\/wp\/v2\/product_cat?post=13634"},{"taxonomy":"product_tag","embeddable":true,"href":"https:\/\/www.cursos.olgavelez.co\/cu\/wp-json\/wp\/v2\/product_tag?post=13634"}],"curies":[{"name":"wp","href":"https:\/\/api.w.org\/{rel}","templated":true}]}}