{"id":13587,"date":"2023-01-10T04:42:38","date_gmt":"2023-01-10T07:42:38","guid":{"rendered":"https:\/\/www.cursos.olgavelez.co\/cu\/?post_type=product&#038;p=13587"},"modified":"2023-09-20T16:06:14","modified_gmt":"2023-09-20T19:06:14","slug":"crea-tu-marca-de-alimentos-funcionales","status":"publish","type":"product","link":"https:\/\/www.cursos.olgavelez.co\/cu\/producto\/crea-tu-marca-de-alimentos-funcionales\/","title":{"rendered":"CREA TU MARCA DE ALIMENTOS FUNCIONALES"},"content":{"rendered":"<p>LOS ALIMENTOS FUNCIONALES se han convertido en una macro tendencia global. !Imagina tenerlos con tu propia marca!<\/p>\n<p>Con el MasterClass, CREA TU MARCA DE ALIMENTOS FUNCIONALES, aprende a producirlos y comercializarlos en cualquier canal de ventas, en distintos pa\u00edses del mundo.<\/p>\n<p>Conoce los Suplementos dietarios, las fibras, los col\u00e1genos, las vitaminas y mucho m\u00e1s.<\/p>\n<p>Adem\u00e1s, ac\u00e1 encuentras c\u00f3mo acceder a los proveedores de maquilas e insumos para que montes tu propio negocio de ALIMENTOS FUNCIONALES.<\/p>\n<p>\u00bfQU\u00c9 VAS A LOGRAR?<\/p>\n<p>Conocer\u00e1s Cuantos millones de d\u00f3lares genera esta industria en el mundo y espec\u00edficamente en LATAM, \u00bfCu\u00e1nto quieres ganar en este negocio?<\/p>\n<p>Conocer\u00e1s cu\u00e1les son los diferentes modelos de negocios e ingresos que sirven para comenzar a trabajar YA en el negocio de alimentos funcionales.<\/p>\n<p>Conocer\u00e1s c\u00f3mo crear inmediatamente tu propia marca de alimentos funcionales. Creaci\u00f3n del negocio, prototipos, permisologias, validaci\u00f3n.<\/p>\n<p>Aprender\u00e1s c\u00f3mo es la fabricaci\u00f3n de un alimento funcional, grabaci\u00f3n real dentro de una f\u00e1brica.<\/p>\n<p>Aprender\u00e1s todas las normas que debes cumplir para fabricar y comercializar un alimento funcional. <\/p>\n<p>Aprender\u00e1s las categor\u00edas y sub categor\u00edas para poder segmentar el mercado y lograr tener un negocio 100% exitoso.<\/p>\n<p>Obtendr\u00e1s listados de proveedores que pueden fabricar tu marca, listados de proveedores de materias primas. <\/p>\n<p>Acceder\u00e1s al certificado avalado por Hotmart y Seminarios Online.<\/p>\n<p>\u00bfC\u00d3MO LO VAS A LOGRAR?<\/p>\n<p>A trav\u00e9s del siguiente contenido estructurado paso a paso:<\/p>\n<p>M\u00d3DULO 1: Introducci\u00f3n.<br \/>\nM\u00d3DULO 2: Datos generales de la industria de los alimentos funcionales.<br \/>\nM\u00d3DULO 3: Historia de los alimentos funcionales.<br \/>\nM\u00d3DULO 4: Tendencias del mercado, cu\u00e1nto crece.<br \/>\nM\u00d3DULO 5: Segmentos del negocio, tipos de alimentos funcionales.<br \/>\nM\u00d3DULO 6: Grabaci\u00f3n proceso de fabricaci\u00f3n real de un alimento funcional.<br \/>\nM\u00d3DULO 7: Ejemplo real de costos y margen de rentabilidad de un alimento funcional.<br \/>\nM\u00d3DULO 8: Requisitos para hacer tu propia marca de productos.<br \/>\nM\u00d3DULO 9: Listado de laboratorios que fabrican tu propia marca.<br \/>\nM\u00d3DULO 10: Conclusiones y soportes adjuntos.<\/p>\n<p>ACERCA DEL PRODUCTOR<\/p>\n<p>Desarrollado por; PAVEL BOCANEY SIFONTES, graduado en PRESTON UNIVERSITY en gerencia de negocios, empresario con una experiencia de m\u00e1s de 24 a\u00f1os dentro de la industria cosm\u00e9tica, creador de 5 programas educativos que est\u00e1n relacionados con el sector de bienestar y salud.<\/p>\n<p>1. COSM\u00c9TICA COMO OPORTUNIDAD DE NEGOCIOS.<br \/>\n2. EL NEGOCIO DEL MAQUILLAJE.<br \/>\n3. TU MARCA DE PERFUMES.<br \/>\n4. 6 NEGOCIOS QUE FUNCIONAN.<br \/>\n5. ALIMENTOS FUNCIONALES COMO OPORTUNIDAD DE NEGOCIOS.<\/p>\n<p>Ha trabajado durante su carrera con diferentes marcas que tienen alcance global, as\u00ed mismo ha sido el creador de diferentes marcas y emprendimientos que hoy compiten en el mercado de cosm\u00e9tica en Latinoam\u00e9rica, tambi\u00e9n es creador de su propia marca de productos dermocosm\u00e9ticos que se comercializan en diferentes pa\u00edses.<\/p>\n<p>Asesor y miembro de juntas directivas de diferentes empresas especializadas en el sector de la belleza, bienestar y salud. <\/p>\n","protected":false},"excerpt":{"rendered":"<p>LOS ALIMENTOS FUNCIONALES se han convertido en una macro tendencia global. !Imagina tenerlos con tu propia marca!<\/p>\n<p>Con el MasterClass, CREA TU MARCA DE ALIMENTOS FUNCIONALES, aprende a producirlos y comercializarlos en cualquier canal de ventas, en distintos pa\u00edses del mundo.<\/p>\n<p>Conoce los Suplementos dietarios, las fibras, los col\u00e1genos, las vitaminas y mucho m\u00e1s.<\/p>\n<p>Adem\u00e1s, ac\u00e1 encuentras c\u00f3mo acceder a los proveedores de maquilas e insumos para que montes tu propio negocio de ALIMENTOS FUNCIONALES.<\/p>\n","protected":false},"featured_media":5188,"template":"","meta":{"_joinchat":[]},"product_brand":[],"product_cat":[337,344],"product_tag":[],"class_list":{"0":"post-13587","1":"product","2":"type-product","3":"status-publish","4":"has-post-thumbnail","6":"product_cat-salud-y-deportes","7":"product_cat-todos","9":"first","10":"instock","11":"sale","12":"shipping-taxable","13":"product-type-external"},"_links":{"self":[{"href":"https:\/\/www.cursos.olgavelez.co\/cu\/wp-json\/wp\/v2\/product\/13587","targetHints":{"allow":["GET"]}}],"collection":[{"href":"https:\/\/www.cursos.olgavelez.co\/cu\/wp-json\/wp\/v2\/product"}],"about":[{"href":"https:\/\/www.cursos.olgavelez.co\/cu\/wp-json\/wp\/v2\/types\/product"}],"version-history":[{"count":2,"href":"https:\/\/www.cursos.olgavelez.co\/cu\/wp-json\/wp\/v2\/product\/13587\/revisions"}],"predecessor-version":[{"id":15085,"href":"https:\/\/www.cursos.olgavelez.co\/cu\/wp-json\/wp\/v2\/product\/13587\/revisions\/15085"}],"wp:featuredmedia":[{"embeddable":true,"href":"https:\/\/www.cursos.olgavelez.co\/cu\/wp-json\/wp\/v2\/media\/5188"}],"wp:attachment":[{"href":"https:\/\/www.cursos.olgavelez.co\/cu\/wp-json\/wp\/v2\/media?parent=13587"}],"wp:term":[{"taxonomy":"product_brand","embeddable":true,"href":"https:\/\/www.cursos.olgavelez.co\/cu\/wp-json\/wp\/v2\/product_brand?post=13587"},{"taxonomy":"product_cat","embeddable":true,"href":"https:\/\/www.cursos.olgavelez.co\/cu\/wp-json\/wp\/v2\/product_cat?post=13587"},{"taxonomy":"product_tag","embeddable":true,"href":"https:\/\/www.cursos.olgavelez.co\/cu\/wp-json\/wp\/v2\/product_tag?post=13587"}],"curies":[{"name":"wp","href":"https:\/\/api.w.org\/{rel}","templated":true}]}}