{"id":13585,"date":"2023-01-10T04:42:37","date_gmt":"2023-01-10T07:42:37","guid":{"rendered":"https:\/\/www.cursos.olgavelez.co\/cu\/?post_type=product&#038;p=13585"},"modified":"2023-09-20T16:06:14","modified_gmt":"2023-09-20T19:06:14","slug":"defensa-personal-para-ninos","status":"publish","type":"product","link":"https:\/\/www.cursos.olgavelez.co\/cu\/producto\/defensa-personal-para-ninos\/","title":{"rendered":"DEFENSA PERSONAL PARA NI\u00d1OS"},"content":{"rendered":"<p>Esta es una informaci\u00f3n importante: Es com\u00fan ver casos de ABUSOS, VIOLENCIA ESCOLAR, RAPTOS y DESAPARICIONES a MENORES. <\/p>\n<p>Nos sentimos impotentes al no poder proteger a nuestros hijos las 24 horas del d\u00eda.<\/p>\n<p>Con el programa DEFENSA PERSONAL PARA NI\u00d1OS, dales la oportunidad para que desarrollen las habilidades para defenderse.<\/p>\n<p>Aprender\u00e1n a tener autoconfianza, mayor autoestima y seguridad en s\u00ed mismos frente a casos de BULLYING.<\/p>\n<p>Adem\u00e1s, c\u00f3mo intuir los riesgos, a qui\u00e9n llamar, los ejercicios f\u00edsicos y los movimientos para actuar en caso de violencia inminente.<\/p>\n<p>\u00bfQU\u00c9 VAS A LOGRAR?<\/p>\n<p>Tus Hijos lograr\u00e1n tener gran AUTOCONFIANZA, mayor AUTOESTIMA y SEGURIDAD de s\u00ed mismos.<\/p>\n<p>Aprender\u00e1n T\u00e9cnicas muy \u00daTILIES para evitar extraviarse de sus padres.<\/p>\n<p>Sabr\u00e1n qu\u00e9 hacer en caso de estar PERDIDOS o EXTRAVIADOS.<\/p>\n<p>Conocer\u00e1s accesorios muy \u00fatiles para minimizar riesgos de p\u00e9rdida de tus hijos.<\/p>\n<p>Aprender\u00e1n c\u00f3mo manejar el tema de El Bullying de forma efectiva con tus hijos.<\/p>\n<p>Tu hijo aprender\u00e1 a ANTICIPARSE, ENFRENTAR y SUPERAR el Bullying de forma f\u00e1cil y efectiva.<\/p>\n<p>Sabr\u00e1n c\u00f3mo actuar en caso de ser v\u00edctima de Rapto o secuestro.<\/p>\n<p>Conocer\u00e1n los PUNTOS VULNERABLES de un agresor y como atacarlos de forma f\u00e1cil y efectiva.<\/p>\n<p>Identificar\u00e1 peligros y amenazas y c\u00f3mo actuar ante ellas.<\/p>\n<p>Aprender\u00e1n a estar preparados para afrontar efectivamente situaciones de riesgo y peligro.<\/p>\n<p>Aprender\u00e1n ejercicios pr\u00e1cticos para estar en \u00d3PTIMA condici\u00f3n f\u00edsica.<\/p>\n<p>Tendr\u00e1s acceso a varios Bonus que les van a encantar.<\/p>\n<p>Acceder\u00e1s al certificado avalado por Hotmart y Seminarios Online.<\/p>\n<p>\u00bfC\u00d3MO LO VAS A LOGRAR?<\/p>\n<p>A trav\u00e9s del siguiente contenido estructurado paso a paso:<\/p>\n<p>Parte No 1. Introducci\u00f3n y bienvenida.<br \/>\nParte No 2. Como comenzar y sacar el m\u00e1ximo provecho al este programa.<br \/>\nParte No 3. Porque es importante que tus hijos sepan defenderse.<br \/>\nParte No 4. 4 errores que debes evitar cuando est\u00e9s con tus hijos en la calle.<br \/>\nParte No 5. 4 Tips de seguridad que deben saber y aplicar tus Hijos.<br \/>\nParte No 6. Accesorios muy \u00fatiles para minimizar riesgos de p\u00e9rdida de tus hijos.<br \/>\nParte No 7. EL BULLYING, Un enemigo muy peligroso.<br \/>\nParte No 8. Tipos de bullying que debes conocer.<br \/>\nParte No 9. Causas del bullying.<br \/>\nParte No 10. Consecuencias del bullying.<br \/>\nParte No 11. \u00bfV\u00edctima de bullying? C\u00f3mo saberlo.<br \/>\nParte No 12. \u00bfV\u00edctima de bullying? Lo que debes hacer para ayudarlos.<br \/>\nParte No 13. Si sufre de bullying, esto es lo que debe hacer.<br \/>\nParte No 14. T\u00e9cnica anti bullying mantener la distancia.<br \/>\nParte No 15. T\u00e9cnica para empujar y correr.<br \/>\nParte No 16. Qu\u00e9 hacer si tu hijo es el que acosa.<br \/>\nParte No 17. Secuestro infantil.<br \/>\nParte No 18. Zonas vulnerables y como atacarlas.<br \/>\nParte No 19. Qu\u00e9 hacer en caso de intento de agresi\u00f3n o rapto.<br \/>\nParte No 20. T\u00e9cnicas de anclaje sencillo.<br \/>\nParte No 21. T\u00e9cnicas a doble anclaje doble.<br \/>\nParte No 22. T\u00e9cnica para liberarse de agarre de frente, situaci\u00f3n 1.<br \/>\nParte No 23. T\u00e9cnica para liberarse de agarre de frente, situaci\u00f3n 2.<br \/>\nParte No 24. Bonus 1. Ejercicios para ni\u00f1os 3 a 8 a\u00f1os Rutina No 1.<br \/>\nParte No 25. Bonus 2. Ejercicios para ni\u00f1os 3 a 8 a\u00f1os Rutina No 2.<br \/>\nParte No 26. Bonus 3. Ejercicios para ni\u00f1os 9 a 14 a\u00f1os Rutina No 1.<br \/>\nParte No 27. Bonus 4. Ejercicios para ni\u00f1os 9 a 14 a\u00f1os Rutina No 2.<br \/>\nParte No 28. Recomendaciones importantes.<\/p>\n<p>ACERCA DEL PRODUCTOR<\/p>\n<p>Desarrollado por DAVID CALDER\u00d3N, Instructor Certificado en Krav Maga, Sistema de Defensa Personal de Origen Israel\u00ed, con 15 a\u00f1os de experiencia en todo lo relacionado con el tema de la seguridad y fundador de la Academia de Defensa Personal SPARTANS KRAV MAGA,<\/p>\n<p>Gran parte de los conceptos te\u00f3ricos plasmados en esta instrucci\u00f3n han sido reforzados con base informaci\u00f3n recopilada de estudios e investigaciones realizadas por expertos en<\/p>\n<p>el tema de la seguridad, Instructores en defensa personal y un gran n\u00famero de Psiquiatras y Psic\u00f3logos a nivel mundial.<\/p>\n","protected":false},"excerpt":{"rendered":"<p>Esta es una informaci\u00f3n importante: Es com\u00fan ver casos de ABUSOS, VIOLENCIA ESCOLAR, RAPTOS y DESAPARICIONES a MENORES. <\/p>\n<p>Nos sentimos impotentes al no poder proteger a nuestros hijos las 24 horas del d\u00eda.<\/p>\n<p>Con el programa DEFENSA PERSONAL PARA NI\u00d1OS, dales la oportunidad para que desarrollen las habilidades para defenderse.<\/p>\n<p>Aprender\u00e1n a tener autoconfianza, mayor autoestima y seguridad en s\u00ed mismos frente a casos de BULLYING.<\/p>\n<p>Adem\u00e1s, c\u00f3mo intuir los riesgos, a qui\u00e9n llamar, los ejercicios f\u00edsicos y los movimientos para actuar en caso de violencia inminente.<\/p>\n","protected":false},"featured_media":5186,"template":"","meta":{"_joinchat":[]},"product_brand":[],"product_cat":[337,344],"product_tag":[],"class_list":{"0":"post-13585","1":"product","2":"type-product","3":"status-publish","4":"has-post-thumbnail","6":"product_cat-salud-y-deportes","7":"product_cat-todos","9":"first","10":"instock","11":"sale","12":"shipping-taxable","13":"product-type-external"},"_links":{"self":[{"href":"https:\/\/www.cursos.olgavelez.co\/cu\/wp-json\/wp\/v2\/product\/13585","targetHints":{"allow":["GET"]}}],"collection":[{"href":"https:\/\/www.cursos.olgavelez.co\/cu\/wp-json\/wp\/v2\/product"}],"about":[{"href":"https:\/\/www.cursos.olgavelez.co\/cu\/wp-json\/wp\/v2\/types\/product"}],"version-history":[{"count":2,"href":"https:\/\/www.cursos.olgavelez.co\/cu\/wp-json\/wp\/v2\/product\/13585\/revisions"}],"predecessor-version":[{"id":15083,"href":"https:\/\/www.cursos.olgavelez.co\/cu\/wp-json\/wp\/v2\/product\/13585\/revisions\/15083"}],"wp:featuredmedia":[{"embeddable":true,"href":"https:\/\/www.cursos.olgavelez.co\/cu\/wp-json\/wp\/v2\/media\/5186"}],"wp:attachment":[{"href":"https:\/\/www.cursos.olgavelez.co\/cu\/wp-json\/wp\/v2\/media?parent=13585"}],"wp:term":[{"taxonomy":"product_brand","embeddable":true,"href":"https:\/\/www.cursos.olgavelez.co\/cu\/wp-json\/wp\/v2\/product_brand?post=13585"},{"taxonomy":"product_cat","embeddable":true,"href":"https:\/\/www.cursos.olgavelez.co\/cu\/wp-json\/wp\/v2\/product_cat?post=13585"},{"taxonomy":"product_tag","embeddable":true,"href":"https:\/\/www.cursos.olgavelez.co\/cu\/wp-json\/wp\/v2\/product_tag?post=13585"}],"curies":[{"name":"wp","href":"https:\/\/api.w.org\/{rel}","templated":true}]}}