{"id":13538,"date":"2023-01-10T04:42:32","date_gmt":"2023-01-10T07:42:32","guid":{"rendered":"https:\/\/www.cursos.olgavelez.co\/cu\/?post_type=product&#038;p=13538"},"modified":"2023-09-20T16:06:13","modified_gmt":"2023-09-20T19:06:13","slug":"viviendo-con-plenitud-la-fibromialgia","status":"publish","type":"product","link":"https:\/\/www.cursos.olgavelez.co\/cu\/producto\/viviendo-con-plenitud-la-fibromialgia\/","title":{"rendered":"VIVIENDO CON PLENITUD LA FIBROMIALGIA"},"content":{"rendered":"<p>\u00bfSab\u00edas que 6,3% de la poblaci\u00f3n mundial padece FIBROMIALGIA, una afecci\u00f3n cr\u00f3nica que causa dolor en todo el cuerpo, fatiga y otros s\u00edntomas? <\/p>\n<p>Con el MasterClass VIVIENDO CON PLENITUD LA FIBROMIALGIA, tendr\u00e1s el conocimiento y las herramientas para entender mejor esta condici\u00f3n y trazar un plan de acci\u00f3n que te permita mejorar tu calidad de vida. <\/p>\n<p>\u00bfQU\u00c9 VAS A LOGRAR?<\/p>\n<p>Comprender\u00e1s realmente lo que est\u00e1s viviendo, qu\u00e9 es la fibromialgia, por qu\u00e9 se dan los diferentes s\u00edntomas y c\u00f3mo se vive esta condici\u00f3n realmente.<\/p>\n<p>Ahorrar\u00e1s dinero en consultas con diferentes especialistas, ya que podr\u00e1s saber qu\u00e9 m\u00e9dicos son los m\u00e1s recomendables para una condici\u00f3n de fibromialgia.<\/p>\n<p>Comenzar\u00e1s a hacer actividad f\u00edsica, algo que pensabas que jam\u00e1s ibas a poder hacer.<\/p>\n<p>Lograr\u00e1s manejar mucho mejor el estr\u00e9s y la ansiedad.<\/p>\n<p>Mejorar\u00e1s tus h\u00e1bitos de alimentaci\u00f3n, lo que impactar\u00e1 impresionantemente en tu salud f\u00edsica y mental.<\/p>\n<p>Aumentar\u00e1s tus niveles de energ\u00eda y mejorar\u00e1 tu estado an\u00edmico.<\/p>\n<p>Lograr\u00e1s perder el miedo a exponerte a situaciones simples que pensaste que no ibas a volver a hacer.<\/p>\n<p>Descubrir\u00e1s un nuevo mundo de posibilidades de salud para ti.<\/p>\n<p>Podr\u00e1s sentirte segura al compartir con tus seres queridos acerca de lo que est\u00e1s experimentando con la fibromialgia.<\/p>\n<p>Te sentir\u00e1s acompa\u00f1ada y comprendida.<\/p>\n<p>Acceder\u00e1s al certificado avalado por Hotmart y Seminarios Online.<\/p>\n<p>\u00bfC\u00d3MO LO VAS A LOGRAR?<\/p>\n<p>A trav\u00e9s del siguiente contenido, estructurado paso a paso:<\/p>\n<p>M\u00f3dulo No.1<\/p>\n<p>Introducci\u00f3n.<br \/>\nJustificaci\u00f3n.<br \/>\nPaso 1: \u00bfQu\u00e9 es la fibromialgia?.<br \/>\nPaso 2: \u00bfC\u00f3mo se vive la fibromialgia?.<br \/>\nPaso 3: \u00bfA qu\u00e9 m\u00e9dico debo asistir si tengo fibromialgia o sospecho que lo tengo?.<br \/>\nPaso 4: Tengo diagn\u00f3stico de fibromialgia \u00bfAhora qu\u00e9 hago?.<br \/>\nPaso 5: Abordando un problema a la vez: Introducci\u00f3n 4 pilares.<br \/>\nPaso 6: Alimentaci\u00f3n consciente.<br \/>\nPaso 7: Tiempo para ti.<br \/>\nPaso 8: Relaciones sanas.<br \/>\nPaso 9: Actividad f\u00edsica.<br \/>\nPaso 10: Integrando nuevos h\u00e1bitos.<br \/>\nPaso 11: Sosteniendo h\u00e1bitos en el tiempo sin que sea una tortura.<br \/>\nPaso 12: Exponi\u00e9ndote a lo que antes pensabas que no pod\u00edas hacer.<br \/>\nPaso 13: Descubriendo un mundo nuevo de posibilidades.<br \/>\nPaso 14: \u00bfC\u00f3mo hablar con mi familia acerca de esta situaci\u00f3n compleja que estoy viviendo?.<br \/>\nPaso 15: Ve este video acompa\u00f1ada de alguien al que quisieras explicar mejor lo que est\u00e1s viviendo.<br \/>\nPaso 16: Recomendaciones importantes.<\/p>\n<p>M\u00f3dulo 2: Parte pr\u00e1ctica<\/p>\n<p>Movimientos al despertar.<br \/>\nMeditaci\u00f3n guiada para conectar con la calma.<br \/>\nLa respiraci\u00f3n como ancla en momentos dif\u00edciles.<br \/>\nCuestionando tus pensamientos.<br \/>\nSesi\u00f3n de descanso.<br \/>\nDiario de gratitud.<br \/>\nIntegrando todo esto a mi rutina diaria.<\/p>\n<p>M\u00f3dulo 3: Material Adicional y Bonos<\/p>\n<p>Dra. Trinidad &#8211; \u00bfVivir sin dolor es posible?.<br \/>\nDr. La Rosa &#8211; C\u00f3mo librarte del dolor cr\u00f3nico y los s\u00edntomas de la fibromialgia.<br \/>\nDr. La Rosa &#8211; Baja tu inflamaci\u00f3n haciendo esto.<\/p>\n<p>M\u00f3dulo 4: Video Respuestas<\/p>\n<p>\u00bfSi tengo otros diagn\u00f3sticos aparte de fibromialgia puedo tomar el curso?.<br \/>\n\u00bfQu\u00e9 alimentos no debo consumir?.<br \/>\n\u00bfCu\u00e1les medicamentos recomiendas?.<\/p>\n<p>ACERCA DEL PRODUCTOR<\/p>\n<p>Desarrollado por ESTEFANY CORTEZ, profesora de yoga y meditaci\u00f3n con certificaci\u00f3n internacional (Yoga Alliance), especializada en manejo del estr\u00e9s y mindfulness basado en reducci\u00f3n del estr\u00e9s. <\/p>\n<p>Adem\u00e1s, es instructora especializada en acompa\u00f1ar a personas con la condici\u00f3n de fibromialgia, creando el primer curso on demand de yoga desde cero para personas con fibromialgia. <\/p>\n<p>Estefany ha sido paciente de la condici\u00f3n de fibromialgia por m\u00e1s de 10 a\u00f1os, lo que la llev\u00f3 a prepararse y educarse en c\u00f3mo poder mejorar su calidad de vida. Su trabajo en clases tanto f\u00edsico, mental y espiritual siempre tienen una labor principal y es el desarrollo de la autocompasi\u00f3n, lo que le ha permitido a ella y a sus estudiantes vivir mejor sus propias vidas.<\/p>\n","protected":false},"excerpt":{"rendered":"<p>\u00bfSab\u00edas que 6,3% de la poblaci\u00f3n mundial padece FIBROMIALGIA, una afecci\u00f3n cr\u00f3nica que causa dolor en todo el cuerpo, fatiga y otros s\u00edntomas? <\/p>\n<p>Con el MasterClass VIVIENDO CON PLENITUD LA FIBROMIALGIA, tendr\u00e1s el conocimiento y las herramientas para entender mejor esta condici\u00f3n y trazar un plan de acci\u00f3n que te permita mejorar tu calidad de vida. <\/p>\n","protected":false},"featured_media":5163,"template":"","meta":{"_joinchat":[]},"product_brand":[],"product_cat":[337,344],"product_tag":[],"class_list":{"0":"post-13538","1":"product","2":"type-product","3":"status-publish","4":"has-post-thumbnail","6":"product_cat-salud-y-deportes","7":"product_cat-todos","9":"first","10":"instock","11":"sale","12":"shipping-taxable","13":"product-type-external"},"_links":{"self":[{"href":"https:\/\/www.cursos.olgavelez.co\/cu\/wp-json\/wp\/v2\/product\/13538","targetHints":{"allow":["GET"]}}],"collection":[{"href":"https:\/\/www.cursos.olgavelez.co\/cu\/wp-json\/wp\/v2\/product"}],"about":[{"href":"https:\/\/www.cursos.olgavelez.co\/cu\/wp-json\/wp\/v2\/types\/product"}],"version-history":[{"count":2,"href":"https:\/\/www.cursos.olgavelez.co\/cu\/wp-json\/wp\/v2\/product\/13538\/revisions"}],"predecessor-version":[{"id":15060,"href":"https:\/\/www.cursos.olgavelez.co\/cu\/wp-json\/wp\/v2\/product\/13538\/revisions\/15060"}],"wp:featuredmedia":[{"embeddable":true,"href":"https:\/\/www.cursos.olgavelez.co\/cu\/wp-json\/wp\/v2\/media\/5163"}],"wp:attachment":[{"href":"https:\/\/www.cursos.olgavelez.co\/cu\/wp-json\/wp\/v2\/media?parent=13538"}],"wp:term":[{"taxonomy":"product_brand","embeddable":true,"href":"https:\/\/www.cursos.olgavelez.co\/cu\/wp-json\/wp\/v2\/product_brand?post=13538"},{"taxonomy":"product_cat","embeddable":true,"href":"https:\/\/www.cursos.olgavelez.co\/cu\/wp-json\/wp\/v2\/product_cat?post=13538"},{"taxonomy":"product_tag","embeddable":true,"href":"https:\/\/www.cursos.olgavelez.co\/cu\/wp-json\/wp\/v2\/product_tag?post=13538"}],"curies":[{"name":"wp","href":"https:\/\/api.w.org\/{rel}","templated":true}]}}