{"id":13532,"date":"2023-01-10T04:42:32","date_gmt":"2023-01-10T07:42:32","guid":{"rendered":"https:\/\/www.cursos.olgavelez.co\/cu\/?post_type=product&#038;p=13532"},"modified":"2023-09-20T16:06:12","modified_gmt":"2023-09-20T19:06:12","slug":"plan-30-dias-para-transformar-tu-cuerpo","status":"publish","type":"product","link":"https:\/\/www.cursos.olgavelez.co\/cu\/producto\/plan-30-dias-para-transformar-tu-cuerpo\/","title":{"rendered":"PLAN 30 D\u00cdAS PARA TRANSFORMAR TU CUERPO"},"content":{"rendered":"<p>\u00bfTe gustar\u00eda empezar a perder peso y grasa de una forma segura, sin pasar hambre y sin riesgos para la salud?<\/p>\n<p>Con el MasterClass PLAN DE 30 D\u00cdAS PARA TRANSFORMAR TU CUERPO aprender\u00e1s a transformar tus h\u00e1bitos y tu estilo de vida, al tiempo que bajas de peso y grasa corporal.<\/p>\n<p>\u00bfQU\u00c9 VAS A LOGRAR? <\/p>\n<p>Ver\u00e1s lo sencillo que es comer saludable con los 2 MEN\u00daS de ejemplo que te regalamos como Bono especial y nuestro Nutriplato.<\/p>\n<p>Aprender\u00e1s a comer para perder peso sin tener que estar pesando los alimentos.<\/p>\n<p>Vas a crear poco a poco nuevos h\u00e1bitos de ejercicio, una muy buena alimentaci\u00f3n y una mentalidad que te ayudar\u00e1 a perder peso y grasa mucho m\u00e1s r\u00e1pido.<\/p>\n<p>Empezar\u00e1s a perder peso y grasa de una forma segura, sin riesgos para la salud, sin pasar hambre. <\/p>\n<p>Aprender\u00e1s el plan de ejercicios sin impacto para empezar desde cero a hacer ejercicios de forma progresiva para no lesionarte.<\/p>\n<p>Tendr\u00e1s ejercicios que m\u00e1ximo te llevar\u00e1n 30 minutos.<\/p>\n<p>Mejorar\u00e1s tu estado f\u00edsico, te sentir\u00e1s con m\u00e1s energ\u00eda y reducir\u00e1s los niveles de estr\u00e9s y ansiedad.<\/p>\n<p>Conocer\u00e1s c\u00f3mo y porqu\u00e9 tus emociones pueden estar engord\u00e1ndote.<\/p>\n<p>Aprender\u00e1s c\u00f3mo funciona tu cuerpo y como ponerlo a tu favor. Qu\u00e9 es el efecto yo-yo o rebote y c\u00f3mo evitarlo.<\/p>\n<p>Aprender\u00e1s conceptos b\u00e1sicos de nutrici\u00f3n para que comprendas mejor del porqu\u00e9 de los cambios que te proponemos.<\/p>\n<p>Utilizar\u00e1s t\u00e9cnicas para acelerar el metabolismo, adelgazar r\u00e1pidamente y mantener el peso para siempre.<\/p>\n<p>Aprender\u00e1s a medirte y llevar tus progresos.<\/p>\n<p>Conocer\u00e1s uno de los secretos de las personas que bajan de peso y no lo vuelven a recuperar. <\/p>\n<p>Conocer\u00e1s la hora correcta en la que debemos hacer ejercicio f\u00edsico, as\u00ed como el tipo, la intensidad y frecuencia adecuada para perder peso.<\/p>\n<p>Aprender\u00e1s qu\u00e9 es lo que dispara tu apetito y tu ansiedad.<\/p>\n<p>Ahorrar\u00e1s mucho dinero en DIETAS y GIMNASIOS porque te lo damos todo.<\/p>\n<p>Aprender\u00e1s a c\u00f3mo reducir e incluso eliminar la celulitis.<\/p>\n<p>Ahorrar\u00e1s mucho tiempo de desplazamientos al gimnasio y largas horas de entrenamiento.<\/p>\n<p>Acceder\u00e1s al certificado avalado por Hotmart y Seminarios Online.<\/p>\n<p>\u00bfC\u00d3MO LO VAS A LOGRAR?<\/p>\n<p>A trav\u00e9s del siguiente contenido, estructurado paso a paso:<\/p>\n<p>M\u00f3dulo No.1 \u00a1COMIENZA AQU\u00cd!<\/p>\n<p>V\u00eddeo 1. Bienvenida. Quienes somos.<br \/>\nV\u00eddeo 2. Introducci\u00f3n al PLAN 30 D\u00cdAS PARA TRANSFORMAR TU CUERPO.<br \/>\nV\u00eddeo 3. Regalo de bienvenida \u00a1Aprov\u00e9chalo!.<br \/>\nV\u00eddeo 4. Premio al terminar tu programa de 30 d\u00edas.<br \/>\nV\u00eddeo 5. \u00bfQu\u00e9 te gustar\u00eda en pr\u00f3ximos programas?.<br \/>\nV\u00eddeo 6. TALLER ESPECIAL: Las 5 claves para perder peso y tener una vida m\u00e1s saludable.<\/p>\n<p>M\u00f3dulo No.2 Aprende a medirte y llevar tu progreso<\/p>\n<p>V\u00eddeo 1. \u00bfQu\u00e9 es el IMC: \u00cdndice de Masa Corporal?.<br \/>\nV\u00eddeo 2. \u00bfQu\u00e9 es el Peso? \u00bfEs importante tu peso total?.<br \/>\nV\u00eddeo 3. \u00bfQu\u00e9 es la Grasa corporal?.<br \/>\nV\u00eddeo 4. \u00bfQu\u00e9 es la Masa Muscular?.<br \/>\nV\u00eddeo 5. \u00bfCu\u00e1nta agua beber para perder peso?.<br \/>\nV\u00eddeo 6. Tu metabolismo en reposo. Tasa metab\u00f3lica basal (TMB).<br \/>\nV\u00eddeo 7. \u00bfCu\u00e1ntas calor\u00edas necesito al d\u00eda para perder peso y grasa? Tasa Metab\u00f3lica total (TMT).<br \/>\nV\u00eddeo 8. C\u00f3mo medirte en casa. Ficha de mediciones y progreso.<\/p>\n<p>M\u00f3dulo No.3 Pon tu mentalidad a tu favor<\/p>\n<p>V\u00eddeo 1. \u00a1ATENCI\u00d3N! Tus emociones pueden estar engord\u00e1ndote.<br \/>\nV\u00eddeo 2. El secreto para mantener tus resultados para siempre.<br \/>\nV\u00eddeo 3. C\u00f3mo te hablas S\u00cd marca una diferencia.<\/p>\n<p>M\u00f3dulo No.4 &#8211; CONCEPTOS B\u00c1SICOS NUTRICI\u00d3N<\/p>\n<p>V\u00eddeo 1. \u00bfQu\u00e9 son las Calor\u00edas?.<br \/>\nV\u00eddeo 2. Macronutrientes 1: Conoce las prote\u00ednas.<br \/>\nV\u00eddeo 3. Macronutrientes 2: Los carbohidratos \u00bfson necesarios?.<br \/>\nV\u00eddeo 4. Macronutrientes 3: Las grasas son vitales.<br \/>\nV\u00eddeo 5. Los grandes olvidados: Vitaminas y Minerales.<br \/>\nV\u00eddeo 6. Fibra. Cuidar tu sistema digestivo puede ayudarte a perder peso.<br \/>\nV\u00eddeo 7. Qu\u00e9 es el Metabolismo y c\u00f3mo puedes acelerarlo.<br \/>\nV\u00eddeo 8. Lo que no te dicen de los Complementos nutricionales.<br \/>\nV\u00eddeo 9. Realmente el Des-ayuno \u00bfes importante?.<br \/>\nV\u00eddeo 10. C\u00f3mo comer sin pesar alimentos. El NutriPlato.<br \/>\nV\u00eddeo 11. TALLER EXTRA. El efecto yo-yo o efecto rebote.<\/p>\n<p>M\u00f3dulo No.5 &#8211; INTRODUCCI\u00d3N AL PLAN DE EJERCICIOS <\/p>\n<p>V\u00eddeo 1. Introducci\u00f3n al ejercicio \u00bfQu\u00e9 tipo de ejercicios son mejores para la p\u00e9rdida de peso?.<br \/>\nV\u00eddeo 2. C\u00f3mo est\u00e1 estructurado el plan de ejercicios.<\/p>\n<p>M\u00f3dulo No.6 SEMANA 1 EJERCICIO<\/p>\n<p>D\u00eda 1 de tu plan de ejercicios + pdf descargable con los ejercicios.<br \/>\nD\u00eda 2 de tu plan de ejercicios + pdf descargable con los ejercicios.<br \/>\nD\u00eda 3 de tu plan de ejercicios + pdf descargable con los ejercicios.<br \/>\nD\u00eda 4 de tu plan de ejercicios + pdf descargable con los ejercicios.<br \/>\nD\u00eda 5 de tu plan de ejercicios + pdf descargable con los ejercicios.<br \/>\nD\u00edas 6 y 7 de tu plan de ejercicios + pdf descargable con los ejercicios.<\/p>\n<p>M\u00f3dulo No.7 SEMANA 2 EJERCICIO<\/p>\n<p>D\u00eda 8 de tu plan de ejercicios + pdf descargable con los ejercicios.<br \/>\nD\u00eda 9 de tu plan de ejercicios + pdf descargable con los ejercicios.<br \/>\nD\u00eda 10 de tu plan de ejercicios + pdf descargable con los ejercicios.<br \/>\nD\u00eda 11 de tu plan de ejercicios + pdf descargable con los ejercicios.<br \/>\nD\u00eda 12 de tu plan de ejercicios + pdf descargable con los ejercicios.<br \/>\nD\u00edas 13 y 14 de tu plan de ejercicios + pdf descargable con los ejercicios.<\/p>\n<p>M\u00f3dulo No.8 &#8211; SEMANA 3 EJERCICIO<\/p>\n<p>D\u00eda 15 de tu plan de ejercicios + pdf descargable con los ejercicios.<br \/>\nD\u00eda 16 de tu plan de ejercicios + pdf descargable con los ejercicios.<br \/>\nD\u00eda 17 de tu plan de ejercicios + pdf descargable con los ejercicios.<br \/>\nD\u00eda 18 de tu plan de ejercicios + pdf descargable con los ejercicios.<br \/>\nD\u00eda 19 de tu plan de ejercicios + pdf descargable con los ejercicios.<br \/>\nD\u00eda 20 de tu plan de ejercicios + pdf descargable con los ejercicios.<br \/>\nD\u00eda 21 de tu plan de ejercicios + pdf descargable con los ejercicios.<\/p>\n<p>M\u00f3dulo No.9 &#8211; SEMANA 4 EJERCICIO<\/p>\n<p>D\u00eda 22 de tu plan de ejercicios + pdf descargable con los ejercicios.<br \/>\nD\u00eda 23 de tu plan de ejercicios + pdf descargable con los ejercicios.<br \/>\nD\u00eda 24 de tu plan de ejercicios + pdf descargable con los ejercicios.<br \/>\nD\u00eda 25 de tu plan de ejercicios + pdf descargable con los ejercicios.<br \/>\nD\u00eda 26 de tu plan de ejercicios + pdf descargable con los ejercicios.<br \/>\nD\u00eda 27 de tu plan de ejercicios + pdf descargable con los ejercicios.<br \/>\nD\u00eda 28 de tu plan de ejercicios + pdf descargable con los ejercicios.<\/p>\n<p>M\u00f3dulo No.10 &#8211; &#8211; SEMANA 5 EJERCICIO<\/p>\n<p>D\u00eda 29 de tu plan de ejercicios + pdf descargable con los ejercicios.<br \/>\nD\u00eda 30 de tu plan de ejercicios + pdf descargable con los ejercicios.<br \/>\nD\u00eda 31 de tu plan de ejercicios + pdf descargable con los ejercicios.<br \/>\nPremio al terminar tu programa de 30 d\u00edas.<\/p>\n<p>M\u00f3dulo No.11 (Material adicional &#8211; BONOS)<\/p>\n<p>BONO 1. Men\u00fa semanal. Men\u00fa semanal II. Lista de la compra.<br \/>\nBONO 2. 52 recetas: Desayunos, Snacks, comidas y cenas.<br \/>\nBONO 3. V\u00eddeo CALENTAMIENTO antes del ejercicio.<br \/>\nBONO 4. V\u00eddeo Vuelta a la calma post ejercicio.<br \/>\nBONO 5. Grupo de Telegram exclusivo y Facebook.<br \/>\nBONO 6. Lista de Materiales recomendados.<br \/>\nBONO 7. Grabaci\u00f3n taller TRANSFORMA TU VIDA CON LA RUEDA DE LA VIDA.<br \/>\nBONO 8. Grabaci\u00f3n de la CLASE DE CARDIO BOX online.<br \/>\nBONO 9. C\u00f3mo reducir y\/o eliminar celulitis y retenci\u00f3n de l\u00edquidos.<\/p>\n<p>M\u00f3dulo No.12 (Video respuestas)<\/p>\n<p>Respuesta a pregunta frecuente No.1. \u00bfD\u00f3nde encontrar\u00e9 el material?.<br \/>\nRespuesta a pregunta frecuente No.2. \u00bfC\u00f3mo s\u00e9 por d\u00f3nde comenzar?.<br \/>\nRespuesta a pregunta frecuente No.3. Hace mucho tiempo que no entreno, \u00bfpodr\u00e9 hacer los ejercicios recomendados?.<br \/>\nRespuesta a pregunta frecuente No.4. \u00bfCu\u00e1nto tiempo necesito a la semana para poder seguir con la programaci\u00f3n?.<br \/>\nRespuesta a pregunta frecuente No.5. \u00bfHay alg\u00fan tipo de sesi\u00f3n en directo? \u00bfQu\u00e9 pasa si no me puedo conectar en directo a las sesiones?.<br \/>\nRespuesta a pregunta frecuente No.6. \u00bfQu\u00e9 pasa si soy vegetariana o vegana?.<br \/>\nRespuesta a pregunta frecuente No.7. La informaci\u00f3n en alimentaci\u00f3n qu\u00e9 aprender\u00e9, \u00bfla podr\u00e9 aplicar en casa con mis hijos y familia?.<br \/>\nRespuesta a pregunta frecuente No.8. Estoy embarazada \u00bfPuedo seguir el Plan 30 D\u00edas?.<br \/>\nRespuesta a pregunta frecuente No.9. Tengo resistencia a la insulina \u00bfPuedo hacer el Plan 30 D\u00edas?.<br \/>\nRespuesta a pregunta frecuente No.10. Tengo Hipotiroidismo \u00bffuncionar\u00e1 el Plan 30 D\u00edas para m\u00ed?.<br \/>\nRespuesta a pregunta frecuente No.11. Si necesito complementos nutricionales \u00bfme podr\u00edais asesorar?.<\/p>\n<p>\u00bfPERFIL DEL EXPERTO?<\/p>\n<p>Cu\u00eddate y pierde peso est\u00e1 compuesto por tres personas expertas en p\u00e9rdida de peso con m\u00e1s de 15 a\u00f1os de experiencia. <\/p>\n<p>Carolina (experta en p\u00e9rdida de peso y coach nutricional), Jos\u00e9 \u00c1ngel (20 a\u00f1os en el sector como Entrenador personal, instructor de actividades colectivas, coach, asesor nutricional, conferencista internacional y experto en p\u00e9rdida de peso) Juan Carlos (Licenciado en educaci\u00f3n f\u00edsica, entrenador personal, coach, profesor de educaci\u00f3n f\u00edsica y experto en p\u00e9rdida de peso). Cuentan con cientos de resultados con sus programas<\/p>\n","protected":false},"excerpt":{"rendered":"<p>\u00bfTe gustar\u00eda empezar a perder peso y grasa de una forma segura, sin pasar hambre y sin riesgos para la salud?<\/p>\n<p>Con el MasterClass PLAN DE 30 D\u00cdAS PARA TRANSFORMAR TU CUERPO aprender\u00e1s a transformar tus h\u00e1bitos y tu estilo de vida, al tiempo que bajas de peso y grasa corporal.<\/p>\n","protected":false},"featured_media":5156,"template":"","meta":{"_joinchat":[]},"product_brand":[],"product_cat":[337,344],"product_tag":[],"class_list":{"0":"post-13532","1":"product","2":"type-product","3":"status-publish","4":"has-post-thumbnail","6":"product_cat-salud-y-deportes","7":"product_cat-todos","9":"first","10":"instock","11":"sale","12":"shipping-taxable","13":"product-type-external"},"_links":{"self":[{"href":"https:\/\/www.cursos.olgavelez.co\/cu\/wp-json\/wp\/v2\/product\/13532","targetHints":{"allow":["GET"]}}],"collection":[{"href":"https:\/\/www.cursos.olgavelez.co\/cu\/wp-json\/wp\/v2\/product"}],"about":[{"href":"https:\/\/www.cursos.olgavelez.co\/cu\/wp-json\/wp\/v2\/types\/product"}],"version-history":[{"count":2,"href":"https:\/\/www.cursos.olgavelez.co\/cu\/wp-json\/wp\/v2\/product\/13532\/revisions"}],"predecessor-version":[{"id":15057,"href":"https:\/\/www.cursos.olgavelez.co\/cu\/wp-json\/wp\/v2\/product\/13532\/revisions\/15057"}],"wp:featuredmedia":[{"embeddable":true,"href":"https:\/\/www.cursos.olgavelez.co\/cu\/wp-json\/wp\/v2\/media\/5156"}],"wp:attachment":[{"href":"https:\/\/www.cursos.olgavelez.co\/cu\/wp-json\/wp\/v2\/media?parent=13532"}],"wp:term":[{"taxonomy":"product_brand","embeddable":true,"href":"https:\/\/www.cursos.olgavelez.co\/cu\/wp-json\/wp\/v2\/product_brand?post=13532"},{"taxonomy":"product_cat","embeddable":true,"href":"https:\/\/www.cursos.olgavelez.co\/cu\/wp-json\/wp\/v2\/product_cat?post=13532"},{"taxonomy":"product_tag","embeddable":true,"href":"https:\/\/www.cursos.olgavelez.co\/cu\/wp-json\/wp\/v2\/product_tag?post=13532"}],"curies":[{"name":"wp","href":"https:\/\/api.w.org\/{rel}","templated":true}]}}