{"id":13484,"date":"2023-01-10T04:42:27","date_gmt":"2023-01-10T07:42:27","guid":{"rendered":"https:\/\/www.cursos.olgavelez.co\/cu\/?post_type=product&#038;p=13484"},"modified":"2023-09-20T16:06:12","modified_gmt":"2023-09-20T19:06:12","slug":"descubre-el-genio-interior-del-nino-con-ajedrez","status":"publish","type":"product","link":"https:\/\/www.cursos.olgavelez.co\/cu\/producto\/descubre-el-genio-interior-del-nino-con-ajedrez\/","title":{"rendered":"DESCUBRE EL GENIO INTERIOR DEL NI\u00d1O CON AJEDREZ"},"content":{"rendered":"<p>\u00bfSab\u00edas que muchos estudios han demostrado que jugando ajedrez se logra aumentar el coeficiente intelectual de un ni\u00f1o?<\/p>\n<p>Con el Master Class DESCUBRE EL GENIO INTERIOR DEL NI\u00d1O CON AJEDREZ, tu hijo mejorar\u00e1 la capacidad de resolver problemas, habilidades matem\u00e1ticas, lectoras y memorizaci\u00f3n.<\/p>\n<p>\u00bfQU\u00c9 VAS A LOGRAR?<\/p>\n<p>Potencializar\u00e1s la capacidad de concentraci\u00f3n y atenci\u00f3n de tu hijo.<\/p>\n<p>Mejorar\u00e1s las habilidades de comunicaci\u00f3n, comprensi\u00f3n, pensamiento l\u00f3gico matem\u00e1tico, creatividad e imaginaci\u00f3n de tu hijo.<\/p>\n<p>Tu hijo aprender\u00e1 a resolver problemas, tomar decisiones y socializar.<\/p>\n<p>Tu hijo adquirir\u00e1 valores como el autoestima, respeto, humildad, tolerancia y paciencia.<\/p>\n<p>Tu hijo aprender\u00e1 todo lo necesario para jugar al ajedrez de manera recreativa y competitiva.<\/p>\n<p>Acceder\u00e1s al certificado avalado por Hotmart y Seminarios Online.<\/p>\n<p>\u00bfC\u00d3MO LO VAS A LOGRAR?<\/p>\n<p>A trav\u00e9s del siguiente contenido, estructurado paso a paso:<\/p>\n<p>M\u00d3DULO 1 &#8211; BIENVENIDA<\/p>\n<p>Introducci\u00f3n.<br \/>\nJustificaci\u00f3n.<\/p>\n<p>M\u00d3DULO 2 &#8211; EL AJEDREZ Y SUS ELEMENTOS<\/p>\n<p>El tablero y coordenadas.<br \/>\nLas piezas.<br \/>\nLa torre.<br \/>\nEl alfil.<br \/>\nEl caballo.<br \/>\nLos peones.<br \/>\nLa dama.<br \/>\nEl rey.<br \/>\nEl valor de las piezas.<\/p>\n<p>M\u00d3DULO 3 &#8211; REGLAS B\u00c1SICAS<\/p>\n<p>Posici\u00f3n inicial.<br \/>\nLos turnos.<br \/>\nEl jaque.<br \/>\nManeras de salir del jaque.<br \/>\nJaque mate.<br \/>\nResultados<br \/>\nTablas.<br \/>\nAhogado.<\/p>\n<p>M\u00d3DULO 4 &#8211; JUGADAS ESPECIALES<\/p>\n<p>El enroque.<br \/>\nLa coronaci\u00f3n.<br \/>\nCaptura al paso.<\/p>\n<p>M\u00d3DULO 5 &#8211; MATES B\u00c1SICOS<\/p>\n<p>Mates en una jugada I.<br \/>\nMates en una jugada II.<br \/>\nMate del pasillo.<br \/>\nMate de la escalera.<br \/>\nMate con rey y dama.<br \/>\nMate con rey y torre.<\/p>\n<p>M\u00d3DULO 6 &#8211; PARTIDA<\/p>\n<p>Primeras jugadas.<br \/>\nEl desarrollo.<br \/>\nMate del loco.<br \/>\nMate del pastor.<br \/>\nMate de la coz.<\/p>\n<p>M\u00d3DULO 7 &#8211; MEDIO JUEGO<\/p>\n<p>Ataque doble.<br \/>\nLa clavada.<br \/>\nAtaque descubierto.<br \/>\nEl c\u00e1lculo.<\/p>\n<p>M\u00d3DULO 8 &#8211; CONCLUSIONES Y RECOMENDACIONES<\/p>\n<p>Conclusiones y recomendaciones.<\/p>\n<p>M\u00d3DULO 9 \u2013 MATERIAL ADICIONAL (BONOS)<\/p>\n<p>Partida modelo I.<br \/>\nPartida modelo II.<br \/>\nPlataforma para practicar<br \/>\nPDF Ajedrez para todos.<\/p>\n<p>M\u00d3DULO 10 &#8211; VIDEO RESPUESTAS<\/p>\n<p>\u00bfPuedo tener m\u00e1s de una dama cuando mi pe\u00f3n corona?<br \/>\n\u00bfPara qu\u00e9 se les agregan valores a las piezas?<br \/>\n\u00bfEs necesario que el tablero tenga casillas blancas y negras?<\/p>\n<p>ACERCA DEL PRODUCTOR<\/p>\n<p>Desarrollado por DAVID LLONTOP, peruano ex campe\u00f3n departamental, regional y distrital. Con 12 a\u00f1os de experiencia compitiendo en el deporte ciencia, 4 a\u00f1os de experiencia en el campo pedag\u00f3gico ense\u00f1ando a ni\u00f1os desde los 3 a\u00f1os de edad. Docente actualmente activo, prestando sus servicios en la Academia Soubac E.I.R.L, donde lleva 3 a\u00f1os como profesor.<\/p>\n<p>Estudiante, emprendedor y ajedrecista ha creado este curso con la finalidad de contribuir a que cada vez m\u00e1s ni\u00f1os puedan desarrollar nuevas habilidades e inteligencias a trav\u00e9s de la pr\u00e1ctica del ajedrez.<\/p>\n","protected":false},"excerpt":{"rendered":"<p>\u00bfSab\u00edas que muchos estudios han demostrado que jugando ajedrez se logra aumentar el coeficiente intelectual de un ni\u00f1o?<\/p>\n<p>Con el Master Class DESCUBRE EL GENIO INTERIOR DEL NI\u00d1O CON AJEDREZ, tu hijo mejorar\u00e1 la capacidad de resolver problemas, habilidades matem\u00e1ticas, lectoras y memorizaci\u00f3n.<\/p>\n","protected":false},"featured_media":5133,"template":"","meta":{"_joinchat":[]},"product_brand":[],"product_cat":[337,344],"product_tag":[],"class_list":{"0":"post-13484","1":"product","2":"type-product","3":"status-publish","4":"has-post-thumbnail","6":"product_cat-salud-y-deportes","7":"product_cat-todos","9":"first","10":"instock","11":"sale","12":"shipping-taxable","13":"product-type-external"},"_links":{"self":[{"href":"https:\/\/www.cursos.olgavelez.co\/cu\/wp-json\/wp\/v2\/product\/13484","targetHints":{"allow":["GET"]}}],"collection":[{"href":"https:\/\/www.cursos.olgavelez.co\/cu\/wp-json\/wp\/v2\/product"}],"about":[{"href":"https:\/\/www.cursos.olgavelez.co\/cu\/wp-json\/wp\/v2\/types\/product"}],"version-history":[{"count":2,"href":"https:\/\/www.cursos.olgavelez.co\/cu\/wp-json\/wp\/v2\/product\/13484\/revisions"}],"predecessor-version":[{"id":15040,"href":"https:\/\/www.cursos.olgavelez.co\/cu\/wp-json\/wp\/v2\/product\/13484\/revisions\/15040"}],"wp:featuredmedia":[{"embeddable":true,"href":"https:\/\/www.cursos.olgavelez.co\/cu\/wp-json\/wp\/v2\/media\/5133"}],"wp:attachment":[{"href":"https:\/\/www.cursos.olgavelez.co\/cu\/wp-json\/wp\/v2\/media?parent=13484"}],"wp:term":[{"taxonomy":"product_brand","embeddable":true,"href":"https:\/\/www.cursos.olgavelez.co\/cu\/wp-json\/wp\/v2\/product_brand?post=13484"},{"taxonomy":"product_cat","embeddable":true,"href":"https:\/\/www.cursos.olgavelez.co\/cu\/wp-json\/wp\/v2\/product_cat?post=13484"},{"taxonomy":"product_tag","embeddable":true,"href":"https:\/\/www.cursos.olgavelez.co\/cu\/wp-json\/wp\/v2\/product_tag?post=13484"}],"curies":[{"name":"wp","href":"https:\/\/api.w.org\/{rel}","templated":true}]}}