{"id":13465,"date":"2023-01-10T04:42:25","date_gmt":"2023-01-10T07:42:25","guid":{"rendered":"https:\/\/www.cursos.olgavelez.co\/cu\/?post_type=product&#038;p=13465"},"modified":"2023-09-20T16:06:10","modified_gmt":"2023-09-20T19:06:10","slug":"terapia-biblica-para-el-desamor","status":"publish","type":"product","link":"https:\/\/www.cursos.olgavelez.co\/cu\/producto\/terapia-biblica-para-el-desamor\/","title":{"rendered":"TERAPIA B\u00cdBLICA PARA EL DESAMOR"},"content":{"rendered":"<p>En alg\u00fan momento de nuestras vidas hemos sentido que las heridas emocionales del pasado, afectan nuestras relaciones presentes.<\/p>\n<p>Con el MASTER CLASS TERAPIA BIBLICA PARA EL DESAMOR, lograr\u00e1s sentir el amor que tanto anhelas, venciendo el apego y la dependencia.<\/p>\n<p>Por medio de ejercicios espirituales tendr\u00e1s, respuestas y soluciones a tus necesidades.<\/p>\n<p>\u00bfQU\u00c9 VAS A LOGRAR?<\/p>\n<p>Lograr\u00e1s Identificar y sanar las heridas del pasado que da\u00f1an tus relaciones presentes.<\/p>\n<p>Vencer\u00e1s el apego y la dependencia da\u00f1ina que produce dolor para que seas librada de la c\u00e1rcel de la manipulaci\u00f3n emocional de los dem\u00e1s.<\/p>\n<p>Aprender\u00e1s a hacerte responsable de tu vida, dejando de victimizarte echandole tus culpas a los dem\u00e1s, algo que nos impide crecer.<\/p>\n<p>Derrumbar\u00e1s la Mentira de que nadie te ama y que no puedes amar, flagelo que te lleva a la frustraci\u00f3n.<\/p>\n<p>Lograr\u00e1s conectarte con El Creador y con los dem\u00e1s Disfrutando de tener Relaciones sanas y duraderas.<\/p>\n<p>Conseguir\u00e1s amar y ser amada, que es una de las m\u00e1s grandes necesidades del ser humano; al no poder suplir esa necesidad causa conflictos en la personalidad. <\/p>\n<p>Acceder\u00e1s al certificado avalado por Hotmart y Seminarios Online.<\/p>\n<p>\u00bfC\u00d3MO LO VAS A LOGRAR?<\/p>\n<p>A trav\u00e9s del siguiente contenido estructurado paso a paso:<\/p>\n<p>M\u00f3dulo No.1<\/p>\n<p>V\u00eddeo 1: Bienvenida &#8211; Introducci\u00f3n.<br \/>\nV\u00eddeo 2: nuestra historia.<\/p>\n<p>M\u00f3dulo 2: 11 pasos para sanar nuestras relaciones<\/p>\n<p>V\u00eddeo 3: Paso No. 1 Como descubrir que siempre has sido amada.<br \/>\nV\u00eddeo 4: Como recibir vida espiritual.<br \/>\nV\u00eddeo 5: Paso No. 2 Como sanar las heridas del pasado.<br \/>\nV\u00eddeo 6: Paso No. 3 Como relacionarte con los dem\u00e1s con tu verdadero yo.<br \/>\nV\u00eddeo 7: Paso No. 4 \u201cComo identificar los tiempos en que no recibimos amor.<br \/>\nV\u00eddeo 8: Paso No. 5 Conociendo los tiempos malos del ayer.<br \/>\nV\u00eddeo 9: Paso No. 6 Como sanar los tiempos del pasado.<br \/>\nV\u00eddeo 10: Paso No. 7 Como conectarnos con la fuente de poder y con los dem\u00e1s.<br \/>\nV\u00eddeo 11: Paso No. 8 Como enfrentar nuestra imperfecci\u00f3n en las relaciones.<br \/>\nV\u00eddeo 12: Paso No. 9 Como eliminar tu \u201clista de culpables\u201d.<br \/>\nV\u00eddeo 13: Paso No. 10 Como aceptar la gracia y la verdad en las relaciones.<br \/>\nV\u00eddeo 14: Paso No. 11 Como desapegarnos en las relaciones.<\/p>\n<p>M\u00f3dulo 3: Los 7 pasos para construir en nuestras relaciones<\/p>\n<p>V\u00eddeo 15: Paso No. 1 Soporta tus relaciones sobre la verdad.<br \/>\nV\u00eddeo 16: Paso No. 2 Se tard\u00f3 en airarte.<br \/>\nV\u00eddeo 17: Paso No. 3 No respondas al ataque del otro con otro ataque.<br \/>\nV\u00eddeo 18: Paso No. 4 Evita irritar al otro compar\u00e1ndolo.<br \/>\nV\u00eddeo 19: Paso No. 5 Evita irritar al otro culp\u00e1ndolo.<br \/>\nV\u00eddeo 20: Paso No. 6 Pon en tu coraz\u00f3n la consideraci\u00f3n por el otro.<br \/>\nV\u00eddeo 21: Paso No. 7 Cambia el querer por el amar.<\/p>\n<p>M\u00f3dulo 4: 6 Pasos m\u00e1s en material complementario <\/p>\n<p>Video 22: 6 Pasos para mejorad vuestras vidas.<\/p>\n<p>M\u00f3dulo 5: Respuestas a preguntas frecuentes<\/p>\n<p>V\u00eddeo 23: 1 Respuestas a preguntas frecuentes.<br \/>\nAnexos a cada video gu\u00eda aplicativas y anexos PDF:<br \/>\nComo recibir vida espiritual.<br \/>\nComo orar.<br \/>\nComo sanar las heridas del pasado.<br \/>\nComo desarrollar un esp\u00edritu perdonador.<br \/>\nComo hacer una oraci\u00f3n de sanidad interior.<\/p>\n<p>Modulo 6: \u00bfC\u00d3MO OBTENER TU CERTIFICADO?<\/p>\n<p>ACERCA DE LOS PRODUCTORES<\/p>\n<p>Desarrollado por FREDDY SERGIO BALLESTAS VARGAS, Administrador de Empresa y VERA POLO DE BALLESTAS Auxiliar contable, esposos con 61 a\u00f1os de edad y 41 a\u00f1os de uni\u00f3n, felizmente casados.<\/p>\n<p>Desde hace 40 a\u00f1os se encuentran trabajando en pastorales personalizadas, en parejas y tambi\u00e9n en consejer\u00eda familiar.<\/p>\n<p>Han en los procesos de restauraci\u00f3n de hogares, en la reconciliaci\u00f3n de parejas y han fortalecido el tejido social apadrinando familias donde adelantan programas de rehabilitaci\u00f3n de j\u00f3venes en la drogadicci\u00f3n, adultos del alcoholismo y el menor en la calle.<\/p>\n<p>Han realizado trabajos con el adulto mayor, y en la c\u00e1rcel de mujeres de Barranquilla haciendo un acompa\u00f1amiento personal y de capacitaci\u00f3n a las internas.<\/p>\n","protected":false},"excerpt":{"rendered":"<p>En alg\u00fan momento de nuestras vidas hemos sentido que las heridas emocionales del pasado, afectan nuestras relaciones presentes.<\/p>\n<p>Con el MASTER CLASS TERAPIA BIBLICA PARA EL DESAMOR, lograr\u00e1s sentir el amor que tanto anhelas, venciendo el apego y la dependencia.<\/p>\n<p>Por medio de ejercicios espirituales tendr\u00e1s, respuestas y soluciones a tus necesidades.<\/p>\n","protected":false},"featured_media":4539,"template":"","meta":{"_joinchat":[]},"product_brand":[],"product_cat":[336,344],"product_tag":[],"class_list":{"0":"post-13465","1":"product","2":"type-product","3":"status-publish","4":"has-post-thumbnail","6":"product_cat-relaciones","7":"product_cat-todos","9":"first","10":"instock","11":"sale","12":"shipping-taxable","13":"product-type-external"},"_links":{"self":[{"href":"https:\/\/www.cursos.olgavelez.co\/cu\/wp-json\/wp\/v2\/product\/13465","targetHints":{"allow":["GET"]}}],"collection":[{"href":"https:\/\/www.cursos.olgavelez.co\/cu\/wp-json\/wp\/v2\/product"}],"about":[{"href":"https:\/\/www.cursos.olgavelez.co\/cu\/wp-json\/wp\/v2\/types\/product"}],"version-history":[{"count":2,"href":"https:\/\/www.cursos.olgavelez.co\/cu\/wp-json\/wp\/v2\/product\/13465\/revisions"}],"predecessor-version":[{"id":15021,"href":"https:\/\/www.cursos.olgavelez.co\/cu\/wp-json\/wp\/v2\/product\/13465\/revisions\/15021"}],"wp:featuredmedia":[{"embeddable":true,"href":"https:\/\/www.cursos.olgavelez.co\/cu\/wp-json\/wp\/v2\/media\/4539"}],"wp:attachment":[{"href":"https:\/\/www.cursos.olgavelez.co\/cu\/wp-json\/wp\/v2\/media?parent=13465"}],"wp:term":[{"taxonomy":"product_brand","embeddable":true,"href":"https:\/\/www.cursos.olgavelez.co\/cu\/wp-json\/wp\/v2\/product_brand?post=13465"},{"taxonomy":"product_cat","embeddable":true,"href":"https:\/\/www.cursos.olgavelez.co\/cu\/wp-json\/wp\/v2\/product_cat?post=13465"},{"taxonomy":"product_tag","embeddable":true,"href":"https:\/\/www.cursos.olgavelez.co\/cu\/wp-json\/wp\/v2\/product_tag?post=13465"}],"curies":[{"name":"wp","href":"https:\/\/api.w.org\/{rel}","templated":true}]}}