{"id":13433,"date":"2023-01-10T04:42:21","date_gmt":"2023-01-10T07:42:21","guid":{"rendered":"https:\/\/www.cursos.olgavelez.co\/cu\/?post_type=product&#038;p=13433"},"modified":"2023-09-20T16:06:10","modified_gmt":"2023-09-20T19:06:10","slug":"21-pasos-para-olvidar-a-tu-ex","status":"publish","type":"product","link":"https:\/\/www.cursos.olgavelez.co\/cu\/producto\/21-pasos-para-olvidar-a-tu-ex\/","title":{"rendered":"21 PASOS PARA OLVIDAR A TU EX"},"content":{"rendered":"<p>\u00bfSabias que existe una t\u00e9cnica muy efectiva para superar una ruptura amorosa?<\/p>\n<p>Con el MasterClass 21 PASOS PARA OLVIDAR A TU EX superar\u00e1s el abandono desde la comprensi\u00f3n y sanaci\u00f3n propia.<\/p>\n<p>\u00bfQU\u00c9 VAS A LOGRAR? <\/p>\n<p>Superar\u00e1s el abandono desde la comprensi\u00f3n y sanaci\u00f3n propia. <\/p>\n<p>Entender\u00e1s que la culpa de tu infelicidad no est\u00e1 afuera. <\/p>\n<p>Responsabilizarte de los resultados de tu vida a partir de hoy. <\/p>\n<p>Resignificar\u00e1s las situaciones con tu ex y de tu pasado. <\/p>\n<p>Soltar\u00e1s y transformar\u00e1s tu energ\u00eda. <\/p>\n<p>Elevar\u00e1s tu frecuencia vibracional para manifestar lo que deseas.<\/p>\n<p>Te reconectar\u00e1s con la vida y contigo misma. <\/p>\n<p>Volver\u00e1s a sonre\u00edr. <\/p>\n<p>Te convertir\u00e1s en una mujer magn\u00e9tica.<\/p>\n<p>Te sentir\u00e1s plena y segura. <\/p>\n<p>Estar\u00e1s en apertura para disfrutar de ese amor so\u00f1ado. <\/p>\n<p>Tendr\u00e1s acceso a v\u00eddeos tutoriales, meditaciones y con un workbook descargable en metodolog\u00eda paso a paso, aplica de forma pr\u00e1ctica y sencilla, cada etapa de tu duelo y transformaci\u00f3n a esa nueva mujer, transformada y magn\u00e9tica, lista para recibir los regalos de la vida.<\/p>\n<p>Tendr\u00e1s acceso a nuestro GRUPO PRIVADO de Facebook y Telegram, donde tendremos sesiones en VIVO de acompa\u00f1amiento para que pongas en pr\u00e1ctica lo aprendido.<\/p>\n<p>Acceder\u00e1s a 28 videos tutoriales.<\/p>\n<p>Workbook en formato PDF para imprimir y realizar los ejercicios de todos los m\u00f3dulos.<\/p>\n<p>Descubrir\u00e1s y sanar\u00e1s tus emociones a tu propio ritmo.<\/p>\n<p>Es tan sencillo como permitirte sentir cada emoci\u00f3n en tus procesos de duelo. No existe nada m\u00e1s que t\u00fa misma darte el permiso de ser t\u00fa, de sentir, llorar, gritar, lo que necesite tu alma para liberar.<\/p>\n<p>Te dar\u00e9 unos pasos, los que a mi en cada momento que sent\u00eda desangrar me permitieron liberar y sanar. Hermosura de mujer, dame el permiso de guiarte, si est\u00e1s ac\u00e1 s\u00e9 que de alguna manera me lo has dado, d\u00e9jame tomar tu mano y acariciar tu alma. Necesitas recordarte que eres esencia pura e infinita de amor y estoy ac\u00e1 para hacerlo. M\u00e1s que una metodolog\u00eda, te pido dos ingredientes obligatorios, SENTIR (con todo el alma)  y COMPROMISO (desde el coraz\u00f3n). <\/p>\n<p>\u00bfC\u00d3MO LO VAS A LOGRAR? <\/p>\n<p>Todo lo anterior, a trav\u00e9s del siguiente contenido estructurado paso a paso: <\/p>\n<p>INTRO: Qu\u00e9 es Reprograma tu coraz\u00f3n y bienvenida.  <\/p>\n<p>\u00bfPor qu\u00e9 y para qu\u00e9 est\u00e1s ac\u00e1?<\/p>\n<p>INTENCI\u00d3N   <\/p>\n<p>\u00bfPorqu\u00e9 yo puedo ayudarte?  <\/p>\n<p>M\u00d3DULO 1 : ADI\u00d3S MAESTRO.  <\/p>\n<p>Qu\u00e9 es el duelo emocional.<br \/>\nPaso 1: C\u00f3mo reconocer donde estoy hoy?.<br \/>\nPaso 2 : C\u00f3mo comprometerte contigo misma.<br \/>\nPaso 3 : Qu\u00e9 es la aceptaci\u00f3n y C\u00f3mo puedo lograr aceptar la ruptura?.<br \/>\nPaso 4: C\u00f3mo fue mi forma de crianza y c\u00f3mo mi pasado determina tus relaciones.<br \/>\nPaso 5: C\u00f3mo identificar si lo que sentiste fue amor o apego.<br \/>\nPaso 6: Identifica los patrones que estas repitiendo y c\u00f3mo recodificarlos.  <\/p>\n<p>M\u00d3DULO 2 : C\u00f3mo dar el primer paso<\/p>\n<p>Tomando Acci\u00f3n para \u201cLa mejor versi\u00f3n de mi\u201d.  <\/p>\n<p>Paso 7: C\u00f3mo manejar las redes sociales para que jueguen a nuestro favor.<br \/>\nPaso 8 C\u00f3mo construyo mi Agenda nueva.<br \/>\nSI\u00c9NTETE COMO UNA REINA.<br \/>\nPaso 9 : C\u00f3mo entender que tu pareja es tu espejo.<br \/>\nPaso 10 C\u00f3mo entenderte y redise\u00f1ar lo que cre\u00edas de ti.<br \/>\nParte A YO CONTROLO MIS EMOCIONES.<br \/>\nParte B LO QUE SE PERDONA Y LO QUE NO SE PERDONA.<br \/>\nMEDITACI\u00d3N DEL PERDON.<br \/>\nPaso 11: C\u00f3mo hacer un d\u00e9tox a tu campo energ\u00e9tico sexual?.<br \/>\nMEDITACION DE LIMPIEZA.<br \/>\nPaso 12: C\u00f3mo hacerme cargo de m\u00ed misma?.<br \/>\nPaso 13: C\u00f3mo descubrir y terminar de sanar tu interior .<br \/>\nMEDITACION NI\u00d1A INTERIOR. <\/p>\n<p>M\u00d3DULO 3 LA MUJER MAS HERMOSA Y AMADA DEL MUNDO.  <\/p>\n<p>Paso 14: C\u00f3mo convertirme en la mujer que sue\u00f1o.<br \/>\nPaso 15: C\u00f3mo Retorno al pasado sin retroceder?.<br \/>\nPaso 16: C\u00f3mo identificar los aprendizajes<br \/>\nPaso 17 : C\u00f3mo encontrar el Sentido de vida<br \/>\nPaso 18:C\u00f3mo Convertirme en esa persona que deseo para mi.<br \/>\nPaso 19: C\u00f3mo conectar con el amor.<br \/>\nPaso 20: C\u00f3mo sostener mi nuevo yo.<br \/>\nPaso 21: C\u00f3mo convertirme en una mujer Magn\u00e9tica y arrolladora.<br \/>\nBono 1: Meditaci\u00f3n: Sintonizando con el amor.<br \/>\nBono 2: Reconocimiento y compromiso.<br \/>\nDESPEDIDA Y CERTIFICADO<\/p>\n<p>ACERCA DE LA PRODUCTORA<\/p>\n<p>Desarrollado por SANDRA RAMON RESTREPO, una mujer que siente como t\u00fa, r\u00ede y llora como t\u00fa. Sigo permiti\u00e9ndome caer y levantarme. Me llamo Sandra Ram\u00f3n Restrepo, Colombiana. Speaker del alma, Escritora y autora del libro \u00abLa Hero\u00edna de mi Vida soy yo, de la prisi\u00f3n al despertar\u00bb, coach de Vida Multidimensional, Grupo ESCO de M\u00e9xico y EFICACES, Coach PNL (Programaci\u00f3n Neuro Ling\u00fc\u00edstica) Escuela Hispana de PNL, Maestra de Danza Oriental como Terapia de sanaci\u00f3n, Reikista angelical y Actriz. Comunicadora Social. <\/p>\n<p>Necesitas saber que me he preparado por muchos a\u00f1os y est\u00e1 bien, pero adem\u00e1s te hablo desde la experiencia de muchas tusas emocionales que transit\u00e9 desde relaciones, muchas de ellas t\u00f3xicas, otras maravillosas, que eleg\u00ed vivir durante muchos a\u00f1os. Me he ca\u00eddo cien veces y he estado en los huecos m\u00e1s profundos de mis sombras. <\/p>\n<p>Soy una mujer so\u00f1adora que cree en un universo infinito de amor y abundancia. Desde hace 9 a\u00f1os vengo acompa\u00f1ando a personas, parejas y grupos en diferentes escenarios de desarrollo a nivel personal y organizacional, donde desarroll\u00e9 mi metodolog\u00eda REPROGRAMA TU CORAZ\u00d3N, encaminada a trabajar la transformaci\u00f3n desde la \u201cinteligencia del coraz\u00f3n\u201d, donde el punto de partida eres t\u00fa. Creadora de la Fundaci\u00f3n Reprograma tu Coraz\u00f3n<\/p>\n","protected":false},"excerpt":{"rendered":"<p>\u00bfSabias que existe una t\u00e9cnica muy efectiva para superar una ruptura amorosa?<\/p>\n<p>Con el MasterClass 21 PASOS PARA OLVIDAR A TU EX superar\u00e1s el abandono desde la comprensi\u00f3n y sanaci\u00f3n propia.<\/p>\n","protected":false},"featured_media":4534,"template":"","meta":{"_joinchat":[]},"product_brand":[],"product_cat":[336,344],"product_tag":[],"class_list":{"0":"post-13433","1":"product","2":"type-product","3":"status-publish","4":"has-post-thumbnail","6":"product_cat-relaciones","7":"product_cat-todos","9":"first","10":"instock","11":"sale","12":"shipping-taxable","13":"product-type-external"},"_links":{"self":[{"href":"https:\/\/www.cursos.olgavelez.co\/cu\/wp-json\/wp\/v2\/product\/13433","targetHints":{"allow":["GET"]}}],"collection":[{"href":"https:\/\/www.cursos.olgavelez.co\/cu\/wp-json\/wp\/v2\/product"}],"about":[{"href":"https:\/\/www.cursos.olgavelez.co\/cu\/wp-json\/wp\/v2\/types\/product"}],"version-history":[{"count":2,"href":"https:\/\/www.cursos.olgavelez.co\/cu\/wp-json\/wp\/v2\/product\/13433\/revisions"}],"predecessor-version":[{"id":15016,"href":"https:\/\/www.cursos.olgavelez.co\/cu\/wp-json\/wp\/v2\/product\/13433\/revisions\/15016"}],"wp:featuredmedia":[{"embeddable":true,"href":"https:\/\/www.cursos.olgavelez.co\/cu\/wp-json\/wp\/v2\/media\/4534"}],"wp:attachment":[{"href":"https:\/\/www.cursos.olgavelez.co\/cu\/wp-json\/wp\/v2\/media?parent=13433"}],"wp:term":[{"taxonomy":"product_brand","embeddable":true,"href":"https:\/\/www.cursos.olgavelez.co\/cu\/wp-json\/wp\/v2\/product_brand?post=13433"},{"taxonomy":"product_cat","embeddable":true,"href":"https:\/\/www.cursos.olgavelez.co\/cu\/wp-json\/wp\/v2\/product_cat?post=13433"},{"taxonomy":"product_tag","embeddable":true,"href":"https:\/\/www.cursos.olgavelez.co\/cu\/wp-json\/wp\/v2\/product_tag?post=13433"}],"curies":[{"name":"wp","href":"https:\/\/api.w.org\/{rel}","templated":true}]}}