{"id":13423,"date":"2023-01-10T04:42:21","date_gmt":"2023-01-10T07:42:21","guid":{"rendered":"https:\/\/www.cursos.olgavelez.co\/cu\/?post_type=product&#038;p=13423"},"modified":"2023-09-20T16:06:09","modified_gmt":"2023-09-20T19:06:09","slug":"10-pasos-para-que-tu-pareja-te-entienda","status":"publish","type":"product","link":"https:\/\/www.cursos.olgavelez.co\/cu\/producto\/10-pasos-para-que-tu-pareja-te-entienda\/","title":{"rendered":"10 PASOS PARA QUE TU PAREJA TE ENTIENDA"},"content":{"rendered":"<p>\u00bfSab\u00edas que la falta de comunicaci\u00f3n es la causa principal de divorcio en los primeros 3 a\u00f1os de matrimonio?<\/p>\n<p>Con el MasterClass 10 PASOS PARA QUE TU PAREJA TE ENTIENDA, mejorar\u00e1s tu forma de comunicarte, restaurar\u00e1s y consolidar\u00e1s tu relaci\u00f3n.<\/p>\n<p>\u00bfQU\u00c9 VAS A LOGRAR?<\/p>\n<p>Aprender\u00e1s la importancia de la comunicaci\u00f3n en la relaci\u00f3n de pareja.<\/p>\n<p>Conocer\u00e1s las diversas formas de comunicaci\u00f3n de acuerdo a la experiencia personal.<\/p>\n<p>Identificar\u00e1s aspectos de tu historia personal que han marcado tu comunicaci\u00f3n.<\/p>\n<p>Ser\u00e1s capacitado para analizar las oportunidades y escenario m\u00e1s propicios para tus procesos comunicativos.<\/p>\n<p>Obtendr\u00e1s herramientas claves para mejorar tu capacidad de escucha.<\/p>\n<p>Tendr\u00e1s criterios para definir los factores que pueden generar ruidos en tu comunicaci\u00f3n.<\/p>\n<p>Mejorando tu comunicaci\u00f3n lograr\u00e1s que tu pareja entienda mejor los mensajes que necesitas comunicarle.<\/p>\n<p>Identificar\u00e1s errores en la comunicaci\u00f3n a partir de casos y ejemplos de la vida real.<\/p>\n<p>Acceder\u00e1s al certificado avalado por Hotmart y Seminarios Online.<\/p>\n<p>\u00bfC\u00d3MO LO VAS A LOGRAR?<\/p>\n<p>A trav\u00e9s del siguiente contenido, estructurado paso a paso:<\/p>\n<p>M\u00d3DULO 1 &#8211; PRESENTACI\u00d3N<\/p>\n<p>Bienvenida y presentaci\u00f3n.<br \/>\nQu\u00e9 esperar de este seminario.<br \/>\nRecomendaciones generales.<br \/>\nCuaderno de trabajo.<\/p>\n<p>M\u00d3DULO 2 &#8211; GENERALIDADES SOBRE LA COMUNICACI\u00d3N<\/p>\n<p>Aspectos generales de la comunicaci\u00f3n.<br \/>\nEl valor de lo que tienes para decir.<br \/>\nTodo lo que obtienes por escuchar.<br \/>\nLa pareja como espacio seguro.<br \/>\nCompartiendo contenido.<\/p>\n<p>M\u00d3DULO 3 &#8211; 10 PASOS PARA QUE TU PAREJA TE ENTIENDA<\/p>\n<p>Paso 01 Identifica que deseas expresar.<br \/>\nEjemplo.<br \/>\nPaso 02 Selecciona las palabras adecuadas.<br \/>\nEjemplo.<br \/>\nPaso 03 Ubica el momento oportuno.<br \/>\nEjemplo.<br \/>\nPaso 04 Elige la forma de comunicarlo.<br \/>\nEjemplo.<br \/>\nPaso 05 Observa la emoci\u00f3n que tienes de fondo y su intensidad.<br \/>\nEjemplo.<br \/>\nPaso 06 Revisa las creencias que sustentan tu comunicaci\u00f3n.<br \/>\nEjemplo.<br \/>\nPaso 07 Pregunta todo lo necesario sobre un incidente.<br \/>\nEjemplo.<br \/>\nPaso 08 Analiza tus gestos.<br \/>\nEjemplo.<br \/>\nPaso 09 Cuida tus silencios.<br \/>\nEjemplo.<br \/>\nPaso 10 Verifica si llego\u00ec el mensaje preciso.<br \/>\nEjemplo.<br \/>\nBonus &#8211; Paso 11 Escuchando nos entendemos mejor.<br \/>\nBonus &#8211; Paso 11 Ejemplo.<br \/>\nRecomendaciones importantes.<\/p>\n<p>M\u00d3DULO 4 \u2013 MATERIAL ADICIONAL (BONOS) CASOS DE LA VIDA REAL<\/p>\n<p>Introducci\u00f3n.<br \/>\nBono 1: Caso de la vida real #1.<br \/>\nBono 2: Caso de la vida real #2.<br \/>\nBono 3: Caso de la vida real #3.<br \/>\nBono 4: Caso de la vida real #4.<\/p>\n<p>M\u00d3DULO 5 &#8211; VIDEO RESPUESTAS<\/p>\n<p>Introducci\u00f3n.<br \/>\n\u00bfComo podemos interpretar un silencio?<br \/>\n\u00bfComo identificar el mejor medio para comunicarme?<br \/>\n\u00bfComo conocer m\u00e1s palabras para comunicarme mejor?<br \/>\n\u00bfComo identificar lo que deseo comunicar?<\/p>\n<p>M\u00d3DULO 6 \u2013 \u00bfC\u00d3MO OBTENER TU CERTIFICADO?<\/p>\n<p>\u00bfC\u00f3mo obtener tu certificado?<\/p>\n<p>ACERCA DE LA PRODUCTORA<\/p>\n<p>Desarrollado por TECRIS CORNEJO, formada en psicolog\u00eda social, con estudios en Terapia Familiar Sist\u00e9mica y consejer\u00eda familiar. Con 16 a\u00f1os de ejercicio. Certificada como Master Facilitador del Trauma Healing Institute. <\/p>\n<p>Actualmente, es Coordinadora Nacional del Programa Sanando las Heridas del Coraz\u00f3n.<\/p>\n","protected":false},"excerpt":{"rendered":"<p>\u00bfSab\u00edas que la falta de comunicaci\u00f3n es la causa principal de divorcio en los primeros 3 a\u00f1os de matrimonio?<\/p>\n<p>Con el MasterClass 10 PASOS PARA QUE TU PAREJA TE ENTIENDA, mejorar\u00e1s tu forma de comunicarte, restaurar\u00e1s y consolidar\u00e1s tu relaci\u00f3n.<\/p>\n","protected":false},"featured_media":4543,"template":"","meta":{"_joinchat":[]},"product_brand":[],"product_cat":[336,344],"product_tag":[],"class_list":{"0":"post-13423","1":"product","2":"type-product","3":"status-publish","4":"has-post-thumbnail","6":"product_cat-relaciones","7":"product_cat-todos","9":"first","10":"instock","11":"sale","12":"shipping-taxable","13":"product-type-external"},"_links":{"self":[{"href":"https:\/\/www.cursos.olgavelez.co\/cu\/wp-json\/wp\/v2\/product\/13423","targetHints":{"allow":["GET"]}}],"collection":[{"href":"https:\/\/www.cursos.olgavelez.co\/cu\/wp-json\/wp\/v2\/product"}],"about":[{"href":"https:\/\/www.cursos.olgavelez.co\/cu\/wp-json\/wp\/v2\/types\/product"}],"version-history":[{"count":2,"href":"https:\/\/www.cursos.olgavelez.co\/cu\/wp-json\/wp\/v2\/product\/13423\/revisions"}],"predecessor-version":[{"id":15005,"href":"https:\/\/www.cursos.olgavelez.co\/cu\/wp-json\/wp\/v2\/product\/13423\/revisions\/15005"}],"wp:featuredmedia":[{"embeddable":true,"href":"https:\/\/www.cursos.olgavelez.co\/cu\/wp-json\/wp\/v2\/media\/4543"}],"wp:attachment":[{"href":"https:\/\/www.cursos.olgavelez.co\/cu\/wp-json\/wp\/v2\/media?parent=13423"}],"wp:term":[{"taxonomy":"product_brand","embeddable":true,"href":"https:\/\/www.cursos.olgavelez.co\/cu\/wp-json\/wp\/v2\/product_brand?post=13423"},{"taxonomy":"product_cat","embeddable":true,"href":"https:\/\/www.cursos.olgavelez.co\/cu\/wp-json\/wp\/v2\/product_cat?post=13423"},{"taxonomy":"product_tag","embeddable":true,"href":"https:\/\/www.cursos.olgavelez.co\/cu\/wp-json\/wp\/v2\/product_tag?post=13423"}],"curies":[{"name":"wp","href":"https:\/\/api.w.org\/{rel}","templated":true}]}}