{"id":13258,"date":"2023-01-10T04:42:04","date_gmt":"2023-01-10T07:42:04","guid":{"rendered":"https:\/\/www.cursos.olgavelez.co\/cu\/?post_type=product&#038;p=13258"},"modified":"2023-09-20T16:06:03","modified_gmt":"2023-09-20T19:06:03","slug":"airbnb-como-oportunidad-de-negocio","status":"publish","type":"product","link":"https:\/\/www.cursos.olgavelez.co\/cu\/producto\/airbnb-como-oportunidad-de-negocio\/","title":{"rendered":"AIRBNB COMO OPORTUNIDAD DE NEGOCIO"},"content":{"rendered":"<p>\u00bfQU\u00c9 VAS A LOGRAR?<\/p>\n<p>\u00bfTe ha pasado que tienes un excelente espacio para compartir en tu casa o apartamento, pero est\u00e1 desperdiciado porque nadie m\u00e1s lo usa? \u00bfTienes un alto nivel de gastos y sientes que necesitas ingresos adicionales para cubrirlos? \u00bfTe sientes solo y necesitas compartir experiencias interesantes con personas nuevas de distintas culturas? \u00bfEst\u00e1s empezando en el mundo del AIRBNB y a\u00fan no tienes los resultados que esperabas?<\/p>\n<p>Este MasterClass de AIRBNB COMO OPORTUNIDAD DE NEGOCIO representa una excelente forma de ganar dinero desde tu casa. Durante los \u00faltimos a\u00f1os, esta industria ha generado millones de d\u00f3lares en ingresos a muchas personas alrededor del mundo consiguiendo la libertad econ\u00f3mica que todos necesitamos.<br \/>\nCon este curso compartiremos las claves necesarias donde lograr\u00e1s:<\/p>\n<p>Rentar tus inmuebles generando altos ingresos que te permitir\u00e1n mejorar tu calidad de vida y cubrir los gastos fijos que siempre te han \u201cesclavizado\u201d.<br \/>\nTener un amplio conocimiento de c\u00f3mo desarrollar este negocio de tal forma que garantices ingresos durante toda tu vida.<br \/>\nConocer las claves para montar un negocio rentable sin perder tu independencia.<br \/>\nFortalecer tu reputaci\u00f3n para que m\u00e1s personas hablen de ti y te recomienden.<br \/>\n Aprender nuevas costumbres, pensamientos, experiencias e incluso, mejorar una lengua extranjera a partir de la interacci\u00f3n con personas distintas que compartan tu mismo techo.<br \/>\nTransformarte en un excelente anfitri\u00f3n y ser exitoso en esta actividad.<br \/>\n Aprender a decorar el espacio que vas a alquilar; d\u00e1ndole un ambiente acogedor a tus hu\u00e9spedes.<br \/>\nPosicionar el algoritmo de Airbnb, ubicando tu anuncio en los primeros lugares de b\u00fasqueda.<br \/>\nPrepararte para el negocio de Airbnb en \u201cla era del Covid\u201d y posterior a ella.<\/p>\n<p>Dirigido a personas con esp\u00edritu emprendedor, amantes de los viajes y del intercambio cultural al recibir invitados en su vivienda. Tambi\u00e9n a los visionarios que se proponen a aumentar exponencialmente sus ingresos y convertir este negocio en su actividad econ\u00f3mica principal.<\/p>\n<p>Este MasterClass est\u00e1 desarrollado por 2 personas expertas en el negocio:<br \/>\nJAVIER CURTIDOR, marketer Profesional, MBA y M\u00e1ster en Marketing Digital; enfocado en el desarrollo de propuestas innovadoras y productivas a nivel digital. Con amplia experiencia en educaci\u00f3n y capacidad de servicio. Ha recorrido m\u00e1s de 13 pa\u00edses; en su mayor\u00eda siendo hu\u00e9sped a trav\u00e9s de AIRBNB (Australia, Espa\u00f1a, Italia Francia, Estados Unidos y Canad\u00e1 entre otros) y m\u00e1s de 35 ciudades donde vivi\u00f3 buenas y malas experiencias que cimentaron su visi\u00f3n estrat\u00e9gica. <\/p>\n<p>MAR\u00cdA ALEJANDRA N\u00da\u00d1EZ; dise\u00f1adora Gr\u00e1fica y marketer. Profesional en modelos de negocio a partir de plataformas de alojamientos tur\u00edsticos. Es S\u00faperHost de Airbnb; un reconocimiento para los mejores anfitriones de la plataforma. Mentora, experta en aumentar los ingresos de sus clientes a trav\u00e9s de las plataformas digitales.<\/p>\n<p>\u00bfC\u00d3MO LO VAS A LOGRAR?<\/p>\n<p>Mediante un recorrido guiado y paso a paso, te invitamos a vivir una experiencia educativa \u00fanica a trav\u00e9s de m\u00e1s de 90 minutos de video distribuidos en 8 m\u00f3dulos. All\u00ed, te explicaremos de la forma m\u00e1s clara, f\u00e1cil y efectiva c\u00f3mo lograr grandes resultados a partir de las siguientes tem\u00e1ticas:<\/p>\n<p>Cap\u00edtulo 1 Convi\u00e9rtete en un Super Anfitri\u00f3n de Airbnb y aumenta tus reservas.<br \/>\nCap\u00edtulo 2 \u00bfC\u00f3mo afrontar la realidad actual? \u00a1La crisis, un trampol\u00edn hacia el \u00e9xito!<br \/>\nCap\u00edtulo 3 Crea paso a paso un anuncio ganador<br \/>\nCap\u00edtulo 4 Decora y convierte tu alojamiento en el lugar so\u00f1ado.<br \/>\nCap\u00edtulo 5 Captura lo mejor de tu espacio con este mini curso de Fotograf\u00eda de la mano de un experto<br \/>\nCap\u00edtulo 6 Aprende a comunicarte efectivamente con tus clientes y ofrece \u201cun servicio de 5 estrellas\u201d<br \/>\nCap\u00edtulo 7 Descifra el Algoritmo de AIRBNB: posiciona tu anuncio en los primeros lugares de b\u00fasqueda.<br \/>\nCap\u00edtulo 8 Entrevistamos a tu mentora y S\u00faper host de Airbnb: Maria Alejandra N\u00fa\u00f1ez<\/p>\n","protected":false},"excerpt":{"rendered":"<p>\u00bfQU\u00c9 VAS A LOGRAR?<\/p>\n<p>\u00bfTe ha pasado que tienes un excelente espacio para compartir en tu casa o apartamento, pero est\u00e1 desperdiciado porque nadie m\u00e1s lo usa? \u00bfTienes un alto nivel de gastos y sientes que necesitas ingresos adicionales para cubrirlos? \u00bfTe sientes solo y necesitas compartir experiencias interesantes con personas nuevas de distintas culturas? \u00bfEst\u00e1s empezando en el mundo del AIRBNB y a\u00fan no tienes los resultados que esperabas?<\/p>\n<p>Este MasterClass de AIRBNB COMO OPORTUNIDAD DE NEGOCIO representa una excelente forma de ganar dinero desde tu casa. Durante los \u00faltimos a\u00f1os, esta industria ha generado millones de d\u00f3lares en ingresos a muchas personas alrededor del mundo consiguiendo la libertad econ\u00f3mica que todos necesitamos.<br \/>\nCon este curso compartiremos las claves necesarias donde lograr\u00e1s:<\/p>\n<p>Rentar tus inmuebles generando altos ingresos que te permitir\u00e1n mejorar tu calidad de vida y cubrir los gastos fijos que siempre te han \u201cesclavizado\u201d.<br \/>\nTener un amplio conocimiento de c\u00f3mo desarrollar este negocio de tal forma que garantices ingresos durante toda tu vida.<br \/>\nConocer las claves para montar un negocio rentable sin perder tu independencia.<br \/>\nFortalecer tu reputaci\u00f3n para que m\u00e1s personas hablen de ti y te recomienden.<br \/>\n Aprender nuevas costumbres, pensamientos, experiencias e incluso, mejorar una lengua extranjera a partir de la interacci\u00f3n con personas distintas que compartan tu mismo techo.<br \/>\nTransformarte en un excelente anfitri\u00f3n y ser exitoso en esta actividad.<br \/>\n Aprender a decorar el espacio que vas a alquilar; d\u00e1ndole un ambiente acogedor a tus hu\u00e9spedes.<br \/>\nPosicionar el algoritmo de Airbnb, ubicando tu anuncio en los primeros lugares de b\u00fasqueda.<br \/>\nPrepararte para el negocio de Airbnb en \u201cla era del Covid\u201d y posterior a ella.<\/p>\n<p>Dirigido a personas con esp\u00edritu emprendedor, amantes de los viajes y del intercambio cultural al recibir invitados en su vivienda. Tambi\u00e9n a los visionarios que se proponen a aumentar exponencialmente sus ingresos y convertir este negocio en su actividad econ\u00f3mica principal.<\/p>\n<p>Este MasterClass est\u00e1 desarrollado por 2 personas expertas en el negocio:<br \/>\nJAVIER CURTIDOR, marketer Profesional, MBA y M\u00e1ster en Marketing Digital; enfocado en el desarrollo de propuestas innovadoras y productivas a nivel digital. Con amplia experiencia en educaci\u00f3n y capacidad de servicio. Ha recorrido m\u00e1s de 13 pa\u00edses; en su mayor\u00eda siendo hu\u00e9sped a trav\u00e9s de AIRBNB (Australia, Espa\u00f1a, Italia Francia, Estados Unidos y Canad\u00e1 entre otros) y m\u00e1s de 35 ciudades donde vivi\u00f3 buenas y malas experiencias que cimentaron su visi\u00f3n estrat\u00e9gica. <\/p>\n<p>MAR\u00cdA ALEJANDRA N\u00da\u00d1EZ; dise\u00f1adora Gr\u00e1fica y marketer. Profesional en modelos de negocio a partir de plataformas de alojamientos tur\u00edsticos. Es S\u00faperHost de Airbnb; un reconocimiento para los mejores anfitriones de la plataforma. Mentora, experta en aumentar los ingresos de sus clientes a trav\u00e9s de las plataformas digitales.<\/p>\n","protected":false},"featured_media":5093,"template":"","meta":{"_joinchat":[]},"product_brand":[],"product_cat":[333,344],"product_tag":[],"class_list":{"0":"post-13258","1":"product","2":"type-product","3":"status-publish","4":"has-post-thumbnail","6":"product_cat-negocios-y-marketing","7":"product_cat-todos","9":"first","10":"instock","11":"sale","12":"shipping-taxable","13":"product-type-external"},"_links":{"self":[{"href":"https:\/\/www.cursos.olgavelez.co\/cu\/wp-json\/wp\/v2\/product\/13258","targetHints":{"allow":["GET"]}}],"collection":[{"href":"https:\/\/www.cursos.olgavelez.co\/cu\/wp-json\/wp\/v2\/product"}],"about":[{"href":"https:\/\/www.cursos.olgavelez.co\/cu\/wp-json\/wp\/v2\/types\/product"}],"version-history":[{"count":2,"href":"https:\/\/www.cursos.olgavelez.co\/cu\/wp-json\/wp\/v2\/product\/13258\/revisions"}],"predecessor-version":[{"id":14923,"href":"https:\/\/www.cursos.olgavelez.co\/cu\/wp-json\/wp\/v2\/product\/13258\/revisions\/14923"}],"wp:featuredmedia":[{"embeddable":true,"href":"https:\/\/www.cursos.olgavelez.co\/cu\/wp-json\/wp\/v2\/media\/5093"}],"wp:attachment":[{"href":"https:\/\/www.cursos.olgavelez.co\/cu\/wp-json\/wp\/v2\/media?parent=13258"}],"wp:term":[{"taxonomy":"product_brand","embeddable":true,"href":"https:\/\/www.cursos.olgavelez.co\/cu\/wp-json\/wp\/v2\/product_brand?post=13258"},{"taxonomy":"product_cat","embeddable":true,"href":"https:\/\/www.cursos.olgavelez.co\/cu\/wp-json\/wp\/v2\/product_cat?post=13258"},{"taxonomy":"product_tag","embeddable":true,"href":"https:\/\/www.cursos.olgavelez.co\/cu\/wp-json\/wp\/v2\/product_tag?post=13258"}],"curies":[{"name":"wp","href":"https:\/\/api.w.org\/{rel}","templated":true}]}}