{"id":13254,"date":"2023-01-10T04:42:03","date_gmt":"2023-01-10T07:42:03","guid":{"rendered":"https:\/\/www.cursos.olgavelez.co\/cu\/?post_type=product&#038;p=13254"},"modified":"2023-09-20T16:06:03","modified_gmt":"2023-09-20T19:06:03","slug":"adobe-premiere-video-facebook-ads","status":"publish","type":"product","link":"https:\/\/www.cursos.olgavelez.co\/cu\/producto\/adobe-premiere-video-facebook-ads\/","title":{"rendered":"ADOBE PREMIERE VIDEO FACEBOOK ADS"},"content":{"rendered":"<p>\u00bfQU\u00c9 VAS A LOGRAR?<\/p>\n<p>La industria del contenido audiovisual est\u00e1 teniendo un crecimiento exponencial y es necesario generar contenidos impactantes que llamen poderosamente la atenci\u00f3n. Este es el momento para que te actualices y tomes acci\u00f3n de este cambio.<\/p>\n<p>Aprende a editar con la mejor herramienta; Adobe Premiere Pro 2020 donde puedes producir v\u00eddeos de una forma profesional, sin necesidad de una c\u00e1mara y con las facilidades que te puede brindar esta pr\u00e1ctica herramienta para desarrollar un producto audiovisual con la mejor calidad y lograr que nunca se olviden de ti.<\/p>\n<p>Con este MasterClass puedes lograr:<\/p>\n<p>Convertirte en un experto creando, produciendo y editando videos de la mejor calidad.<br \/>\nDominar una herramienta profesional usada por miles de editores y productores en el mundo<br \/>\nRealizar contenido de alta calidad y mostrarle al mundo un trabajo profesional.<br \/>\nAprender\u00e1s todo lo que necesitas saber de Adobe Premier desde cero.<\/p>\n<p>Desarrollado por MUFAZA, un emprendedor digital quien estudi\u00f3 dise\u00f1o en la universidad de Guadalajara. Con m\u00e1s de 7 a\u00f1os de experiencia en el \u00e1mbito del dise\u00f1o y otros m\u00e1s en la creaci\u00f3n y edici\u00f3n de video.<\/p>\n<p>Adem\u00e1s, como productor ha trabajado de la mano con diferentes emprendedores que han sido exitosos en \u201cLa voz M\u00e9xico\u201d y diferentes m\u00fasicos, empresarios y fot\u00f3grafos con resultados impactantes. Ha generado \u00f3ptimos resultados con producciones de video para empresas como \u201cWiinget productos digitales\u201d y \u201cZzafem\u201d linea de belleza entre otros. Tambi\u00e9n para la fot\u00f3grafa Consuelo Parra y reconocidos artistas como Joseline S\u00e1nchez y Luis Guti\u00e9rrez. <\/p>\n<p>Con una amplia trayectoria como productor y editor de contenido audio visual para empresas en Colombia y M\u00e9xico. Mufaza reconoce la potencia de Adobe Premier donde afirma: \u201cHe trabajado con distintos programas para editar y producir material audiovisual y sin duda Premiere ha sido el m\u00e1s completo y potente con el que he trabajado\u201d.<\/p>\n<p>\u00bfC\u00d3MO LO VAS A LOGRAR?<\/p>\n<p>Con m\u00e1s de 4 horas dedicadas para que aprendas desde 0 el arte y negocio de la edici\u00f3n audiovisual. Contiene 40 archivos incluidos para trabajar todos los ejercicios que analizaremos dentro del curso con los siguientes m\u00f3dulos:<\/p>\n<p>M\u00f3dulo 1.- Creaci\u00f3n de archivos y espacios de trabajo: Conociendo la interfaz de trabajo.<br \/>\nM\u00f3dulo 2.- Importaci\u00f3n y organizaci\u00f3n: Tener todo organizado y a la mano.<br \/>\nM\u00f3dulo 3.- L\u00ednea de trabajo, edici\u00f3n: Este es tu espacio de trabajo, con\u00f3celo.<br \/>\nM\u00f3dulo 4.- La Velocidad: \u00a1De lento a r\u00e1pido y de reversa!<br \/>\nM\u00f3dulo 5.- Efectos 1: \u00a1Movimiento, ajuste de escalas y m\u00e1s!<br \/>\nM\u00f3dulo 6.- Efectos 2: Desenfocando, enmascarando y jugando con la opacidad.<br \/>\nM\u00f3dulo 7.- Efectos 3: Chroma key: La famosa pantalla verde y sus combinaciones.<br \/>\nM\u00f3dulo 8.- Textos y animaci\u00f3n: Necesarios para comunicar mejor y dar dinamismo.<br \/>\nM\u00f3dulo 9.- Color 1: Dale vida a los colores con una correcci\u00f3n b\u00e1sica.<br \/>\nM\u00f3dulo 10.- Color 2: Un buen estilo usando creativos y looks.<br \/>\nM\u00f3dulo 11.- Color 3: Las curvas, saturaci\u00f3n de tono e iluminaci\u00f3n.<br \/>\nM\u00f3dulo 12.- Color 4: Las ruedas de color y vi\u00f1etas para dar m\u00e1s atenci\u00f3n.<br \/>\nM\u00f3dulo 13.- Audio y M\u00fasica: El elemento olvidado que le dar\u00e1 \u00e9xito a tus videos.<br \/>\nM\u00f3dulo 14.- Transiciones: \u00bfC\u00f3mo pasar de una manera din\u00e1mica entre un video y otro?<br \/>\nM\u00f3dulo 15.- Analizando el proyecto: Ve como lo hice aqu\u00ed.<br \/>\nM\u00f3dulo 16.- Exportaci\u00f3n: Aprende a concluir y exportar.<br \/>\nM\u00f3dulo 17.- Despedida y Tips: Consejos muy \u00fatiles para que trabajes m\u00e1s fluido.<\/p>\n","protected":false},"excerpt":{"rendered":"<p>\u00bfQU\u00c9 VAS A LOGRAR?<\/p>\n<p>La industria del contenido audiovisual est\u00e1 teniendo un crecimiento exponencial y es necesario generar contenidos impactantes que llamen poderosamente la atenci\u00f3n. Este es el momento para que te actualices y tomes acci\u00f3n de este cambio.<\/p>\n<p>Aprende a editar con la mejor herramienta; Adobe Premiere Pro 2020 donde puedes producir v\u00eddeos de una forma profesional, sin necesidad de una c\u00e1mara y con las facilidades que te puede brindar esta pr\u00e1ctica herramienta para desarrollar un producto audiovisual con la mejor calidad y lograr que nunca se olviden de ti.<\/p>\n<p>Con este MasterClass puedes lograr:<\/p>\n<p>Convertirte en un experto creando, produciendo y editando videos de la mejor calidad.<br \/>\nDominar una herramienta profesional usada por miles de editores y productores en el mundo<br \/>\nRealizar contenido de alta calidad y mostrarle al mundo un trabajo profesional.<br \/>\nAprender\u00e1s todo lo que necesitas saber de Adobe Premier desde cero.<\/p>\n<p>Desarrollado por MUFAZA, un emprendedor digital quien estudi\u00f3 dise\u00f1o en la universidad de Guadalajara. Con m\u00e1s de 7 a\u00f1os de experiencia en el \u00e1mbito del dise\u00f1o y otros m\u00e1s en la creaci\u00f3n y edici\u00f3n de video.<\/p>\n<p>Adem\u00e1s, como productor ha trabajado de la mano con diferentes emprendedores que han sido exitosos en \u201cLa voz M\u00e9xico\u201d y diferentes m\u00fasicos, empresarios y fot\u00f3grafos con resultados impactantes. Ha generado \u00f3ptimos resultados con producciones de video para empresas como \u201cWiinget productos digitales\u201d y \u201cZzafem\u201d linea de belleza entre otros. Tambi\u00e9n para la fot\u00f3grafa Consuelo Parra y reconocidos artistas como Joseline S\u00e1nchez y Luis Guti\u00e9rrez. <\/p>\n<p>Con una amplia trayectoria como productor y editor de contenido audio visual para empresas en Colombia y M\u00e9xico. Mufaza reconoce la potencia de Adobe Premier donde afirma: \u201cHe trabajado con distintos programas para editar y producir material audiovisual y sin duda Premiere ha sido el m\u00e1s completo y potente con el que he trabajado\u201d.<\/p>\n","protected":false},"featured_media":5083,"template":"","meta":{"_joinchat":[]},"product_brand":[],"product_cat":[333,344],"product_tag":[],"class_list":{"0":"post-13254","1":"product","2":"type-product","3":"status-publish","4":"has-post-thumbnail","6":"product_cat-negocios-y-marketing","7":"product_cat-todos","9":"first","10":"instock","11":"sale","12":"shipping-taxable","13":"product-type-external"},"_links":{"self":[{"href":"https:\/\/www.cursos.olgavelez.co\/cu\/wp-json\/wp\/v2\/product\/13254","targetHints":{"allow":["GET"]}}],"collection":[{"href":"https:\/\/www.cursos.olgavelez.co\/cu\/wp-json\/wp\/v2\/product"}],"about":[{"href":"https:\/\/www.cursos.olgavelez.co\/cu\/wp-json\/wp\/v2\/types\/product"}],"version-history":[{"count":2,"href":"https:\/\/www.cursos.olgavelez.co\/cu\/wp-json\/wp\/v2\/product\/13254\/revisions"}],"predecessor-version":[{"id":14920,"href":"https:\/\/www.cursos.olgavelez.co\/cu\/wp-json\/wp\/v2\/product\/13254\/revisions\/14920"}],"wp:featuredmedia":[{"embeddable":true,"href":"https:\/\/www.cursos.olgavelez.co\/cu\/wp-json\/wp\/v2\/media\/5083"}],"wp:attachment":[{"href":"https:\/\/www.cursos.olgavelez.co\/cu\/wp-json\/wp\/v2\/media?parent=13254"}],"wp:term":[{"taxonomy":"product_brand","embeddable":true,"href":"https:\/\/www.cursos.olgavelez.co\/cu\/wp-json\/wp\/v2\/product_brand?post=13254"},{"taxonomy":"product_cat","embeddable":true,"href":"https:\/\/www.cursos.olgavelez.co\/cu\/wp-json\/wp\/v2\/product_cat?post=13254"},{"taxonomy":"product_tag","embeddable":true,"href":"https:\/\/www.cursos.olgavelez.co\/cu\/wp-json\/wp\/v2\/product_tag?post=13254"}],"curies":[{"name":"wp","href":"https:\/\/api.w.org\/{rel}","templated":true}]}}