{"id":13192,"date":"2023-01-10T04:41:57","date_gmt":"2023-01-10T07:41:57","guid":{"rendered":"https:\/\/www.cursos.olgavelez.co\/cu\/?post_type=product&#038;p=13192"},"modified":"2023-09-20T16:06:01","modified_gmt":"2023-09-20T19:06:01","slug":"web-funnel-pro","status":"publish","type":"product","link":"https:\/\/www.cursos.olgavelez.co\/cu\/producto\/web-funnel-pro\/","title":{"rendered":"WEB FUNNEL PRO"},"content":{"rendered":"<p>Muchas personas necesitan aprender de manera pr\u00e1ctica c\u00f3mo pueden comenzar un negocio digital.<\/p>\n<p>En este curso vas a aprender desde la mentalidad correcta hasta como crear embudos de venta 100% profesionales para tener \u00e9xito en internet, aun sin tener conocimientos en c\u00f3digo HTML y ni siquiera conocimiento en crear sitios web. <\/p>\n<p>\u00bfQU\u00c9 VAS A LOGRAR?<\/p>\n<p>Con este curso lograr\u00e1s:<\/p>\n<p>Tener la mentalidad correcta y conceptos b\u00e1sicos-pr\u00e1cticos sobre c\u00f3mo empezar un negocio online.<\/p>\n<p>Impulsar tu negocio con la mayor plataforma de Marketing Digital utilizando las herramientas necesarias que te permitir\u00e1n ahorrar mucho dinero.<\/p>\n<p>Comprender los principios b\u00e1sicos del Marketing Digital para que no caigas en errores comunes.<\/p>\n<p>Cautivar a tu audiencia con embudos de ventas profesionales.<\/p>\n<p>Contar con un programa completo que te llevar\u00e1 desde cero para comenzar tu negocio en internet; no importa si tienes o no un producto o si sabes o no vender.<\/p>\n<p>Tener acceso a una metodolog\u00eda alineada al deseo de cambiar tu vida con resultados en una l\u00ednea de tiempo mediante este sistema.<\/p>\n<p>\u00bfC\u00d3MO LO VAS A LOGRAR?<\/p>\n<p>Con este MasterClass se te explicar\u00e1 cada detalle de la herramienta para que empieces a crear un ecosistema utilizando plantillas ya creadas por los expertos para crear sitios web y embudos desde cero.<\/p>\n<p>Son m\u00e1s de 7 horas de clases en total, divididas en v\u00eddeos pr\u00e1cticos y f\u00e1ciles de entender.<\/p>\n<p>ESTRUCTURA TEM\u00c1TICA<\/p>\n<p>MODULO N\u00b01 \u2013 Bienvenida (F\u00f3rmula \u00c9xito Online) y Crea im\u00e1genes profesionales con Canva (Versi\u00f3n Gratuita)<br \/>\nMODULO N\u00b02 \u2013 Alineamiento: \u00bfQu\u00e9 precisas para alcanzar el \u00e9xito?, Conceptos de un negocio online y Marketing Digital.<br \/>\nMODULO N\u00b03 \u2013 Mindset: Cambio de mentalidad. (Aspectos cruciales para desarrollar un buen Mindset).<br \/>\nMODULO N\u00b04 \u2013 Productividad (1-2-3 Planificar, Eliminar las interrupciones, ambiente de trabajo propicio, NO hacer multitareas, Bloques de trabajo, Observa y cambia y Cuida tu salud).<br \/>\nMODULO N\u00b05 \u2013 Performance 1-2-3 + Fuerza de voluntad, H\u00e1bitos y Foco.<br \/>\nMODULO N\u00b06 &#8211; Marketing De Afiliados (\u00bfQu\u00e9 es? \u00bfC\u00f3mo funciona? \u00bfQu\u00e9 plataformas usar? Escogiendo un producto ganador)<br \/>\nMODULO N\u00b07 &#8211; Creando la Estructura (plataforma, Opciones de Embudos, Web \u2013 Plantillas, Ajustes para M\u00f3vil, Autoresponder, Listas, Secuencia, Campa\u00f1a y Flujo de Trabajo.<br \/>\nMODULO N\u00b08 \u2013 Embudos: (El poder de crear embudos, Embudo Puente y Embudo M\u00e1gico)<\/p>\n<p>ACERCA DEL PRODUCTOR<\/p>\n<p>Este curso es desarrollado por CLAUDIO SOSA, Director y fundador de F\u00f3rmula \u00c9xitoOnline.com (Curso Digital sobre c\u00f3mo empezar negocios digitales con las herramientas necesarias) y ProfunnelOnline (Agencia de dise\u00f1o web) Adem\u00e1s dise\u00f1ador Gr\u00e1fico y due\u00f1o de un negocio local en el \u00e1rea de impresi\u00f3n de materiales gr\u00e1ficos.<\/p>\n","protected":false},"excerpt":{"rendered":"<p>Muchas personas necesitan aprender de manera pr\u00e1ctica c\u00f3mo pueden comenzar un negocio digital.<\/p>\n<p>En este curso vas a aprender desde la mentalidad correcta hasta como crear embudos de venta 100% profesionales para tener \u00e9xito en internet, aun sin tener conocimientos en c\u00f3digo HTML y ni siquiera conocimiento en crear sitios web. <\/p>\n","protected":false},"featured_media":5051,"template":"","meta":{"_joinchat":[]},"product_brand":[],"product_cat":[333,344],"product_tag":[],"class_list":{"0":"post-13192","1":"product","2":"type-product","3":"status-publish","4":"has-post-thumbnail","6":"product_cat-negocios-y-marketing","7":"product_cat-todos","9":"first","10":"instock","11":"sale","12":"shipping-taxable","13":"product-type-external"},"_links":{"self":[{"href":"https:\/\/www.cursos.olgavelez.co\/cu\/wp-json\/wp\/v2\/product\/13192","targetHints":{"allow":["GET"]}}],"collection":[{"href":"https:\/\/www.cursos.olgavelez.co\/cu\/wp-json\/wp\/v2\/product"}],"about":[{"href":"https:\/\/www.cursos.olgavelez.co\/cu\/wp-json\/wp\/v2\/types\/product"}],"version-history":[{"count":2,"href":"https:\/\/www.cursos.olgavelez.co\/cu\/wp-json\/wp\/v2\/product\/13192\/revisions"}],"predecessor-version":[{"id":14888,"href":"https:\/\/www.cursos.olgavelez.co\/cu\/wp-json\/wp\/v2\/product\/13192\/revisions\/14888"}],"wp:featuredmedia":[{"embeddable":true,"href":"https:\/\/www.cursos.olgavelez.co\/cu\/wp-json\/wp\/v2\/media\/5051"}],"wp:attachment":[{"href":"https:\/\/www.cursos.olgavelez.co\/cu\/wp-json\/wp\/v2\/media?parent=13192"}],"wp:term":[{"taxonomy":"product_brand","embeddable":true,"href":"https:\/\/www.cursos.olgavelez.co\/cu\/wp-json\/wp\/v2\/product_brand?post=13192"},{"taxonomy":"product_cat","embeddable":true,"href":"https:\/\/www.cursos.olgavelez.co\/cu\/wp-json\/wp\/v2\/product_cat?post=13192"},{"taxonomy":"product_tag","embeddable":true,"href":"https:\/\/www.cursos.olgavelez.co\/cu\/wp-json\/wp\/v2\/product_tag?post=13192"}],"curies":[{"name":"wp","href":"https:\/\/api.w.org\/{rel}","templated":true}]}}