{"id":13191,"date":"2023-01-10T04:41:57","date_gmt":"2023-01-10T07:41:57","guid":{"rendered":"https:\/\/www.cursos.olgavelez.co\/cu\/?post_type=product&#038;p=13191"},"modified":"2023-09-20T16:06:01","modified_gmt":"2023-09-20T19:06:01","slug":"ganando-con-youtube","status":"publish","type":"product","link":"https:\/\/www.cursos.olgavelez.co\/cu\/producto\/ganando-con-youtube\/","title":{"rendered":"GANANDO CON YOUTUBE"},"content":{"rendered":"<p>\u00bfSab\u00edas que YouTube en tiempo record se convirti\u00f3 en el segundo buscador m\u00e1s grande del mundo despu\u00e9s de Google?<\/p>\n<p>Esto es porque las personas prefieren ver un video que leer un art\u00edculo aburrido. \u201cTodo entra por los ojos\u201d, y qu\u00e9 mejor vitrina que la plataforma de videos m\u00e1s grande del planeta: YouTube.<\/p>\n<p>Tristemente, muchas personas usan estrategias por YouTube que no funcionan. Este curso es una gu\u00eda de video f\u00e1cil de seguir para entender c\u00f3mo funciona su algoritmo, saber qu\u00e9 le gusta qu\u00e9 no le gusta, c\u00f3mo viralizar videos y c\u00f3mo generar utilidades.<\/p>\n<p>\u00bfQUE VAS A LOGRAR?<\/p>\n<p> Con este MasterClass lograr\u00e1s:<\/p>\n<p>Aumentar m\u00e1s de 6 veces los ingresos gracias al contenido correcto generado por ti en la plataforma en el momento preciso.<\/p>\n<p>Por qu\u00e9 trabajar y c\u00f3mo comenzar tu canal de YouTube sin tener costosos equipos de grabaci\u00f3n.<\/p>\n<p>Conocer casos de \u00e9xito y f\u00f3rmulas ganadoras con las que muchos millonarios han mejorado su estilo de vida.<\/p>\n<p>Generar contenidos de la forma correcta para lograr ingresos que con un empleo normal no lograr\u00eda ni en sue\u00f1os.<\/p>\n<p>D\u00f3nde y c\u00f3mo encontrar nichos rentables para tus canales.<\/p>\n<p>Conocer keyword Research para tu canal y tus videos.<\/p>\n<p>C\u00f3mo crear y configurar correctamente un canal de YouTube.<\/p>\n<p>Manejar los contenidos Evergreen y Nevergreen y cu\u00e1l de ellos escoger para tu estrategia.<\/p>\n<p>Conocer de d\u00f3nde sacar contenido para nuestros videos.<\/p>\n<p>Estrategias Para la Viralizaci\u00f3n de videos implementando todo lo aprendido.<\/p>\n<p>Y lo mejor de todo, desarrollar una carrera lucrativa en YouTube.<\/p>\n<p>\u00bfC\u00d3MO LO VAS A LOGRAR?<\/p>\n<p>A trav\u00e9s de la plataforma Hotmart y video tutoriales paso a paso para la buena implementaci\u00f3n de un canal de YouTube rentable donde se muestren las estrategias y recomendaciones necesarias para alcanzar tus objetivos en YouTube r\u00e1pido y f\u00e1cil.<\/p>\n<p>Son 39 video tutoriales, 2 documentos anexos con m\u00e1s de 10 horas de contenido y todo lo que necesitas saber de YouTube para comenzar en la plataforma, a\u00fan sin conocimientos b\u00e1sicos a trav\u00e9s de los siguientes m\u00f3dulos:<\/p>\n<p>M\u00d3DULO 1 Bienvenida y recomendaciones<br \/>\nM\u00d3DULO 2 Nichos rentables y an\u00e1lisis de la competencia.<br \/>\nM\u00d3DULO 3 Derechos de autor en YouTube.<br \/>\nM\u00d3DULO 4 C\u00f3mo crear y configurar un canal de YouTube correctamente.<br \/>\nM\u00d3DULO 5 Hablemos de contenidos.<br \/>\nM\u00d3DULO 6 Creando nuestro primer video.<br \/>\nM\u00d3DULO 7 Creaci\u00f3n de videos paso a paso (edici\u00f3n).<br \/>\nM\u00d3DULO 8 Creando miniaturas disruptivas.<br \/>\nM\u00d3DULO 9 Alistando nuestra PC o Mac antes de subir nuestro video.<br \/>\nM\u00d3DULO 10 Subiendo nuestro video correctamente \u00faltimos ajustes.<br \/>\nM\u00d3DULO 11 Seo para YouTube.<br \/>\nM\u00d3DULO 12 Implementaci\u00f3n y despedida del curso.<br \/>\nM\u00d3DULO 13 Laboratorio de crecimiento.<\/p>\n<p>ACERCA DEL PRODUCTOR<\/p>\n<p>Desarrollado por JAVIER SILVA con m\u00e1s de 17 a\u00f1os de experiencia en el mundo Digital, ha ayudado a cientos de empresas con el posicionamiento web, y desarrollo de sitios web y aplicaciones exitosas, Especialista en SEO &#8211; SEM Dedicado 100% a monetizar en YouTube, con ganancias de m\u00e1s de 30.000 d\u00f3lares en el \u00faltimo a\u00f1o solo por YouTube, y con alumnos que superan los 20mil d\u00f3lares en utilidades en el mismo periodo. Ha ayudado a muchos YouTube a aumentar su alcance, visualizaci\u00f3n, reconocimiento y utilidades en la plataforma.<\/p>\n<p>Privacidad<br \/>\nTu informaci\u00f3n est\u00e1 100% segura<br \/>\nCompra segura<br \/>\nAmbiente seguro y autenticado<br \/>\nEntrega por email<br \/>\nAcceso al producto entregado por email<br \/>\nContenido aprobado<br \/>\n100% revisado y aprobado<\/p>\n","protected":false},"excerpt":{"rendered":"<p>\u00bfSab\u00edas que YouTube en tiempo record se convirti\u00f3 en el segundo buscador m\u00e1s grande del mundo despu\u00e9s de Google?<\/p>\n<p>Esto es porque las personas prefieren ver un video que leer un art\u00edculo aburrido. \u201cTodo entra por los ojos\u201d, y qu\u00e9 mejor vitrina que la plataforma de videos m\u00e1s grande del planeta: YouTube.<\/p>\n<p>Tristemente, muchas personas usan estrategias por YouTube que no funcionan. Este curso es una gu\u00eda de video f\u00e1cil de seguir para entender c\u00f3mo funciona su algoritmo, saber qu\u00e9 le gusta qu\u00e9 no le gusta, c\u00f3mo viralizar videos y c\u00f3mo generar utilidades.<\/p>\n","protected":false},"featured_media":5058,"template":"","meta":{"_joinchat":[]},"product_brand":[],"product_cat":[333,344],"product_tag":[],"class_list":{"0":"post-13191","1":"product","2":"type-product","3":"status-publish","4":"has-post-thumbnail","6":"product_cat-negocios-y-marketing","7":"product_cat-todos","9":"first","10":"instock","11":"sale","12":"shipping-taxable","13":"product-type-external"},"_links":{"self":[{"href":"https:\/\/www.cursos.olgavelez.co\/cu\/wp-json\/wp\/v2\/product\/13191","targetHints":{"allow":["GET"]}}],"collection":[{"href":"https:\/\/www.cursos.olgavelez.co\/cu\/wp-json\/wp\/v2\/product"}],"about":[{"href":"https:\/\/www.cursos.olgavelez.co\/cu\/wp-json\/wp\/v2\/types\/product"}],"version-history":[{"count":2,"href":"https:\/\/www.cursos.olgavelez.co\/cu\/wp-json\/wp\/v2\/product\/13191\/revisions"}],"predecessor-version":[{"id":14887,"href":"https:\/\/www.cursos.olgavelez.co\/cu\/wp-json\/wp\/v2\/product\/13191\/revisions\/14887"}],"wp:featuredmedia":[{"embeddable":true,"href":"https:\/\/www.cursos.olgavelez.co\/cu\/wp-json\/wp\/v2\/media\/5058"}],"wp:attachment":[{"href":"https:\/\/www.cursos.olgavelez.co\/cu\/wp-json\/wp\/v2\/media?parent=13191"}],"wp:term":[{"taxonomy":"product_brand","embeddable":true,"href":"https:\/\/www.cursos.olgavelez.co\/cu\/wp-json\/wp\/v2\/product_brand?post=13191"},{"taxonomy":"product_cat","embeddable":true,"href":"https:\/\/www.cursos.olgavelez.co\/cu\/wp-json\/wp\/v2\/product_cat?post=13191"},{"taxonomy":"product_tag","embeddable":true,"href":"https:\/\/www.cursos.olgavelez.co\/cu\/wp-json\/wp\/v2\/product_tag?post=13191"}],"curies":[{"name":"wp","href":"https:\/\/api.w.org\/{rel}","templated":true}]}}