{"id":13190,"date":"2023-01-10T04:41:57","date_gmt":"2023-01-10T07:41:57","guid":{"rendered":"https:\/\/www.cursos.olgavelez.co\/cu\/?post_type=product&#038;p=13190"},"modified":"2023-09-20T16:06:01","modified_gmt":"2023-09-20T19:06:01","slug":"aprende-molderia-y-confeccion","status":"publish","type":"product","link":"https:\/\/www.cursos.olgavelez.co\/cu\/producto\/aprende-molderia-y-confeccion\/","title":{"rendered":"APRENDE MOLDER\u00cdA Y CONFECCI\u00d3N"},"content":{"rendered":"<p>\u00bfAlguna vez te ha pasado que quieres realizar un vestido o prenda, tienes una idea y no sabes por d\u00f3nde empezar? <\/p>\n<p>Con esta MasterClass te ense\u00f1ar\u00e9 todo lo que tienes que saber sobre MOLDER\u00cdA Y CONFECCI\u00d3N, desde c\u00f3mo elegir la tela hasta la confecci\u00f3n de la prenda. Aqu\u00ed aprender\u00e1s:<\/p>\n<p>\u00bfQU\u00c9 VAS A LOGRAR?<\/p>\n<p>Los secretos para realizar un buen molde de manera pr\u00e1ctica, profesional y eficaz.<\/p>\n<p>C\u00f3mo se trabaja la molder\u00eda, tomar las medidas del cuerpo y cu\u00e1les de ellas se necesitan para cada molde de corpi\u00f1o base, falda base o vestido.<\/p>\n<p>C\u00f3mo desarrollar prendas con medidas personalizadas\/a la medida o est\u00e1ndar. <\/p>\n<p>Aprender qu\u00e9 tipos de telas existen y c\u00f3mo distinguirlas, cortar y tizar\/marcar. <\/p>\n<p>Realizar moldes para crear camisas, faldas y vestidos.<\/p>\n<p>Modificar las pinzas y los moldes para poder hacer una prenda a tu medida, tizando, cortando y cosiendo la prenda. <\/p>\n<p>Probar distintos moldes y prendas para que el maniqu\u00ed o la persona pueda poder corregir o modificar los posibles errores o ajustes.<\/p>\n<p>Realizar y resolver tus propios moldes de prendas simples o complejas y confeccionarlas ya sea para tu marca y clientes.<\/p>\n<p>Vender la molder\u00eda a otras empresas; generando un nuevo ingreso, l\u00ednea de colecci\u00f3n o unidad de negocio para comercializar.<\/p>\n<p>\u00bfC\u00d3MO LO VAS A LOGRAR?  <\/p>\n<p>Por medio de lecciones te\u00f3rico-pr\u00e1cticas sencillas, f\u00e1ciles de entender con un proceso de desarrollo de inicio a fin, donde podr\u00e1s hacer moldes y prendas de manera profesional sin perder el tiempo.<\/p>\n<p>Este proceso est\u00e1 desarrollado de la siguiente forma: <\/p>\n<p>Bienvenida al programa de molder\u00eda y confecci\u00f3n.<br \/>\nQu\u00e9 vamos a aprender y qu\u00e9 materiales necesitamos.<br \/>\nTipos de telas y c\u00f3mo seleccionarlas.<br \/>\nOr\u00edgenes de las telas y c\u00f3mo identificarlas.<br \/>\nC\u00f3mo tomar medidas.<br \/>\nMolder\u00eda de corpi\u00f1o y falda (Frente y espalda).<br \/>\nRectificaci\u00f3n de medidas y ajustes de molder\u00eda sobre el maniqu\u00ed o modelo.<br \/>\nTransformaciones de pinzas de corpi\u00f1o, falda y uni\u00f3n de corpi\u00f1o.<br \/>\nTransformaciones de falda base para hacer vestidos o camisas.<br \/>\nMolder\u00eda y transformaciones de vestido.<br \/>\nMolder\u00eda de vestido base Frente.<br \/>\nRectificaci\u00f3n de medidas y ajustes de molder\u00eda frontal de vestido sobre el maniqu\u00ed o modelo.<br \/>\nMolder\u00eda de vestido base Espalda.<br \/>\nEn qu\u00e9 sentido de la tela ubico el molde.<br \/>\nCorte de la tela de Vestido Frente y Espalda.<br \/>\nDetalles de costura de vestido.<br \/>\nPreparaci\u00f3n de la m\u00e1quina de coser.<br \/>\nCostura de vestido y prueba.<br \/>\nCorte molde musculosa\/camisa Frente y espalda.<br \/>\nTizado musculosa\/camisa.<br \/>\nCorte tela musculosa\/camisa.<br \/>\nCostura musculosa.<br \/>\nPrueba de calce de la molder\u00eda.<br \/>\nCosiendo \/ Puntada invisible.<br \/>\nRecapitulando lo visto y cierre.<br \/>\nPDF Libro \u201cConfecci\u00f3n y Dise\u00f1o de ropa\u201d de Miguel \u00c1ngel Cejas.<\/p>\n<p>ACERCA DEL PRODUCTOR<\/p>\n<p>Desarrollado por MAUREEN MIHANOVICH, Dise\u00f1adora de Modas de la Universidad de Buenos Aires. Adem\u00e1s, docente de dise\u00f1o e ilustraci\u00f3n de moda en la Universidad de Palermo en Argentina.<\/p>\n<p>Perfeccion\u00f3 sus estudios en Dise\u00f1o y Marketing de la moda en Italia (Escuela Polimoda de Florencia) Postgrado de dise\u00f1o de Vestidos de Novia y Ceremonia en el Instituto Europeo de Dise\u00f1o en Barcelona. All\u00ed, aprendi\u00f3 sobre Dise\u00f1o de moda y el Patronaje, aplicado en sus prendas y alumnas.<\/p>\n<p>Con amplia trayectoria para prestigiosas marcas como Cristobal Col\u00f3n, Rip Curl, Vairo, John L. Cook y en el desfile del Buenos Aires Fashion Week. Actualmente propietario de Sixfrida desde el 2008. Con experiencia en prendas casuales y de sastrer\u00eda, vestidos de novias y sobre pedido. Tiene dos l\u00edneas m\u00e1s de vestidos de ni\u00f1as y complementos. Sus prendas se han vendido en Argentina Chile, M\u00e9xico y Espa\u00f1a.<\/p>\n","protected":false},"excerpt":{"rendered":"<p>\u00bfAlguna vez te ha pasado que quieres realizar un vestido o prenda, tienes una idea y no sabes por d\u00f3nde empezar? <\/p>\n<p>Con esta MasterClass te ense\u00f1ar\u00e9 todo lo que tienes que saber sobre MOLDER\u00cdA Y CONFECCI\u00d3N, desde c\u00f3mo elegir la tela hasta la confecci\u00f3n de la prenda. Aqu\u00ed aprender\u00e1s:<\/p>\n","protected":false},"featured_media":5050,"template":"","meta":{"_joinchat":[]},"product_brand":[],"product_cat":[333,344],"product_tag":[],"class_list":{"0":"post-13190","1":"product","2":"type-product","3":"status-publish","4":"has-post-thumbnail","6":"product_cat-negocios-y-marketing","7":"product_cat-todos","9":"first","10":"instock","11":"sale","12":"shipping-taxable","13":"product-type-external"},"_links":{"self":[{"href":"https:\/\/www.cursos.olgavelez.co\/cu\/wp-json\/wp\/v2\/product\/13190","targetHints":{"allow":["GET"]}}],"collection":[{"href":"https:\/\/www.cursos.olgavelez.co\/cu\/wp-json\/wp\/v2\/product"}],"about":[{"href":"https:\/\/www.cursos.olgavelez.co\/cu\/wp-json\/wp\/v2\/types\/product"}],"version-history":[{"count":2,"href":"https:\/\/www.cursos.olgavelez.co\/cu\/wp-json\/wp\/v2\/product\/13190\/revisions"}],"predecessor-version":[{"id":14886,"href":"https:\/\/www.cursos.olgavelez.co\/cu\/wp-json\/wp\/v2\/product\/13190\/revisions\/14886"}],"wp:featuredmedia":[{"embeddable":true,"href":"https:\/\/www.cursos.olgavelez.co\/cu\/wp-json\/wp\/v2\/media\/5050"}],"wp:attachment":[{"href":"https:\/\/www.cursos.olgavelez.co\/cu\/wp-json\/wp\/v2\/media?parent=13190"}],"wp:term":[{"taxonomy":"product_brand","embeddable":true,"href":"https:\/\/www.cursos.olgavelez.co\/cu\/wp-json\/wp\/v2\/product_brand?post=13190"},{"taxonomy":"product_cat","embeddable":true,"href":"https:\/\/www.cursos.olgavelez.co\/cu\/wp-json\/wp\/v2\/product_cat?post=13190"},{"taxonomy":"product_tag","embeddable":true,"href":"https:\/\/www.cursos.olgavelez.co\/cu\/wp-json\/wp\/v2\/product_tag?post=13190"}],"curies":[{"name":"wp","href":"https:\/\/api.w.org\/{rel}","templated":true}]}}