{"id":13189,"date":"2023-01-10T04:41:57","date_gmt":"2023-01-10T07:41:57","guid":{"rendered":"https:\/\/www.cursos.olgavelez.co\/cu\/?post_type=product&#038;p=13189"},"modified":"2023-09-20T16:06:01","modified_gmt":"2023-09-20T19:06:01","slug":"vende-en-navidad","status":"publish","type":"product","link":"https:\/\/www.cursos.olgavelez.co\/cu\/producto\/vende-en-navidad\/","title":{"rendered":"VENDE + EN NAVIDAD"},"content":{"rendered":"<p>\u00bfSab\u00edas que en las fiestas de fin de a\u00f1o puedes aumentar las ventas en tu negocio por medio de estrategias de marketing que mejoran la experiencia de tu cliente?<\/p>\n<p>La mayor\u00eda de los comerciantes, vendedores, tiendas, negocios y empresas no saben c\u00f3mo aprovechar esta \u00e9poca tan esperada, bien sea por falta de creatividad, iniciativa o la poca comunicaci\u00f3n del esp\u00edritu navide\u00f1o hac\u00eda tus clientes.<\/p>\n<p>\u00bfQU\u00c9 VAS A LOGRAR?<\/p>\n<p>Identificar los c\u00f3digos culturales de los latinos lo cual nos permite entender los procesos de decisi\u00f3n de compra para garantizar no solo ventas sino recompras.<\/p>\n<p>Conocer\u00e1s detalles claves a la hora de decorar tu oficina, local, tienda, negocio o empresa para seducir visual y auditivamente a tus clientes.<\/p>\n<p>Aprender\u00e1s t\u00e9cnicas y tips para aplicar en tu negocio y as\u00ed elevar las ventas por medio de la persuasi\u00f3n y la comunicaci\u00f3n navide\u00f1a.<\/p>\n<p>Conocer Ideas de negocios que se pueden desarrollar para incrementar tus ventas o generar ingresos extras en las fiestas de fin de a\u00f1o.<\/p>\n<p>Generar ingresos con productos y servicios para implementar en nuestra empresa.<\/p>\n<p>Activar el pensamiento creativo para mejorar la visibilidad de tu negocio y una experiencia visual y publicitaria que te genera altos niveles de recordaci\u00f3n. <\/p>\n<p>\u00bfA QUI\u00c9N VA DIRIGIDO ESTE CURSO?<\/p>\n<p>Vendedores y Asesores de Ventas de Productos o Servicios.<\/p>\n<p>Profesionales de todas las categor\u00edas que brindan servicios.<\/p>\n<p>Propietarios, Gerentes y Administradores de Empresas.<\/p>\n<p>Jefes de Unidades, Encargados de Promociones y eventos.<\/p>\n<p>Emprendedores que deseen capacitarse y buscan nuevos modelos de negocio en temporada navide\u00f1a.<\/p>\n<p>Toda persona que desee aprender a incrementar sus ventas en las fiestas de fin de a\u00f1o.<\/p>\n<p>\u00bfC\u00d3MO LO VAS A LOGRAR?<\/p>\n<p>Por medio de +17 videos con clases intensivas con videos en alta definici\u00f3n divididos en 5 m\u00f3dulos con las siguientes tem\u00e1ticas:<\/p>\n<p>M\u00f3dulo 1: Todo lo que debes saber sobre la NAVIDAD Y EL COMERCIO en Latinoam\u00e9rica.<\/p>\n<p>M\u00f3dulo 2: \u00bfC\u00f3mo deber\u00eda DECORAR MI NEGOCIO U OFICINA en esta navidad?<\/p>\n<p>M\u00f3dulo 3: ESTRATEG\u00cdAS COMERCIALES para aumentar las VENTAS EN NAVIDAD.<\/p>\n<p>M\u00f3dulo 4: Ideas\/estrategias de NEGOCIOS RENTABLES para la temporada navide\u00f1a.<\/p>\n<p>M\u00f3dulo 5: Curso express de DISE\u00d1O GR\u00c1FICO NAVIDE\u00d1O CON CANVA para negocios. <\/p>\n<p>BONOS DE REGALO:<\/p>\n<p>1 Manual Did\u00e1ctico (Ebook Digital \/ Imprimible en PDF)<\/p>\n<p>Atenci\u00f3n y soporte dentro de la plataforma (Dudas y Consultas)<\/p>\n<p>1 Playlist con las 100 canciones navide\u00f1as m\u00e1s populares de todos los tiempos (Listas para reproducir en tu negocio)<\/p>\n<p>1 KIT de Moldes para Impresi\u00f3n (Manualidades Foamy)<\/p>\n<p>Material de estudio adicional (Documentos, PDFs, enlaces y archivos sorpresa)<\/p>\n<p>Acceder una Multi-Plataforma de f\u00e1cil acceso (Entra al curso desde cualquier dispositivo m\u00f3vil o Computador)<\/p>\n<p>Acceder un curso de por vida y actualizaciones constantes, gratuitas e ilimitadas.<\/p>\n<p>Certificado corporativo INFINITY ACADEMY (Digital \/ Imprimible en PDF)<\/p>\n<p>DESARROLLADO POR:<\/p>\n<p>Dany Boteo, Emprendedor guatemalteco egresado de la Universidad de San Carlos en Guatemala con m\u00e1s de 10 a\u00f1os de trayectoria laboral en instituciones estatales y privadas. Experto en gesti\u00f3n de recursos humanos, docencia universitaria, comunicaci\u00f3n social, marketing y publicidad.<\/p>\n<p>Con amplios conocimientos en Administraci\u00f3n de empresas. CEO \/ Fundador de la Agencia de Capacitaci\u00f3n Empresarial INFINITY ACADEMY, conferencista guatemalteco especialista en gesti\u00f3n de recursos humanos. Ha capacitado a cientos personas y asesorado a empresas para elevar sus ventas por medio de sus innovadoras y modernas ense\u00f1anzas de r\u00e1pido aprendizaje.<\/p>\n","protected":false},"excerpt":{"rendered":"<p>\u00bfSab\u00edas que en las fiestas de fin de a\u00f1o puedes aumentar las ventas en tu negocio por medio de estrategias de marketing que mejoran la experiencia de tu cliente?<\/p>\n<p>La mayor\u00eda de los comerciantes, vendedores, tiendas, negocios y empresas no saben c\u00f3mo aprovechar esta \u00e9poca tan esperada, bien sea por falta de creatividad, iniciativa o la poca comunicaci\u00f3n del esp\u00edritu navide\u00f1o hac\u00eda tus clientes.<\/p>\n","protected":false},"featured_media":5049,"template":"","meta":{"_joinchat":[]},"product_brand":[],"product_cat":[333,344],"product_tag":[],"class_list":{"0":"post-13189","1":"product","2":"type-product","3":"status-publish","4":"has-post-thumbnail","6":"product_cat-negocios-y-marketing","7":"product_cat-todos","9":"first","10":"instock","11":"sale","12":"shipping-taxable","13":"product-type-external"},"_links":{"self":[{"href":"https:\/\/www.cursos.olgavelez.co\/cu\/wp-json\/wp\/v2\/product\/13189","targetHints":{"allow":["GET"]}}],"collection":[{"href":"https:\/\/www.cursos.olgavelez.co\/cu\/wp-json\/wp\/v2\/product"}],"about":[{"href":"https:\/\/www.cursos.olgavelez.co\/cu\/wp-json\/wp\/v2\/types\/product"}],"version-history":[{"count":2,"href":"https:\/\/www.cursos.olgavelez.co\/cu\/wp-json\/wp\/v2\/product\/13189\/revisions"}],"predecessor-version":[{"id":14885,"href":"https:\/\/www.cursos.olgavelez.co\/cu\/wp-json\/wp\/v2\/product\/13189\/revisions\/14885"}],"wp:featuredmedia":[{"embeddable":true,"href":"https:\/\/www.cursos.olgavelez.co\/cu\/wp-json\/wp\/v2\/media\/5049"}],"wp:attachment":[{"href":"https:\/\/www.cursos.olgavelez.co\/cu\/wp-json\/wp\/v2\/media?parent=13189"}],"wp:term":[{"taxonomy":"product_brand","embeddable":true,"href":"https:\/\/www.cursos.olgavelez.co\/cu\/wp-json\/wp\/v2\/product_brand?post=13189"},{"taxonomy":"product_cat","embeddable":true,"href":"https:\/\/www.cursos.olgavelez.co\/cu\/wp-json\/wp\/v2\/product_cat?post=13189"},{"taxonomy":"product_tag","embeddable":true,"href":"https:\/\/www.cursos.olgavelez.co\/cu\/wp-json\/wp\/v2\/product_tag?post=13189"}],"curies":[{"name":"wp","href":"https:\/\/api.w.org\/{rel}","templated":true}]}}