{"id":13188,"date":"2023-01-10T04:41:57","date_gmt":"2023-01-10T07:41:57","guid":{"rendered":"https:\/\/www.cursos.olgavelez.co\/cu\/?post_type=product&#038;p=13188"},"modified":"2023-09-20T16:06:01","modified_gmt":"2023-09-20T19:06:01","slug":"el-negocio-de-las-t-shirt","status":"publish","type":"product","link":"https:\/\/www.cursos.olgavelez.co\/cu\/producto\/el-negocio-de-las-t-shirt\/","title":{"rendered":"EL NEGOCIO DE LAS T-SHIRT"},"content":{"rendered":"<p>Actualmente en el planeta hay m\u00e1s de 7.700 millones de habitantes \u00bfCu\u00e1ntos de ellos crees que necesitan una T-Shirt? seguramente, la mayor\u00eda. \u00bfCu\u00e1ntas de estas personas que necesitan una T-shirt van a preferir una personalizada sobre otra com\u00fan y corriente? <\/p>\n<p>Los clientes proyectan su personalidad a trav\u00e9s de su forma de vestir y este producto es perfecto para ello. Los negocios de personalizaci\u00f3n, son bienes y servicios hechos a la medida del cliente. Quien desarrolla una oferta basada en los deseos y necesidades del cliente, tiene las ventas aseguradas.<\/p>\n<p>Desde la psicolog\u00eda de la personalizaci\u00f3n\/Customizaci\u00f3n, los clientes sienten m\u00e1s atracci\u00f3n por productos personalizados que por gen\u00e9ricos. Escogemos lo que es \u201crelevante\u201d al sentirnos escuchados.<\/p>\n<p>\u00bfQU\u00c9 VAS A LOGRAR?<\/p>\n<p>Con este MasterClass aprender\u00e1s:<\/p>\n<p>Las diferentes t\u00e9cnicas de personalizaci\u00f3n de T-Shirts.<\/p>\n<p>C\u00f3mo montar el equipo necesario para un negocio de T-Shirts personalizadas con Vinil Textil.<\/p>\n<p>Proceso de personalizaci\u00f3n\/Customizaci\u00f3n de T-shirts con Vinil Textil.<\/p>\n<p>Presentaci\u00f3n de tu producto para que sea atractivo a tus clientes y te compren.<\/p>\n<p>Estrategias psicol\u00f3gicas para atraer a tus clientes.<\/p>\n<p>Estrategias para encontrar clientes y aumentar tus ventas. <\/p>\n<p>\u00bfC\u00d3MO LO VAS A LOGRAR?<\/p>\n<p>Aprender\u00e1s a trav\u00e9s de nuestro programa completo, estructurado con m\u00e1s de 15 lecciones sobre c\u00f3mo montar un negocio de T-shirts personalizadas y hacerlo rentable a partir de las siguientes tem\u00e1ticas:<\/p>\n<p>Parte 1: Montando mi negocio de las T-shirts<\/p>\n<p>Video 1  Bienvenida.<br \/>\nVideo 2  C\u00f3mo utilizar la plataforma.<br \/>\nVideo 3  Bonus #1 Grupo de Facebook.<br \/>\nVideo 4  Las 4 etapas del emprendedor.<br \/>\nVideo 5  \u00bfQu\u00e9 es la personalizaci\u00f3n?<br \/>\nVideo 6  Tipos de imagen digital.<br \/>\nVideo 7  T\u00e9cnicas de personalizaci\u00f3n de camisetas.<br \/>\nVideo 8  Qu\u00e9 equipo necesito para iniciar mi negocio.<br \/>\nVideo 9  Bonus # 2 listado de proveedores.<br \/>\nVideo 10  Como empiezo si no tengo dinero.<br \/>\nVideo 11  Plotter de corte (Parte I).<br \/>\nVideo 12  Plotter de corte (Parte II).<br \/>\nVideo 13  Vinil textil (Parte I).<br \/>\nVideo 14  Colores y acabados en vinil textil (Parte II).<br \/>\nVideo 15  Colores y acabados en vinil textil (Parte III).<br \/>\nVideo 16  Plancha de calor (Parte I).<br \/>\nVideo 17  Plancha de calor (parte II).<br \/>\nVideo 18  Colocaci\u00f3n del vinil en la camiseta.<br \/>\nVideo 19  Software para trazar dise\u00f1os.<\/p>\n<p>Parte 2: Personalizaci\u00f3n de camisetas con vinil textil<\/p>\n<p>Video 20  Propiedad intelectual.<br \/>\nVideo 21  Herramientas b\u00e1sicas del software para trazar dise\u00f1os.<br \/>\nVideo 22  C\u00f3mo importar una imagen para trazarla.<br \/>\nVideo 23  Tipograf\u00edas para mis dise\u00f1os.<br \/>\nVideo 24  C\u00f3mo trazar un dise\u00f1o simple de 1 color.<br \/>\nVideo 25  Como cortar y pelar un dise\u00f1o a 1 color.<br \/>\nVideo 26  Como estampar un dise\u00f1o a 1 color.<br \/>\nVideo 27  C\u00f3mo trazar un dise\u00f1o simple de 2 colores.<br \/>\nVideo 28  Como cortar y pelar un dise\u00f1o a 2 colores.<br \/>\nVideo 29  Como estampar un dise\u00f1o a 2 colores.<br \/>\nVideo 30  C\u00f3mo trazar un dise\u00f1o simple de 3 colores.<br \/>\nVideo 31  Como cortar y pelar un dise\u00f1o a 3 colores.<br \/>\nVideo 32  Como estampar un dise\u00f1o a 3 colores.<br \/>\nVideo 33  Atr\u00e9vete a hacer dise\u00f1os.<br \/>\nVideo 34  Detalles con texto.<br \/>\nVideo 35  Dise\u00f1os en espiral.<br \/>\nVideo 36  Como cortar y pelar dise\u00f1os en espiral.<br \/>\nVideo 37  Como estampar dise\u00f1os en espiral.<br \/>\nVideo 38  Camisetas que se escuchan parte I.<br \/>\nVideo 39  Camisetas que se escuchan parte II.<br \/>\nVideo 40  Vectores Premium parte I.<br \/>\nVideo 41  Vectores premium parte II.<br \/>\nVideo 42  Acabado 3d parte I.<br \/>\nVideo 43  Acabado 3D parte II.<br \/>\nVideo 44  Textura tipo Lego parte I.<br \/>\nVideo 45  Textura tipo Lego parte II.<br \/>\nVideo 46  Acabado Hologr\u00e1fico Parte I.<br \/>\nVideo 47  Acabado Hologr\u00e1fico Parte II.<br \/>\nVideo 48  Acabado pizarra Parte I.<br \/>\nVideo 49 Acabado pizarra Parte II.<br \/>\nVideo 50 Acabado Luminiscente y pattern parte I.<br \/>\nVideo 51 Acabado Luminiscente y pattern parte II.<br \/>\nVideo 52 Acabado Luminiscente y pattern parte III.<br \/>\nVideo 53 Vinil imprimible sublimable parte I.<br \/>\nVideo 54 Vinil imprimible sublimable parte II.<br \/>\nVideo 55 Vinil imprimible sublimable parte III.<br \/>\nVideo 56 Vinil imprimible sublimable parte IV.<br \/>\nVideo 57 Vinil imprimible sublimable parte V.<br \/>\nVideo 58 Bonus # 3 Vinil adhesivo Parte I.<br \/>\nVideo 59 Bonus # 3 Vinil adhesivo Parte II.<br \/>\nVideo 60 Bonus # 3 Vinil adhesivo Parte III.<br \/>\nVideo 61 Bonus # 3 Vinil adhesivo Parte IV.<br \/>\nVideo 62 Bonus # 3 Vinil adhesivo Parte V.<br \/>\nVideo 63 Bonus # 3 Vinil adhesivo Parte VI.<br \/>\nVideo 64 Bonus # 3 Vinil adhesivo Parte VII.<br \/>\nVideo 65 Bonus # 4 Serigrafia con Vinil adhesivo Parte I.<br \/>\nVideo 66 Bonus # 4 Serigrafia con Vinil adhesivo Parte II.<br \/>\nVideo 67 Bonus # 4 Serigrafia con Vinil adhesivo Parte III.<br \/>\nVideo 68 Bonus # 4 Serigrafia con Vinil adhesivo Parte IV.<br \/>\nVideo 69 Bonus # 4 Serigrafia con Vinil adhesivo Parte V.<\/p>\n<p>Parte 3: Bonus #5 Illustrator para principiantes<\/p>\n<p>Video 70 Bonus# 3 Adobe illustrator para principiantes.<br \/>\nVideo 71 RGB vs CMYK.<br \/>\nVideo 72 Como crear una mesa de trabajo.<br \/>\nVideo 73 Herramientas de selecci\u00f3n.<br \/>\nVideo 74 Herramienta de Pluma.<br \/>\nVideo 75 Cuadro delimitador y escalas.<br \/>\nVideo 76 Trazos y rellenos.<br \/>\nVideo 77 L\u00edneas y formas.<br \/>\nVideo 78 Dibujo en illustrator parte I.<br \/>\nVideo 79 Dibujo en illustrator parte II.<br \/>\nVideo 80 Trabajando con im\u00e1genes parte I.<br \/>\nVideo 81 Trabajando con im\u00e1genes parte II.<br \/>\nVideo 82 Trabajando con im\u00e1genes parte III.<br \/>\nVideo 83 Trabajando con im\u00e1genes parte IV.<br \/>\nVideo 84 Como instalar fuentes en illustrator.<br \/>\nVideo 85 Trabajando con textos parte I.<br \/>\nVideo 86 Trabajando con textos parte II.<br \/>\nVideo 87 Trabajando con texto parte III.<br \/>\nVideo 88 Herramienta buscatrazos.<br \/>\nVideo 89 Alineaci\u00f3n de formas.<br \/>\nVideo 90 practicando lo aprendido.<br \/>\nVideo 91 sigamos practicando lo aprendido.<br \/>\nVideo 92 Distorsionar y transformar.<br \/>\nVideo 93 Herramienta de lazo y varita m\u00e1gica.<br \/>\nVideo 94 Herramienta de mano.<br \/>\nVideo 95 Herramienta de control.<br \/>\nVideo 96 Redondear formas.<br \/>\nVideo 97 Herramienta borrador, tijeras y cuchilla.<br \/>\nVideo 98 C\u00f3mo hacer modificaciones a tu mesa de trabajo.<br \/>\nVideo 99 trabajando con capas.<br \/>\nVideo 100 Iconos y siluetas con figuras simples Parte I.<br \/>\nVideo 101 Iconos y siluetas con figuras simples parte II.<br \/>\nVideo 102 C\u00f3mo guardar y exportar tus trabajos.<\/p>\n<p>Parte 4: Pack de herramientas digitales<\/p>\n<p>Video 103 Pack de herramientas digitales.<br \/>\nVideo 104 C\u00f3mo remover el fondo de una imagen.<br \/>\nVideo 105 Mockups: maquetas para mis dise\u00f1os.<br \/>\nVideo 106 Herramienta para dise\u00f1ar tus posts de redes sociales.<br \/>\nVideo 107 Herramienta para salir de apuros.<br \/>\nVideo 108 Identificador de tipograf\u00edas.<br \/>\nVideo 109 Tipograf\u00edas gratuitas.<br \/>\nVideo 110 M\u00e1s tipograf\u00edas gratuitas.<\/p>\n<p>Parte 5: Branding<\/p>\n<p>Video 111 La importancia del empaque.<br \/>\nVideo 112 Crea una etiqueta para tus camisetas.<br \/>\nVideo 113 Estampado de etiquetas.<\/p>\n<p>Parte 6:  Preparando todo para empezar a vender <\/p>\n<p>Video 114 preparando todo antes de empezar a vender.<br \/>\nVideo 115 Importancia de un logo.<br \/>\nVideo 116 Brand Kit.<br \/>\nVideo 117 C\u00f3mo crear un Cat\u00e1logo digital y su importancia.<br \/>\nVideo 118 c\u00f3mo determinar mi precio de venta.<br \/>\nVideo 119 Inter\u00e9s compuesto.<br \/>\nVideo 120 \u00bfQu\u00e9 es una base de datos y su importancia?<br \/>\nVideo 121 Comercio formal vs comercio informal.<br \/>\nVideo 122 \u00bfTener o no tener una p\u00e1gina web?<br \/>\nVideo 123 Inventario de productos.<br \/>\nVideo 124 CAC.<br \/>\nVideo 125 La importancia de escuchar a tus clientes.<\/p>\n<p>Parte 7: Estrategias que te har\u00e1n vender m\u00e1s<\/p>\n<p>Video 126 Estrategias que te har\u00e1n vender m\u00e1s.<br \/>\nVideo 127 mercados, nichos y micronichos.<br \/>\nVideo 128 Tu cliente ideal.<br \/>\nVideo 129 Haz esto y aumentar\u00e1s tus ganancias.<br \/>\nVideo 130 \u00bfQu\u00e9 hace que una camiseta se venda?<br \/>\nVideo 131 \u00bfCobrar o no cobrar el env\u00edo?<br \/>\nVideo 132 Fortalece tu negocio dando las gracias.<br \/>\nVideo 133 Otras formas de monetizar mi negocio.<br \/>\nVideo 134 Activa los gatillos mentales para vender m\u00e1s.<\/p>\n<p>Parte 8: Marketing digital y redes sociales<\/p>\n<p>Video 135 Tr\u00e1fico digital.<br \/>\nVideo 136 SEO Y SEM.<br \/>\nVideo 137 Embudos de ventas.<br \/>\nVideo 138 C\u00f3mo funcionan las redes sociales.<br \/>\nVideo 139 administrador de anuncios.<br \/>\nVideo 140 Como conseguir tus primeros 10 clientes.<br \/>\nVideo 141 Busca comunidades.<br \/>\nVideo 142 C\u00f3mo puedes vender tus camisetas en Facebook.<br \/>\nVideo 143 Como tener una cuenta exitosa de Instagram.<br \/>\nVideo 144 Haz crecer tu canal de YouTube.<\/p>\n<p>Parte 9: creaci\u00f3n de contenido<\/p>\n<p>Video 145 Creaci\u00f3n y distribuci\u00f3n de contenido.<br \/>\nVideo 146 Estrategia de contenido.<br \/>\nVideo 147 Planificaci\u00f3n de contenidos.<br \/>\nVideo 148 Distribuci\u00f3n de contenido.<\/p>\n<p>ACERCA DEL PRODUCTOR<\/p>\n<p>Desarrollado por FERNANDO HERN\u00c1NDEZ, Psic\u00f3logo cl\u00ednico y emprendedor guatemalteco con m\u00e1s de 5 a\u00f1os de experiencia en el negocio de personalizaci\u00f3n de T-shirts, combinando la psicolog\u00eda del consumidor con el emprendimiento. <\/p>\n<p>Amplia experiencia en servicio al cliente y estrategias de ventas en el rubro de las T-shirts personalizadas. Ha ayudado a decenas de emprendedores a montar un negocio de T-shirts personalizadas y hacerlo altamente rentable.<\/p>\n","protected":false},"excerpt":{"rendered":"<p>Actualmente en el planeta hay m\u00e1s de 7.700 millones de habitantes \u00bfCu\u00e1ntos de ellos crees que necesitan una T-Shirt? seguramente, la mayor\u00eda. \u00bfCu\u00e1ntas de estas personas que necesitan una T-shirt van a preferir una personalizada sobre otra com\u00fan y corriente? <\/p>\n<p>Los clientes proyectan su personalidad a trav\u00e9s de su forma de vestir y este producto es perfecto para ello. Los negocios de personalizaci\u00f3n, son bienes y servicios hechos a la medida del cliente. Quien desarrolla una oferta basada en los deseos y necesidades del cliente, tiene las ventas aseguradas.<\/p>\n<p>Desde la psicolog\u00eda de la personalizaci\u00f3n\/Customizaci\u00f3n, los clientes sienten m\u00e1s atracci\u00f3n por productos personalizados que por gen\u00e9ricos. Escogemos lo que es \u201crelevante\u201d al sentirnos escuchados.<\/p>\n","protected":false},"featured_media":5055,"template":"","meta":{"_joinchat":[]},"product_brand":[],"product_cat":[333,344],"product_tag":[],"class_list":{"0":"post-13188","1":"product","2":"type-product","3":"status-publish","4":"has-post-thumbnail","6":"product_cat-negocios-y-marketing","7":"product_cat-todos","9":"first","10":"instock","11":"sale","12":"shipping-taxable","13":"product-type-external"},"_links":{"self":[{"href":"https:\/\/www.cursos.olgavelez.co\/cu\/wp-json\/wp\/v2\/product\/13188","targetHints":{"allow":["GET"]}}],"collection":[{"href":"https:\/\/www.cursos.olgavelez.co\/cu\/wp-json\/wp\/v2\/product"}],"about":[{"href":"https:\/\/www.cursos.olgavelez.co\/cu\/wp-json\/wp\/v2\/types\/product"}],"version-history":[{"count":2,"href":"https:\/\/www.cursos.olgavelez.co\/cu\/wp-json\/wp\/v2\/product\/13188\/revisions"}],"predecessor-version":[{"id":14884,"href":"https:\/\/www.cursos.olgavelez.co\/cu\/wp-json\/wp\/v2\/product\/13188\/revisions\/14884"}],"wp:featuredmedia":[{"embeddable":true,"href":"https:\/\/www.cursos.olgavelez.co\/cu\/wp-json\/wp\/v2\/media\/5055"}],"wp:attachment":[{"href":"https:\/\/www.cursos.olgavelez.co\/cu\/wp-json\/wp\/v2\/media?parent=13188"}],"wp:term":[{"taxonomy":"product_brand","embeddable":true,"href":"https:\/\/www.cursos.olgavelez.co\/cu\/wp-json\/wp\/v2\/product_brand?post=13188"},{"taxonomy":"product_cat","embeddable":true,"href":"https:\/\/www.cursos.olgavelez.co\/cu\/wp-json\/wp\/v2\/product_cat?post=13188"},{"taxonomy":"product_tag","embeddable":true,"href":"https:\/\/www.cursos.olgavelez.co\/cu\/wp-json\/wp\/v2\/product_tag?post=13188"}],"curies":[{"name":"wp","href":"https:\/\/api.w.org\/{rel}","templated":true}]}}