{"id":13187,"date":"2023-01-10T04:41:57","date_gmt":"2023-01-10T07:41:57","guid":{"rendered":"https:\/\/www.cursos.olgavelez.co\/cu\/?post_type=product&#038;p=13187"},"modified":"2023-09-20T16:06:01","modified_gmt":"2023-09-20T19:06:01","slug":"el-negocio-de-la-bisuteria-fina","status":"publish","type":"product","link":"https:\/\/www.cursos.olgavelez.co\/cu\/producto\/el-negocio-de-la-bisuteria-fina\/","title":{"rendered":"EL NEGOCIO DE LA BISUTER\u00cdA FINA"},"content":{"rendered":"<p>\u00bfSab\u00edas que en el campo de la bisuter\u00eda la creatividad y originalidad son fundamentales para crear piezas \u00fanicas y atractivas que te diferencian de los accesorios comunes?<\/p>\n<p>La bisuter\u00eda, es la industria que se encarga de la producci\u00f3n de piezas como pulseras, collares, zarcillos, dijes, utilizando elementos como Cristales, perlas, piedras semipreciosas, y distintos tipos de alambres para poder confeccionar tus piezas.<\/p>\n<p>Este curso representa una gran oportunidad de negocio para los apasionados del mundo del dise\u00f1o y la moda.<\/p>\n<p>\u00bfQUE VAS A LOGRAR?<\/p>\n<p>Conocer el uso de las herramientas, materiales e insumos b\u00e1sicos que se necesitan para transformar el arte de la Bisuter\u00eda fina en un negocio altamente rentable.<\/p>\n<p>Crear una gama de accesorios de moda de alta calidad que podr\u00e1s vender tanto al mayor como al detal, desde la comodidad de tu hogar.<\/p>\n<p>Conocer las principales t\u00e9cnicas de bisuter\u00eda que existen hoy en d\u00eda para hacer pulseras, collares, anillos y aretes.<\/p>\n<p>Elaborar piezas con materiales comunes de tu hogar, paso a paso hasta lograr un excelente acabado.<\/p>\n<p>Despertar la creatividad y el ingenio para realizar tus prendas y las mejores pr\u00e1cticas para trabajar correctamente los alambres de Bisuter\u00eda.<\/p>\n<p>Conocer los almacenadores para Bisuter\u00eda y c\u00f3mo organizar los materiales e insumos.<\/p>\n<p>Capacitarte desde la comodidad de tu casa, a tu propio ritmo mientras aprendes y emprendes.<\/p>\n<p>Acceder al Grupo Privado de Facebook para compartir contenido de valor que permitan crear nuevos dise\u00f1os.<\/p>\n<p>Brindar las bases para que a partir de ah\u00ed puedas crear una gran gama de dise\u00f1os a tu gusto.<\/p>\n<p>Acceder al Grupo privado de Telegram para resoluci\u00f3n de dudas e inquietudes y recibir el acompa\u00f1amiento de la instructora.<\/p>\n<p>Al finalizar el curso podr\u00e1s descargar tu certificado.<\/p>\n<p>\u00bfC\u00d3MO LO VAS A LOGRAR?<\/p>\n<p>A trav\u00e9s de un programa completo con 23 clases en video, donde podr\u00e1s desarrollar las habilidades y competencias necesarias para un completo aprendizaje en la elaboraci\u00f3n de accesorios de moda; necesarios para complementar los outfits\/atuendos diarios. <\/p>\n<p>\u2022\tMODULO 1: BIENVENIDA <\/p>\n<p>Clase 1: Herramientas de trabajo.<\/p>\n<p>\u2022\tMODULO 2: LO M\u00c1S IMPORTANTE DE LA BISUTER\u00cdA. <\/p>\n<p>Clase 2: Almacenadores para Bisuter\u00eda.<br \/>\nClase 3: T\u00e9cnicas para hacer Bisuter\u00eda.<br \/>\nClase 4: Accesorios de moda en la actualidad.<br \/>\nClase 5: Bisuter\u00eda como oportunidad de Negocio.<\/p>\n<p>\u2022\tMODULO 3: ELABORACI\u00d3N DE MODELOS B\u00c1SICOS <\/p>\n<p>Clase 6: Elaboraci\u00f3n de Anzuelos de zarcillos.<br \/>\nClase 7: Bases para Zarcillos.<br \/>\nClase 8: Bases para Zarcillos de Corazones.<br \/>\nClase 9: Dije de coraz\u00f3n.<br \/>\nClase 10: Dije de Tr\u00e9bol.<br \/>\nClase 11: Dije de Bailarina.  <\/p>\n<p>\u2022\tMODULO 4: ELABORACI\u00d3N DE MODELOS INTERMEDIOS  <\/p>\n<p>Clase 12: Pulsera de Protecci\u00f3n.<br \/>\nClase 13: Zarcillos de Flor.<br \/>\nClase 14: Zarcillos de Ojal.<br \/>\nClase 15: Brazalete de N\u00e1car.<br \/>\nClase 16: Pulsera de Alambre Morada.<\/p>\n<p>\u2022\tMODULO 5: ELABORACI\u00d3N DE MODELOS EXCLUSIVOS  <\/p>\n<p>Clase 17: Zarcillos de Aro.<br \/>\nClase 18: Engastes de piedras.<br \/>\nClase 19: Pulseras de perlas.<br \/>\nClase 20: Zarcillos Solitarios.<br \/>\nClase 21: Gargantilla de Piedras.<br \/>\nClase 22: Gargantilla de trenzada.<br \/>\nClase 23: Zarcillos de perlas<br \/>\nClase 24: Zarcillos de cristal<br \/>\nClase 25: Zarcillos con T\u00e9cnicas de Base<br \/>\nClase 26: Zarcillos de Flor de Alambre<br \/>\nClase 27: T\u00e9cnicas de Alambrismo<br \/>\nClase 28: Zarcillos de Resorte<br \/>\nClase 29: Juego de Abanico<br \/>\nClase 30: Zarcillos Flor Grande<\/p>\n<p>PRODUCTORA DEL CURSO<\/p>\n<p>Mariela Salazar, de la marca \u201cExclusividades MarielaS\u201d Manualista de coraz\u00f3n, bisutera y alambrista con amplia trayectoria en el negocio. Ha participando en exposiciones, ferias, bazares, workshops, talleres y cursos, compartiendo toda su experiencia y llevando nuevas t\u00e9cnicas para las creaciones de distintas piezas en el mundo de la bisuter\u00eda. <\/p>\n<p>Adem\u00e1s ha logrado empoderar a otros emprendedores, multiplicando este conocimiento a m\u00e1s personas por el amor a la creatividad transformada en oportunidad de negocio. <\/p>\n","protected":false},"excerpt":{"rendered":"<p>\u00bfSab\u00edas que en el campo de la bisuter\u00eda la creatividad y originalidad son fundamentales para crear piezas \u00fanicas y atractivas que te diferencian de los accesorios comunes?<\/p>\n<p>La bisuter\u00eda, es la industria que se encarga de la producci\u00f3n de piezas como pulseras, collares, zarcillos, dijes, utilizando elementos como Cristales, perlas, piedras semipreciosas, y distintos tipos de alambres para poder confeccionar tus piezas.<\/p>\n<p>Este curso representa una gran oportunidad de negocio para los apasionados del mundo del dise\u00f1o y la moda.<\/p>\n","protected":false},"featured_media":5048,"template":"","meta":{"_joinchat":[]},"product_brand":[],"product_cat":[333,344],"product_tag":[],"class_list":{"0":"post-13187","1":"product","2":"type-product","3":"status-publish","4":"has-post-thumbnail","6":"product_cat-negocios-y-marketing","7":"product_cat-todos","9":"first","10":"instock","11":"sale","12":"shipping-taxable","13":"product-type-external"},"_links":{"self":[{"href":"https:\/\/www.cursos.olgavelez.co\/cu\/wp-json\/wp\/v2\/product\/13187","targetHints":{"allow":["GET"]}}],"collection":[{"href":"https:\/\/www.cursos.olgavelez.co\/cu\/wp-json\/wp\/v2\/product"}],"about":[{"href":"https:\/\/www.cursos.olgavelez.co\/cu\/wp-json\/wp\/v2\/types\/product"}],"version-history":[{"count":2,"href":"https:\/\/www.cursos.olgavelez.co\/cu\/wp-json\/wp\/v2\/product\/13187\/revisions"}],"predecessor-version":[{"id":14883,"href":"https:\/\/www.cursos.olgavelez.co\/cu\/wp-json\/wp\/v2\/product\/13187\/revisions\/14883"}],"wp:featuredmedia":[{"embeddable":true,"href":"https:\/\/www.cursos.olgavelez.co\/cu\/wp-json\/wp\/v2\/media\/5048"}],"wp:attachment":[{"href":"https:\/\/www.cursos.olgavelez.co\/cu\/wp-json\/wp\/v2\/media?parent=13187"}],"wp:term":[{"taxonomy":"product_brand","embeddable":true,"href":"https:\/\/www.cursos.olgavelez.co\/cu\/wp-json\/wp\/v2\/product_brand?post=13187"},{"taxonomy":"product_cat","embeddable":true,"href":"https:\/\/www.cursos.olgavelez.co\/cu\/wp-json\/wp\/v2\/product_cat?post=13187"},{"taxonomy":"product_tag","embeddable":true,"href":"https:\/\/www.cursos.olgavelez.co\/cu\/wp-json\/wp\/v2\/product_tag?post=13187"}],"curies":[{"name":"wp","href":"https:\/\/api.w.org\/{rel}","templated":true}]}}