{"id":13186,"date":"2023-01-10T04:41:57","date_gmt":"2023-01-10T07:41:57","guid":{"rendered":"https:\/\/www.cursos.olgavelez.co\/cu\/?post_type=product&#038;p=13186"},"modified":"2023-09-20T16:06:01","modified_gmt":"2023-09-20T19:06:01","slug":"fotografia-de-producto-con-celular","status":"publish","type":"product","link":"https:\/\/www.cursos.olgavelez.co\/cu\/producto\/fotografia-de-producto-con-celular\/","title":{"rendered":"FOTOGRAF\u00cdA DE PRODUCTO CON CELULAR"},"content":{"rendered":"<p>\u201cToma y edita fotograf\u00edas profesionales con tu celular y aumenta el valor percibido de tus productos\u00bb<\/p>\n<p>En este MasterClass est\u00e1 todo lo que necesitas saber para visibilizar tus productos y servicios con fotograf\u00edas altamente impactantes que pueden representar esa l\u00ednea delgada entre el \u00e9xito y el fracaso en la venta de tus productos y servicios donde todo entra por los ojos.<\/p>\n<p>\u00bfQU\u00c9 VAS A LOGRAR?<\/p>\n<p>Crear im\u00e1genes de gran calidad de tus productos.<\/p>\n<p>Aprender a crear fotograf\u00edas promocionales de alta calidad.<\/p>\n<p>Generar contenido propio, de marca a bajo costo.<\/p>\n<p>Generar una nueva fuente de ingresos con excelentes im\u00e1genes.<\/p>\n<p>Tener un negocio propio potenciando tu capacidad de captar excelentes im\u00e1genes.<\/p>\n<p>Lograr libertad econ\u00f3mica y de tiempo con una destreza altamente valorada.<\/p>\n<p>Perder el miedo a las herramientas de edici\u00f3n.<\/p>\n<p>Desarrollar t\u00e9cnicas para lograr resultados f\u00e1cil y r\u00e1pido. <\/p>\n<p>Emprender un nuevo negocio vendiendo tu trabajo a otras personas<\/p>\n<p>\u00bfC\u00d3MO LO VAS A LOGRAR?<\/p>\n<p>A trav\u00e9s del siguiente contenido, estructurado paso a paso:<\/p>\n<p>BIENVENIDA<\/p>\n<p>Bienvenida.<br \/>\nAntes de empezar, Redes Sociales y comunidad.<\/p>\n<p>M\u00d3DULO 1 &#8211; PRODUCT SHOT EN CAJA DE LUZ (Pr\u00e1cticas)<\/p>\n<p>Crea tu caja de luz.<br \/>\nProduct Shot con fondo liso y edici\u00f3n de fotograf\u00eda (Jarabe).<br \/>\nEdici\u00f3n de fotograf\u00eda (Jarabe).<br \/>\nBorrar fondo con Background Eraser (Jarabe)<br \/>\nBorrar fondo opci\u00f3n 2.<\/p>\n<p>M\u00d3DULO 2 &#8211; FOTOGRAF\u00cdA FLAT LAY (Pr\u00e1cticas)<\/p>\n<p>Product Shot Flay Lay (Aceites).<br \/>\nEdici\u00f3n de fotograf\u00eda (Aceites).<br \/>\nProduct Shot Flat Lay (Jab\u00f3n).<br \/>\nEdici\u00f3n de fotograf\u00eda (Jab\u00f3n).<\/p>\n<p>M\u00d3DULO 3 &#8211; FOTOGRAF\u00cdA BODEG\u00d3N<\/p>\n<p>Product Shot Bodeg\u00f3n (Miel).<br \/>\nEdici\u00f3n de fotograf\u00eda (Miel).<br \/>\nProduct Shot Bodeg\u00f3n (Vino).<br \/>\nEdici\u00f3n de fotograf\u00eda (Vino).<br \/>\nProduct Shot Bodeg\u00f3n (Salsa)<br \/>\nEdici\u00f3n de fotograf\u00eda (Salsa)<\/p>\n<p>M\u00d3DULO 4 &#8211; DISE\u00d1O DE POSTALES PROMOCIONALES (Pr\u00e1cticas)<\/p>\n<p>Dise\u00f1o de postal en Canva (Miel de abeja).<br \/>\nDise\u00f1o de postal en Canva (Vino).<\/p>\n<p>M\u00d3DULO 5 &#8211; FOTOGRAFIAS PARA CATALOGO<\/p>\n<p>Product Shot (Zapatos).<br \/>\nCreando catalogo (Zapatos).<br \/>\nEdici\u00f3n de fotograf\u00eda (Zapatos).<\/p>\n<p>M\u00d3DULO 6 &#8211; POSTEO EN REDES SOCIALES<\/p>\n<p>Copy, formato y hashtags para Instagram.<\/p>\n<p>M\u00d3DULO 7 &#8211; BONUS<\/p>\n<p>Product shot con luz natural (Reloj).<\/p>\n<p>M\u00d3DULO &#8211; CIERRE<\/p>\n<p>No dejes de practicar.<\/p>\n<p>ACERCA DEL PRODUCTOR<\/p>\n<p>Desarrollado por MEME FLORES. Durante m\u00e1s de 11 a\u00f1os ha realizado producciones audiovisuales para importantes marcas de productos y servicios a nivel mundial. Apasionado por crear y transmitir emociones mediante el video.<br \/>\nDirector general de Euforia Producciones (Casa productora). Realizador de m\u00e1s de 800 videos para el \u00e1mbito empresarial y publicitario. Ha trabajado para marcas de renombre como Master Card, HP, Nike, Escudo, Vip Vaporrub, Pepto, Bismol y Ariel entre otras.<\/p>\n","protected":false},"excerpt":{"rendered":"<p>\u201cToma y edita fotograf\u00edas profesionales con tu celular y aumenta el valor percibido de tus productos\u00bb<\/p>\n<p>En este MasterClass est\u00e1 todo lo que necesitas saber para visibilizar tus productos y servicios con fotograf\u00edas altamente impactantes que pueden representar esa l\u00ednea delgada entre el \u00e9xito y el fracaso en la venta de tus productos y servicios donde todo entra por los ojos.<\/p>\n","protected":false},"featured_media":5047,"template":"","meta":{"_joinchat":[]},"product_brand":[],"product_cat":[333,344],"product_tag":[],"class_list":{"0":"post-13186","1":"product","2":"type-product","3":"status-publish","4":"has-post-thumbnail","6":"product_cat-negocios-y-marketing","7":"product_cat-todos","9":"first","10":"instock","11":"sale","12":"shipping-taxable","13":"product-type-external"},"_links":{"self":[{"href":"https:\/\/www.cursos.olgavelez.co\/cu\/wp-json\/wp\/v2\/product\/13186","targetHints":{"allow":["GET"]}}],"collection":[{"href":"https:\/\/www.cursos.olgavelez.co\/cu\/wp-json\/wp\/v2\/product"}],"about":[{"href":"https:\/\/www.cursos.olgavelez.co\/cu\/wp-json\/wp\/v2\/types\/product"}],"version-history":[{"count":2,"href":"https:\/\/www.cursos.olgavelez.co\/cu\/wp-json\/wp\/v2\/product\/13186\/revisions"}],"predecessor-version":[{"id":14882,"href":"https:\/\/www.cursos.olgavelez.co\/cu\/wp-json\/wp\/v2\/product\/13186\/revisions\/14882"}],"wp:featuredmedia":[{"embeddable":true,"href":"https:\/\/www.cursos.olgavelez.co\/cu\/wp-json\/wp\/v2\/media\/5047"}],"wp:attachment":[{"href":"https:\/\/www.cursos.olgavelez.co\/cu\/wp-json\/wp\/v2\/media?parent=13186"}],"wp:term":[{"taxonomy":"product_brand","embeddable":true,"href":"https:\/\/www.cursos.olgavelez.co\/cu\/wp-json\/wp\/v2\/product_brand?post=13186"},{"taxonomy":"product_cat","embeddable":true,"href":"https:\/\/www.cursos.olgavelez.co\/cu\/wp-json\/wp\/v2\/product_cat?post=13186"},{"taxonomy":"product_tag","embeddable":true,"href":"https:\/\/www.cursos.olgavelez.co\/cu\/wp-json\/wp\/v2\/product_tag?post=13186"}],"curies":[{"name":"wp","href":"https:\/\/api.w.org\/{rel}","templated":true}]}}