{"id":13155,"date":"2023-01-10T04:41:52","date_gmt":"2023-01-10T07:41:52","guid":{"rendered":"https:\/\/www.cursos.olgavelez.co\/cu\/?post_type=product&#038;p=13155"},"modified":"2023-09-20T16:06:01","modified_gmt":"2023-09-20T19:06:01","slug":"tienda-online-de-camisetas-con-teespring","status":"publish","type":"product","link":"https:\/\/www.cursos.olgavelez.co\/cu\/producto\/tienda-online-de-camisetas-con-teespring\/","title":{"rendered":"TIENDA ONLINE DE CAMISETAS CON TEESPRING"},"content":{"rendered":"<p>\u00bfSue\u00f1as con tener tu propia tienda de camisetas online exitosa? <\/p>\n<p>El Negocio de las Camisetas es un programa completo virtual grabado en formato HD donde aprender\u00e1s todo el proceso paso a paso para crear y vender tus propios dise\u00f1os de camisetas online.<\/p>\n<p>Este, sin duda es uno de los negocios m\u00e1s rentables en la actualidad y sin ning\u00fan riesgo ya que no se necesita invertir dinero.<\/p>\n<p>\u00bfQUE VAS A LOGRAR?<\/p>\n<p>Conocer las claves y secretos m\u00e1s importantes del negocio que nadie te ha contado; fundamentales para lograr el \u00e9xito.<\/p>\n<p>Comprende c\u00f3mo funciona la industria de las camisetas.<\/p>\n<p>C\u00f3mo crear desde cero una tienda sin experiencia previa.<\/p>\n<p>C\u00f3mo crear dise\u00f1os \u00fanicos para tus camisetas que garanticen ventas.<\/p>\n<p>El paso a paso para monetizar la tienda y volverte un experto en corto tiempo. <\/p>\n<p>\u00bfCOMO LO VAS A LOGRAR?<\/p>\n<p>De forma f\u00e1cil y sencilla te daremos datos para comprender este negocio, con ejemplos pr\u00e1cticos para que adquieras el conocimiento que necesitas y puedas tener un negocio que perdure en el tiempo. <\/p>\n<p>El programa virtual se compone por 5 m\u00f3dulos y 5 bonos exclusivos. Este MasterClass est\u00e1 desarrollado con las siguientes tem\u00e1ticas:<\/p>\n<p>M\u00f3dulo 1: Bienvenida.<\/p>\n<p>M\u00f3dulo 2: Por qu\u00e9 este negocio.<\/p>\n<p>M\u00f3dulo 3: Clave del \u00e9xito.<\/p>\n<p>M\u00f3dulo 4: Qu\u00e9 es una audiencia y un nicho.<\/p>\n<p>M\u00f3dulo 5: Como encontrarlo e investigarlo.<\/p>\n<p>M\u00f3dulo 6: Qu\u00e9 es TeeSpring.<\/p>\n<p>M\u00f3dulo 7: Creando una cuenta.<\/p>\n<p>M\u00f3dulo 8: Abriendo la tienda.<\/p>\n<p>M\u00f3dulo 9: Editando la tienda.<\/p>\n<p>M\u00f3dulo 10: Creando tu primer dise\u00f1o.<\/p>\n<p>M\u00f3dulo 11: Repitiendo el Proceso.<\/p>\n<p>M\u00f3dulo 12: Creando tu Fan Page.<\/p>\n<p>M\u00f3dulo 13: Espiando a la competencia.<\/p>\n<p>M\u00f3dulo 14: Creando las publicaciones.<\/p>\n<p>M\u00f3dulo 15: Perfeccionando la Fan Page.<\/p>\n<p>M\u00f3dulo 16: Ganando dinero sin invertir.<\/p>\n<p>M\u00f3dulo 17: Creando la cuenta publicitaria.<\/p>\n<p>M\u00f3dulo 18: Agregando el m\u00e9todo de pago.<\/p>\n<p>M\u00f3dulo 19: Creando el Pixel de Facebook e instal\u00e1ndolo en TeeSpring.<\/p>\n<p>M\u00f3dulo 20: Configurando las columnas del Business Manager.<\/p>\n<p>M\u00f3dulo 21: Creando tu primera campa\u00f1a.<\/p>\n<p>M\u00f3dulo 22: Creando la campa\u00f1a de Remarketing.<\/p>\n<p>M\u00f3dulo 23: Creando la cuenta y cambi\u00e1ndola a cuenta de empresa.<\/p>\n<p>M\u00f3dulo 24: Optimizando la cuenta.<\/p>\n<p>M\u00f3dulo 25: Buscando y analizando cuentas.<\/p>\n<p>M\u00f3dulo 26: Haciendo negocio con las cuentas.<\/p>\n<p>M\u00f3dulo 27: Consejos Extras.<\/p>\n<p>M\u00f3dulo 28: Despedida.<\/p>\n<p>ACERCA DEL PRODUCTOR:<\/p>\n<p>Desarrollado por CHRISTIAN OSSORIO, un profesional con mucha experiencia dise\u00f1ando y comercializando camisetas a nivel mundial, por lo que tenerlo como tutor en este programa es un privilegio y una gran oportunidad.<\/p>\n","protected":false},"excerpt":{"rendered":"<p>\u00bfSue\u00f1as con tener tu propia tienda de camisetas online exitosa? <\/p>\n<p>El Negocio de las Camisetas es un programa completo virtual grabado en formato HD donde aprender\u00e1s todo el proceso paso a paso para crear y vender tus propios dise\u00f1os de camisetas online.<\/p>\n<p>Este, sin duda es uno de los negocios m\u00e1s rentables en la actualidad y sin ning\u00fan riesgo ya que no se necesita invertir dinero.<\/p>\n","protected":false},"featured_media":5046,"template":"","meta":{"_joinchat":[]},"product_brand":[],"product_cat":[333,344],"product_tag":[],"class_list":{"0":"post-13155","1":"product","2":"type-product","3":"status-publish","4":"has-post-thumbnail","6":"product_cat-negocios-y-marketing","7":"product_cat-todos","9":"first","10":"instock","11":"sale","12":"shipping-taxable","13":"product-type-external"},"_links":{"self":[{"href":"https:\/\/www.cursos.olgavelez.co\/cu\/wp-json\/wp\/v2\/product\/13155","targetHints":{"allow":["GET"]}}],"collection":[{"href":"https:\/\/www.cursos.olgavelez.co\/cu\/wp-json\/wp\/v2\/product"}],"about":[{"href":"https:\/\/www.cursos.olgavelez.co\/cu\/wp-json\/wp\/v2\/types\/product"}],"version-history":[{"count":2,"href":"https:\/\/www.cursos.olgavelez.co\/cu\/wp-json\/wp\/v2\/product\/13155\/revisions"}],"predecessor-version":[{"id":14881,"href":"https:\/\/www.cursos.olgavelez.co\/cu\/wp-json\/wp\/v2\/product\/13155\/revisions\/14881"}],"wp:featuredmedia":[{"embeddable":true,"href":"https:\/\/www.cursos.olgavelez.co\/cu\/wp-json\/wp\/v2\/media\/5046"}],"wp:attachment":[{"href":"https:\/\/www.cursos.olgavelez.co\/cu\/wp-json\/wp\/v2\/media?parent=13155"}],"wp:term":[{"taxonomy":"product_brand","embeddable":true,"href":"https:\/\/www.cursos.olgavelez.co\/cu\/wp-json\/wp\/v2\/product_brand?post=13155"},{"taxonomy":"product_cat","embeddable":true,"href":"https:\/\/www.cursos.olgavelez.co\/cu\/wp-json\/wp\/v2\/product_cat?post=13155"},{"taxonomy":"product_tag","embeddable":true,"href":"https:\/\/www.cursos.olgavelez.co\/cu\/wp-json\/wp\/v2\/product_tag?post=13155"}],"curies":[{"name":"wp","href":"https:\/\/api.w.org\/{rel}","templated":true}]}}