{"id":13154,"date":"2023-01-10T04:41:52","date_gmt":"2023-01-10T07:41:52","guid":{"rendered":"https:\/\/www.cursos.olgavelez.co\/cu\/?post_type=product&#038;p=13154"},"modified":"2023-09-20T16:06:01","modified_gmt":"2023-09-20T19:06:01","slug":"ropa-infantil-patronaje-costura","status":"publish","type":"product","link":"https:\/\/www.cursos.olgavelez.co\/cu\/producto\/ropa-infantil-patronaje-costura\/","title":{"rendered":"ROPA INFANTIL PATRONAJE + COSTURA"},"content":{"rendered":"<p>\u201cDise\u00f1a y confecciona la ropa infantil que tanto te gusta como un profesional\u201d.<br \/>\n\u00bfTe gustar\u00eda iniciar en el mundo de la costura con t\u00e9cnicas profesionales y sencillas?  <\/p>\n<p>En este programa iniciar\u00e1s de la mano de una profesional todo lo que necesitas saber sobre el mundo de la costura infantil, para que aprendas desde cero la elaboraci\u00f3n de prendas para ni\u00f1os en las diferentes l\u00edneas de vestuario, sin tener experiencia.<\/p>\n<p>\u00bfQU\u00c9 VAS A LOGRAR?<\/p>\n<p>Emprender tu propio negocio; desenvolvi\u00e9ndote plenamente en el mundo de la costura y dominando algunas de las m\u00e1quinas que se utilizan en este campo. <\/p>\n<p>Desarrollar la habilidad para llevar a cabo los mejores dise\u00f1os para tus hijos y familiares mientras ahorras mucho dinero. <\/p>\n<p>Tener la capacidad de crear moldes de acuerdo con tus ideas y preferencias. <\/p>\n<p>Activar tu mente para confeccionar prendas infantiles como nunca te lo imaginaste hacer.<\/p>\n<p>\u00bfC\u00d3MO LO VAS A LOGRAR?<\/p>\n<p>Aprender\u00e1s c\u00f3mo confeccionar desde cero prendas infantiles, a trav\u00e9s de los siguientes m\u00f3dulos:<\/p>\n<p>BIENVENIDA<\/p>\n<p>1.\tIntroducci\u00f3n al patronaje y la costura de ropa infantil.<br \/>\n2.\tToma de medidas.<br \/>\n3. Conoce las herramientas de trabajo.<br \/>\n4. Conoce la simbolog\u00eda del patronaje y el glosario.<br \/>\n5. Importancia de los piquetes.<br \/>\n6. Aprende sobre tejidos y textiles.<br \/>\n7.\tTipos de m\u00e1quinas, implementos y ejercicios pr\u00e1cticos.<\/p>\n<p>CREA TUS PROPIOS MOLDES<\/p>\n<p>8.\tParte 1: Patronaje completo de camisa (corpi\u00f1o).<br \/>\n9.\tParte 2: Patronaje de camisa (con manga larga).<br \/>\n10. Patronaje Manga corta bombacha.<br \/>\n11. Patronaje Cuello camisero.<br \/>\n12. Patronaje Cuello bebe.<br \/>\n13. Patronaje cuello marinero.<br \/>\n14. Patronaje Escote Cuadrado.<br \/>\n15. Video 1 Patronaje de chaqueta.<br \/>\n16. Video 2 Patronaje de chaqueta &#8211; Manga.<br \/>\n17. Patronaje capota.<br \/>\n18. Patronaje pantal\u00f3n.<br \/>\n19. Patronaje Short con caucho.<br \/>\n20. Patronaje falda b\u00e1sico.<br \/>\n21. Patronaje falda A.<br \/>\n22. Patronaje falda rotonda<br \/>\n23. Patronaje falda cola de pato.<br \/>\n24. Patronaje falda colegial o prensada.<br \/>\n25. Patronaje de vestido b\u00e1sico.<br \/>\n26. Patronaje Vestido corte princesa.<br \/>\n27. Patronaje de vestido corte franc\u00e9s.<br \/>\n28. Patronaje de vestido con almilla.<\/p>\n<p>LINEA DE BEBES<\/p>\n<p>29. Patronaje baberos.<br \/>\n30. Mamelucos.<\/p>\n<p>VAMOS A COSER<\/p>\n<p>31. Creando arandelas.<br \/>\n32. Hablemos de sesgos.<br \/>\n33. Cuidemos de tu salud.<br \/>\n34. Video 1 confecci\u00f3n camisa<br \/>\n35. Video 2 confecci\u00f3n camisa<br \/>\n36. Confecci\u00f3n de blusa.<br \/>\n37. Confecci\u00f3n de camiseta tipo polo.<br \/>\n38. Confecci\u00f3n abrigo.<br \/>\n39. Confecci\u00f3n pantal\u00f3n<br \/>\n40. Confecci\u00f3n falda rotonda.<\/p>\n<p>NOTICIAS Y NOVEDADES<\/p>\n<p>Cierre<\/p>\n<p>BONOS Y MATERIAL DE DESCARGA<\/p>\n<p>Material de apoyo descargable.<br \/>\nLibros de costura infantil.<br \/>\nL\u00ednea de beb\u00e9s &#8211; material de apoyo descargable.<\/p>\n<p>ACERCA DE LA PRODUCTORA<\/p>\n<p>Este programa es desarrollado por MAR\u00cdA ALEJANDRA VANEGAS, profesional en Dise\u00f1o de Moda, que desde muy joven se apasion\u00f3 por el mundo de la costura y el dise\u00f1o. Aquello, la inspir\u00f3 a estudiar de manera profesional y a trabajar independientemente en lo que ama.<\/p>\n<p>Gracias a su amplia trayectoria y \u00e9xitos acumulados acumulando en la elaboraci\u00f3n de diferentes prendas para ni\u00f1os y adultos, hoy quiere compartir contigo este conocimiento para que t\u00fa tambi\u00e9n te enamores de esta linda profesi\u00f3n.<\/p>\n","protected":false},"excerpt":{"rendered":"<p>\u201cDise\u00f1a y confecciona la ropa infantil que tanto te gusta como un profesional\u201d.<br \/>\n\u00bfTe gustar\u00eda iniciar en el mundo de la costura con t\u00e9cnicas profesionales y sencillas?  <\/p>\n<p>En este programa iniciar\u00e1s de la mano de una profesional todo lo que necesitas saber sobre el mundo de la costura infantil, para que aprendas desde cero la elaboraci\u00f3n de prendas para ni\u00f1os en las diferentes l\u00edneas de vestuario, sin tener experiencia.<\/p>\n","protected":false},"featured_media":5045,"template":"","meta":{"_joinchat":[]},"product_brand":[],"product_cat":[333,344],"product_tag":[],"class_list":{"0":"post-13154","1":"product","2":"type-product","3":"status-publish","4":"has-post-thumbnail","6":"product_cat-negocios-y-marketing","7":"product_cat-todos","9":"first","10":"instock","11":"sale","12":"shipping-taxable","13":"product-type-external"},"_links":{"self":[{"href":"https:\/\/www.cursos.olgavelez.co\/cu\/wp-json\/wp\/v2\/product\/13154","targetHints":{"allow":["GET"]}}],"collection":[{"href":"https:\/\/www.cursos.olgavelez.co\/cu\/wp-json\/wp\/v2\/product"}],"about":[{"href":"https:\/\/www.cursos.olgavelez.co\/cu\/wp-json\/wp\/v2\/types\/product"}],"version-history":[{"count":2,"href":"https:\/\/www.cursos.olgavelez.co\/cu\/wp-json\/wp\/v2\/product\/13154\/revisions"}],"predecessor-version":[{"id":14880,"href":"https:\/\/www.cursos.olgavelez.co\/cu\/wp-json\/wp\/v2\/product\/13154\/revisions\/14880"}],"wp:featuredmedia":[{"embeddable":true,"href":"https:\/\/www.cursos.olgavelez.co\/cu\/wp-json\/wp\/v2\/media\/5045"}],"wp:attachment":[{"href":"https:\/\/www.cursos.olgavelez.co\/cu\/wp-json\/wp\/v2\/media?parent=13154"}],"wp:term":[{"taxonomy":"product_brand","embeddable":true,"href":"https:\/\/www.cursos.olgavelez.co\/cu\/wp-json\/wp\/v2\/product_brand?post=13154"},{"taxonomy":"product_cat","embeddable":true,"href":"https:\/\/www.cursos.olgavelez.co\/cu\/wp-json\/wp\/v2\/product_cat?post=13154"},{"taxonomy":"product_tag","embeddable":true,"href":"https:\/\/www.cursos.olgavelez.co\/cu\/wp-json\/wp\/v2\/product_tag?post=13154"}],"curies":[{"name":"wp","href":"https:\/\/api.w.org\/{rel}","templated":true}]}}