{"id":13153,"date":"2023-01-10T04:41:52","date_gmt":"2023-01-10T07:41:52","guid":{"rendered":"https:\/\/www.cursos.olgavelez.co\/cu\/?post_type=product&#038;p=13153"},"modified":"2023-09-20T16:06:01","modified_gmt":"2023-09-20T19:06:01","slug":"facebook-ads-optimization","status":"publish","type":"product","link":"https:\/\/www.cursos.olgavelez.co\/cu\/producto\/facebook-ads-optimization\/","title":{"rendered":"FACEBOOK ADS OPTIMIZATION"},"content":{"rendered":"<p>\u201cNo es magia, tampoco suerte\u2026 es el secreto mejor guardado de nuestra metodolog\u00eda de VENTA DIRECTA por FACEBOOK ADS A BAJO COSTO. Ahora, est\u00e1 en tus manos\u201d<\/p>\n<p>Muchos marketers caen en el error de invertir miles de d\u00f3lares en capacitaciones sobre Facebook Ads y mentor\u00edas para manejar su publicidad. En ocasiones, complican todo perdiendo mucho dinero en el camino.<\/p>\n<p>En este MasterClass, hemos desarrollado una f\u00f3rmula \u00fanica para tener ventas recurrentes a un bajo costo, dejando altos m\u00e1rgenes de ganancia y manteniendo la simplicidad en el proceso.<\/p>\n<p>\u00bfQU\u00c9 VAS A LOGRAR?<\/p>\n<p>Aprender c\u00f3mo realizar campa\u00f1as m\u00e1s econ\u00f3micas y efectivas, invirtiendo desde un d\u00f3lar al d\u00eda y logrando recibir un excelente retorno de tu inversi\u00f3n.<\/p>\n<p>Mejorar tu experiencia con el marketing de afiliados, mejorando tus resultados con la plataforma de Facebook.<\/p>\n<p>Realizar campa\u00f1as exitosas sin tener grandes capitales para invertir. <\/p>\n<p>Desarrollar habilidades de segmentaci\u00f3n para llegarle a tu p\u00fablico objetivo con resultados sorprendentes.<\/p>\n<p>\u00bfC\u00d3MO LO VAS A LOGRAR?<\/p>\n<p>Parte No.1: La mentalidad para fluir como agua. <\/p>\n<p>Parte No.2: El potencial que tienes en tus manos. <\/p>\n<p>Parte No.3: Creando tu Administrador comercial, cuenta publicitaria y tu pixel.<\/p>\n<p>Parte No.4: Cuidando tus activos de Facebook.<\/p>\n<p>Parte No.5: P\u00e1gina de Facebook e Instagram Optimas. <\/p>\n<p>Parte No.6: Creando p\u00fablicos Importantes.<\/p>\n<p>Parte No.7: Estudiando audiencias econ\u00f3micas.<\/p>\n<p>Parte No.8: Segmentaci\u00f3n \u00d3ptima.<\/p>\n<p>Parte No.9: Testeo en bajo presupuesto. <\/p>\n<p>Parte No.10: Campa\u00f1a en bajo presupuesto.<\/p>\n<p>Parte No.11: Optimizando campa\u00f1as.<\/p>\n<p>Parte No.12: C\u00f3mo recuperar los pagos iniciados generados. <\/p>\n<p>Parte No.13: Selecci\u00f3n de los mejores productos para vender.<\/p>\n<p>Parte No.14: Recursos adicionales.<\/p>\n<p>Bono 1: La salsa secreta de los Creativos que convierten. <\/p>\n<p>Bono 2: Secreto para convertir a cualquier visitante de tu web.<\/p>\n<p>Bono 3: \u00daltimo paso al \u00e9xito.<\/p>\n<p>ACERCA DEL PRODUCTOR:<\/p>\n<p>Desarrollado por JUAN CALDER\u00d3N Y ANDREA QUINCENO; AMBOS, Traffickers Digitales que han logrado obtener resultados sorprendentes desde el primer mes de lanzar campa\u00f1as con Facebook. Juntos, te revelan la metodolog\u00eda paso a paso que los llev\u00f3 a lograr estos resultados.<\/p>\n","protected":false},"excerpt":{"rendered":"<p>\u201cNo es magia, tampoco suerte\u2026 es el secreto mejor guardado de nuestra metodolog\u00eda de VENTA DIRECTA por FACEBOOK ADS A BAJO COSTO. Ahora, est\u00e1 en tus manos\u201d<\/p>\n<p>Muchos marketers caen en el error de invertir miles de d\u00f3lares en capacitaciones sobre Facebook Ads y mentor\u00edas para manejar su publicidad. En ocasiones, complican todo perdiendo mucho dinero en el camino.<\/p>\n<p>En este MasterClass, hemos desarrollado una f\u00f3rmula \u00fanica para tener ventas recurrentes a un bajo costo, dejando altos m\u00e1rgenes de ganancia y manteniendo la simplicidad en el proceso.<\/p>\n","protected":false},"featured_media":5044,"template":"","meta":{"_joinchat":[]},"product_brand":[],"product_cat":[333,344],"product_tag":[],"class_list":{"0":"post-13153","1":"product","2":"type-product","3":"status-publish","4":"has-post-thumbnail","6":"product_cat-negocios-y-marketing","7":"product_cat-todos","9":"first","10":"instock","11":"sale","12":"shipping-taxable","13":"product-type-external"},"_links":{"self":[{"href":"https:\/\/www.cursos.olgavelez.co\/cu\/wp-json\/wp\/v2\/product\/13153","targetHints":{"allow":["GET"]}}],"collection":[{"href":"https:\/\/www.cursos.olgavelez.co\/cu\/wp-json\/wp\/v2\/product"}],"about":[{"href":"https:\/\/www.cursos.olgavelez.co\/cu\/wp-json\/wp\/v2\/types\/product"}],"version-history":[{"count":2,"href":"https:\/\/www.cursos.olgavelez.co\/cu\/wp-json\/wp\/v2\/product\/13153\/revisions"}],"predecessor-version":[{"id":14879,"href":"https:\/\/www.cursos.olgavelez.co\/cu\/wp-json\/wp\/v2\/product\/13153\/revisions\/14879"}],"wp:featuredmedia":[{"embeddable":true,"href":"https:\/\/www.cursos.olgavelez.co\/cu\/wp-json\/wp\/v2\/media\/5044"}],"wp:attachment":[{"href":"https:\/\/www.cursos.olgavelez.co\/cu\/wp-json\/wp\/v2\/media?parent=13153"}],"wp:term":[{"taxonomy":"product_brand","embeddable":true,"href":"https:\/\/www.cursos.olgavelez.co\/cu\/wp-json\/wp\/v2\/product_brand?post=13153"},{"taxonomy":"product_cat","embeddable":true,"href":"https:\/\/www.cursos.olgavelez.co\/cu\/wp-json\/wp\/v2\/product_cat?post=13153"},{"taxonomy":"product_tag","embeddable":true,"href":"https:\/\/www.cursos.olgavelez.co\/cu\/wp-json\/wp\/v2\/product_tag?post=13153"}],"curies":[{"name":"wp","href":"https:\/\/api.w.org\/{rel}","templated":true}]}}