{"id":13152,"date":"2023-01-10T04:41:52","date_gmt":"2023-01-10T07:41:52","guid":{"rendered":"https:\/\/www.cursos.olgavelez.co\/cu\/?post_type=product&#038;p=13152"},"modified":"2023-09-20T16:06:01","modified_gmt":"2023-09-20T19:06:01","slug":"instagram-explotion","status":"publish","type":"product","link":"https:\/\/www.cursos.olgavelez.co\/cu\/producto\/instagram-explotion\/","title":{"rendered":"INSTAGRAM EXPLOTION"},"content":{"rendered":"<p>\u201cAprende un sistema comprobado y efectivo para crear una comunidad fiel en Instagram\u201d<\/p>\n<p>Este es el m\u00e9todo que le permiti\u00f3 a su creadora AGUSTINA DE ANCHORENA a conseguir sus primeros 10 mil seguidores en menos de 2 meses para generar conversiones\/ventas<\/p>\n<p>\u00bfTe imaginas lo que podr\u00edas lograr con una comunidad fiel en Instagram que crece todos los d\u00edas?<\/p>\n<p>\u00bfQU\u00c9 VAS A LOGRAR?<\/p>\n<p>Interiorizar las t\u00e9cnicas de Instagram que le ayuden a tu negocio\/marca personal a generar resultados contundentes.<\/p>\n<p>Tomar decisiones importantes al aprender un sistema probado y en tiempo record.<\/p>\n<p>Hacer que tu Bio genere confianza r\u00e1pidamente y tu perfil se convierta en un im\u00e1n de nuevos seguidores.<\/p>\n<p>Convertirte en una m\u00e1quina de generaci\u00f3n de nuevas ideas para crear contenidos de valor.<\/p>\n<p>Usar los hashtags de la forma correcta para atraer a la gente adecuada y no simplemente bots que te dejan comentarios gen\u00e9ricos y emoticones.<\/p>\n<p>Hacer que tu audiencia se involucre con tu marca y proceso de crecimiento.<\/p>\n<p>Tener una estrategia de contenidos coherente con tu identidad de marca para que nunca m\u00e1s digas: \u00bfY ahora qu\u00e9 publico?<\/p>\n<p>Las mejores estrategias de crecimiento org\u00e1nico y con anuncios.<\/p>\n<p>Vas a aprender a implementar estrategias org\u00e1nicas y pagas para que tus contenidos se destaquen y lleguen a tu audiencia objetivo.<\/p>\n<p>Te voy a ense\u00f1ar todo lo que tienes que saber para dominar el algoritmo de Instagram.<\/p>\n<p>Vas a contar con el apoyo de la productora del curso desde el grupo privado de alumnos en Facebook.<\/p>\n<p>El curso cuenta con una gu\u00eda pr\u00e1ctica de implementaci\u00f3n para ayudarte a ir llevando a la pr\u00e1ctica todo lo que vas aprendiendo.<\/p>\n<p>Incluye un calendario de contenidos con fechas clave y un plan para publicar en Instagram. <\/p>\n<p>\u00bfC\u00d3MO LO VAS A LOGRAR?<\/p>\n<p>A partir de un curso con tutoriales de video y recursos complementarios que te van a ayudar a llevar a la pr\u00e1ctica todo lo aprendido con los siguientes m\u00f3dulos:<\/p>\n<p>Cap 1. Los puntos claves que vas a necesitar para tener \u00e9xito.<br \/>\nCap 2. Por qu\u00e9 es tan importante Instagram para tu negocio.<br \/>\nCap 3. Los 3 mejores nichos.<br \/>\nCap 4 Qui\u00e9nes son tus seguidores ideales.<br \/>\nCap 5 C\u00f3mo adaptar tu perfil para que sea atractivo.<br \/>\nCap 6. Los secretos del algoritmo de Instagram.<br \/>\nCap 7. Lo que nadie te cont\u00f3 acerca de los hashtags.<br \/>\nCap 8 Entendiendo las m\u00e9tricas de tu cuenta.<br \/>\nCap 9. Calendario de contenidos con fechas clave.<br \/>\nCap 10. Ideas para tus contenidos.<br \/>\nCap 11 Plan para publicar en Instagram.<br \/>\nCap 12 Aprende a editar tus fotos como un profesional de forma f\u00e1cil.<br \/>\nCap 13 Secretos para destacar tus historias.<br \/>\nCap 14 Potencia tu Instagram con IGTV.<br \/>\nCap 15 Convi\u00e9rtete en un experto del Copywriting.<br \/>\nCap 16 Secreto para potenciar tu tr\u00e1fico org\u00e1nico.<br \/>\nCap 17 Lo que NO tienes que hacer.<br \/>\nCap 18 Tengo que invertir en anuncio_ Cu\u00e1nto_<br \/>\nCap 19 C\u00f3mo crear tu primera campa\u00f1a en Instagram.<br \/>\nCap 20 Optimiza tus campa\u00f1as para conseguir m\u00e1s seguidores.<br \/>\nCap 21 Aprovecha cada centavo invertido para conseguir resultados reales con este truco secreto.<br \/>\nCap 22 Conoce los secretos para viralizar tus Reels.<br \/>\nCap 23 Gu\u00eda Pr\u00e1ctica: \u00a1A poner en pr\u00e1ctica todo lo aprendido!<br \/>\n\u00a1Bonus!: Mejora tus fotos con filtros preestablecidos de Lightroom.<\/p>\n<p>ACERCA DE LA PRODUCTORA:<\/p>\n<p>Desarrollado por AGUSTINA DE ANCHORENA. Renunci\u00f3 a su trabajo tradicional para dedicarse de lleno a hacer lo que m\u00e1s me apasiona; ayudar a emprendedores a crear y crecer su negocio o marca personal en Instagram.<\/p>\n<p>En su canal de YouTube y cuenta de Instagram da consejos sobre marketing en redes y consigue cientos de seguidores nuevos todos los d\u00edas. Le ense\u00f1a a las personas c\u00f3mo hacerlo y monetizar.<\/p>\n<p>TESTIMONIOS<\/p>\n<p>Ana Dom\u00ednguez<br \/>\n\u201cTuve una experiencia incre\u00edblemente enriquecedora con este curso ya que aprend\u00ed lo que vine a buscar. Agus es muy clara y efectiva. Muy did\u00e1ctica a la hora de explicar y la plataforma que utiliz\u00f3 para ense\u00f1arnos la maneja muy bien\u201d<\/p>\n<p>Bel\u00e9n Torres<br \/>\n\u201cAgus es una excelente comunicadora y la metodolog\u00eda del curso es f\u00e1cil de implementar.<br \/>\nTengo una cuenta de comida saludable y desde que empec\u00e9 a implementar las estrategias que ense\u00f1a Agus ya consegu\u00ed m\u00e1s de 5.000 followers en las \u00faltimas semanas\u2026 !S\u00faper recomendado!<\/p>\n<p>Mar\u00eda Lucero<br \/>\nAgus, el curso me encanta! Estoy feliz con la info y las herramientas que voy adquiriendo. Sos una genia. \u00a1Ya actualic\u00e9 todo el feed de nuestro Instagram con las herramientas que va tomando del curso y empiezo a tener resultados!! \u00a1Amo hacerlo y est\u00e1 excelente!<\/p>\n","protected":false},"excerpt":{"rendered":"<p>\u201cAprende un sistema comprobado y efectivo para crear una comunidad fiel en Instagram\u201d<\/p>\n<p>Este es el m\u00e9todo que le permiti\u00f3 a su creadora AGUSTINA DE ANCHORENA a conseguir sus primeros 10 mil seguidores en menos de 2 meses para generar conversiones\/ventas<\/p>\n<p>\u00bfTe imaginas lo que podr\u00edas lograr con una comunidad fiel en Instagram que crece todos los d\u00edas?<\/p>\n","protected":false},"featured_media":5042,"template":"","meta":{"_joinchat":[]},"product_brand":[],"product_cat":[333,344],"product_tag":[],"class_list":{"0":"post-13152","1":"product","2":"type-product","3":"status-publish","4":"has-post-thumbnail","6":"product_cat-negocios-y-marketing","7":"product_cat-todos","9":"first","10":"instock","11":"sale","12":"shipping-taxable","13":"product-type-external"},"_links":{"self":[{"href":"https:\/\/www.cursos.olgavelez.co\/cu\/wp-json\/wp\/v2\/product\/13152","targetHints":{"allow":["GET"]}}],"collection":[{"href":"https:\/\/www.cursos.olgavelez.co\/cu\/wp-json\/wp\/v2\/product"}],"about":[{"href":"https:\/\/www.cursos.olgavelez.co\/cu\/wp-json\/wp\/v2\/types\/product"}],"version-history":[{"count":2,"href":"https:\/\/www.cursos.olgavelez.co\/cu\/wp-json\/wp\/v2\/product\/13152\/revisions"}],"predecessor-version":[{"id":14878,"href":"https:\/\/www.cursos.olgavelez.co\/cu\/wp-json\/wp\/v2\/product\/13152\/revisions\/14878"}],"wp:featuredmedia":[{"embeddable":true,"href":"https:\/\/www.cursos.olgavelez.co\/cu\/wp-json\/wp\/v2\/media\/5042"}],"wp:attachment":[{"href":"https:\/\/www.cursos.olgavelez.co\/cu\/wp-json\/wp\/v2\/media?parent=13152"}],"wp:term":[{"taxonomy":"product_brand","embeddable":true,"href":"https:\/\/www.cursos.olgavelez.co\/cu\/wp-json\/wp\/v2\/product_brand?post=13152"},{"taxonomy":"product_cat","embeddable":true,"href":"https:\/\/www.cursos.olgavelez.co\/cu\/wp-json\/wp\/v2\/product_cat?post=13152"},{"taxonomy":"product_tag","embeddable":true,"href":"https:\/\/www.cursos.olgavelez.co\/cu\/wp-json\/wp\/v2\/product_tag?post=13152"}],"curies":[{"name":"wp","href":"https:\/\/api.w.org\/{rel}","templated":true}]}}