{"id":13151,"date":"2023-01-10T04:41:52","date_gmt":"2023-01-10T07:41:52","guid":{"rendered":"https:\/\/www.cursos.olgavelez.co\/cu\/?post_type=product&#038;p=13151"},"modified":"2023-09-20T16:06:01","modified_gmt":"2023-09-20T19:06:01","slug":"el-negocio-de-la-alta-costura","status":"publish","type":"product","link":"https:\/\/www.cursos.olgavelez.co\/cu\/producto\/el-negocio-de-la-alta-costura\/","title":{"rendered":"EL NEGOCIO DE LA ALTA COSTURA"},"content":{"rendered":"<p>Aprende todos los procesos de la industria de la alta costura, sin secretos y complicaciones, aprende desde cero y de manera pr\u00e1ctica todos los conceptos b\u00e1sicos de una de las industrias m\u00e1s rentables en el mundo, la moda.<\/p>\n<p>\u201cCrea y optimiza los procesos de la industria de la confecci\u00f3n y la alta costura de forma efectiva y escalable\u201d.<\/p>\n<p>\u00bfTe gustar\u00eda llevar tu taller de confecci\u00f3n de alta costura a otro nivel?<\/p>\n<p>En este curso El Negocio de la Alta Costura 100% online podr\u00e1s atraer clientes nuevos a trav\u00e9s del marketing digital y optimizar los procesos de tu taller con clientes actuales. Est\u00e1 dise\u00f1ado para escalar tu negocio a medida que este crece.<\/p>\n<p>\u00bfQU\u00c9 VAS A LOGRAR?<\/p>\n<p>Aprende desde que tipos de m\u00e1quinas debes usar para el negocio.<br \/>\nConoce los diferentes insumos, herramientas y materiales para tu negocio.<br \/>\nAprende f\u00e1cil c\u00f3mo encontrar proveedores cerca de tu negocio.<br \/>\nTen acceso a formatos descargables para optimizar y garantizar un excelente servicio.<br \/>\nCuenta con una gu\u00eda desde: la captaci\u00f3n de clientes hasta la entrega de la colecci\u00f3n.<br \/>\nCaptar clientes por medio de anuncios a trav\u00e9s de Facebook e Instagram.<br \/>\nDesarrollar procesos efectivos de patronaje, corte y confecci\u00f3n.<br \/>\nAprende patronaje b\u00e1sico.<br \/>\nAplicar herramientas de base tecnol\u00f3gica para soporte al cliente.<br \/>\nIdentificar diferentes l\u00edneas de negocio de la industria y las oportunidades existentes.<br \/>\nAdministra tus clientes de forma efectiva.<br \/>\nEncuentra el personal capacitado para tu negocio.<br \/>\nAprende c\u00f3mo tomar las medidas anat\u00f3micas de forma correcta.<br \/>\nAcceder a herramientas tecnol\u00f3gicas sincronizadas con los procesos industriales.<br \/>\nArticular la producci\u00f3n, la experiencia de usuario, la calidad y servicio al cliente.<br \/>\nConoce los diferentes tipos de telas.<br \/>\nCrea el logo de tu taller de confecci\u00f3n.<br \/>\nAprende a desarrollar piezas gr\u00e1ficas para tus redes sociales.<br \/>\nConfigura WhatsApp para negocios.<br \/>\nAprende a captar clientes con campa\u00f1as publicitarias en facebook.<\/p>\n<p>Al final de este curso, podr\u00e1s captar nuevos clientes cerca de tu negocio, optimizar tus procesos y llevar tu taller de confecci\u00f3n de alta costura al siguiente nivel. Posiciona tu negocio a trav\u00e9s del marketing digital en internet y conoce TODOS los procesos para impulsar tu taller de alta costura.<\/p>\n<p>ACERCA DEL PRODUCTOR:<\/p>\n<p>Creado por Diego Garc\u00eda, administrador por m\u00e1s de 6 a\u00f1os en el Costurero Taller de Confecci\u00f3n. Taller que ha logrado posicionarse en la industria de la moda a nivel nacional e internacional, participando en varias pasarelas importantes de la alta costura. Ha trabajado con marcas de ropa exclusiva en Colombia, la cuales ha vestido modelos y celebridades importantes en Colombia.<\/p>\n<p>\u00bfC\u00d3MO LO VAS A LOGRAR?<\/p>\n<p>Este MasterClass te ense\u00f1ar\u00e1 de manera pr\u00e1ctica todo el proceso para incursionar desde cero en la industria de la moda y la alta costura, aprender\u00e1s toda la l\u00ednea de producci\u00f3n para suplir la demanda de tus clientes y por qu\u00e9 no, crear tu propia colecci\u00f3n. Aprender\u00e1s cu\u00e1les son los materiales que debes usar para tu negocio, como hacer cotizaciones, tomar correctamente las medidas anat\u00f3micas, hasta c\u00f3mo atraer nuevos clientes por medio de una marca corporativa y el marketing digital.<\/p>\n<p>Todo lo anterior, a trav\u00e9s del siguiente contenido estructurado paso a paso:<\/p>\n<p>M\u00d3DULO 1<\/p>\n<p>1. Intro &#8211; Bienvenida \u00bfQu\u00e9 vamos a lograr y c\u00f3mo lo vamos a lograr?<br \/>\n2. Nuestra Experiencia<br \/>\n3. Maquinaria Tipos de m\u00e1quinas<br \/>\n4. Herramientas y Materiales<br \/>\n5. Insumos<br \/>\n6. Conoce las diferentes l\u00edneas de negocio<br \/>\n7. Encuentra tus proveedores<\/p>\n<p>M\u00d3DULO 2<\/p>\n<p>1. Estructura de los procesos de producci\u00f3n<br \/>\n2. Formato cotizaci\u00f3n (archivo adjunto)<br \/>\n3. Formato solicitud de pedido (archivo adjunto)<br \/>\n4. Formato acta de recibido de telas e insumos (archivo adjunto)<br \/>\n5. Formato tabla de medidas (archivo adjunto)<br \/>\n6. Estaci\u00f3n Patronaje<br \/>\n7. Estaci\u00f3n Corte<br \/>\n8. Estaci\u00f3n Confecci\u00f3n<br \/>\n9. Estaci\u00f3n Control de calidad<br \/>\n10. B\u00fasqueda de personal capacitado con Facebook<br \/>\n11. Administra tus clientes con Google Drive<br \/>\n12. Tipos de Telas<br \/>\n13. Toma de medidas Anat\u00f3micas<br \/>\n14. Crea tu primer patr\u00f3n b\u00e1sico de blusa.<br \/>\n15. Proceso completo blusa ( Patronaje, corte y confecci\u00f3n)<br \/>\n16. Preguntas Frecuentes<\/p>\n<p>M\u00d3DULO 3<\/p>\n<p>1. Branding &#8211; Creaci\u00f3n de logo<br \/>\n2. Creaci\u00f3n de posts para redes sociales<br \/>\n3. Creaci\u00f3n fanpage y campa\u00f1a publicitaria en facebook<br \/>\n4. Whatsapp para negocios<br \/>\n5. Manychat Messenger<br \/>\n6. Clientes con Instagram org\u00e1nico<\/p>\n","protected":false},"excerpt":{"rendered":"<p>Aprende todos los procesos de la industria de la alta costura, sin secretos y complicaciones, aprende desde cero y de manera pr\u00e1ctica todos los conceptos b\u00e1sicos de una de las industrias m\u00e1s rentables en el mundo, la moda.<\/p>\n<p>\u201cCrea y optimiza los procesos de la industria de la confecci\u00f3n y la alta costura de forma efectiva y escalable\u201d.<\/p>\n<p>\u00bfTe gustar\u00eda llevar tu taller de confecci\u00f3n de alta costura a otro nivel?<\/p>\n<p>En este curso El Negocio de la Alta Costura 100% online podr\u00e1s atraer clientes nuevos a trav\u00e9s del marketing digital y optimizar los procesos de tu taller con clientes actuales. Est\u00e1 dise\u00f1ado para escalar tu negocio a medida que este crece.<\/p>\n","protected":false},"featured_media":5041,"template":"","meta":{"_joinchat":[]},"product_brand":[],"product_cat":[333,344],"product_tag":[],"class_list":{"0":"post-13151","1":"product","2":"type-product","3":"status-publish","4":"has-post-thumbnail","6":"product_cat-negocios-y-marketing","7":"product_cat-todos","9":"first","10":"instock","11":"sale","12":"shipping-taxable","13":"product-type-external"},"_links":{"self":[{"href":"https:\/\/www.cursos.olgavelez.co\/cu\/wp-json\/wp\/v2\/product\/13151","targetHints":{"allow":["GET"]}}],"collection":[{"href":"https:\/\/www.cursos.olgavelez.co\/cu\/wp-json\/wp\/v2\/product"}],"about":[{"href":"https:\/\/www.cursos.olgavelez.co\/cu\/wp-json\/wp\/v2\/types\/product"}],"version-history":[{"count":2,"href":"https:\/\/www.cursos.olgavelez.co\/cu\/wp-json\/wp\/v2\/product\/13151\/revisions"}],"predecessor-version":[{"id":14877,"href":"https:\/\/www.cursos.olgavelez.co\/cu\/wp-json\/wp\/v2\/product\/13151\/revisions\/14877"}],"wp:featuredmedia":[{"embeddable":true,"href":"https:\/\/www.cursos.olgavelez.co\/cu\/wp-json\/wp\/v2\/media\/5041"}],"wp:attachment":[{"href":"https:\/\/www.cursos.olgavelez.co\/cu\/wp-json\/wp\/v2\/media?parent=13151"}],"wp:term":[{"taxonomy":"product_brand","embeddable":true,"href":"https:\/\/www.cursos.olgavelez.co\/cu\/wp-json\/wp\/v2\/product_brand?post=13151"},{"taxonomy":"product_cat","embeddable":true,"href":"https:\/\/www.cursos.olgavelez.co\/cu\/wp-json\/wp\/v2\/product_cat?post=13151"},{"taxonomy":"product_tag","embeddable":true,"href":"https:\/\/www.cursos.olgavelez.co\/cu\/wp-json\/wp\/v2\/product_tag?post=13151"}],"curies":[{"name":"wp","href":"https:\/\/api.w.org\/{rel}","templated":true}]}}