{"id":13150,"date":"2023-01-10T04:41:52","date_gmt":"2023-01-10T07:41:52","guid":{"rendered":"https:\/\/www.cursos.olgavelez.co\/cu\/?post_type=product&#038;p=13150"},"modified":"2023-09-20T16:06:01","modified_gmt":"2023-09-20T19:06:01","slug":"facebook-ads-para-psicologos","status":"publish","type":"product","link":"https:\/\/www.cursos.olgavelez.co\/cu\/producto\/facebook-ads-para-psicologos\/","title":{"rendered":"FACEBOOK ADS PARA PSIC\u00d3LOGOS"},"content":{"rendered":"<p>\u201cSi eres psic\u00f3logo o Coach, aprende con este MasterClass a conseguir pacientes y clientes al mismo tiempo que creas y posicionas tu marca personal, usando Facebook Ads\u201d<\/p>\n<p>\u00bfC\u00f3mo ser\u00eda tu negocio si no tuvieras que estar preocupado sobre la forma de conseguir nuevos Pacientes? llena tu lista de espera tan f\u00e1cil como si abrieras un grifo.<\/p>\n<p>El sector de la Psicolog\u00eda y el Coaching, en su mayor\u00eda hace uso de publicidad obsoleta que genera altos costos en dinero y tiempo sin lograr grandes resultados. Algunos profesionales exitosos, contratan a una agencia de publicidad digital que desarrolla esta labor.<\/p>\n<p>Con este MasterClass desarrollar\u00e1s la capacidad para crear tu propia agencia digital enfocada a este nicho y de esta forma, crear tus propias estrategias o guiar a otros a que lo hagan.<\/p>\n<p>\u00bfQU\u00c9 VAS A LOGRAR?<\/p>\n<p>Crear tu propia estrategia de marketing digital para tu servicio de PSICOLOG\u00cdA O COACHING.<\/p>\n<p>Conocer a tu potencial paciente\/cliente de forma profunda y as\u00ed dirigirte a las personas adecuadas.<\/p>\n<p>Crear tu propia p\u00e1gina web de aterrizaje o landing page.<\/p>\n<p>Configurar correctamente tu cuenta publicitaria en Facebook.<\/p>\n<p>Crear dos campa\u00f1as publicitarias distintas en Facebook e Instagram como parte del embudo.<\/p>\n<p>Crear campa\u00f1as en Google Ads y generar posicionamiento y altos niveles de recordaci\u00f3n.<\/p>\n<p>Aprender c\u00f3mo crear toda una estrategia que te ayude a atraer de forma continua y en autom\u00e1tico a potenciales clientes a tu servicio Psicol\u00f3gico o de Coaching.<\/p>\n<p>Lograr el estilo de vida al que aspiraste cuando decidiste dedicar muchas horas a estudiar tu profesi\u00f3n y emprender.<\/p>\n<p>Desarrollar un embudo de captaci\u00f3n de clientes online, paso a paso y de forma f\u00e1cil.<\/p>\n<p>Contar con las herramientas que existen en la actualidad, sin que necesites tener conocimientos de dise\u00f1o previos.<\/p>\n<p>\u00bfC\u00d3MO LO VAS A LOGRAR?<\/p>\n<p>Siguiendo una serie de v\u00eddeos totalmente pr\u00e1cticos y aplicables, conseguir\u00e1s tener montado tu Embudo. Aquel, una vez creado, puede trabajar de forma autom\u00e1tica para tu negocio. <\/p>\n<p>Este MasterClass est\u00e1 estructurado de la siguiente forma:<\/p>\n<p>Video 1. Introducci\u00f3n.<br \/>\nVideo 2. Estrategia Global.<br \/>\nVideo 3. Creaci\u00f3n De Landing Page En Getresponse.<br \/>\nVideo 4. Configurando Tu Cuenta Publicitaria.<br \/>\nVideo 5. El Pixel De Facebook.<br \/>\nVideo 6. Campa\u00f1as En Facebook De Clientes Potenciales.<br \/>\nVideo 7. Campa\u00f1as De Conversi\u00f3n En Facebook e Instagram.<br \/>\nV\u00eddeo 8. Administrador de anuncios Pro.<br \/>\nVideo 9. Google Ads Y retargeting en Facebook.<br \/>\nVideo 10. Resumen Final Embudo.<\/p>\n<p>COMPLEMENTARIO:<\/p>\n<p>Extra-Email Marketing con Geteresponse &#8211; Autoresponders.<br \/>\nExtra Presupuesto de Campa\u00f1as y Tips de Segmentaci\u00f3n.<br \/>\nCampa\u00f1as destino a WhatsApp.<br \/>\nExtra Actualizaci\u00f3n Cambios Facebook para campa\u00f1as de conversi\u00f3n.<\/p>\n<p>DESARROLLADO POR:<\/p>\n<p>TANIA MAR\u00cdN, fundadora de TM Traffick, experta en Marketing Digital, embudos de ventas e-mail marketing, especializada en el Instituto de Tr\u00e1fico Online y en la Academia de Tr\u00e1fico Web.<\/p>\n<p>Amante del marketing y la automatizaci\u00f3n. Ha ayudado a profesionales y empresas de varios sectores; entre ellos el sector de la psicolog\u00eda y el Coaching a digitalizar su estrategia, generando resultados contundentes para su propio negocio y como consultora de clientes y empresas.<\/p>\n","protected":false},"excerpt":{"rendered":"<p>\u201cSi eres psic\u00f3logo o Coach, aprende con este MasterClass a conseguir pacientes y clientes al mismo tiempo que creas y posicionas tu marca personal, usando Facebook Ads\u201d<\/p>\n<p>\u00bfC\u00f3mo ser\u00eda tu negocio si no tuvieras que estar preocupado sobre la forma de conseguir nuevos Pacientes? llena tu lista de espera tan f\u00e1cil como si abrieras un grifo.<\/p>\n<p>El sector de la Psicolog\u00eda y el Coaching, en su mayor\u00eda hace uso de publicidad obsoleta que genera altos costos en dinero y tiempo sin lograr grandes resultados. Algunos profesionales exitosos, contratan a una agencia de publicidad digital que desarrolla esta labor.<\/p>\n<p>Con este MasterClass desarrollar\u00e1s la capacidad para crear tu propia agencia digital enfocada a este nicho y de esta forma, crear tus propias estrategias o guiar a otros a que lo hagan.<\/p>\n","protected":false},"featured_media":5040,"template":"","meta":{"_joinchat":[]},"product_brand":[],"product_cat":[333,344],"product_tag":[],"class_list":{"0":"post-13150","1":"product","2":"type-product","3":"status-publish","4":"has-post-thumbnail","6":"product_cat-negocios-y-marketing","7":"product_cat-todos","9":"first","10":"instock","11":"sale","12":"shipping-taxable","13":"product-type-external"},"_links":{"self":[{"href":"https:\/\/www.cursos.olgavelez.co\/cu\/wp-json\/wp\/v2\/product\/13150","targetHints":{"allow":["GET"]}}],"collection":[{"href":"https:\/\/www.cursos.olgavelez.co\/cu\/wp-json\/wp\/v2\/product"}],"about":[{"href":"https:\/\/www.cursos.olgavelez.co\/cu\/wp-json\/wp\/v2\/types\/product"}],"version-history":[{"count":2,"href":"https:\/\/www.cursos.olgavelez.co\/cu\/wp-json\/wp\/v2\/product\/13150\/revisions"}],"predecessor-version":[{"id":14876,"href":"https:\/\/www.cursos.olgavelez.co\/cu\/wp-json\/wp\/v2\/product\/13150\/revisions\/14876"}],"wp:featuredmedia":[{"embeddable":true,"href":"https:\/\/www.cursos.olgavelez.co\/cu\/wp-json\/wp\/v2\/media\/5040"}],"wp:attachment":[{"href":"https:\/\/www.cursos.olgavelez.co\/cu\/wp-json\/wp\/v2\/media?parent=13150"}],"wp:term":[{"taxonomy":"product_brand","embeddable":true,"href":"https:\/\/www.cursos.olgavelez.co\/cu\/wp-json\/wp\/v2\/product_brand?post=13150"},{"taxonomy":"product_cat","embeddable":true,"href":"https:\/\/www.cursos.olgavelez.co\/cu\/wp-json\/wp\/v2\/product_cat?post=13150"},{"taxonomy":"product_tag","embeddable":true,"href":"https:\/\/www.cursos.olgavelez.co\/cu\/wp-json\/wp\/v2\/product_tag?post=13150"}],"curies":[{"name":"wp","href":"https:\/\/api.w.org\/{rel}","templated":true}]}}