{"id":13149,"date":"2023-01-10T04:41:52","date_gmt":"2023-01-10T07:41:52","guid":{"rendered":"https:\/\/www.cursos.olgavelez.co\/cu\/?post_type=product&#038;p=13149"},"modified":"2023-09-20T16:06:01","modified_gmt":"2023-09-20T19:06:01","slug":"tiktok-que-vende","status":"publish","type":"product","link":"https:\/\/www.cursos.olgavelez.co\/cu\/producto\/tiktok-que-vende\/","title":{"rendered":"TIKTOK QUE VENDE"},"content":{"rendered":"<p>\u00bfSab\u00edas que TikTok es la Aplicaci\u00f3n m\u00e1s descargada en todo el mundo?<\/p>\n<p>Con m\u00e1s de 2 billones de descargas se perfila para superar por mucho a Instagram y Facebook. <\/p>\n<p>Aqu\u00ed, est\u00e1 todo para que dejes de ver TikTok como una red social \u201cpara perder el tiempo\u201d; como com\u00fanmente afirman algunas personas o con el objetivo de realizar bailes coreogr\u00e1ficos y comedias. <\/p>\n<p>Los likes y mostrarte tanto no pagar\u00e1n tus cuentas\u2026 una buena estrategia, \u00a1SI!<\/p>\n<p>\u00bfQU\u00c9 VAS A LOGRAR?<\/p>\n<p>Conocer el primer programa en espa\u00f1ol que te explica desde cero, c\u00f3mo puedes tener + de 200 mil seguidores en 60 d\u00edas y generar dinero con tu nueva comunidad.<br \/>\nMonetizar a trav\u00e9s de TikTok que marcar\u00e1 esa delgada l\u00ednea que separa el \u00e9xito y el fracaso de una estrategia publicitaria adaptada a las nuevas tendencias.<br \/>\nDesarrollar tu propio negocio, marca personal y el eCommerce de Productos Digitales con \u00e9xito.<br \/>\nGenerar tr\u00e1fico org\u00e1nico a tus sitios web, es decir, sin pagar en publicidad.<br \/>\nAdquirir clientes potenciales y obtener altos ingresos con estrategias reales, simples y efectivas.<br \/>\nAtraer a los Millennials y la nueva comunidad de Centennials que se conecta perfectamente con los contenidos de TikTok.<br \/>\nAcceso ilimitado para toda la vida con actualizaciones permanentes.<br \/>\nAcceso al certificado descargable avalado por Hotmart y SeminariosOnline. <\/p>\n<p>ACERCA DE LA PRODUCTORA:<\/p>\n<p>Desarrollado por ELIANNY Y\u00c1NEZ, con 2 millones de seguidores en TikTok en 8 meses y + de 500 alumnos capacitados. Elianny es una joven emprendedora que un d\u00eda se cans\u00f3 de trabajar por los sue\u00f1os de otros en un empleo y tom\u00f3 la decisi\u00f3n de construir y hacer realidad sus sue\u00f1os.<\/p>\n<p>Ha desarrollado herramientas, estrategias y sistemas digitales para diversificar los ingresos de las personas a trav\u00e9s del internet. <\/p>\n<p>\u00bfC\u00d3MO LO VAS A LOGRAR?<\/p>\n<p>Con una metodolog\u00eda probada, paso a paso con la que en muy poco tiempo puedas tener resultados monetizando a trav\u00e9s de tu cuenta de TikTok. Incluye herramientas y trucos para que aceleres tus resultados al m\u00e1ximo<br \/>\nEstas son las tem\u00e1ticas que vas a encontrar en el curso:<\/p>\n<p>M\u00f3dulo No. 1 Bienvenida.<br \/>\nM\u00f3dulo No. 2 Introducci\u00f3n a TikTok.<br \/>\nM\u00f3dulo No. 3 Empezar a Utilizar TikTok como un PRO.<br \/>\nM\u00f3dulo No. 4 Los 4 Fundamentos para \u00c9xito en TikTok.<br \/>\nM\u00f3dulo No. 5 Estrategias para Crear Contenidos.<br \/>\nM\u00f3dulo No. 6 Estrategias para Viralizaci\u00f3n de Tus V\u00eddeos.<br \/>\nM\u00f3dulo No. 7 Errores que NO Debes Cometer en TikTok<br \/>\nM\u00f3dulo No. 8 Tips de Crecimiento Acelerado en TikTok<br \/>\nM\u00f3dulo No. 9 C\u00f3mo Monetizar TikTok.<br \/>\nM\u00f3dulo No. 10 Monetizar TikTok: Marketing de Afiliados.<br \/>\nM\u00f3dulo No. 11 Monetizar TikTok: Vendiendo Tus Propios Productos\/Servicios.<\/p>\n<p>Adem\u00e1s cuentas con unos bonos exclusivos:<\/p>\n<p>BONO No. 1 Como Promocionar y Generar Ventas \u201cSin Ser Pesado\u201d.<br \/>\nBONO No. 2 Comunidad en Telegram.<br \/>\nBONO No. 3 Soporte.<br \/>\nBONO No. 4 Herramientas de Automatizaci\u00f3n.<\/p>\n","protected":false},"excerpt":{"rendered":"<p>\u00bfSab\u00edas que TikTok es la Aplicaci\u00f3n m\u00e1s descargada en todo el mundo?<\/p>\n<p>Con m\u00e1s de 2 billones de descargas se perfila para superar por mucho a Instagram y Facebook. <\/p>\n<p>Aqu\u00ed, est\u00e1 todo para que dejes de ver TikTok como una red social \u201cpara perder el tiempo\u201d; como com\u00fanmente afirman algunas personas o con el objetivo de realizar bailes coreogr\u00e1ficos y comedias. <\/p>\n<p>Los likes y mostrarte tanto no pagar\u00e1n tus cuentas\u2026 una buena estrategia, \u00a1SI!<\/p>\n","protected":false},"featured_media":5039,"template":"","meta":{"_joinchat":[]},"product_brand":[],"product_cat":[333,344],"product_tag":[],"class_list":{"0":"post-13149","1":"product","2":"type-product","3":"status-publish","4":"has-post-thumbnail","6":"product_cat-negocios-y-marketing","7":"product_cat-todos","9":"first","10":"instock","11":"sale","12":"shipping-taxable","13":"product-type-external"},"_links":{"self":[{"href":"https:\/\/www.cursos.olgavelez.co\/cu\/wp-json\/wp\/v2\/product\/13149","targetHints":{"allow":["GET"]}}],"collection":[{"href":"https:\/\/www.cursos.olgavelez.co\/cu\/wp-json\/wp\/v2\/product"}],"about":[{"href":"https:\/\/www.cursos.olgavelez.co\/cu\/wp-json\/wp\/v2\/types\/product"}],"version-history":[{"count":2,"href":"https:\/\/www.cursos.olgavelez.co\/cu\/wp-json\/wp\/v2\/product\/13149\/revisions"}],"predecessor-version":[{"id":14875,"href":"https:\/\/www.cursos.olgavelez.co\/cu\/wp-json\/wp\/v2\/product\/13149\/revisions\/14875"}],"wp:featuredmedia":[{"embeddable":true,"href":"https:\/\/www.cursos.olgavelez.co\/cu\/wp-json\/wp\/v2\/media\/5039"}],"wp:attachment":[{"href":"https:\/\/www.cursos.olgavelez.co\/cu\/wp-json\/wp\/v2\/media?parent=13149"}],"wp:term":[{"taxonomy":"product_brand","embeddable":true,"href":"https:\/\/www.cursos.olgavelez.co\/cu\/wp-json\/wp\/v2\/product_brand?post=13149"},{"taxonomy":"product_cat","embeddable":true,"href":"https:\/\/www.cursos.olgavelez.co\/cu\/wp-json\/wp\/v2\/product_cat?post=13149"},{"taxonomy":"product_tag","embeddable":true,"href":"https:\/\/www.cursos.olgavelez.co\/cu\/wp-json\/wp\/v2\/product_tag?post=13149"}],"curies":[{"name":"wp","href":"https:\/\/api.w.org\/{rel}","templated":true}]}}