{"id":13148,"date":"2023-01-10T04:41:52","date_gmt":"2023-01-10T07:41:52","guid":{"rendered":"https:\/\/www.cursos.olgavelez.co\/cu\/?post_type=product&#038;p=13148"},"modified":"2023-09-20T16:06:00","modified_gmt":"2023-09-20T19:06:00","slug":"marketing-de-afiliados-mobile","status":"publish","type":"product","link":"https:\/\/www.cursos.olgavelez.co\/cu\/producto\/marketing-de-afiliados-mobile\/","title":{"rendered":"MARKETING DE AFILIADOS MOBILE"},"content":{"rendered":"<p>\u201cEstrategias para comercializar productos digitales, generando altos ingresos desde tu celular\u201d<\/p>\n<p>\u00bfTe has preguntado de que vive la gente que se la pasa viajando por el mundo?<\/p>\n<p>Con el MASTERCLASS, MARKETING DE AFILIADOS MOBILE, puedes generar comisiones entre un 50 hasta un 80% vendiendo los productos digitales de otros.<\/p>\n<p>Y lo mejor de todo\u2026CON TU CELULAR Y DESDE CUALQUIER LUGAR DEL PLANETA.<\/p>\n<p>En este curso est\u00e1n las estrategias que necesitas para crear un negocio rentable y de r\u00e1pido crecimiento. T\u00fa tambi\u00e9n puedes hacerlo para darte la vida que te mereces.<\/p>\n<p>\u00bfQU\u00c9 VAS A LOGRAR?<\/p>\n<p>Ganar comisiones entre un 50 hasta un 80% vendiendo los productos digitales de terceros.<br \/>\nSer tu propio jefe y lograr la libertad financiera aplicando estrategias claras desde tu celular.<br \/>\nIniciarte en el mundo del marketing de Afiliados y transformar tu vida como lo han conseguido casos de \u00e9xitos de personas entre 16 y 57 a\u00f1os que han tomado este m\u00e9todo.<br \/>\nTrabajar desde cualquier parte del mundo sin limitaciones, pudiendo dejar un trabajo que no te gusta para empezar a vivir de tus pasiones.<br \/>\nAdquirir un programa de Marketing de Afiliados que te mostrar\u00e1 los secretos para dominar y conseguir ventas con bajo presupuesto desde tu celular.<br \/>\nAplicar un m\u00e9todo paso a paso en lecciones de video para que puedas conseguir ganancias r\u00e1pidas.<br \/>\nTener a la mano un curso basado en el conocimiento digital y en la experiencia forjada en el tiempo, con resultados reales de los productores y de sus alumnos (invirtiendo poco).<br \/>\nAprender c\u00f3mo funciona la plataforma y ganar altas comisiones de productos digitales (sin necesidad de crear alguno).<br \/>\nContar con estrategias que si funcionan y que son f\u00e1ciles de aprender y de aplicar (aunque seas mayor o menor de edad).<br \/>\nTransformar tus redes sociales en una herramienta para atraer clientes que generen ventas desde cualquier pa\u00eds del mundo.<br \/>\nAcceder al certificado avalado por Hotmart y SeminariosOnline.<\/p>\n<p>\u00bfC\u00d3MO LO VAS A LOGRAR?<\/p>\n<p>A partir de la creaci\u00f3n de un infalible m\u00e9todo que puede hacer que una persona que no tiene nada de experiencia pueda conseguir altos resultados. Incluso, aunque cuentes con un bajo presupuesto.<\/p>\n<p>Este valioso conocimiento est\u00e1 desarrollado a partir de 50 lecciones que incluyen las siguientes tem\u00e1ticas:<\/p>\n<p>Importancia del MARKETING DE AFILIADOS y la venta de Productos Digitales .<br \/>\nLa PSICOLOG\u00cdA DE LAS VENTAS en Internet y los ERRORES COSTOSOS que se cometen.<br \/>\nC\u00f3mo ser viral en TIKTOK y monetizar tus seguidores (Caso real $1500 d\u00f3lares profit).<br \/>\nEstrategia ZOOM para concretar ventas.<br \/>\nINSTAGRAM; \u201cLa m\u00e1quina para hacer dinero\u201d.<br \/>\nAN\u00c1LISIS DE PRODUCTOS ganadores.<br \/>\nC\u00f3mo VENDER con y SIN SALIR en c\u00e1maras.<br \/>\n3 GRANDES NICHOS del marketing de afiliados.<br \/>\nCASOS DE \u00c9XITO reales que han monetizado con nuestra metodolog\u00eda<br \/>\nEl poder de los GATILLOS MENTALES a la hora de cerrar ventas por internet<br \/>\nM\u00c9TODO para conseguir m\u00e1s resultados en menor tiempo y esfuerzo.<br \/>\nDefinici\u00f3n de AVATAR y creaci\u00f3n de IMAGEN EN CANVA.<br \/>\nM\u00c9TODO para escribir TEXTOS QUE LLAMAN LA ATENCI\u00d3N para que nos compren.<br \/>\nPRIMERA VENTA en 7 d\u00edas.<br \/>\nVentas por TR\u00c1FICO ORG\u00c1NICO.<br \/>\nCierre de VENTAS EFECTIVAS DESDE EL CELULAR, durante el manejo de OBJECIONES.<br \/>\nEstrategia de WHATSAPP.<br \/>\n\u00a1MUCHO M\u00c1S!<\/p>\n<p>ACERCA DE LOS PRODUCTORES:<\/p>\n<p>ANA MARIA CORAL; Administradora de Empresas, amante de las experiencias tur\u00edsticas. Ha logrado viajar por meses gracias a su Negocio Digital. Fund\u00f3 una Agencia de Ecoturismo y tuvo un \u00e9xito masivo en el mercado tradicional hasta que lleg\u00f3 la pandemia donde migr\u00f3 a digital.<\/p>\n<p>Incursion\u00f3 la industria de los Productos Digitales y se enamor\u00f3 completamente de la alta rentabilidad del modelo y la libertad de vivir viajando.<\/p>\n<p>JONATHAN RENGIFO; Especialista en Marketing Digital y Negocios Digitales y certificaciones de Next University. Amplia experiencia en marketing de afiliados. <\/p>\n<p>Habla 3 idiomas gracias al poder de internet, educ\u00e1ndose con los mejores de Estados Unidos, Londres, Brasil, Espa\u00f1a y M\u00e9xico. Se identifica con la frase: \u201cHecho es mejor que perfecto\u201d; haciendo alusi\u00f3n a la importancia de tomar acci\u00f3n masiva para tener Avances Exponenciales en cualquier emprendimiento que desees. <\/p>\n","protected":false},"excerpt":{"rendered":"<p>\u201cEstrategias para comercializar productos digitales, generando altos ingresos desde tu celular\u201d<\/p>\n<p>\u00bfTe has preguntado de que vive la gente que se la pasa viajando por el mundo?<\/p>\n<p>Con el MASTERCLASS, MARKETING DE AFILIADOS MOBILE, puedes generar comisiones entre un 50 hasta un 80% vendiendo los productos digitales de otros.<\/p>\n<p>Y lo mejor de todo\u2026CON TU CELULAR Y DESDE CUALQUIER LUGAR DEL PLANETA.<\/p>\n<p>En este curso est\u00e1n las estrategias que necesitas para crear un negocio rentable y de r\u00e1pido crecimiento. T\u00fa tambi\u00e9n puedes hacerlo para darte la vida que te mereces.<\/p>\n","protected":false},"featured_media":5037,"template":"","meta":{"_joinchat":[]},"product_brand":[],"product_cat":[333,344],"product_tag":[],"class_list":{"0":"post-13148","1":"product","2":"type-product","3":"status-publish","4":"has-post-thumbnail","6":"product_cat-negocios-y-marketing","7":"product_cat-todos","9":"first","10":"instock","11":"sale","12":"shipping-taxable","13":"product-type-external"},"_links":{"self":[{"href":"https:\/\/www.cursos.olgavelez.co\/cu\/wp-json\/wp\/v2\/product\/13148","targetHints":{"allow":["GET"]}}],"collection":[{"href":"https:\/\/www.cursos.olgavelez.co\/cu\/wp-json\/wp\/v2\/product"}],"about":[{"href":"https:\/\/www.cursos.olgavelez.co\/cu\/wp-json\/wp\/v2\/types\/product"}],"version-history":[{"count":2,"href":"https:\/\/www.cursos.olgavelez.co\/cu\/wp-json\/wp\/v2\/product\/13148\/revisions"}],"predecessor-version":[{"id":14874,"href":"https:\/\/www.cursos.olgavelez.co\/cu\/wp-json\/wp\/v2\/product\/13148\/revisions\/14874"}],"wp:featuredmedia":[{"embeddable":true,"href":"https:\/\/www.cursos.olgavelez.co\/cu\/wp-json\/wp\/v2\/media\/5037"}],"wp:attachment":[{"href":"https:\/\/www.cursos.olgavelez.co\/cu\/wp-json\/wp\/v2\/media?parent=13148"}],"wp:term":[{"taxonomy":"product_brand","embeddable":true,"href":"https:\/\/www.cursos.olgavelez.co\/cu\/wp-json\/wp\/v2\/product_brand?post=13148"},{"taxonomy":"product_cat","embeddable":true,"href":"https:\/\/www.cursos.olgavelez.co\/cu\/wp-json\/wp\/v2\/product_cat?post=13148"},{"taxonomy":"product_tag","embeddable":true,"href":"https:\/\/www.cursos.olgavelez.co\/cu\/wp-json\/wp\/v2\/product_tag?post=13148"}],"curies":[{"name":"wp","href":"https:\/\/api.w.org\/{rel}","templated":true}]}}