{"id":13147,"date":"2023-01-10T04:41:52","date_gmt":"2023-01-10T07:41:52","guid":{"rendered":"https:\/\/www.cursos.olgavelez.co\/cu\/?post_type=product&#038;p=13147"},"modified":"2023-09-20T16:06:00","modified_gmt":"2023-09-20T19:06:00","slug":"youtube-marketing-para-emprendedores","status":"publish","type":"product","link":"https:\/\/www.cursos.olgavelez.co\/cu\/producto\/youtube-marketing-para-emprendedores\/","title":{"rendered":"YOUTUBE MARKETING PARA EMPRENDEDORES"},"content":{"rendered":"<p>\u00bfSab\u00edas que el 90% de las personas, ve un video por YouTube acerca de un producto antes de decidir comprarlo? <\/p>\n<p>YouTube es la segunda website m\u00e1s popular, visitada y con m\u00e1s interacci\u00f3n del mundo despu\u00e9s de Google.<\/p>\n<p>Con este MasterClass YOUTUBE MARKETING PARA EMPRENDEDORES, te ense\u00f1aremos c\u00f3mo posicionar tu marca en Google y que te encuentren m\u00e1s r\u00e1pido y c\u00f3mo crear contenido de valor para llegarle m\u00e1s f\u00e1cil a tus clientes.<\/p>\n<p>\u00bfQU\u00c9 VAS A LOGRAR?<\/p>\n<p>Conocer paso a paso todo lo que requieres saber para crear tu canal, c\u00f3mo configurarlo, y editar tus propios videos.<br \/>\nC\u00f3mo crear videos que conecten con las necesidades de tu p\u00fablico.<br \/>\nDesarrollar estrategias para darte a conocer, captar audiencia y lograr clientes para tus productos o servicios a trav\u00e9s de YouTube.<br \/>\nCrear cronogramas para generar contenido, planificar tus videos y todas las etapas desde la creaci\u00f3n, la edici\u00f3n, hasta la publicaci\u00f3n de manera organizada.<br \/>\nPosicionar tus videos de YouTube en Google; el motor de b\u00fasqueda m\u00e1s grande del mundo para que te encuentren m\u00e1s r\u00e1pido.<br \/>\nComprender c\u00f3mo funciona YouTube y como crear contenido en esta red social para llegarle a tus clientes.<br \/>\nMonetizar, generando altos ingresos con los videos de Youtube.<br \/>\nAcceder al certificado avalado por Hotmart y SeminariosOnline.<\/p>\n<p>\u00bfC\u00d3MO LO VAS A LOGRAR?<\/p>\n<p>En este curso he creado 3 m\u00f3dulos para que puedas aprender f\u00e1cilmente c\u00f3mo usar YouTube a partir de los siguientes m\u00f3dulos:<\/p>\n<p>M\u00d3DULO 1: CREACI\u00d3N Y CONFIGURACI\u00d3N DEL CANAL DE YOUTUBE<\/p>\n<p>Parte 1: \u00bfPor qu\u00e9 es tan importante usar YouTube?<br \/>\nParte 2: C\u00f3mo Crear un canal de YouTube para tu marca y configurarlo con tus dise\u00f1os.<br \/>\nParte 3: Elementos de YouTube que debes tener en cuenta antes de crear tu contenido.<br \/>\nParte 4: Crea tus videos y todos los elementos que debes tener en cuenta para grabar.<br \/>\nParte 5: Tipos de videos que puedes usar para YouTube.<br \/>\nParte 6: C\u00f3mo editar tus videos de forma f\u00e1cil y pr\u00e1ctica.<br \/>\nParte 7: C\u00f3mo subir tus videos.<\/p>\n<p>M\u00d3DULO 2: ESTRATEGIAS DENTRO Y FUERA DE YOUTUBE <\/p>\n<p>Parte 8: \u00bfC\u00f3mo hacer que el video sea mostrado por YouTube?<br \/>\nParte 9: Usa fuentes externas.<br \/>\nParte 10: Otras estrategias.<br \/>\nParte 11: Hacer Colaboraciones.<br \/>\nParte 12: Haz en vivos o premieres.<\/p>\n<p>M\u00d3DULOS 3: CREA CONTENIDO Y GUIONES DE UNA MANERA MUY F\u00c1CIL Y PR\u00c1CTICA. <\/p>\n<p>Parte 13: C\u00f3mo crear tus primeros guiones.<br \/>\nParte 14: Planifica tu contenido.<br \/>\nParte 15: Planifica tu tiempo para lograr todo lo que te he ense\u00f1ado.<\/p>\n<p>BONUS:<\/p>\n<p>E-book con ejemplos, para que puedas crear tu canal, y estrategias por YouTube.<br \/>\nPlantillas de planificaci\u00f3n de tiempo para organizar tu grabaci\u00f3n y edici\u00f3n de video.<br \/>\nPlantillas de creaci\u00f3n de guiones f\u00e1cilmente con suficiente contenido.<\/p>\n<p>ACERCA DE LA PRODUCTORA:<\/p>\n<p>Desarrollado por SANDRA DIAZ, administradora de empresas y Marketing digital. Ha realizado estrategias digitales desde hace 8 a\u00f1os para empresas, m\u00fasicos y personas que est\u00e1n creando sus propias marcas.<\/p>\n<p>Con experiencia en distintos pa\u00edses como Indonesia, Alemania y Colombia, donde ha ense\u00f1ado c\u00f3mo llegarle m\u00e1s f\u00e1cil a m\u00e1s personas y lograr v\u00ednculos y ventas por medio de YouTube. <\/p>\n","protected":false},"excerpt":{"rendered":"<p>\u00bfSab\u00edas que el 90% de las personas, ve un video por YouTube acerca de un producto antes de decidir comprarlo? <\/p>\n<p>YouTube es la segunda website m\u00e1s popular, visitada y con m\u00e1s interacci\u00f3n del mundo despu\u00e9s de Google.<\/p>\n<p>Con este MasterClass YOUTUBE MARKETING PARA EMPRENDEDORES, te ense\u00f1aremos c\u00f3mo posicionar tu marca en Google y que te encuentren m\u00e1s r\u00e1pido y c\u00f3mo crear contenido de valor para llegarle m\u00e1s f\u00e1cil a tus clientes.<\/p>\n","protected":false},"featured_media":5036,"template":"","meta":{"_joinchat":[]},"product_brand":[],"product_cat":[333,344],"product_tag":[],"class_list":{"0":"post-13147","1":"product","2":"type-product","3":"status-publish","4":"has-post-thumbnail","6":"product_cat-negocios-y-marketing","7":"product_cat-todos","9":"first","10":"instock","11":"sale","12":"shipping-taxable","13":"product-type-external"},"_links":{"self":[{"href":"https:\/\/www.cursos.olgavelez.co\/cu\/wp-json\/wp\/v2\/product\/13147","targetHints":{"allow":["GET"]}}],"collection":[{"href":"https:\/\/www.cursos.olgavelez.co\/cu\/wp-json\/wp\/v2\/product"}],"about":[{"href":"https:\/\/www.cursos.olgavelez.co\/cu\/wp-json\/wp\/v2\/types\/product"}],"version-history":[{"count":2,"href":"https:\/\/www.cursos.olgavelez.co\/cu\/wp-json\/wp\/v2\/product\/13147\/revisions"}],"predecessor-version":[{"id":14873,"href":"https:\/\/www.cursos.olgavelez.co\/cu\/wp-json\/wp\/v2\/product\/13147\/revisions\/14873"}],"wp:featuredmedia":[{"embeddable":true,"href":"https:\/\/www.cursos.olgavelez.co\/cu\/wp-json\/wp\/v2\/media\/5036"}],"wp:attachment":[{"href":"https:\/\/www.cursos.olgavelez.co\/cu\/wp-json\/wp\/v2\/media?parent=13147"}],"wp:term":[{"taxonomy":"product_brand","embeddable":true,"href":"https:\/\/www.cursos.olgavelez.co\/cu\/wp-json\/wp\/v2\/product_brand?post=13147"},{"taxonomy":"product_cat","embeddable":true,"href":"https:\/\/www.cursos.olgavelez.co\/cu\/wp-json\/wp\/v2\/product_cat?post=13147"},{"taxonomy":"product_tag","embeddable":true,"href":"https:\/\/www.cursos.olgavelez.co\/cu\/wp-json\/wp\/v2\/product_tag?post=13147"}],"curies":[{"name":"wp","href":"https:\/\/api.w.org\/{rel}","templated":true}]}}