{"id":13146,"date":"2023-01-10T04:41:52","date_gmt":"2023-01-10T07:41:52","guid":{"rendered":"https:\/\/www.cursos.olgavelez.co\/cu\/?post_type=product&#038;p=13146"},"modified":"2023-09-20T16:06:01","modified_gmt":"2023-09-20T19:06:01","slug":"joyeria-artesanal-como-negocio","status":"publish","type":"product","link":"https:\/\/www.cursos.olgavelez.co\/cu\/producto\/joyeria-artesanal-como-negocio\/","title":{"rendered":"JOYER\u00cdA ARTESANAL COMO NEGOCIO"},"content":{"rendered":"<p>\u201cConoce el secreto para hacer tus propias joyas con MIYUKI y con\u00e9ctate con una pasi\u00f3n convertida en una experiencia \u00fatil e inolvidable\u201d<\/p>\n<p>La moda es el sector que m\u00e1s vende en casi todo el mundo. Las joyas y los accesorios hacen parte de la moda y en la JOYER\u00cdA ARTESANAL son muchas las personas que encuentran aqu\u00ed una gran oportunidad para generar ingresos. <\/p>\n<p>MIYUKI es un material innovador, utilizado en la aplicaci\u00f3n de diferentes t\u00e9cnicas ancestrales, con enfoque contempor\u00e1neo, lo que lo ha posicionado en el mercado como uno de los materiales preferidos para la realizaci\u00f3n de joyas artesanales. <\/p>\n<p>En este MasterClass aprender\u00e1s una posibilidad para emprender. Est\u00e1 dirigido a todas aquellas personas que quieren ocupar su tiempo libre en crear joyas con dise\u00f1os actuales, usando t\u00e9cnicas milenarias.<\/p>\n<p>En muchos casos, aquello que comienza como un hobbie se puede transformar en un negocio donde muchas personas han obtenido ganancias en todo el mundo.<\/p>\n<p>\u00bfQU\u00c9 VAS A LOGRAR?<\/p>\n<p>Aprender t\u00e9cnicas necesarias para comenzar en el dise\u00f1o de piezas de joyer\u00eda a partir del uso creativo y artesanal de Delicas como miyuki\/Mostacillas\/Chaquiras.<br \/>\nConocer detalladamente los materiales y herramientas necesarias, manejo del color, tendencias, lectura y dise\u00f1o de patrones para el desarrollo de estas incre\u00edbles joyas.<br \/>\nComprender el paso a paso de cada una de ellas desde un enfoque te\u00f3rico y pr\u00e1ctico; usando diferentes metodolog\u00edas de ense\u00f1anza para propiciar el aprendizaje.<br \/>\nTener m\u00faltiples beneficios para la salud mental, siendo altamente terap\u00e9utico en personas con estr\u00e9s, ansiedad y depresi\u00f3n.<br \/>\nMejora la actividad mental, desarrolla tu capacidad emprendedora propiciando espacios de calma que te ayuda a potenciar tu creatividad.<br \/>\nEncontrar\u00e1s c\u00f3mo identificar costos y c\u00f3mo definir precios para tus piezas y de esta forma tener una mayor visi\u00f3n estrat\u00e9gica del negocio.<br \/>\nCrear una propia marca personal o empresarial altamente diferenciada, al conectar tu esencia con un conocimiento invaluable.<br \/>\nConocer empaques y m\u00faltiples estrategias de distribuci\u00f3n de tus productos con diferentes t\u00e9cnicas de comercializaci\u00f3n y un uso adecuado de tus finanzas.<br \/>\nTendr\u00e1s la posibilidad de hacer todas las preguntas que quieras las cuales ser\u00e1n resueltas por la realizadora de este invaluable producto digital.<br \/>\nAcceder al grupo privado de Facebook, donde realizaremos talleres en vivo y tendr\u00e1s la posibilidad de retroalimentarte con las dem\u00e1s personas que hacen parte de este grupo.<br \/>\nOfrecerte garant\u00edas de satisfacci\u00f3n por 7 d\u00edas. Si este programa de formaci\u00f3n no cumple tus expectativas te devolvemos el dinero.<\/p>\n<p>\u00bfC\u00d3MO LO VAS A LOGRAR?<\/p>\n<p>Este MasterClass contiene 8 m\u00f3dulos y m\u00e1s de 40 sesiones a las cuales puedes acceder de forma ilimitada y desde cualquier lugar, para toda la vida y con actualizaciones constantes. Dirigido a mujeres y hombres que quieran emprender en el mundo de la joyer\u00eda artesanal, tambi\u00e9n para aquellas personas que quieran potenciar su creatividad y que tengan tiempo libre para invertir en s\u00ed mismas y en sus aprendizajes. <\/p>\n<p>No necesitas tener conocimientos ni experiencia previa; aprendiendo desde cero c\u00f3mo elaborar JOYERIA ARTESANAL a trav\u00e9s de los siguientes m\u00f3dulos:<\/p>\n<p>MODULO 1- Iniciaci\u00f3n a la JOYER\u00cdA ARTESANAL con Miyuki (presentaci\u00f3n, Herramientas de trabajo, espacio y materiales de joyer\u00eda artesanal)<br \/>\nMODULO 2 &#8211; T\u00e9cnica puntada Cuadrada o Square Stitch, explicaci\u00f3n y elaboraci\u00f3n Maxitopo y dije de cadena.<br \/>\nMODULO 3 \u2013T\u00e9cnica puntada Peyote Par, explicaci\u00f3n y elaboraci\u00f3n Anillo y Maxi manilla.<br \/>\nMODULO 4 \u2013T\u00e9cnica puntada Peyote Impar, explicaci\u00f3n y elaboraci\u00f3n Tobillera y cadena para gafas<br \/>\nMODULO 5- T\u00e9cnica puntada Ladrillo o Brick Stitch, Explicaci\u00f3n y elaboraci\u00f3n dije Frida Kahlo y sus diferentes usos y explicaci\u00f3n y elaboraci\u00f3n de Aretes Amuleto<br \/>\nMODULO 6- T\u00e9cnica Telar o Loom. Explicaci\u00f3n y elaboraci\u00f3n de collar choker<br \/>\nMODULO 7- Combinaci\u00f3n de colores (par\u00e1metros y plataforma On line), tendencias y adaptaci\u00f3n a nuestros dise\u00f1os, Cuidado de nuestras piezas, creaci\u00f3n de patrones (Manual y plataforma On line)<\/p>\n<p>ADEM\u00c1S:<\/p>\n<p>\u00bfCu\u00e1nto cuesta y c\u00f3mo lo vendo? (Excel editable)<br \/>\n\u00bfD\u00f3nde y c\u00f3mo vender?<br \/>\nCreando marca: Desarrollando mi logo, cuentas, Creaci\u00f3n de empaques.<br \/>\nLibro digital con m\u00e1s de 100 patrones de las t\u00e9cnicas aprendidas.<\/p>\n<p>ACERCA DE LA PRODUCTORA<\/p>\n<p>Desarrollado por CAROLINA DIAZ, Instructora con m\u00e1s de 10 a\u00f1os en \u201cDesarrollo de habilidades psicomotrices por medio del arte\u201d, salud ocupacional y emprendimiento. Ha ense\u00f1ado a cientos de personas la importancia de apasionarse con el ARTE MANUAL, sus beneficios para la salud y c\u00f3mo generar ingresos con ello. <\/p>\n<p>Creadora de la marca de joyer\u00eda artesanal AMARAIA, con una amplia experiencia en dise\u00f1o, fabricaci\u00f3n y comercializaci\u00f3n de joyas en diferentes t\u00e9cnicas artesanales.<\/p>\n","protected":false},"excerpt":{"rendered":"<p>\u201cConoce el secreto para hacer tus propias joyas con MIYUKI y con\u00e9ctate con una pasi\u00f3n convertida en una experiencia \u00fatil e inolvidable\u201d<\/p>\n<p>La moda es el sector que m\u00e1s vende en casi todo el mundo. Las joyas y los accesorios hacen parte de la moda y en la JOYER\u00cdA ARTESANAL son muchas las personas que encuentran aqu\u00ed una gran oportunidad para generar ingresos. <\/p>\n<p>MIYUKI es un material innovador, utilizado en la aplicaci\u00f3n de diferentes t\u00e9cnicas ancestrales, con enfoque contempor\u00e1neo, lo que lo ha posicionado en el mercado como uno de los materiales preferidos para la realizaci\u00f3n de joyas artesanales. <\/p>\n<p>En este MasterClass aprender\u00e1s una posibilidad para emprender. Est\u00e1 dirigido a todas aquellas personas que quieren ocupar su tiempo libre en crear joyas con dise\u00f1os actuales, usando t\u00e9cnicas milenarias.<\/p>\n<p>En muchos casos, aquello que comienza como un hobbie se puede transformar en un negocio donde muchas personas han obtenido ganancias en todo el mundo.<\/p>\n","protected":false},"featured_media":5043,"template":"","meta":{"_joinchat":[]},"product_brand":[],"product_cat":[333,344],"product_tag":[],"class_list":{"0":"post-13146","1":"product","2":"type-product","3":"status-publish","4":"has-post-thumbnail","6":"product_cat-negocios-y-marketing","7":"product_cat-todos","9":"first","10":"instock","11":"sale","12":"shipping-taxable","13":"product-type-external"},"_links":{"self":[{"href":"https:\/\/www.cursos.olgavelez.co\/cu\/wp-json\/wp\/v2\/product\/13146","targetHints":{"allow":["GET"]}}],"collection":[{"href":"https:\/\/www.cursos.olgavelez.co\/cu\/wp-json\/wp\/v2\/product"}],"about":[{"href":"https:\/\/www.cursos.olgavelez.co\/cu\/wp-json\/wp\/v2\/types\/product"}],"version-history":[{"count":2,"href":"https:\/\/www.cursos.olgavelez.co\/cu\/wp-json\/wp\/v2\/product\/13146\/revisions"}],"predecessor-version":[{"id":14872,"href":"https:\/\/www.cursos.olgavelez.co\/cu\/wp-json\/wp\/v2\/product\/13146\/revisions\/14872"}],"wp:featuredmedia":[{"embeddable":true,"href":"https:\/\/www.cursos.olgavelez.co\/cu\/wp-json\/wp\/v2\/media\/5043"}],"wp:attachment":[{"href":"https:\/\/www.cursos.olgavelez.co\/cu\/wp-json\/wp\/v2\/media?parent=13146"}],"wp:term":[{"taxonomy":"product_brand","embeddable":true,"href":"https:\/\/www.cursos.olgavelez.co\/cu\/wp-json\/wp\/v2\/product_brand?post=13146"},{"taxonomy":"product_cat","embeddable":true,"href":"https:\/\/www.cursos.olgavelez.co\/cu\/wp-json\/wp\/v2\/product_cat?post=13146"},{"taxonomy":"product_tag","embeddable":true,"href":"https:\/\/www.cursos.olgavelez.co\/cu\/wp-json\/wp\/v2\/product_tag?post=13146"}],"curies":[{"name":"wp","href":"https:\/\/api.w.org\/{rel}","templated":true}]}}