{"id":13143,"date":"2023-01-10T04:41:51","date_gmt":"2023-01-10T07:41:51","guid":{"rendered":"https:\/\/www.cursos.olgavelez.co\/cu\/?post_type=product&#038;p=13143"},"modified":"2023-09-20T16:06:00","modified_gmt":"2023-09-20T19:06:00","slug":"acelerador-de-ventas-empresas-b2b","status":"publish","type":"product","link":"https:\/\/www.cursos.olgavelez.co\/cu\/producto\/acelerador-de-ventas-empresas-b2b\/","title":{"rendered":"ACELERADOR DE VENTAS \u2013 EMPRESAS B2B"},"content":{"rendered":"<p>\u00bfSab\u00edas que un cliente empresarial ya ha avanzado un 60% en su decisi\u00f3n de compra, antes de salir a buscarte? <\/p>\n<p>Muchas personas y empresas sufren enviando infinidad de propuestas sin hallar una respuesta. <\/p>\n<p>Gran parte de su facturaci\u00f3n depende de un solo cliente&#8230;!se muestran urgidos por cerrar negocios!<\/p>\n<p>Bienvenido al MASTERCLASS ACELERADOR DE VENTAS, donde podr\u00e1s tener nuevos clientes empresariales en menos de 6 semanas y dejar de competir por precio.<\/p>\n<p>Conoce las estrategias comerciales en el canal empresarial con ventas B2B que aceleren tus resultados.<\/p>\n<p>\u00bfQU\u00c9 VAS A LOGRAR?<\/p>\n<p>Vender comunicando valor y dejar de competir por precio.<br \/>\nOfrecer Hacks\/Estrategias para vender B2B (Business to Business\/Empresa a Empresa) de forma \u00e1gil y contundente aplicadas de forma inmediata en tu negocio.<br \/>\nFortalecer tu mentalidad para la Venta B2B y la capacidad de desarrollar valores agregados a los procesos de negociaci\u00f3n.<br \/>\nGenerar estrategias comerciales en el canal empresarial para conseguir m\u00e1s clientes en menor tiempo.<br \/>\nGestionar tus prospectos para que siempre haya posibilidades de ventas en tu negocio.<br \/>\nPresentar propuestas comerciales exitosas al cliente empresarial.<br \/>\nCerrar m\u00e1s negocios con mayor velocidad y en menor tiempo cuando tus clientes son empresas.<br \/>\nImpactar con estrategias comerciales para que tus clientes te escojan a ti y no a la competencia.<br \/>\nContar con clases en vivo ilimitadas para seguir mejorando tus resultados comerciales.<br \/>\nAdquirir un conocimiento aplicado a cualquier tipo de producto y servicio que vendas.<br \/>\nTener acceso al certificado descargable avalado por Hotmart y Seminarios.Online.<\/p>\n<p>\u00bfC\u00d3MO LO VAS A LOGRAR?<\/p>\n<p>A trav\u00e9s de clases en video, sumado a la oportunidad de descargar tus propias plantillas para aplicar lo visto a tu empresa de manera certera y para cualquier l\u00ednea de negocio B2B. <\/p>\n<p>Adicionalmente te brindaremos soporte para ayudarte a implementar de manera correcta lo visto durante el programa. Los m\u00f3dulos son los siguientes:<\/p>\n<p>Introducci\u00f3n y Ficha T\u00e9cnica.<br \/>\n5 Claves para vender Con Mentalidad Ganadora.<br \/>\nC\u00f3mo fortalecer tus canales comerciales B2B.<br \/>\n3 Aspectos para gestionar tus prospectos.<br \/>\n7 Pasos para hacer una Propuesta Comercial Exitosa.<br \/>\n5 T\u00e9cnicas Para Cerrar Negocios B2B.<\/p>\n<p>BONUS:<\/p>\n<p>Mapas Secretos: cada una de las Master Classes tiene gu\u00edas que te ayudan a aplicar la informaci\u00f3n aprendida, para que definas acciones en tu negocio. (Valorado en 21 USD).<br \/>\nPlantilla Para Una Propuesta Comercial Exitosa con ejemplos de propuestas comerciales que han sido exitosas, listas para ser aplicadas a tu negocio (Valorada en 15 USD).<br \/>\nGrupo Privado de Telegram Exclusivo Para Seminarios Online: (Retroalimentaci\u00f3n sobre estrategias comerciales semanalmente). Acompa\u00f1ado de otras personas.<\/p>\n<p>ACERCA DEL PRODUCTOR:<\/p>\n<p>Desarrollado por MAURICIO MONROY, Psic\u00f3logo Organizacional con Diplomado en Psicolog\u00eda del Consumidor, Coaching, Mag\u00edster en Marketing y Consultor Empresarial Certificado por la C\u00e1mara de Comercio. M\u00e1s de 12 a\u00f1os de experiencia como Gerente de Entrenamiento en Ventas.<\/p>\n<p>Gerente Comercial en compa\u00f1\u00edas multinacionales, liderando ventas a nivel Centroam\u00e9rica, Colombia y Ecuador. Fundador de UP POTENTIAL CONSULTING. Ha ayudado a m\u00e1s de 7.000 personas, 200 empresarios y equipos comerciales en m\u00e1s de 7 pa\u00edses a mejorar sus resultados de manera \u00e1gil, contundente y sostenible.<\/p>\n<p>Docente de la Especializaci\u00f3n en Ventas de la Universidad ICESI y Docente de Ventas y Emprendimiento en la Univesidad San Buenaventura. Consultor en programas para la C\u00e1mara de Comercio, Valle Inn, el Ministerio de Tecnolog\u00eda, Ministerio de Cultura Industria y Turismo y la Uni\u00f3n Europea; asesorando y motivando a cientos de empresarios a mejorar sus ventas.<\/p>\n","protected":false},"excerpt":{"rendered":"<p>\u00bfSab\u00edas que un cliente empresarial ya ha avanzado un 60% en su decisi\u00f3n de compra, antes de salir a buscarte? <\/p>\n<p>Muchas personas y empresas sufren enviando infinidad de propuestas sin hallar una respuesta. <\/p>\n<p>Gran parte de su facturaci\u00f3n depende de un solo cliente&#8230;!se muestran urgidos por cerrar negocios!<\/p>\n<p>Bienvenido al MASTERCLASS ACELERADOR DE VENTAS, donde podr\u00e1s tener nuevos clientes empresariales en menos de 6 semanas y dejar de competir por precio.<\/p>\n<p>Conoce las estrategias comerciales en el canal empresarial con ventas B2B que aceleren tus resultados.<\/p>\n","protected":false},"featured_media":5033,"template":"","meta":{"_joinchat":[]},"product_brand":[],"product_cat":[333,344],"product_tag":[],"class_list":{"0":"post-13143","1":"product","2":"type-product","3":"status-publish","4":"has-post-thumbnail","6":"product_cat-negocios-y-marketing","7":"product_cat-todos","9":"first","10":"instock","11":"sale","12":"shipping-taxable","13":"product-type-external"},"_links":{"self":[{"href":"https:\/\/www.cursos.olgavelez.co\/cu\/wp-json\/wp\/v2\/product\/13143","targetHints":{"allow":["GET"]}}],"collection":[{"href":"https:\/\/www.cursos.olgavelez.co\/cu\/wp-json\/wp\/v2\/product"}],"about":[{"href":"https:\/\/www.cursos.olgavelez.co\/cu\/wp-json\/wp\/v2\/types\/product"}],"version-history":[{"count":2,"href":"https:\/\/www.cursos.olgavelez.co\/cu\/wp-json\/wp\/v2\/product\/13143\/revisions"}],"predecessor-version":[{"id":14869,"href":"https:\/\/www.cursos.olgavelez.co\/cu\/wp-json\/wp\/v2\/product\/13143\/revisions\/14869"}],"wp:featuredmedia":[{"embeddable":true,"href":"https:\/\/www.cursos.olgavelez.co\/cu\/wp-json\/wp\/v2\/media\/5033"}],"wp:attachment":[{"href":"https:\/\/www.cursos.olgavelez.co\/cu\/wp-json\/wp\/v2\/media?parent=13143"}],"wp:term":[{"taxonomy":"product_brand","embeddable":true,"href":"https:\/\/www.cursos.olgavelez.co\/cu\/wp-json\/wp\/v2\/product_brand?post=13143"},{"taxonomy":"product_cat","embeddable":true,"href":"https:\/\/www.cursos.olgavelez.co\/cu\/wp-json\/wp\/v2\/product_cat?post=13143"},{"taxonomy":"product_tag","embeddable":true,"href":"https:\/\/www.cursos.olgavelez.co\/cu\/wp-json\/wp\/v2\/product_tag?post=13143"}],"curies":[{"name":"wp","href":"https:\/\/api.w.org\/{rel}","templated":true}]}}