{"id":13142,"date":"2023-01-10T04:41:51","date_gmt":"2023-01-10T07:41:51","guid":{"rendered":"https:\/\/www.cursos.olgavelez.co\/cu\/?post_type=product&#038;p=13142"},"modified":"2023-09-20T16:06:00","modified_gmt":"2023-09-20T19:06:00","slug":"cracks-de-mercado-libre","status":"publish","type":"product","link":"https:\/\/www.cursos.olgavelez.co\/cu\/producto\/cracks-de-mercado-libre\/","title":{"rendered":"CRACKS DE MERCADO LIBRE"},"content":{"rendered":"<p>\u00bfSab\u00edas que Mercado Libre creci\u00f3 un 130% en el \u00faltimo a\u00f1o, siendo la plataforma l\u00edder en Latinoam\u00e9rica?<\/p>\n<p>\u00bfQuieres saber c\u00f3mo generar ingresos incre\u00edbles?<\/p>\n<p>Conoce el MasterClass LOS CRACKS DE MERCADO LIBRE para que puedas comercializar tus productos de forma exitosa. <\/p>\n<p>Atrae a tu p\u00fablico con el cat\u00e1logo adecuado, responde preguntas y objeciones a tus clientes con eficiencia y rapidez, domina el sistema de entregas y obtiene las mejores calificaciones para que tus clientes te sigan comprando.<\/p>\n<p>\u00bfQU\u00c9 VAS A LOGRAR?<\/p>\n<p>Crear tu cuenta desde cero, sin tener experiencia en la plataforma de MercadoLibre, utilizando s\u00f3lo tus datos y tu correo.<\/p>\n<p>Conocer las t\u00e9cnicas de b\u00fasqueda de tendencias en MercadoLibre para tener una mayor claridad a la hora de escoger los productos a comercializar.<\/p>\n<p>Aprender el proceso para subir tu primer tu producto a la plataforma con las im\u00e1genes que si funcionan.<\/p>\n<p>Subir adecuadamente los videos de tus art\u00edculos y descripciones v\u00e1lidas.<\/p>\n<p>Implementar un cat\u00e1logo de productos m\u00ednimo para generar con mayor rapidez tus primeras ventas, haciendo que tu perfil capture la atenci\u00f3n de tu p\u00fablico objetivo.<\/p>\n<p>Dise\u00f1ar estrategias para responder preguntas de los clientes de forma r\u00e1pida y concisa, con altas oportunidades para generar ventas.<\/p>\n<p>Entender el proceso log\u00edstico luego de realizada una venta; teniendo en cuenta aspectos como empaque y transporte de los art\u00edculos vendidos.<\/p>\n<p>Conocer y evitar las sanciones m\u00e1s comunes de los vendedores principiantes para as\u00ed evitar suspensiones de la cuenta.<\/p>\n<p>Entender c\u00f3mo funciona el sistema de calificaci\u00f3n de vendedores de MercadoLibre, desde que obtienes el color verde, hasta que te vuelves un MercadoL\u00edder de alto rango.<\/p>\n<p>Manejar adecuadamente la post venta para evitar devoluciones innecesarias de los productos.<\/p>\n<p>Implementar las opciones de env\u00edos que brinda la plataforma para agilizar entregas y ahorrar tiempo en la log\u00edstica del d\u00eda a d\u00eda.<\/p>\n<p>Aprender el manejo de tu cuenta de MercadoPago para optimizar el movimiento de tu dinero.<\/p>\n<p>Acceder al diploma descargable avalado por Hotmart y SeminariosOnline.<\/p>\n<p>\u00bfC\u00d3MO LO VAS A LOGRAR?<\/p>\n<p>En este entrenamiento aprender\u00e1s los 13 pasos para convertirte en uno de los mejores vendedores de MERCADOLIBRE, haciendo ventas a diario. Adem\u00e1s, conocer\u00e1s 10 HACKS que el mismo MERCADOLIBRE no quiere que sepas para ser exitoso. Este es tu Plan de juego:<\/p>\n<p>M\u00d3DULO #1: INTRODUCCI\u00d3N AL CURSO<\/p>\n<p>1. Introducci\u00f3n a MercadoLibre.<br \/>\n2. C\u00f3mo crear una cuenta.<br \/>\n3. Datos necesarios para consolidar tu cuenta.<br \/>\n4. Qu\u00e9 vender en MercadoLibre.<br \/>\n5. Publicando mi primer producto I.<br \/>\n6. Publicando mi primer producto II.<br \/>\n7. Publicando mi primer producto III.<br \/>\n8. Publicando mi primer producto IV.<br \/>\n9. Publicando mi primer producto V.<br \/>\n10. Cat\u00e1logo de productos.<br \/>\n11. Preguntas de clientes interesados.<\/p>\n<p>M\u00d3DULO #2: POSICIONAMIENTO DE CUENTA<\/p>\n<p>12. Primera venta I.<br \/>\n13. Primera venta II.<br \/>\n14. M\u00e9tricas MercadoLibre parte I.<br \/>\n15. M\u00e9tricas MercadoLibre parte II.<br \/>\n16. M\u00e9tricas MercadoLibre parte III.<br \/>\n17. M\u00e9tricas MercadoLibre parte IV.<br \/>\n18. M\u00e9tricas MercadoLibre parte V.<br \/>\n19. Mercado Env\u00edos Flex Parte I.<br \/>\n20. Mercado Env\u00edos Flex Parte II.<br \/>\n21. Sanciones m\u00e1s comunes.<br \/>\n22. Acompa\u00f1amiento Post venta.<br \/>\n23. Los Reclamos. (C\u00f3mo darles manejo)<br \/>\n24. Env\u00edos Full y despedida.<\/p>\n<p>M\u00d3DULO #3: HACKS DE ORO PARA POTENCIAR TU ESTRATEGIA<\/p>\n<p>Hack 1. Venta de productos no originales.<br \/>\nHack 2. Cuentas m\u00faltiples.<br \/>\nHack 3. Publicaciones m\u00faltiples.<br \/>\nHack 4. P\u00e1gina para hacer facturas.<br \/>\nHack 5. Gu\u00eda para que el cliente ponga un reclamo que no afecte.<br \/>\nHack 6. Recuperar cuenta por mala reputaci\u00f3n.<br \/>\nHack 7. Comunicaci\u00f3n directa con mercado libre.<br \/>\nHack 7.5 Comunicaci\u00f3n directa con MercadoLibre.<br \/>\nHack 8. MercadoPago (Manejo APP).<br \/>\nHack 9. MercadoFlex (manejo APP).<br \/>\nHack 10. Recomendar grupos de Facebook.<\/p>\n<p>M\u00d3DULO #4: CLASES Y ASESORIAS EN VIVO <\/p>\n<p>ACERCA DEL PRODUCTOR:<\/p>\n<p>Desarrollado por JAIRO PINTO, quien posee una cuenta de MercadoLibre abierta y funcional hace m\u00e1s de 6 a\u00f1os con un promedio de 600 ventas mensuales. Ha logrado una reputaci\u00f3n en verde y la medalla de MercadoL\u00edder, ayud\u00e1ndole a muchas personas que hoy tienen ventas diarias.<\/p>\n<p>Para Jairo, perdurar en este negocio es entender el sistema, conocer las reglas y restricciones de la plataforma y acompa\u00f1ar al cliente en todo el proceso de venta y post venta. De esta forma, se tiene un comprador feliz con recompras aseguradas.<\/p>\n","protected":false},"excerpt":{"rendered":"<p>\u00bfSab\u00edas que Mercado Libre creci\u00f3 un 130% en el \u00faltimo a\u00f1o, siendo la plataforma l\u00edder en Latinoam\u00e9rica?<\/p>\n<p>\u00bfQuieres saber c\u00f3mo generar ingresos incre\u00edbles?<\/p>\n<p>Conoce el MasterClass LOS CRACKS DE MERCADO LIBRE para que puedas comercializar tus productos de forma exitosa. <\/p>\n<p>Atrae a tu p\u00fablico con el cat\u00e1logo adecuado, responde preguntas y objeciones a tus clientes con eficiencia y rapidez, domina el sistema de entregas y obtiene las mejores calificaciones para que tus clientes te sigan comprando.<\/p>\n","protected":false},"featured_media":5031,"template":"","meta":{"_joinchat":[]},"product_brand":[],"product_cat":[333,344],"product_tag":[],"class_list":{"0":"post-13142","1":"product","2":"type-product","3":"status-publish","4":"has-post-thumbnail","6":"product_cat-negocios-y-marketing","7":"product_cat-todos","9":"first","10":"instock","11":"sale","12":"shipping-taxable","13":"product-type-external"},"_links":{"self":[{"href":"https:\/\/www.cursos.olgavelez.co\/cu\/wp-json\/wp\/v2\/product\/13142","targetHints":{"allow":["GET"]}}],"collection":[{"href":"https:\/\/www.cursos.olgavelez.co\/cu\/wp-json\/wp\/v2\/product"}],"about":[{"href":"https:\/\/www.cursos.olgavelez.co\/cu\/wp-json\/wp\/v2\/types\/product"}],"version-history":[{"count":2,"href":"https:\/\/www.cursos.olgavelez.co\/cu\/wp-json\/wp\/v2\/product\/13142\/revisions"}],"predecessor-version":[{"id":14868,"href":"https:\/\/www.cursos.olgavelez.co\/cu\/wp-json\/wp\/v2\/product\/13142\/revisions\/14868"}],"wp:featuredmedia":[{"embeddable":true,"href":"https:\/\/www.cursos.olgavelez.co\/cu\/wp-json\/wp\/v2\/media\/5031"}],"wp:attachment":[{"href":"https:\/\/www.cursos.olgavelez.co\/cu\/wp-json\/wp\/v2\/media?parent=13142"}],"wp:term":[{"taxonomy":"product_brand","embeddable":true,"href":"https:\/\/www.cursos.olgavelez.co\/cu\/wp-json\/wp\/v2\/product_brand?post=13142"},{"taxonomy":"product_cat","embeddable":true,"href":"https:\/\/www.cursos.olgavelez.co\/cu\/wp-json\/wp\/v2\/product_cat?post=13142"},{"taxonomy":"product_tag","embeddable":true,"href":"https:\/\/www.cursos.olgavelez.co\/cu\/wp-json\/wp\/v2\/product_tag?post=13142"}],"curies":[{"name":"wp","href":"https:\/\/api.w.org\/{rel}","templated":true}]}}