{"id":12977,"date":"2023-01-10T04:41:34","date_gmt":"2023-01-10T07:41:34","guid":{"rendered":"https:\/\/www.cursos.olgavelez.co\/cu\/?post_type=product&#038;p=12977"},"modified":"2023-09-20T16:05:55","modified_gmt":"2023-09-20T19:05:55","slug":"ahorra-dinero-importando-desde-usa","status":"publish","type":"product","link":"https:\/\/www.cursos.olgavelez.co\/cu\/producto\/ahorra-dinero-importando-desde-usa\/","title":{"rendered":"AHORRA DINERO IMPORTANDO DESDE USA"},"content":{"rendered":"<p>\u00bfSab\u00edas que puedes hacer f\u00e1cilmente importaciones de estados unidos sin salir de tu casa?<\/p>\n<p>Con el masterclass AHORRA DINERO IMPORTANDO DE LOS ESTADOS UNIDOS SIN SALIR DE CASA aprender\u00e1s a ahorrar en tus compras o crear tu propio negocio de importaciones. <\/p>\n<p>\u00bfQU\u00c9 VAS A LOGRAR?<\/p>\n<p>Lograr\u00e1s vender sin capital, sin dinero propio y apalanc\u00e1ndote con las compras de tus clientes.<\/p>\n<p>Aprender\u00e1s a usar tus tarjetas de cr\u00e9dito y PayPal.<\/p>\n<p>Aprender\u00e1s a aperturar cuentas en Amazon, Deciem, Guess y muchas m\u00e1s tiendas.<\/p>\n<p>Aprender\u00e1s mi t\u00e9cnica importa sin capital por Facebook.<\/p>\n<p>Ahorrar\u00e1s en tus marcas favoritas sin salir de casa.<\/p>\n<p>Tendr\u00e1s los mejores courier a la mano para poder costear.<\/p>\n<p>Aprender\u00e1s a crear cuentas en las tiendas de estados unidos.<\/p>\n<p>Aprender\u00e1s a realizar tu costeo de importaciones.<\/p>\n<p>Conocer\u00e1s cu\u00e1l es el mejor banco a usar.<\/p>\n<p>Tendr\u00e1s una fuente de ingreso segura para toda la vida.<\/p>\n<p>No volver\u00e1s a comprar en tu pa\u00eds porque ahorrar\u00e1s mucho dinero realizando este proceso, ser\u00e1 casi una rutina que tener productos de marca tanto para ventas o para tu uso personal, ser\u00e1 algo normal.<\/p>\n<p>Acceder\u00e1s al certificado avalado por Hotmart y Seminarios Online.<\/p>\n<p>\u00bfC\u00d3MO LO VAS A LOGRAR?<\/p>\n<p>A trav\u00e9s del siguiente contenido, estructurado paso a paso:<\/p>\n<p>MODULO 1: AHORRA DINERO IMPORTANDO DE  LOS ESTADOS UNIDOS SIN SALIR DE CASA<\/p>\n<p>1. Bienvenida al mundo de las importaciones.<br \/>\n2. Notas Importantes antes de empezar.<br \/>\n3. Nuestras redes sociales para unirte a la comunidad importadora.<br \/>\n4. Pa\u00edses y sus courier parte 1.<br \/>\n5. Pa\u00edses y sus courier parte 2.<br \/>\n6. Aduana y productos restringidos.<br \/>\n7. Qui\u00e9nes pueden importar?<\/p>\n<p>MODULO 2: VAMOS A LA PR\u00c1CTICA.<\/p>\n<p>8. Los mejores Courier a nivel mundial.<br \/>\n9. Las tiendas de USA m\u00e1s rentables.<br \/>\n10. Proceso de envi\u00f3 de USA a tu pa\u00eds.<br \/>\n11. Buscando productos exitosos.<br \/>\n12. Margen de rentabilidad parte 1.<br \/>\n13. Margen de rentabilidad parte 2.<br \/>\n14. Procedimiento de ahorro &#8211; EEUU \u2013 Miami.<br \/>\n15. Registr\u00e1ndonos en las tiendas de USA.<\/p>\n<p>MODULO 3: MATERIAL ADICIONAL &#8211; BONOS.<\/p>\n<p>16. \u00bfQu\u00e9 tarjeta usar para comprar?<br \/>\n17. Amar\u00e1s tus tarjetas.<br \/>\n18. Tarjeta de d\u00e9bito y c\u00f3mo desbloquear mi cuenta.<br \/>\n19. \u00bfC\u00f3mo usar Paypal?<\/p>\n<p>MODULO 4: VIDEOS DE RESPUESTAS Y EXTRAS<\/p>\n<p>20. Creando nuestra cuenta en Deciem \u2013 Ordinary.<br \/>\n21. \u00d3rdenes de compra Carters.<br \/>\n22. Importa sin capital 1.<br \/>\n23. Importa sin Capital 2.<\/p>\n<p>ACERCA DE LA PRODUCTORA<\/p>\n<p>Desarrollado por LOURDES CH\u00c1VEZ, peruana emprendedora, educadora y creadora del Sistema Negocio digital desde cero importando del mundo.<\/p>\n<p>Especialista en importaciones con m\u00e1s de 14 a\u00f1os de experiencia trabajando en las m\u00e1s grandes corporaciones a nivel internacional.  <\/p>\n<p>Emprendedora de nacimiento, me especialic\u00e9 con el objetivo de convertirme en una mejor mujer, madre y l\u00edder. <\/p>\n<p>Lidera la Primera Comunidad hispana de mujeres importadoras y trabaja con la municipalidad de Lima &#8211; Per\u00fa.<\/p>\n<p>Su conocimiento y experiencia adquirida con tanto esfuerzo, me permiten ahora ayudarte a realizar cambios incre\u00edbles y avanzar m\u00e1s r\u00e1pido para independizarte.<\/p>\n<p>Privacidad<br \/>\nTu informaci\u00f3n est\u00e1 100% segura<br \/>\nCompra segura<br \/>\nAmbiente seguro y autenticado<br \/>\nEntrega por email<br \/>\nAcceso al producto entregado por email<br \/>\nContenido aprobado<br \/>\n100% revisado y aprobado<\/p>\n","protected":false},"excerpt":{"rendered":"<p>\u00bfSab\u00edas que puedes hacer f\u00e1cilmente importaciones de estados unidos sin salir de tu casa?<\/p>\n<p>Con el masterclass AHORRA DINERO IMPORTANDO DE LOS ESTADOS UNIDOS SIN SALIR DE CASA aprender\u00e1s a ahorrar en tus compras o crear tu propio negocio de importaciones. <\/p>\n","protected":false},"featured_media":4950,"template":"","meta":{"_joinchat":[]},"product_brand":[],"product_cat":[333,344],"product_tag":[],"class_list":{"0":"post-12977","1":"product","2":"type-product","3":"status-publish","4":"has-post-thumbnail","6":"product_cat-negocios-y-marketing","7":"product_cat-todos","9":"first","10":"instock","11":"sale","12":"shipping-taxable","13":"product-type-external"},"_links":{"self":[{"href":"https:\/\/www.cursos.olgavelez.co\/cu\/wp-json\/wp\/v2\/product\/12977","targetHints":{"allow":["GET"]}}],"collection":[{"href":"https:\/\/www.cursos.olgavelez.co\/cu\/wp-json\/wp\/v2\/product"}],"about":[{"href":"https:\/\/www.cursos.olgavelez.co\/cu\/wp-json\/wp\/v2\/types\/product"}],"version-history":[{"count":2,"href":"https:\/\/www.cursos.olgavelez.co\/cu\/wp-json\/wp\/v2\/product\/12977\/revisions"}],"predecessor-version":[{"id":14786,"href":"https:\/\/www.cursos.olgavelez.co\/cu\/wp-json\/wp\/v2\/product\/12977\/revisions\/14786"}],"wp:featuredmedia":[{"embeddable":true,"href":"https:\/\/www.cursos.olgavelez.co\/cu\/wp-json\/wp\/v2\/media\/4950"}],"wp:attachment":[{"href":"https:\/\/www.cursos.olgavelez.co\/cu\/wp-json\/wp\/v2\/media?parent=12977"}],"wp:term":[{"taxonomy":"product_brand","embeddable":true,"href":"https:\/\/www.cursos.olgavelez.co\/cu\/wp-json\/wp\/v2\/product_brand?post=12977"},{"taxonomy":"product_cat","embeddable":true,"href":"https:\/\/www.cursos.olgavelez.co\/cu\/wp-json\/wp\/v2\/product_cat?post=12977"},{"taxonomy":"product_tag","embeddable":true,"href":"https:\/\/www.cursos.olgavelez.co\/cu\/wp-json\/wp\/v2\/product_tag?post=12977"}],"curies":[{"name":"wp","href":"https:\/\/api.w.org\/{rel}","templated":true}]}}