{"id":12961,"date":"2023-01-10T04:41:32","date_gmt":"2023-01-10T07:41:32","guid":{"rendered":"https:\/\/www.cursos.olgavelez.co\/cu\/?post_type=product&#038;p=12961"},"modified":"2023-09-20T16:05:54","modified_gmt":"2023-09-20T19:05:54","slug":"administracion-de-finca","status":"publish","type":"product","link":"https:\/\/www.cursos.olgavelez.co\/cu\/producto\/administracion-de-finca\/","title":{"rendered":"ADMINISTRACI\u00d3N DE FINCA"},"content":{"rendered":"<p>\u00bfTe gustar\u00eda organizar los procesos productivos de tu finca para que generen mayor rentabilidad?<\/p>\n<p>Con el MasterClass ADMINISTRACION DE LA FINCA. Aprender\u00e1s todo el proceso administrativo que debe tener la finca para mejorar los procesos productivos de los cultivos y unidades productivas pecuarias.<\/p>\n<p>\u00bfQU\u00c9 VAS A LOGRAR?<\/p>\n<p>Conocer\u00e1s los procesos administrativos<\/p>\n<p>Aprender\u00e1s los procesos de planeaci\u00f3n, organizaci\u00f3n, direcci\u00f3n y control.<\/p>\n<p>Conocer\u00e1s los procesos para desarrollar los documentos y registros que requieren en la finca.<\/p>\n<p>Conocer\u00e1s la manera de llevar un registro de ingresos, egresos y labores diarias.<\/p>\n<p>Conocer\u00e1s como desarrollar un cronograma de actividades para sus cultivos.<\/p>\n<p>Conocer\u00e1s como desarrollar un manual de funciones.<\/p>\n<p>Conocer\u00e1s como desarrollar un manual de procedimientos para los cultivos. <\/p>\n<p>Acceder\u00e1s al certificado avalado por Hotmart y Seminarios Online.<\/p>\n<p>\u00bfC\u00d3MO LO VAS A LOGRAR?<\/p>\n<p>A trav\u00e9s del siguiente contenido, estructurado paso a paso:<\/p>\n<p>M\u00f3dulo No.1 Administraci\u00f3n de la finca<\/p>\n<p>Introducci\u00f3n y bienvenida.<br \/>\nJustificaci\u00f3n, que vas a lograr, \u00bfPor qu\u00e9 va a ser rentable?.<br \/>\nPaso No.1 \u2013 Administraci\u00f3n de la finca.<br \/>\nPaso No.2 \u2013 Funci\u00f3n de la planeaci\u00f3n.<br \/>\nPaso No.3 \u2013 Funci\u00f3n de la organizaci\u00f3n.<br \/>\nPaso No.4 \u2013 Funci\u00f3n de la integraci\u00f3n y direcci\u00f3n.<br \/>\nPaso No.5 &#8211; Funci\u00f3n del control.<br \/>\nPaso No.6 \u2013 Sistema productivo de la finca.<br \/>\nPaso No.7 \u2013 Clasificaci\u00f3n y caracterizaci\u00f3n.<br \/>\nPaso No.8 \u2013 Manejo econ\u00f3mico de la producci\u00f3n.<br \/>\nPaso No.9 \u2013 El c\u00e1lculo de las ganancias y su utilidad.<br \/>\nPaso No.10 \u2013 El mercado de los insumos y productos.<br \/>\nPaso No.11 \u2013 Importancia del manejo de la informaci\u00f3n.<br \/>\nPaso No.12 \u2013 Estados contables su utilizaci\u00f3n.<\/p>\n<p>M\u00f3dulo No.2 Implementaci\u00f3n<\/p>\n<p>Diagnostico de la finca.<br \/>\nCroquis, localizaci\u00f3n y condiciones clim\u00e1ticas.<br \/>\nInventario de lotes y cultivos.<br \/>\nInventario general de la finca.<br \/>\nPlanteamiento de objetivos.<br \/>\nOrganigrama.<br \/>\nManual de funciones.<br \/>\nManual de procedimientos.<br \/>\nCronograma de actividades.<br \/>\nRegistros de ingresos, egresos y labores diarias.<\/p>\n<p>M\u00f3dulo No.3 Material adicional &#8211; BONOS<\/p>\n<p>Video explicando el material de apoyo.<br \/>\nDocumentos Word Pdf para estudio y plantillas de Excel.<\/p>\n<p>M\u00f3dulo No.4 Video respuestas<\/p>\n<p>\u00bfC\u00f3mo es el documento del manual de funciones?<\/p>\n<p>ACERCA DEL PRODUCTOR<\/p>\n<p>Desarrollado por JOS\u00c9 IV\u00c1N HERN\u00c1NDEZ gerente de LOMBRI-AGRO empresa productora de abonos humus profesional en Administraci\u00f3n de Empresas Agropecuarias de la Universidad de Caldas.<\/p>\n<p>Cuenta con m\u00e1s 8 a\u00f1os de experiencia en el acompa\u00f1amiento administrativo de algunas fincas.<\/p>\n","protected":false},"excerpt":{"rendered":"<p>\u00bfTe gustar\u00eda organizar los procesos productivos de tu finca para que generen mayor rentabilidad?<\/p>\n<p>Con el MasterClass ADMINISTRACION DE LA FINCA. Aprender\u00e1s todo el proceso administrativo que debe tener la finca para mejorar los procesos productivos de los cultivos y unidades productivas pecuarias.<\/p>\n","protected":false},"featured_media":4933,"template":"","meta":{"_joinchat":[]},"product_brand":[],"product_cat":[333,344],"product_tag":[],"class_list":{"0":"post-12961","1":"product","2":"type-product","3":"status-publish","4":"has-post-thumbnail","6":"product_cat-negocios-y-marketing","7":"product_cat-todos","9":"first","10":"instock","11":"sale","12":"shipping-taxable","13":"product-type-external"},"_links":{"self":[{"href":"https:\/\/www.cursos.olgavelez.co\/cu\/wp-json\/wp\/v2\/product\/12961","targetHints":{"allow":["GET"]}}],"collection":[{"href":"https:\/\/www.cursos.olgavelez.co\/cu\/wp-json\/wp\/v2\/product"}],"about":[{"href":"https:\/\/www.cursos.olgavelez.co\/cu\/wp-json\/wp\/v2\/types\/product"}],"version-history":[{"count":2,"href":"https:\/\/www.cursos.olgavelez.co\/cu\/wp-json\/wp\/v2\/product\/12961\/revisions"}],"predecessor-version":[{"id":14770,"href":"https:\/\/www.cursos.olgavelez.co\/cu\/wp-json\/wp\/v2\/product\/12961\/revisions\/14770"}],"wp:featuredmedia":[{"embeddable":true,"href":"https:\/\/www.cursos.olgavelez.co\/cu\/wp-json\/wp\/v2\/media\/4933"}],"wp:attachment":[{"href":"https:\/\/www.cursos.olgavelez.co\/cu\/wp-json\/wp\/v2\/media?parent=12961"}],"wp:term":[{"taxonomy":"product_brand","embeddable":true,"href":"https:\/\/www.cursos.olgavelez.co\/cu\/wp-json\/wp\/v2\/product_brand?post=12961"},{"taxonomy":"product_cat","embeddable":true,"href":"https:\/\/www.cursos.olgavelez.co\/cu\/wp-json\/wp\/v2\/product_cat?post=12961"},{"taxonomy":"product_tag","embeddable":true,"href":"https:\/\/www.cursos.olgavelez.co\/cu\/wp-json\/wp\/v2\/product_tag?post=12961"}],"curies":[{"name":"wp","href":"https:\/\/api.w.org\/{rel}","templated":true}]}}