{"id":12848,"date":"2023-01-10T04:41:20","date_gmt":"2023-01-10T07:41:20","guid":{"rendered":"https:\/\/www.cursos.olgavelez.co\/cu\/?post_type=product&#038;p=12848"},"modified":"2023-09-20T16:05:52","modified_gmt":"2023-09-20T19:05:52","slug":"remates-judiciales-latinoamerica","status":"publish","type":"product","link":"https:\/\/www.cursos.olgavelez.co\/cu\/producto\/remates-judiciales-latinoamerica\/","title":{"rendered":"REMATES JUDICIALES LATINOAM\u00c9RICA"},"content":{"rendered":"<p>\u00bfTe gustar\u00eda acceder de forma segura a REMATES JUDICIALES de inmuebles y veh\u00edculos?<\/p>\n<p>Con el Master Class REMATES JUDICIALES EN LATINOAMERICA, participar\u00e1s en el negocio de los remates judiciales para pasar del miedo a la acci\u00f3n real, segura y controlada.<\/p>\n<p>\u00bfQU\u00c9 VAS A LOGRAR?<\/p>\n<p>Descubrir\u00e1s informaci\u00f3n secreta sobre los remates judiciales que solo se ha manejado en altas esferas financieras.<\/p>\n<p>Desarrollar\u00e1s la mentalidad adecuada para participar en el negocio de los remates judiciales para pasar del miedo a la acci\u00f3n real, segura y controlada.<\/p>\n<p>Aprender\u00e1s d\u00f3nde y c\u00f3mo acceder a listados de remates judiciales de inmuebles y veh\u00edculos con descuentos entre el 20 y 50%.<\/p>\n<p>Comprender\u00e1s las etapas del proceso para llevar un bien a remate judicial.<\/p>\n<p>Conocer\u00e1s el paso a paso para postularte a remates judiciales: listados, elecci\u00f3n, an\u00e1lisis jur\u00eddico y comercial, postura, pagos, registro, entrega.<\/p>\n<p>Identificar\u00e1s claramente 4 modalidades de inversi\u00f3n muy rentables derivadas del proceso de remate.<\/p>\n<p>Ejecutar\u00e1s con \u00e9xito un estudio comercial de bienes (inmuebles y veh\u00edculos).<\/p>\n<p>Comprender\u00e1s los aspectos b\u00e1sicos de un estudio de viabilidad jur\u00eddica.<\/p>\n<p>Identificar\u00e1s el perfil adecuado de abogado que necesitas para que te revise jur\u00eddicamente tus negocios y no perder tiempo ni dinero.<\/p>\n<p>Aprender\u00e1s a planificar financieramente antes de postularte a un remate para determinar cu\u00e1l es el rango m\u00ednimo y m\u00e1ximo de rentabilidad posible.<\/p>\n<p>Ofrecer\u00e1s esta oportunidad de inversi\u00f3n a tus socios o clientes de la forma correcta con las estrategias comerciales y el marketing adecuado.<\/p>\n<p>Acceder\u00e1s al certificado avalado por Hotmart y Seminarios Online.<\/p>\n<p>\u00bfC\u00d3MO LO VAS A LOGRAR?<\/p>\n<p>A trav\u00e9s del siguiente contenido, estructurado paso a paso:<\/p>\n<p>M\u00d3DULO 1 &#8211; REMATES JUDICIALES EN LATINOAM\u00c9RICA<\/p>\n<p>Presentaci\u00f3n.<br \/>\nDefinici\u00f3n remates judiciales.<br \/>\nTipos de remates y subastas.<br \/>\nEtapas proceso de remate.<br \/>\nRentabilidad inmuebles.<br \/>\nRentabilidad veh\u00edculos.<br \/>\nExcel financiero.<br \/>\nProveedores de listados y edictos.<br \/>\nElecci\u00f3n del bien para postular.<br \/>\nAn\u00e1lisis jur\u00eddico y comercial.<br \/>\nConsignaci\u00f3n y postulaci\u00f3n.<br \/>\nDevoluci\u00f3n dinero postura.<br \/>\nActa de adjudicaci\u00f3n y auto de aprobaci\u00f3n.<br \/>\nRegistro del bien.<br \/>\nEntrega del bien.<br \/>\nComercializaci\u00f3n del bien.<br \/>\nCesiones de derechos.<br \/>\nPre-remates.<\/p>\n<p>M\u00d3DULO 2 \u2013 TESTIMONIOS<\/p>\n<p>Testimonios.<\/p>\n<p>M\u00d3DULO 3 \u2013 MATERIAL ADICIONAL (BONOS)<\/p>\n<p>Remates en M\u00e9xico.<br \/>\nRemates en Per\u00fa.<br \/>\nRemates en Argentina.<br \/>\nRemates en Colombia.<br \/>\nRemates en Ecuador.<\/p>\n<p>M\u00d3DULO 4 \u2013 VIDEO RESPUESTAS<\/p>\n<p>Preguntas y respuestas<br \/>\n\u00bfSi hago un cr\u00e9dito puedo comprar vivienda?<br \/>\n\u00bfQu\u00e9 pasa si no consigno el excedente en el tiempo definido?<br \/>\n\u00bfPuedo trabajar solo haciendo remates?<br \/>\n\u00bfPuedo invertir en otros pa\u00edses o ciudades?<br \/>\n\u00bfCu\u00e1nto podr\u00eda cobrar por asesorar y acompa\u00f1ar a alguien con un remate?<br \/>\n\u00bfPuedo encontrar remates con el 50?<br \/>\n\u00bfMi dinero lo puedo recuperar si pierdo el remate?<br \/>\n\u00bfEs una inversi\u00f3n segura?<br \/>\n\u00bfEs seguro ganarme un remate siempre?<br \/>\n\u00bfEn cu\u00e1nto tiempo puedo tener mi inmueble?<br \/>\n\u00bfEl avalu\u00f3 en remate es el mismo avalu\u00f3 comercial?<\/p>\n<p>M\u00d3DULO 5 \u2013 \u00bfC\u00d3MO OBTENER TU CERTIFICADO?<br \/>\n\u00bfC\u00f3mo obtener tu certificado?<\/p>\n<p>ACERCA DE LOS PRODUCTORES<\/p>\n<p>Desarrollado por WILLIE CRUZ Y EDSON MORALES.<\/p>\n<p>WILLIE CRUZ, colombiano creador de las marcas en internet y redes sociales WillieCruz Remates y WillieCruz.com<\/p>\n<p>Inversionista y Consultor Experto En Remates Judiciales con 10 a\u00f1os de experiencia. Profesional Inmobiliario y Perito Valuador de Corpolonjas Colombia. M\u00e1ster en PNL y Mentor Espiritual Iglesia Misi\u00f3n Paz Cali. <\/p>\n<p>Su misi\u00f3n es contar toda la verdad acerca del negocio de los Remates Judiciales y guiar paso a paso en la consecuci\u00f3n de resultados seguros y rentables.<\/p>\n<p>EDSON MORALES, asesor jur\u00eddico inmobiliario con 15 a\u00f1os de trayectoria.<\/p>\n<p>Experto jur\u00eddico en el \u00e1rea de inversi\u00f3n en compra de bienes sujetos a remate. Con estudios en el \u00e1rea de PNL y coaching. Actualmente asesor jur\u00eddico para empresas inmobiliarias, inversionistas y emprendedores en el sector inmobiliario. Trabajador p\u00fablico en los juzgados civiles en Cali, Colombia. Asistente jur\u00eddico en el sector privado en diferentes entidades financieras de Cali, Colombia. <\/p>\n<p>Su visi\u00f3n, es guiarte desde su experiencia y conocimiento para que puedas invertir tu capital en un negocio, seguro, confiable y rentable.<\/p>\n","protected":false},"excerpt":{"rendered":"<p>\u00bfTe gustar\u00eda acceder de forma segura a REMATES JUDICIALES de inmuebles y veh\u00edculos?<\/p>\n<p>Con el Master Class REMATES JUDICIALES EN LATINOAMERICA, participar\u00e1s en el negocio de los remates judiciales para pasar del miedo a la acci\u00f3n real, segura y controlada.<\/p>\n","protected":false},"featured_media":4886,"template":"","meta":{"_joinchat":[]},"product_brand":[],"product_cat":[333,344],"product_tag":[],"class_list":{"0":"post-12848","1":"product","2":"type-product","3":"status-publish","4":"has-post-thumbnail","6":"product_cat-negocios-y-marketing","7":"product_cat-todos","9":"first","10":"instock","11":"sale","12":"shipping-taxable","13":"product-type-external"},"_links":{"self":[{"href":"https:\/\/www.cursos.olgavelez.co\/cu\/wp-json\/wp\/v2\/product\/12848","targetHints":{"allow":["GET"]}}],"collection":[{"href":"https:\/\/www.cursos.olgavelez.co\/cu\/wp-json\/wp\/v2\/product"}],"about":[{"href":"https:\/\/www.cursos.olgavelez.co\/cu\/wp-json\/wp\/v2\/types\/product"}],"version-history":[{"count":2,"href":"https:\/\/www.cursos.olgavelez.co\/cu\/wp-json\/wp\/v2\/product\/12848\/revisions"}],"predecessor-version":[{"id":14718,"href":"https:\/\/www.cursos.olgavelez.co\/cu\/wp-json\/wp\/v2\/product\/12848\/revisions\/14718"}],"wp:featuredmedia":[{"embeddable":true,"href":"https:\/\/www.cursos.olgavelez.co\/cu\/wp-json\/wp\/v2\/media\/4886"}],"wp:attachment":[{"href":"https:\/\/www.cursos.olgavelez.co\/cu\/wp-json\/wp\/v2\/media?parent=12848"}],"wp:term":[{"taxonomy":"product_brand","embeddable":true,"href":"https:\/\/www.cursos.olgavelez.co\/cu\/wp-json\/wp\/v2\/product_brand?post=12848"},{"taxonomy":"product_cat","embeddable":true,"href":"https:\/\/www.cursos.olgavelez.co\/cu\/wp-json\/wp\/v2\/product_cat?post=12848"},{"taxonomy":"product_tag","embeddable":true,"href":"https:\/\/www.cursos.olgavelez.co\/cu\/wp-json\/wp\/v2\/product_tag?post=12848"}],"curies":[{"name":"wp","href":"https:\/\/api.w.org\/{rel}","templated":true}]}}