{"id":12846,"date":"2023-01-10T04:41:20","date_gmt":"2023-01-10T07:41:20","guid":{"rendered":"https:\/\/www.cursos.olgavelez.co\/cu\/?post_type=product&#038;p=12846"},"modified":"2023-09-20T16:05:51","modified_gmt":"2023-09-20T19:05:51","slug":"aprende-y-emprende-en-foamy-utiles-escolares-para-ninos","status":"publish","type":"product","link":"https:\/\/www.cursos.olgavelez.co\/cu\/producto\/aprende-y-emprende-en-foamy-utiles-escolares-para-ninos\/","title":{"rendered":"APRENDE Y EMPRENDE EN FOAMY, \u00daTILES ESCOLARES PARA NI\u00d1OS"},"content":{"rendered":"<p>\u00bfSab\u00edas que el foamy es un material maleable, resistente y ahorrativo, para realizar decoraciones \u00fanicas y personalizadas?<\/p>\n<p>Con el MasterClass APRENDE Y EMPRENDE EN FOAMY, \u00daTILES ESCOLARES PARA NI\u00d1OS, dise\u00f1ar\u00e1s paso a paso, todo tipo de decoraciones para \u00fatiles escolares, generar ingresos extras e incluso vivir de tu nuevo talento.<\/p>\n<p>\u00bfQU\u00c9 VAS A LOGRAR?<\/p>\n<p>Aprender\u00e1s las t\u00e9cnicas de difuminado, imitaci\u00f3n madera, silueta y decoraci\u00f3n.<\/p>\n<p>Aprender\u00e1s c\u00f3mo sacarle provecho a tu bolsita de retazo.<\/p>\n<p>Dise\u00f1ar\u00e1s tus proyectos.<\/p>\n<p>Transferir\u00e1s f\u00e1cilmente los moldes al foamy.<\/p>\n<p>Aprender\u00e1s a cortar, armar, rellenar y pegar.<\/p>\n<p>Le dar\u00e1s vida al foamy con tus decoraciones.<\/p>\n<p>Crear\u00e1s tus propios proyectos de manera original y darle un estilo personal y creativo.<\/p>\n<p>Ning\u00fan proyecto ser\u00e1 dif\u00edcil para ti, al aprender estas t\u00e9cnicas.<\/p>\n<p>Emprender\u00e1s y tendr\u00e1s ingresos extras con lo que amas.<\/p>\n<p>Acceder\u00e1s al certificado avalado por Hotmart y Seminarios Online.<\/p>\n<p>\u00bfC\u00d3MO LO VAS A LOGRAR?<\/p>\n<p>A trav\u00e9s del siguiente contenido, estructurado paso a paso:<\/p>\n<p>M\u00d3DULO 1 &#8211; DECORANDO TUS PRIMEROS \u00daTILES<\/p>\n<p>Bienvenido.<br \/>\nHerramientas.<br \/>\nTu espacio creativo<\/p>\n<p>M\u00d3DULO 2 &#8211; DISE\u00d1ANDO Y DECORANDO \u00daTILES ESCOLARES<\/p>\n<p>Bienvenido al m\u00f3dulo 2.<br \/>\nDibujar moldes.<br \/>\nTransferencias de moldes.<br \/>\nTermoformado.<br \/>\nUniendo piezas.<br \/>\nTerminaci\u00f3n unicornio.<br \/>\nRecorte piezas especial.<\/p>\n<p>M\u00d3DULO 3 &#8211; PONLE DIVERSION A LOS \u00daTILES ESCOLARES<\/p>\n<p>Tomando medidas funda.<br \/>\nMarcado en el foamy.<br \/>\nEstampado caut\u00edn.<br \/>\nArmado de funda.<br \/>\nDise\u00f1o y aplique.<br \/>\nL\u00edneas de la mu\u00f1eca.<br \/>\nAplique de \u00e1rbol.<br \/>\nDifuminado.<br \/>\nArmado y Terminaciones<\/p>\n<p>M\u00d3DULO 4 &#8211; MARCANDO LA DIFERENCIA<\/p>\n<p>Introducci\u00f3n.<br \/>\nMarcando la diferencia.<br \/>\nArmando y pintando cartuchera.<br \/>\nRealizando aplique.<br \/>\nMarcado y transferencia de molde.<br \/>\nTerminaci\u00f3n de cartuchera.<br \/>\nMuestra de art\u00edculos.<\/p>\n<p>M\u00d3DULO 5 \u2013 MATERIAL ADICIONAL (BONOS)<\/p>\n<p>Bono 1: Mil pinceles en uno.<br \/>\nBono 2: Mil moldes.<\/p>\n<p>M\u00d3DULO 6 \u2013 VIDEO RESPUESTAS<\/p>\n<p>\u00bfCu\u00e1les los pinceles que se usaron durante el proyecto?<br \/>\n\u00bfCon cuales nombres se le conoce al foamy?<\/p>\n<p>M\u00d3DULO 7 &#8211; \u00bfC\u00d3MO OBTENER TU CERTIFICADO?<\/p>\n<p>\u00bfC\u00f3mo obtener tu certificado?<\/p>\n<p>ACERCA DE LA PRODUCTORA<\/p>\n<p>Desarrollado por YULEXIS RIVAS, joven apasionada por las manualidades, madre, emprendedora y creativa.<\/p>\n<p>Tiene m\u00e1s de 15 a\u00f1os realizando dise\u00f1os y decoraciones en foamy personalizados para fiestas, eventos corporativos y mucho m\u00e1s.<\/p>\n","protected":false},"excerpt":{"rendered":"<p>\u00bfSab\u00edas que el foamy es un material maleable, resistente y ahorrativo, para realizar decoraciones \u00fanicas y personalizadas?<\/p>\n<p>Con el MasterClass APRENDE Y EMPRENDE EN FOAMY, \u00daTILES ESCOLARES PARA NI\u00d1OS, dise\u00f1ar\u00e1s paso a paso, todo tipo de decoraciones para \u00fatiles escolares, generar ingresos extras e incluso vivir de tu nuevo talento.<\/p>\n","protected":false},"featured_media":4877,"template":"","meta":{"_joinchat":[]},"product_brand":[],"product_cat":[333,344],"product_tag":[],"class_list":{"0":"post-12846","1":"product","2":"type-product","3":"status-publish","4":"has-post-thumbnail","6":"product_cat-negocios-y-marketing","7":"product_cat-todos","9":"first","10":"instock","11":"sale","12":"shipping-taxable","13":"product-type-external"},"_links":{"self":[{"href":"https:\/\/www.cursos.olgavelez.co\/cu\/wp-json\/wp\/v2\/product\/12846","targetHints":{"allow":["GET"]}}],"collection":[{"href":"https:\/\/www.cursos.olgavelez.co\/cu\/wp-json\/wp\/v2\/product"}],"about":[{"href":"https:\/\/www.cursos.olgavelez.co\/cu\/wp-json\/wp\/v2\/types\/product"}],"version-history":[{"count":2,"href":"https:\/\/www.cursos.olgavelez.co\/cu\/wp-json\/wp\/v2\/product\/12846\/revisions"}],"predecessor-version":[{"id":14716,"href":"https:\/\/www.cursos.olgavelez.co\/cu\/wp-json\/wp\/v2\/product\/12846\/revisions\/14716"}],"wp:featuredmedia":[{"embeddable":true,"href":"https:\/\/www.cursos.olgavelez.co\/cu\/wp-json\/wp\/v2\/media\/4877"}],"wp:attachment":[{"href":"https:\/\/www.cursos.olgavelez.co\/cu\/wp-json\/wp\/v2\/media?parent=12846"}],"wp:term":[{"taxonomy":"product_brand","embeddable":true,"href":"https:\/\/www.cursos.olgavelez.co\/cu\/wp-json\/wp\/v2\/product_brand?post=12846"},{"taxonomy":"product_cat","embeddable":true,"href":"https:\/\/www.cursos.olgavelez.co\/cu\/wp-json\/wp\/v2\/product_cat?post=12846"},{"taxonomy":"product_tag","embeddable":true,"href":"https:\/\/www.cursos.olgavelez.co\/cu\/wp-json\/wp\/v2\/product_tag?post=12846"}],"curies":[{"name":"wp","href":"https:\/\/api.w.org\/{rel}","templated":true}]}}