{"id":12845,"date":"2023-01-10T04:41:20","date_gmt":"2023-01-10T07:41:20","guid":{"rendered":"https:\/\/www.cursos.olgavelez.co\/cu\/?post_type=product&#038;p=12845"},"modified":"2023-09-20T16:05:51","modified_gmt":"2023-09-20T19:05:51","slug":"copywriting-redaccion-creativa-para-mensajes-de-venta-exitosos","status":"publish","type":"product","link":"https:\/\/www.cursos.olgavelez.co\/cu\/producto\/copywriting-redaccion-creativa-para-mensajes-de-venta-exitosos\/","title":{"rendered":"COPYWRITING \u2013 REDACCI\u00d3N CREATIVA PARA MENSAJES DE VENTA EXITOSOS"},"content":{"rendered":"<p>\u00bfQuieres llevar tu negocio a la cima del \u00e9xito gracias a tus textos o copys?<\/p>\n<p>Con el MasterClass COPYWRITING REDACCI\u00d3N CREATIVA PARA MENSAJES DE VENTA EXITOSOS, obtendr\u00e1s los mejores tips, t\u00e9cnicas y herramientas para que escribas tus propios textos publicitarios y se traduzcan en ventas garantizadas.<\/p>\n<p>\u00bfQU\u00c9 VAS A LOGRAR?<\/p>\n<p>Crear\u00e1s ofertas irresistibles para que tus clientes potenciales digan S\u00cd, sin recurrir a la presi\u00f3n y sin miedo a parecer un vendeh\u00famos.<\/p>\n<p>Aprender\u00e1s las t\u00e9cnicas de copywriting para redactar como un profesional y destaques tu marca frente a la competencia.<\/p>\n<p>Conocer\u00e1s algunas f\u00f3rmulas que utilizan los grandes vendedores para eliminar cualquier objeci\u00f3n posible que un cliente pueda tener sobre tu oferta.<\/p>\n<p>Obtendr\u00e1s los mejores tips, t\u00e9cnicas y herramientas para que escribas tus propios textos publicitarios y se traduzcan en ventas garantizadas.<\/p>\n<p>Conquistar\u00e1s a tu audiencia y a Mr. Google.<\/p>\n<p>Podr\u00e1s redactar mensajes que conectar\u00e1n emocionalmente con tus clientes.<\/p>\n<p>Tendr\u00e1s narrativas incre\u00edbles que resaltar\u00e1n la experiencia que aporta tu producto o servicio.<\/p>\n<p>Crear\u00e1s contenidos que har\u00e1n brillar tu marca en internet.<\/p>\n<p>Acceder\u00e1s al certificado avalado por Hotmart y Seminarios Online.<\/p>\n<p>\u00bfC\u00d3MO LO VAS A LOGRAR?<\/p>\n<p>A trav\u00e9s del siguiente contenido, estructurado paso a paso:<\/p>\n<p>M\u00d3DULO 1<\/p>\n<p>Presentaci\u00f3n e Introducci\u00f3n.<br \/>\nEnam\u00f3rate del Copywriting.<\/p>\n<p>M\u00d3DULO 2<\/p>\n<p>Descubre y Define tu avatar.<br \/>\nEl Avatar.<br \/>\nT\u00e9cnicas para venderle al avatar.<br \/>\nF\u00f3rmulas para titulares.<\/p>\n<p>M\u00d3DULO 3<\/p>\n<p>Emoci\u00f3n, persuasi\u00f3n, psicolog\u00eda.<\/p>\n<p>M\u00d3DULO 4<\/p>\n<p>F\u00f3rmulas probadas: AIDA, PAS, 4Ps, las 4Us (Urgente, \u00fanico, \u00fatil, ultra espec\u00edfico).<\/p>\n<p>M\u00d3DULO 5<\/p>\n<p>F\u00f3rmulas probadas: 3S (Star, Story, Solution), PDS (presenta-discute-s\u00e1lvalos), PBC (problema-beneficio caracter\u00edstica), ACCA, 1-2-3-4.<\/p>\n<p>M\u00d3DULO 6<\/p>\n<p>Elementos de un buen texto publicitario, palabras que generan confianza, inter\u00e9s, confianza, urgencia. <\/p>\n<p>M\u00d3DULO 7 \u2013 MATERIAL ADICIONAL (BONOS)<\/p>\n<p>Bono 1: (Clase extra) Derribando objeciones con el copywriting.<br \/>\nBono 2: E-book: \u00abRedacci\u00f3n creativa para mensajes de venta exitosos\u00bb.<br \/>\nBono 3: ACCIONARIO MILLONARIO (Agenda para enfocar tus actividades diarias y convertirlas en h\u00e1bitos poderosos).<\/p>\n<p>M\u00d3DULO 8 \u2013 VIDEO RESPUESTAS<\/p>\n<p>\u00bfQu\u00e9 es el copywriting?<br \/>\n\u00bfEl copywriting es lo mismo que marketing de contenidos?<br \/>\n\u00bfPor qu\u00e9 necesito una web o blog?<br \/>\n\u00bfPor qu\u00e9 necesito una web si ya uso redes?<br \/>\n\u00bfPor qu\u00e9 deber\u00eda preocuparme por los textos de mi web?<br \/>\n\u00bfPor qu\u00e9 contratar un copywriter?<br \/>\n\u00bfC\u00f3mo trabaja un copywriter?<br \/>\n\u00bfPor qu\u00e9 tengo que darle tanta informaci\u00f3n al copywriter?<br \/>\n\u00bfPor qu\u00e9 necesito invertir en un copywriter?<br \/>\n\u00bfPor qu\u00e9 un copywriter me har\u00e1 destacar?<br \/>\n\u00bfSi invierto en mis textos voy a vender m\u00e1s?<br \/>\n\u00bfQu\u00e9 estructura deber\u00edan tener mis textos?<br \/>\n\u00bfSobre qu\u00e9 puedo escribir?<br \/>\n\u00bfQu\u00e9 hago si no me gusta escribir?<br \/>\n\u00bfCada cu\u00e1nto deber\u00eda escribir?<br \/>\n\u00bfQu\u00e9 pasa si decido apropiarme de textos de otras personas?<br \/>\n\u00bfC\u00f3mo distinguirme de los dem\u00e1s copywriters?<br \/>\n\u00bfD\u00f3nde puedo contratar un redactor que lo haga por m\u00ed?<\/p>\n<p>M\u00d3DULO 9 &#8211; \u00bfC\u00d3MO OBTENER TU CERTIFICADO?<\/p>\n<p>\u00bfC\u00f3mo obtener tu certificado?<\/p>\n<p>ACERCA DE LOS PRODUCTORES<\/p>\n<p>Desarrollado por ALINE JANETH TORRES OSORIO y MARIO HERN\u00c1NDEZ.<\/p>\n<p>ALINE es Licenciada en Comunicaci\u00f3n y Periodismo por la UNAM con trayectoria en el mundo digital. <\/p>\n<p>Trabaj\u00f3 en los peri\u00f3dicos INFORIENTE, LA CR\u00d3NICA y LA JORNADA.<br \/>\nCoordin\u00f3 el \u00e1rea informativa web de UNOTV NOTICIAS de Grupo Carso.<br \/>\nActualmente, es directora de Planeaci\u00f3n y Copywriting en FORSUA, una empresa dedicada a la capacitaci\u00f3n online a nivel mundial. <\/p>\n<p>MARIO es periodista econ\u00f3mico desde hace 18 a\u00f1os. Escrib\u00edo en las revistas Entrepreneur, Forbes y Expansi\u00f3n.<br \/>\nHace m\u00e1s de 10 a\u00f1os inici\u00f3 su carrera como Copywriter en las agencias de publicidad Ingenia Group, GAUDELLI, y Social Rocks, donde llev\u00f3 las cuentas del INADEM, VISA NEGOCIOS, Finanzas Pr\u00e1cticas, NH Hoteles, Los Cabos, Riviera Maya, Oaxaca OCPM, Banyan Tree, entre otras.<br \/>\nActualmente, escribe sobre emprendimiento en el portal elEmpresario.mx del peri\u00f3dico El Economista, y sobre marketing digital en la revista NEO.<br \/>\nPero lo que m\u00e1s le enorgullece es ser Director Editorial de la revista MI MEZCALITO y copywriter de la Startup AgroUno en M\u00e9rida, Yucat\u00e1n, M\u00e9xico.<\/p>\n","protected":false},"excerpt":{"rendered":"<p>\u00bfQuieres llevar tu negocio a la cima del \u00e9xito gracias a tus textos o copys?<\/p>\n<p>Con el MasterClass COPYWRITING REDACCI\u00d3N CREATIVA PARA MENSAJES DE VENTA EXITOSOS, obtendr\u00e1s los mejores tips, t\u00e9cnicas y herramientas para que escribas tus propios textos publicitarios y se traduzcan en ventas garantizadas.<\/p>\n","protected":false},"featured_media":4876,"template":"","meta":{"_joinchat":[]},"product_brand":[],"product_cat":[333,344],"product_tag":[],"class_list":{"0":"post-12845","1":"product","2":"type-product","3":"status-publish","4":"has-post-thumbnail","6":"product_cat-negocios-y-marketing","7":"product_cat-todos","9":"first","10":"instock","11":"sale","12":"shipping-taxable","13":"product-type-external"},"_links":{"self":[{"href":"https:\/\/www.cursos.olgavelez.co\/cu\/wp-json\/wp\/v2\/product\/12845","targetHints":{"allow":["GET"]}}],"collection":[{"href":"https:\/\/www.cursos.olgavelez.co\/cu\/wp-json\/wp\/v2\/product"}],"about":[{"href":"https:\/\/www.cursos.olgavelez.co\/cu\/wp-json\/wp\/v2\/types\/product"}],"version-history":[{"count":2,"href":"https:\/\/www.cursos.olgavelez.co\/cu\/wp-json\/wp\/v2\/product\/12845\/revisions"}],"predecessor-version":[{"id":14715,"href":"https:\/\/www.cursos.olgavelez.co\/cu\/wp-json\/wp\/v2\/product\/12845\/revisions\/14715"}],"wp:featuredmedia":[{"embeddable":true,"href":"https:\/\/www.cursos.olgavelez.co\/cu\/wp-json\/wp\/v2\/media\/4876"}],"wp:attachment":[{"href":"https:\/\/www.cursos.olgavelez.co\/cu\/wp-json\/wp\/v2\/media?parent=12845"}],"wp:term":[{"taxonomy":"product_brand","embeddable":true,"href":"https:\/\/www.cursos.olgavelez.co\/cu\/wp-json\/wp\/v2\/product_brand?post=12845"},{"taxonomy":"product_cat","embeddable":true,"href":"https:\/\/www.cursos.olgavelez.co\/cu\/wp-json\/wp\/v2\/product_cat?post=12845"},{"taxonomy":"product_tag","embeddable":true,"href":"https:\/\/www.cursos.olgavelez.co\/cu\/wp-json\/wp\/v2\/product_tag?post=12845"}],"curies":[{"name":"wp","href":"https:\/\/api.w.org\/{rel}","templated":true}]}}