{"id":12844,"date":"2023-01-10T04:41:20","date_gmt":"2023-01-10T07:41:20","guid":{"rendered":"https:\/\/www.cursos.olgavelez.co\/cu\/?post_type=product&#038;p=12844"},"modified":"2023-09-20T16:05:51","modified_gmt":"2023-09-20T19:05:51","slug":"cajas-y-flores-eternas-como-oportunidad-de-negocio","status":"publish","type":"product","link":"https:\/\/www.cursos.olgavelez.co\/cu\/producto\/cajas-y-flores-eternas-como-oportunidad-de-negocio\/","title":{"rendered":"CAJAS Y FLORES ETERNAS COMO OPORTUNIDAD DE NEGOCIO"},"content":{"rendered":"<p>\u00bfSab\u00edas que creando regalos con flores eternas puedes tener un negocio altamente rentable?<\/p>\n<p>Con el MasterClass CAJAS Y FLORES ETERNAS COMO OPORTUNIDAD DE NEGOCIO, elaborar\u00e1s y vender\u00e1s tus productos para que puedas obtener resultados visibles en poco tiempo.<\/p>\n<p>\u00bfQU\u00c9 VAS A LOGRAR?<\/p>\n<p>Aprender\u00e1s a crear la marca, logo e identidad de tu negocio.<\/p>\n<p>Te ense\u00f1aremos a desarrollar tu propio cat\u00e1logo de productos.<\/p>\n<p>Ser\u00e1s capaz de calcular los costos de venta de tus productos.<\/p>\n<p>Aprender\u00e1s a tomar las fotos y videos de tus productos correctamente.<\/p>\n<p>Aprender\u00e1s a utilizar p\u00e1ginas y aplicaciones de edici\u00f3n.<\/p>\n<p>Ser\u00e1s capaz de utilizar las redes sociales de forma adecuada para hacer crecer tu negocio.<\/p>\n<p>Te ense\u00f1aremos la forma correcta de atender a tus clientes y como fidelizarlos.<\/p>\n<p>Podr\u00e1s aprender a elaborar rosas y girasoles eternos.<\/p>\n<p>Aprender\u00e1s a elaborar distintos tipos de cajas y arreglos en tendencia con flores eternas.<\/p>\n<p>Tendr\u00e1s a tu alcance todos los recursos adicionales como documentos, Pdfs, y videos extras para practicar y aprender adecuadamente.<\/p>\n<p>Acceder\u00e1s al certificado avalado por Hotmart y Seminarios Online.<\/p>\n<p>\u00bfC\u00d3MO LO VAS A LOGRAR?<\/p>\n<p>A trav\u00e9s del siguiente contenido, estructurado paso a paso:<\/p>\n<p>M\u00d3DULO 1 &#8211; BIENVENIDA<\/p>\n<p>Presentaci\u00f3n y Bienvenida al curso.<br \/>\nConociendo la plataforma de clases.<br \/>\n\u00danete al grupo privado de Facebook.<br \/>\nRecomendaciones y sugerencias antes de comenzar.<\/p>\n<p>M\u00d3DULO 2 &#8211; CREANDO LA MARCA CORPORATIVA DE TU NEGOCIO<\/p>\n<p>Creando la marca, nombre y colores de tu negocio.<br \/>\nCreando tu logotipo con CANVA.<br \/>\nCreando el logotipo de tu negocio con LOGOMAKER.<\/p>\n<p>M\u00d3DULO 3 &#8211; CATALOGO DE PRODUCTOS<\/p>\n<p>Elije los productos para tu cat\u00e1logo.<br \/>\nCreando tu cat\u00e1logo de productos con CANVA en PDF.<br \/>\nConvirtiendo tu cat\u00e1logo online.<\/p>\n<p>M\u00d3DULO 4 &#8211; COSTOS Y PRESUPUESTOS<\/p>\n<p>Proveedores.<br \/>\nComo calcular tus costos de venta.<br \/>\nComo cobrar al cliente.<\/p>\n<p>M\u00d3DULO 5 &#8211; HERRAMIENTAS PARA REALIZAR PUBLICIDAD<\/p>\n<p>Como tomar tus fotos y videos.<br \/>\nRecursos editables en fotos y videos para descargar.<br \/>\nPhotoroom para editar tus fotos.<br \/>\nCANVA para editar tus fotograf\u00edas y videos.<br \/>\nOtras apps m\u00f3viles para edici\u00f3n.<\/p>\n<p>M\u00d3DULO 6 &#8211; REDES SOCIALES<\/p>\n<p>La importancia de las redes sociales para tu negocio.<br \/>\nCreando la Fanpage de tu negocio.<br \/>\nCreando la cuenta de Instagram para tu negocio.<br \/>\nCreando la cuenta de TikTok para tu negocio.<br \/>\nWhatsApp Business para vender.<br \/>\nVendiendo con Marketplace.<br \/>\nPublicidad con Facebook Ads.<br \/>\nCuando publicar en redes sociales.<\/p>\n<p>M\u00d3DULO 7 &#8211; ATENCI\u00d3N AL CLIENTE<\/p>\n<p>Como fidelizar a tus clientes.<br \/>\nComo crear ofertas y promociones.<br \/>\nServicio Post venta.<\/p>\n<p>M\u00d3DULO 8 &#8211; INSTRUCCIONES Y LISTAS DE MATERIALES<\/p>\n<p>Instrucciones y listas de materiales.<br \/>\nLettering.<br \/>\nCombinando los colores.<br \/>\nTips antes de comenzar.<\/p>\n<p>M\u00d3DULO 9 &#8211; FLORES ETERNAS<\/p>\n<p>Rosas eternas.<br \/>\nGirasol eterno.<\/p>\n<p>M\u00d3DULO 10 &#8211; MO\u00d1OS<\/p>\n<p>Mo\u00f1o 1.<br \/>\nMo\u00f1o 2.<br \/>\nMo\u00f1o 3.<\/p>\n<p>M\u00d3DULO 11 &#8211; CAJAS SORPRESAS CON FLORES ETERNAS<\/p>\n<p>Modelo 1 (caja sorpresa con rosas eternas).<br \/>\nModelo 2 (caja sorpresa con rosas eternas).<br \/>\nModelo 3 (caja sorpresa con rosas eternas).<br \/>\nModelo 4 (caja sorpresa con rosas eternas).<br \/>\nModelo 5 (Caja sorpresa con rosas eternas).<\/p>\n<p>M\u00d3DULO 12 &#8211; CAJAS CIRCULARES CON FLORES ETERNAS<\/p>\n<p>Modelo 1 (caja circular con rosas eternas).<br \/>\nModelo 2 (caja circular con rosas eternas).<br \/>\nModelo 3 (caja circular con girasoles eternos).<br \/>\nModelo 4 (caja circular con rosas eternas).<\/p>\n<p>M\u00d3DULO 13 &#8211; CAJAS CORAZ\u00d3N CON FLORES ETERNAS<\/p>\n<p>Modelo 1 (Caja coraz\u00f3n con rosas eternas).<br \/>\nModelo 2 (Caja coraz\u00f3n con rosas eternas).<br \/>\nModelo 3 (Caja coraz\u00f3n con girasoles eternos).<br \/>\nModelo 4 (Caja coraz\u00f3n con rosas eternas).<br \/>\nModelo 5 (Caja coraz\u00f3n con rosas y girasoles eternos).<br \/>\nModelo 6 (Caja coraz\u00f3n con rosas eternas).<br \/>\nModelo 7 (Caja coraz\u00f3n con rosas eternas).<\/p>\n<p>M\u00d3DULO14 &#8211; LETRAS 3D CON FLORES ETERNAS<\/p>\n<p>Modelo 1 (Cajas con letras 3D).<br \/>\nModelo 2 (Cajas con letras 3D).<br \/>\nModelo 3 (Cajas con letras 3D).<\/p>\n<p>M\u00d3DULO 15 &#8211; RAMOS CON FLORES ETERNAS<br \/>\nArreglo unitario de rosa y girasol eterno.<\/p>\n<p>Ramo de girasoles eternos.<br \/>\nRamo de rosas eternas.<br \/>\nRamo de maquillaje con girasoles eternos.<br \/>\nRamo de dulces con rosas eternas.<\/p>\n<p>M\u00d3DULO 16 &#8211; TARJETAS CON FLORES ETERNAS<\/p>\n<p>Tarjeta con rosa eterna.<br \/>\nTarjeta con Girasol Eterno.<br \/>\nBONO EXTRA. Tarjetas adicionales 1.<br \/>\nBONO EXTRA. Tarjetas adicionales 2.<\/p>\n<p>M\u00d3DULO 17 &#8211; BONO DE REGALO<\/p>\n<p>Planner de ventas.<\/p>\n<p>M\u00d3DULO18 &#8211; VIDEORESPUESTAS A PREGUNTAS FRECUENTES<\/p>\n<p>\u00bfQu\u00e9 tipo de marcadores podemos usar para la marcaci\u00f3n de cajas y tarjetas?<\/p>\n<p>M\u00d3DULO19 &#8211; \u00bfC\u00d3MO OBTENER TU CERTIFICADO?<\/p>\n<p>\u00bfC\u00f3mo obtener tu certificado?<\/p>\n<p>ACERCA DE LA PRODUCTORA<\/p>\n<p>Desarrollado por NATALI CALLEJAS, Ingeniera Comercial de profesi\u00f3n, experta en marketing digital y ventas online. <\/p>\n<p>Con m\u00e1s de 4 a\u00f1os de experiencia en el \u00e1mbito de ventas y la creaci\u00f3n de negocios. Capacitadora y motivadora de j\u00f3venes emprendedores.<\/p>\n","protected":false},"excerpt":{"rendered":"<p>\u00bfSab\u00edas que creando regalos con flores eternas puedes tener un negocio altamente rentable?<\/p>\n<p>Con el MasterClass CAJAS Y FLORES ETERNAS COMO OPORTUNIDAD DE NEGOCIO, elaborar\u00e1s y vender\u00e1s tus productos para que puedas obtener resultados visibles en poco tiempo.<\/p>\n","protected":false},"featured_media":4875,"template":"","meta":{"_joinchat":[]},"product_brand":[],"product_cat":[333,344],"product_tag":[],"class_list":{"0":"post-12844","1":"product","2":"type-product","3":"status-publish","4":"has-post-thumbnail","6":"product_cat-negocios-y-marketing","7":"product_cat-todos","9":"first","10":"instock","11":"sale","12":"shipping-taxable","13":"product-type-external"},"_links":{"self":[{"href":"https:\/\/www.cursos.olgavelez.co\/cu\/wp-json\/wp\/v2\/product\/12844","targetHints":{"allow":["GET"]}}],"collection":[{"href":"https:\/\/www.cursos.olgavelez.co\/cu\/wp-json\/wp\/v2\/product"}],"about":[{"href":"https:\/\/www.cursos.olgavelez.co\/cu\/wp-json\/wp\/v2\/types\/product"}],"version-history":[{"count":2,"href":"https:\/\/www.cursos.olgavelez.co\/cu\/wp-json\/wp\/v2\/product\/12844\/revisions"}],"predecessor-version":[{"id":14714,"href":"https:\/\/www.cursos.olgavelez.co\/cu\/wp-json\/wp\/v2\/product\/12844\/revisions\/14714"}],"wp:featuredmedia":[{"embeddable":true,"href":"https:\/\/www.cursos.olgavelez.co\/cu\/wp-json\/wp\/v2\/media\/4875"}],"wp:attachment":[{"href":"https:\/\/www.cursos.olgavelez.co\/cu\/wp-json\/wp\/v2\/media?parent=12844"}],"wp:term":[{"taxonomy":"product_brand","embeddable":true,"href":"https:\/\/www.cursos.olgavelez.co\/cu\/wp-json\/wp\/v2\/product_brand?post=12844"},{"taxonomy":"product_cat","embeddable":true,"href":"https:\/\/www.cursos.olgavelez.co\/cu\/wp-json\/wp\/v2\/product_cat?post=12844"},{"taxonomy":"product_tag","embeddable":true,"href":"https:\/\/www.cursos.olgavelez.co\/cu\/wp-json\/wp\/v2\/product_tag?post=12844"}],"curies":[{"name":"wp","href":"https:\/\/api.w.org\/{rel}","templated":true}]}}