{"id":12843,"date":"2023-01-10T04:41:20","date_gmt":"2023-01-10T07:41:20","guid":{"rendered":"https:\/\/www.cursos.olgavelez.co\/cu\/?post_type=product&#038;p=12843"},"modified":"2023-09-20T16:05:51","modified_gmt":"2023-09-20T19:05:51","slug":"organizacion-del-tiempo-para-padres-emprendedores","status":"publish","type":"product","link":"https:\/\/www.cursos.olgavelez.co\/cu\/producto\/organizacion-del-tiempo-para-padres-emprendedores\/","title":{"rendered":"ORGANIZACI\u00d3N DEL TIEMPO PARA PADRES EMPRENDEDORES"},"content":{"rendered":"<p>\u00bfTe has sentido frustrado, cansado o estresado, porque entre tu negocio y tu labor como padre no logras distribuir adecuadamente tu tiempo?<\/p>\n<p>Con el MasterClass ORGANIZACI\u00d3N DEL TIEMPO PARA PADRES EMPRENDEDORES, identificar\u00e1s el punto en el que te encuentras y establecer\u00e1s los h\u00e1bitos que debes cambiar.<\/p>\n<p>\u00bfQU\u00c9 VAS A LOGRAR?<\/p>\n<p>Identificar\u00e1s el punto en el que te encuentras y establecer los h\u00e1bitos que debes cambiar.<\/p>\n<p>Te guiaremos paso a paso c\u00f3mo implementar los nuevos h\u00e1bitos de acuerdo a tu estilo de vida.<\/p>\n<p>Tendr\u00e1s todas las herramientas que necesitas para distribuir tus actividades de la forma adecuada.<\/p>\n<p>Ejecutar\u00e1s tu nuevo plan y evaluar el proceso.<\/p>\n<p>Te convertir\u00e1s en un emprendedor infalible en cada paso que des.<\/p>\n<p>Comenzar\u00e1s a sentir paz y a disfrutar de cada detalle de tu vida, familia, negocios, amigos, TU.<\/p>\n<p>Acceder\u00e1s al certificado avalado por Hotmart y Seminarios Online.<\/p>\n<p>\u00bfC\u00d3MO LO VAS A LOGRAR?<\/p>\n<p>A trav\u00e9s del siguiente contenido, estructurado paso a paso:<\/p>\n<p>M\u00d3DULO 1 &#8211; ORGANIZACI\u00d3N DEL TIEMPO PARA PADRES EMPRENDEDORES<\/p>\n<p>Introducci\u00f3n.<br \/>\nJustificaci\u00f3n \u00bfPor qu\u00e9 el negocio es rentable?<br \/>\nPaso No.1: Reestructura tus conceptos sobre el tiempo.<br \/>\nPaso No.2: 4 principios para organizar tu tiempo.<br \/>\nPaso No.3: Esto te hace perder el tiempo y ni cuenta te das.<br \/>\nPaso No.4: El monstruo traga tiempo.<br \/>\nPaso No.5: Este es el verdadero valor del tiempo.<br \/>\nPaso No.6: Orden y organizaci\u00f3n.<br \/>\nPaso No.7: Identifica tus prioridades.<br \/>\nPaso No.8: Gestiona tus actividades personales.<br \/>\nPaso No.9: Conoce el poder de delegar.<br \/>\nPaso No.10: Ya cuentas con el mejor apoyo.<br \/>\nPaso No.11: Digitaliza tu vida.<br \/>\nPaso No.12: Analiza con lupa todo lo que haces.<br \/>\nPaso No.13: Eval\u00faa y act\u00faa.<br \/>\nPaso No.14: El cambio debe ser inmediato.<br \/>\nPaso No.15: Reestructura tu mente para el cambio.<br \/>\nPaso No.16: Disfruta la vida.<\/p>\n<p>M\u00d3DULO 2 &#8211; EMPIEZA A PONER EN PR\u00c1CTICA AHORA MISMO<\/p>\n<p>Identifica tus 3 mayores metas.<br \/>\nIdentifica y escribe lo que m\u00e1s te hace perder el tiempo.<br \/>\nIdentifica tu etapa, enf\u00f3cate y produce en ello.<br \/>\nDesarrolla tu gesti\u00f3n personal de actividades.<br \/>\nYa sabes c\u00f3mo delegar; comienza a hacerlo.<br \/>\nPr\u00e1ctica, practica, practica\u2026 hasta que lo puedas manejar al derecho y al rev\u00e9s.<br \/>\nEstablece una meta espec\u00edfica; con criterios verdaderos, con una fecha espec\u00edfica, con herramientas adecuadas y comp\u00e1rtelas.<br \/>\nElige un h\u00e1bito, uno, uno, unito\u2026 y hazlo por 66 d\u00edas consecutivos.<br \/>\nVer la pel\u00edcula in time (el precio del ma\u00f1ana).<\/p>\n<p>M\u00d3DULO 3 \u2013 MATERIAL ADICIONAL (BONOS) <\/p>\n<p>PDF Lo que debes saber sobre el orden y la organizaci\u00f3n.<br \/>\nPDF Los 5 pasos para generar un cambio determinante en tu vida.<br \/>\nPDF Descubre el poder y la importancia de delegar.<br \/>\nPDF Puedes estar sobre endeudado y no lo sab\u00edas.<\/p>\n<p>M\u00d3DULO 4 \u2013 VIDEO RESPUESTAS A PREGUNTAS FRECUENTES.<\/p>\n<p>\u00bfEn qu\u00e9 rango de edad deben tener mis hijos para tener muy buenos resultados al implementar la metodolog\u00eda de este taller?<br \/>\nTengo muchas cosas por hacer en el d\u00eda \u00bfc\u00f3mo puedo lograr hacerlas todas?<br \/>\n\u00bfC\u00f3mo puedo empezar a delegar a alguien ciertas tareas mientras aumento mis ingresos?<br \/>\nTengo un ni\u00f1o de un a\u00f1ito y a\u00fan no es consciente de muchas cosas \u00bfC\u00f3mo hago para dedicarle tiempo y que tambi\u00e9n me deje trabajar?<br \/>\nTengo muchas actividades de mi emprendimiento y no le dedico tiempo a mis hijos \u00bfC\u00f3mo puedo mejorar en eso?<br \/>\nMis hijos est\u00e1n en algunas actividades extraoficiales y me toca estar pendiente de ellos pero no me queda tiempo para m\u00ed emprendimiento \u00bfC\u00f3mo puedo organizarme con lo uno sin dejar el otro?<\/p>\n<p>M\u00d3DULO 5 &#8211; \u00bfC\u00d3MO OBTENER TU CERTIFICADO?<\/p>\n<p>\u00bfC\u00f3mo obtener tu certificado?<\/p>\n<p>ACERCA DEL PRODUCTOR<\/p>\n<p>Desarrollado por JOHN VARGAS CIPRIAN, profesional experto en liderazgo fundador de Reestructura Tu Mente (Escuela de transformaci\u00f3n de liderazgo).<\/p>\n<p>Con m\u00e1s de 12 a\u00f1os de experiencia en direcci\u00f3n de personal en compa\u00f1\u00edas nacionales y multinacionales, ocupando cargos gerenciales y directivos, asumiendo responsabilidades en temas relacionados con: Mercadotecnia, liderazgo, formaci\u00f3n de equipos, planeaci\u00f3n estrat\u00e9gica, ventas, destrezas empresariales y educaci\u00f3n financiera.<\/p>\n","protected":false},"excerpt":{"rendered":"<p>\u00bfTe has sentido frustrado, cansado o estresado, porque entre tu negocio y tu labor como padre no logras distribuir adecuadamente tu tiempo?<\/p>\n<p>Con el MasterClass ORGANIZACI\u00d3N DEL TIEMPO PARA PADRES EMPRENDEDORES, identificar\u00e1s el punto en el que te encuentras y establecer\u00e1s los h\u00e1bitos que debes cambiar.<\/p>\n","protected":false},"featured_media":4874,"template":"","meta":{"_joinchat":[]},"product_brand":[],"product_cat":[333,344],"product_tag":[],"class_list":{"0":"post-12843","1":"product","2":"type-product","3":"status-publish","4":"has-post-thumbnail","6":"product_cat-negocios-y-marketing","7":"product_cat-todos","9":"first","10":"instock","11":"sale","12":"shipping-taxable","13":"product-type-external"},"_links":{"self":[{"href":"https:\/\/www.cursos.olgavelez.co\/cu\/wp-json\/wp\/v2\/product\/12843","targetHints":{"allow":["GET"]}}],"collection":[{"href":"https:\/\/www.cursos.olgavelez.co\/cu\/wp-json\/wp\/v2\/product"}],"about":[{"href":"https:\/\/www.cursos.olgavelez.co\/cu\/wp-json\/wp\/v2\/types\/product"}],"version-history":[{"count":2,"href":"https:\/\/www.cursos.olgavelez.co\/cu\/wp-json\/wp\/v2\/product\/12843\/revisions"}],"predecessor-version":[{"id":14713,"href":"https:\/\/www.cursos.olgavelez.co\/cu\/wp-json\/wp\/v2\/product\/12843\/revisions\/14713"}],"wp:featuredmedia":[{"embeddable":true,"href":"https:\/\/www.cursos.olgavelez.co\/cu\/wp-json\/wp\/v2\/media\/4874"}],"wp:attachment":[{"href":"https:\/\/www.cursos.olgavelez.co\/cu\/wp-json\/wp\/v2\/media?parent=12843"}],"wp:term":[{"taxonomy":"product_brand","embeddable":true,"href":"https:\/\/www.cursos.olgavelez.co\/cu\/wp-json\/wp\/v2\/product_brand?post=12843"},{"taxonomy":"product_cat","embeddable":true,"href":"https:\/\/www.cursos.olgavelez.co\/cu\/wp-json\/wp\/v2\/product_cat?post=12843"},{"taxonomy":"product_tag","embeddable":true,"href":"https:\/\/www.cursos.olgavelez.co\/cu\/wp-json\/wp\/v2\/product_tag?post=12843"}],"curies":[{"name":"wp","href":"https:\/\/api.w.org\/{rel}","templated":true}]}}