{"id":12842,"date":"2023-01-10T04:41:20","date_gmt":"2023-01-10T07:41:20","guid":{"rendered":"https:\/\/www.cursos.olgavelez.co\/cu\/?post_type=product&#038;p=12842"},"modified":"2023-09-20T16:05:51","modified_gmt":"2023-09-20T19:05:51","slug":"instaventas","status":"publish","type":"product","link":"https:\/\/www.cursos.olgavelez.co\/cu\/producto\/instaventas\/","title":{"rendered":"INSTAVENTAS"},"content":{"rendered":"<p>\u00bfBuscas aprender estrategias para crecer tu cuenta de Instagram de manera org\u00e1nica y aumentar tus ventas en tu negocio o marca personal?<\/p>\n<p>Con el MasterClass INSTA VENTAS, aprender\u00e1s de la plataforma, posicionando tu marca, creando comunidad y aumentando tus ventas.<\/p>\n<p>\u00bfQU\u00c9 VAS A LOGRAR?<\/p>\n<p>Aprender\u00e1s a utilizar la plataforma de Instagram desde cero para posicionarte como marca y podr\u00e1s crear una comunidad estrat\u00e9gicamente para aumentar tus ventas usando todas las herramientas que te ofrece la plataforma.<\/p>\n<p>Instagram es una plataforma que va creciendo d\u00eda tras d\u00eda y cuenta con m\u00e1s de mil millones de usuarios lo que ha convertido a esta plataforma en una gran aliada para todo tipo de empresa por el alcance que puede lograr darte a nivel mundial.<\/p>\n<p>Lograras desde aprender c\u00f3mo funciona esta plataforma y el c\u00f3mo puede hacer crecer tu comunidad tanto si quieres hacer crecer tu negocio o si quieres empezar a trabajar tu marca personal y monetizar tus talentos.<\/p>\n<p>Acceder\u00e1s al certificado avalado por Hotmart y Seminarios Online.<\/p>\n<p>\u00bfC\u00d3MO LO VAS A LOGRAR?<\/p>\n<p>A trav\u00e9s del siguiente contenido, estructurado paso a paso:<\/p>\n<p>M\u00d3DULO 1 \u2013 CONOCI\u00c9NDONOS<\/p>\n<p>Bienvenida al curso (Instaventas).<br \/>\nPresentaci\u00f3n.<\/p>\n<p>M\u00d3DULO 2 &#8211; LO QUE DEBES SABER<\/p>\n<p>Porque usar Instagram.<br \/>\nConoce las reglas y evita bloqueos.<br \/>\nQue es el Shadowban.<br \/>\nLo que puedes hacer con Instagram.<\/p>\n<p>M\u00d3DULO 3 &#8211; EL INICIO<\/p>\n<p>Social Selling.<br \/>\nEl marketing emocional.<br \/>\nLa marca personal o la marca comercial.<\/p>\n<p>M\u00d3DULO 4 &#8211; PRIMEROS PASOS<\/p>\n<p>El algoritmo de Instagram.<br \/>\nEl buyer persona o el avatar.<br \/>\nInvestigaci\u00f3n de Mercado.<\/p>\n<p>M\u00d3DULO 5 &#8211; TOMANDO ACCI\u00d3N<\/p>\n<p>Creaci\u00f3n de una cuenta de Instagram.<br \/>\nLa optimizaci\u00f3n de la biograf\u00eda de tu cuenta.<br \/>\nComo convertir tu perfil personal a perfil de empresa.<br \/>\nComo utilizar y crear los enlaces de forma correcta en Instagram historias.<br \/>\nOrdenando tu feed.<br \/>\nManual de marca.<br \/>\nPost colaborativos.<\/p>\n<p>M\u00d3DULO 6 &#8211; LOS LABORATORIOS DE REELS<\/p>\n<p>Laboratorios de contenido.<br \/>\nLas Historias de Instagram.<br \/>\nEl laboratorio de reels.<br \/>\nLa estrategia de reels.<\/p>\n<p>M\u00d3DULO 7 &#8211; LABORATORIO DE LIVES<\/p>\n<p>Laboratorio de lives.<br \/>\nEstructura de los lives.<\/p>\n<p>M\u00d3DULO 8 &#8211; LABORATORIO DE POSTS<\/p>\n<p>Laboratorio de un post.<br \/>\nLa estrategia de los #.<br \/>\nPublicaciones en carrusel.<br \/>\nLaboratorio de gu\u00edas.<\/p>\n<p>M\u00d3DULO 9 &#8211; LABORATORIO DE VIDEOS<\/p>\n<p>Laboratorio de fotograf\u00edas.<br \/>\nLos IGTV &#038; videos.<br \/>\nComo subtitular los videos.<br \/>\nLos video Nuguets.<\/p>\n<p>M\u00d3DULO 10 &#8211; VAMOS A VENDER<\/p>\n<p>Embudo de ventas para Instagram.<br \/>\nEstrategia de contenidos.<br \/>\nMarketing con influencers.<br \/>\nCrea una comunidad y gana seguidores.<br \/>\nLas estad\u00edsticas de Instagram.<\/p>\n<p>M\u00d3DULO 11 &#8211; TRAFICANDO CON INSTAGRAM<\/p>\n<p>Publicidad en Instagram.<\/p>\n<p>M\u00d3DULO 12 \u2013 DESPEDIDA<\/p>\n<p>Despedida.<\/p>\n<p>M\u00d3DULO 13- MATERIAL ADICIONAL (BONOS)<\/p>\n<p>Bono 1: Vende con Marketing de afiliados.<br \/>\nBono 2: Realiza anuncios con tus Reels.<br \/>\nBono 3: Creaci\u00f3n Reels e ideas creativas.<br \/>\nBono 4: Grupo privado Telegram.<\/p>\n<p>M\u00d3DULO 14 \u2013 VIDEO RESPUESTAS<\/p>\n<p>\u00bfC\u00f3mo recuperar alg\u00fan video que borre por error?<br \/>\n\u00bfC\u00f3mo salir del shadowban en Instagram?<br \/>\n\u00bfCon cuantas personas puedo realizar un live?<\/p>\n<p>M\u00d3DULO 15 &#8211; \u00bfC\u00d3MO OBTENER TU CERTIFICADO?<\/p>\n<p>\u00bfC\u00f3mo obtener tu certificado?<\/p>\n<p>ACERCA DE LA PRODUCTORA<\/p>\n<p>Desarrollado por BEYZZIA ZHASHARY, una joven comunicadora de profesi\u00f3n especializada en medios audiovisuales y publicidad. Hace dos a\u00f1os decidi\u00f3 incursionar en los negocios digitales debido al quiebre de su empresa por la pandemia, la terrible experiencia de quedarse en la nada la motivo a buscar otras formas de emprender superando la depresi\u00f3n, los miedos y la ansiedad ante la incertidumbre y ahora cuenta con una gran comunidad donde trabaja d\u00eda a d\u00eda en motivar a las personas a emprender digitalmente y trabajar en su mentalidad para vencer cualquier limite y alcanzar sus objetivos. <\/p>\n<p>Actualmente Beyzzia es n\u00f3mada digital, su oficina es el mundo y sigue luchando para cumplir cada uno de sus sue\u00f1os y darle calidad de vida junto a su familia.<\/p>\n<p>Beyzzia adem\u00e1s es mentora especialista en ventas org\u00e1nicas y desarrollo personal y ha logrado hacer que m\u00e1s personas puedan vivir del emprendimiento digital convirti\u00e9ndose en n\u00f3madas digitales y generando ingresos desde cualquier parte del mundo cumpliendo as\u00ed cada uno de sus sue\u00f1os.<\/p>\n<p>Tiene la misi\u00f3n de inspirar a cientos de personas y llevar el mensaje de que todo se puede lograr si realmente hay ganas y que los momentos de crisis son los momentos de mayor evoluci\u00f3n, por esa raz\u00f3n Beyzzia decidi\u00f3 compartir todo lo aprendido con m\u00e1s personas para inspirarlas a lograr lo que se proponen y que vean la gran oportunidad que uno puede encontrar al hacer negocios digitales.<\/p>\n","protected":false},"excerpt":{"rendered":"<p>\u00bfBuscas aprender estrategias para crecer tu cuenta de Instagram de manera org\u00e1nica y aumentar tus ventas en tu negocio o marca personal?<\/p>\n<p>Con el MasterClass INSTA VENTAS, aprender\u00e1s de la plataforma, posicionando tu marca, creando comunidad y aumentando tus ventas.<\/p>\n","protected":false},"featured_media":4873,"template":"","meta":{"_joinchat":[]},"product_brand":[],"product_cat":[333,344],"product_tag":[],"class_list":{"0":"post-12842","1":"product","2":"type-product","3":"status-publish","4":"has-post-thumbnail","6":"product_cat-negocios-y-marketing","7":"product_cat-todos","9":"first","10":"instock","11":"sale","12":"shipping-taxable","13":"product-type-external"},"_links":{"self":[{"href":"https:\/\/www.cursos.olgavelez.co\/cu\/wp-json\/wp\/v2\/product\/12842","targetHints":{"allow":["GET"]}}],"collection":[{"href":"https:\/\/www.cursos.olgavelez.co\/cu\/wp-json\/wp\/v2\/product"}],"about":[{"href":"https:\/\/www.cursos.olgavelez.co\/cu\/wp-json\/wp\/v2\/types\/product"}],"version-history":[{"count":2,"href":"https:\/\/www.cursos.olgavelez.co\/cu\/wp-json\/wp\/v2\/product\/12842\/revisions"}],"predecessor-version":[{"id":14712,"href":"https:\/\/www.cursos.olgavelez.co\/cu\/wp-json\/wp\/v2\/product\/12842\/revisions\/14712"}],"wp:featuredmedia":[{"embeddable":true,"href":"https:\/\/www.cursos.olgavelez.co\/cu\/wp-json\/wp\/v2\/media\/4873"}],"wp:attachment":[{"href":"https:\/\/www.cursos.olgavelez.co\/cu\/wp-json\/wp\/v2\/media?parent=12842"}],"wp:term":[{"taxonomy":"product_brand","embeddable":true,"href":"https:\/\/www.cursos.olgavelez.co\/cu\/wp-json\/wp\/v2\/product_brand?post=12842"},{"taxonomy":"product_cat","embeddable":true,"href":"https:\/\/www.cursos.olgavelez.co\/cu\/wp-json\/wp\/v2\/product_cat?post=12842"},{"taxonomy":"product_tag","embeddable":true,"href":"https:\/\/www.cursos.olgavelez.co\/cu\/wp-json\/wp\/v2\/product_tag?post=12842"}],"curies":[{"name":"wp","href":"https:\/\/api.w.org\/{rel}","templated":true}]}}