{"id":12841,"date":"2023-01-10T04:41:20","date_gmt":"2023-01-10T07:41:20","guid":{"rendered":"https:\/\/www.cursos.olgavelez.co\/cu\/?post_type=product&#038;p=12841"},"modified":"2023-09-20T16:05:51","modified_gmt":"2023-09-20T19:05:51","slug":"padres-y-nineras-preparados","status":"publish","type":"product","link":"https:\/\/www.cursos.olgavelez.co\/cu\/producto\/padres-y-nineras-preparados\/","title":{"rendered":"PADRES Y NI\u00d1ERAS + PREPARADOS"},"content":{"rendered":"<p>\u00bfSab\u00edas que el cuidado de un ni\u00f1o puede influir en su desarrollo, bienestar y felicidad?<\/p>\n<p>Con el Master Class PADRES Y NI\u00d1ERAS + PREPARADOS, aprender\u00e1s las din\u00e1micas, los juegos, los h\u00e1bitos de sue\u00f1o e higiene que los ni\u00f1os necesitan para su adecuado desarrollo.<\/p>\n<p>\u00bfQU\u00c9 VAS A LOGRAR?<\/p>\n<p>Aprender\u00e1s a crear un entorno m\u00e1s seguro, estimulante y adecuado para el desarrollo integral de tus hijos.<\/p>\n<p>Fortalecer\u00e1s las habilidades y conocimientos de todos los cuidadores al rededor de tus hijos, para que juntos como equipo potencielicen su Educaci\u00f3n y Desarrollo. <\/p>\n<p>Conocer\u00e1s c\u00f3mo entrenarse de una manera profesional en todo lo relacionado con el cuidado, educaci\u00f3n y desarrollo integral de los ni\u00f1os.<\/p>\n<p>Aprender\u00e1s los conocimientos b\u00e1sicos y pr\u00e1cticos que van a ser fundamentales en el desarrollo de su labor como Cuidadores Infantiles.<\/p>\n<p>Aprender\u00e1s a velar por el sano desarrollo integral, seguridad, bienestar y felicidad de los ni\u00f1os.<\/p>\n<p>Conocer\u00e1s los temas m\u00e1s importantes y b\u00e1sicos para que un cuidador de ni\u00f1os se fortalezca y al final realice su labor de una manera mucho m\u00e1s profesional.<\/p>\n<p>Acceder\u00e1s al certificado avalado por Hotmart y Seminarios Online.<\/p>\n<p>\u00bfC\u00d3MO LO VAS A LOGRAR?<\/p>\n<p>A trav\u00e9s del siguiente contenido estructurado paso a paso:<\/p>\n<p>M\u00d3DULO 1 &#8211; BIENVENIDA Y PRESENTACI\u00d3N<\/p>\n<p>Bienvenida.<br \/>\nPresentaci\u00f3n de la productora.<\/p>\n<p>M\u00d3DULO 2 &#8211; LA NI\u00d1ERA<\/p>\n<p>Perfil y cualidades de un cuidador ideal.<br \/>\nL\u00edmites y responsabilidades de los cuidadores infantiles.<\/p>\n<p>M\u00d3DULO 3 &#8211; EL NI\u00d1O<\/p>\n<p>V\u00ednculo afectivo y acercamiento con el ni\u00f1o.<br \/>\nDimensiones del desarrollo infantil.<\/p>\n<p>M\u00d3DULO 4 &#8211; HABITOS Y RUTINAS<\/p>\n<p>H\u00e1bitos y rutinas b\u00e1sicas.<br \/>\nH\u00e1bitos y rutinas de higiene.<br \/>\nH\u00e1bitos y rutinas de sue\u00f1o.<br \/>\nH\u00e1bitos y rutinas de alimentaci\u00f3n.<\/p>\n<p>M\u00d3DULO 5 &#8211; CLAVES M\u00c1GICAS PARA NI\u00d1OS Y FAMILIAS M\u00c1S FELICES<\/p>\n<p>Claves m\u00e1gicas para ni\u00f1os y familias m\u00e1s felices.<br \/>\nTomar acciones para brindarle estabilidad emocional.<br \/>\nClaridad y convencimiento.<br \/>\nCoherencia &#8211; dar ejemplo.<br \/>\nTrabajo en equipo &#8211; No desautorizarse<br \/>\nConsistencia.<br \/>\nEl lenguaje.<br \/>\nAnticipa situaciones.<br \/>\nPositivismo.<br \/>\nManejo del tiempo.<br \/>\nTranquilidad y control.<br \/>\nLlamados de atenci\u00f3n.<\/p>\n<p>M\u00d3DULO 6 &#8211; LA INTELIGENCIA EMOCIONAL Y EL JUEGO<\/p>\n<p>Aprendizaje y desarrollo de la inteligencia emocional de los ni\u00f1os.<br \/>\nInteligencias m\u00faltiples.<br \/>\nImportancia del juego en el desarrollo de los ni\u00f1os.<br \/>\nJuego solitario y juego participativo.<br \/>\nJuego dirigido y juego libre.<br \/>\nDesarrollo de la creatividad.<\/p>\n<p>M\u00d3DULO 7 &#8211; HOGAR SEGURO Y PREVENCI\u00d3N DE ACCIDENTES<\/p>\n<p>Hogar seguro y prevenci\u00f3n de accidentes.<br \/>\nPara evitar heridas con objetos cortopunzantes.<br \/>\nPara evitar quemaduras.<br \/>\nPara evitar intoxicaciones.<br \/>\nPara evitar ahogos.<br \/>\nRecomendaciones en la cama.<br \/>\nRecomendaciones finales.<\/p>\n<p>M\u00d3DULO 8 &#8211; DESPEDIDA<\/p>\n<p>Conclusiones, recomendaciones y despedida.<\/p>\n<p>M\u00d3DULO 9 \u2013 MATERIAL ADICIONAL (BONOS)<\/p>\n<p>Bono 1: Importancia de la profesionalizaci\u00f3n de los cuidadores infantiles.<br \/>\nBono 2: Naturaleza del comportamiento infantil.<\/p>\n<p>M\u00d3DULO 10 \u2013 VIDEO RESPUESTAS<\/p>\n<p>\u00bfTodo el entorno que rodea los ni\u00f1os es realmente tan significativo?<\/p>\n<p>M\u00d3DULO 11 &#8211; \u00bfC\u00d3MO OBTENER TU CERTIFICADO?<\/p>\n<p>\u00bfC\u00f3mo obtener tu certificado?<\/p>\n<p>ACERCA DE LA PRODUCTORA<\/p>\n<p>Desarrollado por MARCELA TASC\u00d3N GUTIERREZ, colombiana, mujer emprendedora y con deseos de ense\u00f1ar a otros todos los conocimientos y experiencias que ha desarrollado por m\u00e1s de 20 a\u00f1os, tanto a nivel personal como profesional.<\/p>\n<p>Es Psic\u00f3loga, Magister en Desarrollo Infantil, Coach &#038; Consultora de procesos de Transformaci\u00f3n personal y familiar.<\/p>\n<p>Marcela tiene m\u00e1s de 20 a\u00f1os de experiencia en el \u00e1rea Cl\u00ednica, Educativa, Organizacional, Consultor\u00eda y Docencia Universitaria. <\/p>\n<p>Totalmente apasionada con la psicolog\u00eda, el desarrollo infantil, Neuropsicolog\u00eda, especializada en el acompa\u00f1amiento en procesos de fortalecimiento, empoderamiento y transformaci\u00f3n de entornos familiares (padres, madres, familiares cercanos y\/o cuidadoras infantiles) para \u201cNi\u00f1os y Familias m\u00e1s Felices\u201d.<\/p>\n<p>Privacidad<br \/>\nTu informaci\u00f3n est\u00e1 100% segura<br \/>\nCompra segura<br \/>\nAmbiente seguro y autenticado<br \/>\nEntrega por email<br \/>\nAcceso al producto entregado por email<br \/>\nContenido aprobado<br \/>\n100% revisado y aprobado<\/p>\n","protected":false},"excerpt":{"rendered":"<p>\u00bfSab\u00edas que el cuidado de un ni\u00f1o puede influir en su desarrollo, bienestar y felicidad?<\/p>\n<p>Con el Master Class PADRES Y NI\u00d1ERAS + PREPARADOS, aprender\u00e1s las din\u00e1micas, los juegos, los h\u00e1bitos de sue\u00f1o e higiene que los ni\u00f1os necesitan para su adecuado desarrollo.<\/p>\n","protected":false},"featured_media":4872,"template":"","meta":{"_joinchat":[]},"product_brand":[],"product_cat":[333,344],"product_tag":[],"class_list":{"0":"post-12841","1":"product","2":"type-product","3":"status-publish","4":"has-post-thumbnail","6":"product_cat-negocios-y-marketing","7":"product_cat-todos","9":"first","10":"instock","11":"sale","12":"shipping-taxable","13":"product-type-external"},"_links":{"self":[{"href":"https:\/\/www.cursos.olgavelez.co\/cu\/wp-json\/wp\/v2\/product\/12841","targetHints":{"allow":["GET"]}}],"collection":[{"href":"https:\/\/www.cursos.olgavelez.co\/cu\/wp-json\/wp\/v2\/product"}],"about":[{"href":"https:\/\/www.cursos.olgavelez.co\/cu\/wp-json\/wp\/v2\/types\/product"}],"version-history":[{"count":2,"href":"https:\/\/www.cursos.olgavelez.co\/cu\/wp-json\/wp\/v2\/product\/12841\/revisions"}],"predecessor-version":[{"id":14711,"href":"https:\/\/www.cursos.olgavelez.co\/cu\/wp-json\/wp\/v2\/product\/12841\/revisions\/14711"}],"wp:featuredmedia":[{"embeddable":true,"href":"https:\/\/www.cursos.olgavelez.co\/cu\/wp-json\/wp\/v2\/media\/4872"}],"wp:attachment":[{"href":"https:\/\/www.cursos.olgavelez.co\/cu\/wp-json\/wp\/v2\/media?parent=12841"}],"wp:term":[{"taxonomy":"product_brand","embeddable":true,"href":"https:\/\/www.cursos.olgavelez.co\/cu\/wp-json\/wp\/v2\/product_brand?post=12841"},{"taxonomy":"product_cat","embeddable":true,"href":"https:\/\/www.cursos.olgavelez.co\/cu\/wp-json\/wp\/v2\/product_cat?post=12841"},{"taxonomy":"product_tag","embeddable":true,"href":"https:\/\/www.cursos.olgavelez.co\/cu\/wp-json\/wp\/v2\/product_tag?post=12841"}],"curies":[{"name":"wp","href":"https:\/\/api.w.org\/{rel}","templated":true}]}}