{"id":12840,"date":"2023-01-10T04:41:20","date_gmt":"2023-01-10T07:41:20","guid":{"rendered":"https:\/\/www.cursos.olgavelez.co\/cu\/?post_type=product&#038;p=12840"},"modified":"2023-09-20T16:05:51","modified_gmt":"2023-09-20T19:05:51","slug":"neuromarketing-y-persuasion-para-psicologos-y-psiquiatras","status":"publish","type":"product","link":"https:\/\/www.cursos.olgavelez.co\/cu\/producto\/neuromarketing-y-persuasion-para-psicologos-y-psiquiatras\/","title":{"rendered":"NEUROMARKETING Y PERSUASI\u00d3N PARA PSIC\u00d3LOGOS Y PSIQUIATRAS"},"content":{"rendered":"<p>\u00bfCu\u00e1ntos psic\u00f3logos y psiquiatras tienen sus consultorios vac\u00edos y con pocos pacientes? <\/p>\n<p>Tambi\u00e9n, ocurre con consultores y coaches que no est\u00e1n facturando lo suficiente.<\/p>\n<p>Sus estrategias no conectan porque se quedaron congelados en el tiempo con un discurso acartonado y una comunicaci\u00f3n aburrida.<br \/>\n\u00a1Es hora de despertar!<\/p>\n<p>Conoce el programa \u201cNEUROMARKETING Y PERSUACI\u00d3N PARA PSIC\u00d3LOGOS Y PSIQUIATRAS\u201d y domina f\u00f3rmulas y estrategias comprobadas de marketing para generar resultados contundentes.<\/p>\n<p>\u00bfQU\u00c9 VAS A LOGRAR?<\/p>\n<p>Generar\u00e1s altos niveles de DIFERENCIACI\u00d3N para que pacientes y clientes te elijan<\/p>\n<p>Ofrecer\u00e1s HERRAMIENTAS PR\u00c1CTICAS para REDUCIR EL LENGUAJE COMPLEJO A SIMPLE.<\/p>\n<p>Desarrollar\u00e1s un TONO DE COMUNICACI\u00d3N \u00fanico que conecte a tu p\u00fablico y seas recordado. <\/p>\n<p>Crear\u00e1s ANUNCIOS ENVOLVENTES que comuniquen valor y generen resultados.<\/p>\n<p>Aplicar\u00e1s GATILLOS PSICOL\u00d3GICOS para que clientes y pacientes te busquen.<\/p>\n<p>IMPACTARAS TUS MENSAJES con t\u00e9cnicas de escritura persuasiva; el COPYWRITING.<\/p>\n<p>Crear\u00e1s CONTENIDOS ATRACTIVOS e irresistibles para tus ESTRATEGIAS. <\/p>\n<p>Obtendr\u00e1s EJERCICIOS \u00daTILES, donde pongas en pr\u00e1ctica las lecciones aprendidas.<\/p>\n<p>Acceder\u00e1s al certificado avalado por Hotmart y Seminarios Online.<\/p>\n<p>\u00bfC\u00d3MO LO VAS A LOGRAR?<\/p>\n<p>A partir de una metodolog\u00eda pr\u00e1ctica que te guiar\u00e1 por m\u00e1s de 40 videos en casi 5 horas de grabaci\u00f3n para lograr un servicio psicol\u00f3gico contundente con altos niveles de recordaci\u00f3n a partir de los siguientes temas:<\/p>\n<p>M\u00d3DULO 1 &#8211; NEUROMARKETING Y PERSUASI\u00d3N PARA PSIC\u00d3LOGOS<\/p>\n<p>PRESENTACI\u00d3N personal de PAULO RESTREPO (productor del curso)<br \/>\nACUERDOS importantes para comenzar<br \/>\nRETOS del programa.<br \/>\nESTEREOTIPOS de los psic\u00f3logos y los psiquiatras<br \/>\nPrincipales S\u00cdNTOMAS de psic\u00f3logos y psiquiatras.<br \/>\nNEUROMOMARKETING: Definici\u00f3n, importancia y funcionamiento.<br \/>\nINNOVACI\u00d3N: \u00bfQu\u00e9 es y por qu\u00e9 es importante para diferenciarse?<br \/>\nMARKETING PERSONAL\/Personal Branding en psic\u00f3logos y psiquiatras exitosos.<br \/>\nEl poder de la DECISI\u00d3N DE COMPRA (Razones)<br \/>\nEl poder de la DECISI\u00d3N DE COMPRA 2 (Funcionamiento)<br \/>\nINVESTIGA el mercado<br \/>\nPresenta la PROPUESTA DE VALOR.<br \/>\nCaso de \u00c9XITO de un psiquiatra.<br \/>\nEjemplos CREATIVOS.<br \/>\nDISPARADORES PSICOL\u00d3GICOS\/Triggers<br \/>\nPRINCIPIO DE RAZ\u00d3N (Gatillo psicol\u00f3gico).<br \/>\nPRINCIPIO DE AUTORIDAD (Gatillo psicol\u00f3gico).<br \/>\nPRINCIPIO DE PERTENENCIA (Gatillo psicol\u00f3gico)<br \/>\nPRINCIPIO DE RECIPROCIDAD (Gatillo psicol\u00f3gico)<br \/>\nPRINCIPIO DE URGENCIA (Gatillo psicol\u00f3gico)<br \/>\nPRINCIPIO DE ANTICIPACI\u00d3N (Gatillo psicol\u00f3gico)<br \/>\nPRINCIPIO DE ESCASEZ (Gatillo psicol\u00f3gico)<br \/>\nEXTINCI\u00d3N DEL DOLOR (Gatillo psicol\u00f3gico)<br \/>\nPRINCIPIO DE INTER\u00c9S (Gatillo psicol\u00f3gico)<br \/>\nSTORYTELLING (Gatillo psicol\u00f3gico)<br \/>\nNAMING (El arte de nombrar algo\/nombrar una marca)<br \/>\nDIFERENCIACION<br \/>\nIdentifica el DIFERENCIAL ganador.<br \/>\nEl poder de los MOTORES DE BUSQUEDA.<br \/>\nEl inicio de un COPY.<br \/>\nESTRUCTURA de un copy llamativo.<br \/>\nF\u00d3RMULA BAB para el copy de un video.<br \/>\nClaridad en el GUION para un video.<br \/>\n\u00c1NGELES Y DEMONIOS de la ESCRITURA persuasiva.<br \/>\nDespedida.<\/p>\n<p>M\u00d3DULO 2 \u2013 MATERIAL ADICIONAL (BONOS)<\/p>\n<p>Bono 1: Material de PRESENTACI\u00d3N e IMAGEN CORPORATIVA.<br \/>\nBono 2: Casos de \u00c9XITO.<br \/>\nBono 3: MACROTENDENCIAS.<br \/>\nBono 4: PDF. Sesgos cognitivos.<\/p>\n<p>M\u00d3DULO 3 \u2013 DESPEDIDA<\/p>\n<p>Despedida<\/p>\n<p>M\u00d3DULO 4 &#8211; VIDEO RESPUESTAS<\/p>\n<p>\u00bfYo como psic\u00f3logo o psiquiatra puedo transformar mi conocimiento en un producto digital?<\/p>\n<p>M\u00d3DULO 5 &#8211; \u00bfC\u00d3MO OBTENER TU CERTIFICADO?<\/p>\n<p>\u00bfC\u00f3mo obtener tu certificado?<\/p>\n<p>ACERCA DEL PRODUCTOR<\/p>\n<p>Desarrollado por PAULO RESTREPO (Descuadriculador de mentes aburridas).<\/p>\n<p>Psic\u00f3logo, especialista en mercadeo y estudios en psicolog\u00eda del consumidor de la Univ Javeriana (Cali-Col) y Business en Lloyds Intenational College (Sydney-Aus). <\/p>\n<p>Training \u201cRuta de los 7 pasos de la Innovaci\u00f3n\u201d de Johnson &#038; Johnson (Metod Design Thinking).<\/p>\n<p>Fundador y Director creativo de la agencia de innovaci\u00f3n INFOCUSLAB.<\/p>\n<p>MENTOR del convenio universidades STANFORD y JAVERIANA para el ME310 (Design Thinking).<\/p>\n<p>Consultor de empresas y universidades en Am\u00e9rica, Europa y Australia.<\/p>\n<p>Por + de 10 a\u00f1os trabaj\u00f3 en cl\u00ednica (tesis en criminolog\u00eda, pr\u00e1ctica en el hospital y consulta).<\/p>\n<p>Impact\u00f3 la comunicaci\u00f3n persuasiva a + de 600 productores digitales en Am\u00e9rica y Europa.<\/p>\n<p>Adem\u00e1s, productor\/autor de los cursos digitales: \u201cCOPYWRITING\u201d (Mensajes que venden), COPYCASH (Anuncios y p\u00e1ginas que facturan), COPYCASH (guiones persuasivos videos, audios y blogs), \u201c21 F\u00d3RMULAS DE COPY (para crear argumentos persuasivos)\u201d, \u201cHABLA CON PODER\u201d (Haz presentaciones de infarto sin morir en el intento), \u201cMARKETING EN TIENDAS DE ROPA, (moda y accesorios) y coproductor del curso \u201cPINTURA ART\u00cdSTICA SOBRE OBJETOS\u201d<\/p>\n","protected":false},"excerpt":{"rendered":"<p>\u00bfCu\u00e1ntos psic\u00f3logos y psiquiatras tienen sus consultorios vac\u00edos y con pocos pacientes? <\/p>\n<p>Tambi\u00e9n, ocurre con consultores y coaches que no est\u00e1n facturando lo suficiente.<\/p>\n<p>Sus estrategias no conectan porque se quedaron congelados en el tiempo con un discurso acartonado y una comunicaci\u00f3n aburrida.<br \/>\n\u00a1Es hora de despertar!<\/p>\n<p>Conoce el programa \u201cNEUROMARKETING Y PERSUACI\u00d3N PARA PSIC\u00d3LOGOS Y PSIQUIATRAS\u201d y domina f\u00f3rmulas y estrategias comprobadas de marketing para generar resultados contundentes.<\/p>\n","protected":false},"featured_media":4871,"template":"","meta":{"_joinchat":[]},"product_brand":[],"product_cat":[333,344],"product_tag":[],"class_list":{"0":"post-12840","1":"product","2":"type-product","3":"status-publish","4":"has-post-thumbnail","6":"product_cat-negocios-y-marketing","7":"product_cat-todos","9":"first","10":"instock","11":"sale","12":"shipping-taxable","13":"product-type-external"},"_links":{"self":[{"href":"https:\/\/www.cursos.olgavelez.co\/cu\/wp-json\/wp\/v2\/product\/12840","targetHints":{"allow":["GET"]}}],"collection":[{"href":"https:\/\/www.cursos.olgavelez.co\/cu\/wp-json\/wp\/v2\/product"}],"about":[{"href":"https:\/\/www.cursos.olgavelez.co\/cu\/wp-json\/wp\/v2\/types\/product"}],"version-history":[{"count":2,"href":"https:\/\/www.cursos.olgavelez.co\/cu\/wp-json\/wp\/v2\/product\/12840\/revisions"}],"predecessor-version":[{"id":14710,"href":"https:\/\/www.cursos.olgavelez.co\/cu\/wp-json\/wp\/v2\/product\/12840\/revisions\/14710"}],"wp:featuredmedia":[{"embeddable":true,"href":"https:\/\/www.cursos.olgavelez.co\/cu\/wp-json\/wp\/v2\/media\/4871"}],"wp:attachment":[{"href":"https:\/\/www.cursos.olgavelez.co\/cu\/wp-json\/wp\/v2\/media?parent=12840"}],"wp:term":[{"taxonomy":"product_brand","embeddable":true,"href":"https:\/\/www.cursos.olgavelez.co\/cu\/wp-json\/wp\/v2\/product_brand?post=12840"},{"taxonomy":"product_cat","embeddable":true,"href":"https:\/\/www.cursos.olgavelez.co\/cu\/wp-json\/wp\/v2\/product_cat?post=12840"},{"taxonomy":"product_tag","embeddable":true,"href":"https:\/\/www.cursos.olgavelez.co\/cu\/wp-json\/wp\/v2\/product_tag?post=12840"}],"curies":[{"name":"wp","href":"https:\/\/api.w.org\/{rel}","templated":true}]}}