{"id":12838,"date":"2023-01-10T04:41:20","date_gmt":"2023-01-10T07:41:20","guid":{"rendered":"https:\/\/www.cursos.olgavelez.co\/cu\/?post_type=product&#038;p=12838"},"modified":"2023-09-20T16:05:51","modified_gmt":"2023-09-20T19:05:51","slug":"accesorios-en-resina-como-negocio-desde-casa","status":"publish","type":"product","link":"https:\/\/www.cursos.olgavelez.co\/cu\/producto\/accesorios-en-resina-como-negocio-desde-casa\/","title":{"rendered":"ACCESORIOS EN RESINA COMO NEGOCIO DESDE CASA"},"content":{"rendered":"<p>\u00bfQuieres emprender en un negocio con un producto \u00fanico y revolucionario?<\/p>\n<p>Con el MasterClass ACCESORIOS EN RESINA COMO NEGOCIO DESDE CASA, Conocer\u00e1s los distintos tipos de RESINA, donde los puedes aplicar y la variedad de accesorios que se pueden realizar.<\/p>\n<p>\u00bfQU\u00c9 VAS A LOGRAR?<\/p>\n<p>Tendr\u00e1s por fin tu negocio propio y altamente rentable desde la comodidad de tu casa.<\/p>\n<p>Conocer\u00e1s los distintos tipos de RESINA, donde se pueden aplicar y que variedad de accesorios se pueden realizar.<\/p>\n<p>Utilizar\u00e1s los diferentes pigmentos, glitters y encapsulados en tus piezas.<\/p>\n<p>Conocer\u00e1s las medidas de SEGURIDAD y el ambiente propicio para que puedas trabajar.<\/p>\n<p>Elaborar\u00e1s ACCESORIOS en resina epoxi que marquen en cada pieza un momento y un recuerdo importante para quien lo tiene, conectando emociones y sentimientos con tus clientes.<\/p>\n<p>Elaborar\u00e1s un PRESUPUESTO para brindar un precio por tus piezas.<\/p>\n<p>Tendr\u00e1s ejemplos de c\u00f3mo cuidar tus moldes para que te duren m\u00e1s, y c\u00f3mo medir la cantidad de resina en tus piezas para que no gastes de m\u00e1s.<\/p>\n<p>Aprender\u00e1s sobre c\u00f3mo FOTOGRAFIAR tus piezas, hacer un PACKAGING que atraiga y CREAR TU NEGOCIO para venderlas muy r\u00e1pidamente.<\/p>\n<p>Tendr\u00e1s una lista de los PROVEEDORES de diferentes pa\u00edses, un GRUPO de apoyo para responder todas tus consultas y el CERTIFICADO de finalizaci\u00f3n que avale tu conocimiento.<\/p>\n<p>Acceder\u00e1s al certificado avalado por Hotmart y Seminarios Online.<\/p>\n<p>\u00bfC\u00d3MO LO VAS A LOGRAR?<\/p>\n<p>A trav\u00e9s del siguiente contenido, estructurado paso a paso:<\/p>\n<p>MODULO 1 &#8211; INTRODUCCION<\/p>\n<p>Introducci\u00f3n.<br \/>\nTemario.<br \/>\n\u00bfPor qu\u00e9 iniciar tu negocio de accesorios en resina?<\/p>\n<p>M\u00d3DULO 2 &#8211; PARTE TE\u00d3RICA<\/p>\n<p>Tipos de resina.<br \/>\nSuperficies compatibles.<br \/>\nComponentes y caracter\u00edsticas.<br \/>\nProceso de curado.<br \/>\nEl espacio de trabajo.<br \/>\nProtecci\u00f3n y cuidado.<br \/>\nNivelaci\u00f3n de superficie.<br \/>\nMateriales.<br \/>\nMoldes.<br \/>\n\u00bfC\u00f3mo mido la cantidad de resina?<br \/>\nComo revolver la mezcla.<br \/>\nComo pigmentar.<\/p>\n<p>M\u00d3DULO 3 &#8211; PARTE PR\u00c1CTICA<\/p>\n<p>C\u00f3mo mezclar la resina y catalizador.<br \/>\nResina sin burbujas.<br \/>\nPr\u00e1ctica con pigmento al alcohol.<br \/>\nPr\u00e1ctica con pigmento en pasta.<br \/>\nPr\u00e1ctica con pigmento ne\u00f3n.<br \/>\nPractica con pigmento y glitter.<br \/>\nReproductor con foto.<br \/>\nChapita con inscripci\u00f3n.<br \/>\nPorta tarjeta con inclusiones.<br \/>\nDiente con efecto humo.<br \/>\nLetra grande XL.<br \/>\nLijar y dar brillo.<br \/>\n\u00bfC\u00f3mo armar llaveros?<\/p>\n<p>M\u00d3DULO 4 &#8211; MATERIAL ADICIONAL (BONOS)<\/p>\n<p>Fotografiando tus accesorios.<br \/>\n\u00bfC\u00f3mo calcular el precio de tus accesorios?<br \/>\nArmando el packaging.<br \/>\nComo crear tu marca de accesorios.<br \/>\nLista de proveedores.<br \/>\n\u00daltimas recomendaciones y final.<\/p>\n<p>M\u00d3DULO 5 &#8211; VIDEO RESPUESTAS<\/p>\n<p>\u00bfEn qu\u00e9 momento nos podemos sacar la m\u00e1scara que utilizamos?<br \/>\n\u00bfQu\u00e9 materiales b\u00e1sicos necesito para iniciar?<br \/>\nQu\u00e9 diferencia hay entre la resina epoxi y la resina cristal<br \/>\n\u00bfSirve el torno de manicura?<br \/>\n\u00bfCon que puedo pegar el pit\u00f3n en los llaveros?<br \/>\nPara hacer las fundas de tel\u00e9fono \u00bfEs necesario que la funda sea nueva?<\/p>\n<p>M\u00d3DULO 6 \u2013 \u00bfC\u00d3MO OBTENER TU CERTIFICADO?<\/p>\n<p>\u00bfC\u00f3mo obtener tu certificado?<\/p>\n<p>ACERCA DE LA PRODUCTORA<\/p>\n<p>Desarrollado por SILVIA R\u00cdOS, profesional experta y certificada en Artes, Organizadora de Eventos, Maquilladora Social y Art\u00edstica.<\/p>\n<p>Con m\u00e1s de 20 a\u00f1os de experiencia en el negocio de manualidades, como pintura sobre madera, reciclado, artesan\u00edas, tarjeter\u00eda espa\u00f1ola, maquillaje, molder\u00eda y resinas.<\/p>\n","protected":false},"excerpt":{"rendered":"<p>\u00bfQuieres emprender en un negocio con un producto \u00fanico y revolucionario?<\/p>\n<p>Con el MasterClass ACCESORIOS EN RESINA COMO NEGOCIO DESDE CASA, Conocer\u00e1s los distintos tipos de RESINA, donde los puedes aplicar y la variedad de accesorios que se pueden realizar.<\/p>\n","protected":false},"featured_media":4868,"template":"","meta":{"_joinchat":[]},"product_brand":[],"product_cat":[333,344],"product_tag":[],"class_list":{"0":"post-12838","1":"product","2":"type-product","3":"status-publish","4":"has-post-thumbnail","6":"product_cat-negocios-y-marketing","7":"product_cat-todos","9":"first","10":"instock","11":"sale","12":"shipping-taxable","13":"product-type-external"},"_links":{"self":[{"href":"https:\/\/www.cursos.olgavelez.co\/cu\/wp-json\/wp\/v2\/product\/12838","targetHints":{"allow":["GET"]}}],"collection":[{"href":"https:\/\/www.cursos.olgavelez.co\/cu\/wp-json\/wp\/v2\/product"}],"about":[{"href":"https:\/\/www.cursos.olgavelez.co\/cu\/wp-json\/wp\/v2\/types\/product"}],"version-history":[{"count":2,"href":"https:\/\/www.cursos.olgavelez.co\/cu\/wp-json\/wp\/v2\/product\/12838\/revisions"}],"predecessor-version":[{"id":14708,"href":"https:\/\/www.cursos.olgavelez.co\/cu\/wp-json\/wp\/v2\/product\/12838\/revisions\/14708"}],"wp:featuredmedia":[{"embeddable":true,"href":"https:\/\/www.cursos.olgavelez.co\/cu\/wp-json\/wp\/v2\/media\/4868"}],"wp:attachment":[{"href":"https:\/\/www.cursos.olgavelez.co\/cu\/wp-json\/wp\/v2\/media?parent=12838"}],"wp:term":[{"taxonomy":"product_brand","embeddable":true,"href":"https:\/\/www.cursos.olgavelez.co\/cu\/wp-json\/wp\/v2\/product_brand?post=12838"},{"taxonomy":"product_cat","embeddable":true,"href":"https:\/\/www.cursos.olgavelez.co\/cu\/wp-json\/wp\/v2\/product_cat?post=12838"},{"taxonomy":"product_tag","embeddable":true,"href":"https:\/\/www.cursos.olgavelez.co\/cu\/wp-json\/wp\/v2\/product_tag?post=12838"}],"curies":[{"name":"wp","href":"https:\/\/api.w.org\/{rel}","templated":true}]}}