{"id":12733,"date":"2023-01-10T04:41:08","date_gmt":"2023-01-10T07:41:08","guid":{"rendered":"https:\/\/www.cursos.olgavelez.co\/cu\/?post_type=product&#038;p=12733"},"modified":"2023-09-20T16:05:48","modified_gmt":"2023-09-20T19:05:48","slug":"aerografia-desde-cero","status":"publish","type":"product","link":"https:\/\/www.cursos.olgavelez.co\/cu\/producto\/aerografia-desde-cero\/","title":{"rendered":"AEROGRAF\u00cdA DESDE CERO"},"content":{"rendered":"<p>\u201cCautiva miradas, capaces de reconocer un talento que se esconde detr\u00e1s de las tintas y gana dinero aprendiendo esta incre\u00edble t\u00e9cnica\u201d<\/p>\n<p>El arte de la aerograf\u00eda nos permite expresar sensaciones del alma, a trav\u00e9s de trazos dibujados en diferentes superficies. Existe una tendencia por modificar y personalizar autos, motos, cascos, murales, objetos, gorras, vestidos, zapatos y hasta la gastronom\u00eda que se viste de tintas.<\/p>\n<p>Este Master Class AEROGRAF\u00cdA DESDE CERO, est\u00e1 dise\u00f1ado para aquellos amantes de la pintura que desean activar su creatividad.<\/p>\n<p>Desarrollado por JUAN DAVID ROMERO, artista colombiano y muralista, ganador de varios premios a nivel nacional. Te ense\u00f1ar\u00e1 c\u00f3mo personalizar tus espacios y manejar el aer\u00f3grafo con fluidez.<\/p>\n<p>\u00bfQU\u00c9 VAS A LOGRAR?<\/p>\n<p>Conocer las bases fundamentales del arte de la aerograf\u00eda en el mundo de la pintura.<\/p>\n<p>Conocer los mejores aer\u00f3grafos y saber cu\u00e1les son m\u00e1s convenientes para cada trabajo. <\/p>\n<p>Conocer las herramientas; tipos de tintas, componentes, disolventes y compresores.<\/p>\n<p>Limpiar un aer\u00f3grafo de manera correcta para que te dure m\u00e1s.<\/p>\n<p>Desarrollar los ejercicios b\u00e1sicos para soltar tu mano con mayor fluidez.<\/p>\n<p>Identificar los colores bases, c\u00f3mo sacar los secundarios y lograr buenas terminaciones.<\/p>\n<p>Darle valor a tu trabajo (costos) y aumentar la percepci\u00f3n de tu cliente.<\/p>\n<p>Conocer las diferentes superficies para trabajar, su alistamiento y c\u00f3mo sellarlas. <\/p>\n<p>Mostrar ejercicios de volumen para reconocer la profundidad.<\/p>\n<p>Aprender sobre Plantillas o Stencils para realizar un buen trabajo de aerograf\u00eda.<\/p>\n<p>Aprender la t\u00e9cnica de pelaje\/pelo a pelo dentro de la pintura.<\/p>\n<p>Identificar los tipos de pinturas, disolventes y errores comunes a la hora de pintar.<\/p>\n<p>\u00bfC\u00d3MO LO VAS A LOGRAR?<\/p>\n<p>Esta es un MasterClass completa con 29 videos distribuidos en 10 m\u00f3dulos, donde encontrar\u00e1s todo lo referente al arte y principios de la aerograf\u00eda. <\/p>\n<p>Aqu\u00ed hallar\u00e1s el detalle, todo lo que necesitas para comenzar una carrera como aerografista.<\/p>\n<p>M\u00d3DULO 1: INTRODUCCI\u00d3N AL MUNDO DE LA AEROGRAFIA:<\/p>\n<p>Introducci\u00f3n<br \/>\nHistoria de la aerograf\u00eda<br \/>\nTrayectoria del artista como aerografista.<\/p>\n<p>M\u00d3DULO 2: PRINCIPIOS DE LA AEROGRAFIA:<\/p>\n<p>Tipos de aer\u00f3grafos<br \/>\nLimpieza del aer\u00f3grafo<br \/>\nTipos de pinturas<br \/>\nCambio de pintura.<\/p>\n<p>M\u00d3DULO 3: ESTUDIO DEL COLOR Y VOL\u00daMENES:<\/p>\n<p>Estudio del color (c\u00edrculo crom\u00e1tico)<br \/>\nB\u00e1sicos degradados<br \/>\nPlantillas<br \/>\nPlantillas para ejercicios de volumen<br \/>\nVolumen y sombra en esfera<br \/>\nEjercicio de Cubo 3d.<\/p>\n<p>M\u00d3DULO 4: LUGARES DE TRABAJO Y HERRAMIENTAS <\/p>\n<p>Espacios de trabajo<br \/>\nHerramienta fundamental (el compresor)<br \/>\nCaballete o apoyo.<\/p>\n<p>M\u00f3dulo 5: EJERCICIOS B\u00c1SICOS<\/p>\n<p>Ejercicios con puntos<br \/>\nEjercicios con l\u00edneas<br \/>\nRellenos en espacios grandes.<\/p>\n<p>M\u00f3dulo 6: ALISTAMIENTO DE LAS SUPERFICIES<\/p>\n<p>Alistando las diferentes superficies<br \/>\nAlistar superficies met\u00e1licas<\/p>\n<p>M\u00f3dulo 7: D\u00c1NDOLE VALOR A MI NEGOCIO<\/p>\n<p>C\u00f3mo cobrar tu trabajo.<\/p>\n<p>M\u00f3dulo 8: TRABAJANDO LAS DIFERENTES SUPERFICIES<\/p>\n<p>Pintar sobre pl\u00e1stico<br \/>\nBoceto Mural<br \/>\nT\u00e9cnica textura de pelaje en poliestireno.<\/p>\n<p> M\u00d3DULO 9: TRANSFERENCIAS DEL DIBUJO<\/p>\n<p>T\u00e9cnica de transferencia con papel carb\u00f3n<br \/>\nT\u00e9cnica de transferencia con grafito<br \/>\nTransferencia por cuadr\u00edcula.<\/p>\n<p>M\u00d3DULO 10: RECOMENDACIONES<\/p>\n<p>M\u00d3DULO 11: BONUS EXTRA <\/p>\n<p>Plantillas para ejercicios b\u00e1sicos.<br \/>\nPDF Problemas y t\u00e9cnicas del aer\u00f3grafo.<\/p>\n<p>ACERCA DEL PRODUCTOR:<\/p>\n<p>Desarrollado por JUAN DAVID ROMERO, Licenciado en Educaci\u00f3n Art\u00edstica, con m\u00e1s de 10 a\u00f1os de experiencia en el mundo de las artes pl\u00e1sticas. Profesional en la t\u00e9cnica de la aerograf\u00eda.<\/p>\n<p>Ganador de varios concursos a nivel nacional. Docente del instituto de cultura y turismo de Tenjo Cundinamarca y tambi\u00e9n ganador del portafolio de \u201cEst\u00edmulos Artenjo\u201d 2018 y 2019.<\/p>\n<p>En la l\u00ednea muralista, ha realizado estudios de teor\u00eda y psicolog\u00eda del color, adem\u00e1s de exponer en la Academia de Artes Guerrero. Ha trabajado sobre todas las superficies en la l\u00ednea custom y pintura automotiva, realizando dise\u00f1os exclusivos y personalizados.<\/p>\n","protected":false},"excerpt":{"rendered":"<p>\u201cCautiva miradas, capaces de reconocer un talento que se esconde detr\u00e1s de las tintas y gana dinero aprendiendo esta incre\u00edble t\u00e9cnica\u201d<\/p>\n<p>El arte de la aerograf\u00eda nos permite expresar sensaciones del alma, a trav\u00e9s de trazos dibujados en diferentes superficies. Existe una tendencia por modificar y personalizar autos, motos, cascos, murales, objetos, gorras, vestidos, zapatos y hasta la gastronom\u00eda que se viste de tintas.<\/p>\n<p>Este Master Class AEROGRAF\u00cdA DESDE CERO, est\u00e1 dise\u00f1ado para aquellos amantes de la pintura que desean activar su creatividad.<\/p>\n<p>Desarrollado por JUAN DAVID ROMERO, artista colombiano y muralista, ganador de varios premios a nivel nacional. Te ense\u00f1ar\u00e1 c\u00f3mo personalizar tus espacios y manejar el aer\u00f3grafo con fluidez.<\/p>\n","protected":false},"featured_media":4812,"template":"","meta":{"_joinchat":[]},"product_brand":[],"product_cat":[332,344],"product_tag":[],"class_list":{"0":"post-12733","1":"product","2":"type-product","3":"status-publish","4":"has-post-thumbnail","6":"product_cat-musica-y-artes","7":"product_cat-todos","9":"first","10":"instock","11":"sale","12":"shipping-taxable","13":"product-type-external"},"_links":{"self":[{"href":"https:\/\/www.cursos.olgavelez.co\/cu\/wp-json\/wp\/v2\/product\/12733","targetHints":{"allow":["GET"]}}],"collection":[{"href":"https:\/\/www.cursos.olgavelez.co\/cu\/wp-json\/wp\/v2\/product"}],"about":[{"href":"https:\/\/www.cursos.olgavelez.co\/cu\/wp-json\/wp\/v2\/types\/product"}],"version-history":[{"count":2,"href":"https:\/\/www.cursos.olgavelez.co\/cu\/wp-json\/wp\/v2\/product\/12733\/revisions"}],"predecessor-version":[{"id":14658,"href":"https:\/\/www.cursos.olgavelez.co\/cu\/wp-json\/wp\/v2\/product\/12733\/revisions\/14658"}],"wp:featuredmedia":[{"embeddable":true,"href":"https:\/\/www.cursos.olgavelez.co\/cu\/wp-json\/wp\/v2\/media\/4812"}],"wp:attachment":[{"href":"https:\/\/www.cursos.olgavelez.co\/cu\/wp-json\/wp\/v2\/media?parent=12733"}],"wp:term":[{"taxonomy":"product_brand","embeddable":true,"href":"https:\/\/www.cursos.olgavelez.co\/cu\/wp-json\/wp\/v2\/product_brand?post=12733"},{"taxonomy":"product_cat","embeddable":true,"href":"https:\/\/www.cursos.olgavelez.co\/cu\/wp-json\/wp\/v2\/product_cat?post=12733"},{"taxonomy":"product_tag","embeddable":true,"href":"https:\/\/www.cursos.olgavelez.co\/cu\/wp-json\/wp\/v2\/product_tag?post=12733"}],"curies":[{"name":"wp","href":"https:\/\/api.w.org\/{rel}","templated":true}]}}