{"id":12728,"date":"2023-01-10T04:41:07","date_gmt":"2023-01-10T07:41:07","guid":{"rendered":"https:\/\/www.cursos.olgavelez.co\/cu\/?post_type=product&#038;p=12728"},"modified":"2023-09-20T16:05:47","modified_gmt":"2023-09-20T19:05:47","slug":"actuacion-para-todos-con-alina-lozano","status":"publish","type":"product","link":"https:\/\/www.cursos.olgavelez.co\/cu\/producto\/actuacion-para-todos-con-alina-lozano\/","title":{"rendered":"ACTUACI\u00d3N PARA TODOS \u2013 CON ALINA LOZANO"},"content":{"rendered":"<p>!LUCES, C\u00c1MARA, ACCI\u00d3N! Est\u00e1 comprobado que la actuaci\u00f3n es una herramienta poderosa para impactar la forma como te comunicas.<\/p>\n<p>Con el MasterClass ACTUACI\u00d3N PARA TODOS, aprende los secretos de los grandes maestros para lograr una actuaci\u00f3n \u00e9pica. <\/p>\n<p>Desarrollado por ALINA LOZANO, reconocida actriz de talla internacional quien te ense\u00f1ar\u00e1 a perder el p\u00e1nico esc\u00e9nico con ejercicio grabados en distintos lugares.<\/p>\n<p>Expresa tu lenguaje corporal y tono de la voz con la fuerza emotiva necesaria para que dejes con la boca abierta a tu p\u00fablico.<\/p>\n<p>Interpreta el papel de tu vida o dicta una conferencia con una actuaci\u00f3n inolvidable proyectando tu carrera.<\/p>\n<p>\u00bfQU\u00c9 VAS A LOGRAR?<\/p>\n<p>Aprender\u00e1s con t\u00e9cnicas de respiraci\u00f3n y movimiento a actuar de manera natural.<\/p>\n<p>Aprender\u00e1s a sorprenderte y a sorprender a usar tu creatividad de manera sencilla y poderosa.<\/p>\n<p>Aprender\u00e1s a gestionar emociones con ejercicios b\u00e1sicos de energ\u00eda en tu voz tu cuerpo y tu respiraci\u00f3n.<\/p>\n<p>Aprender\u00e1s a recorrer tu camino como artista de una manera simple, b\u00e1sica, aut\u00e9ntica y que todo realmente depende de ti.<\/p>\n<p>Aprender\u00e1s como conectarte de manera pr\u00e1ctica con tu artista interior de una manera existencial, vivencial y divertida.<\/p>\n<p>Aprender\u00e1s a trav\u00e9s de las clases a volver a reconocer tu estado de juego y a valorar el jugar como parte esencial de tu vida.<\/p>\n<p>Aprender\u00e1s a reconocerte como un ser integrado cuerpo, emociones, voz, respiraci\u00f3n y a usar te a ti mismo como el recurso m\u00e1s eficiente y poderoso en tu carrera y en tu vida.<\/p>\n<p>Acceder\u00e1s al certificado avalado por Hotmart y Seminarios Online.<\/p>\n<p>\u00bfC\u00d3MO LO VAS A LOGRAR?<\/p>\n<p>M\u00f3dulo 1: Soy luego Act\u00fao<\/p>\n<p>Introducci\u00f3n<br \/>\nObservaci\u00f3n Corporal <\/p>\n<p>M\u00f3dulo 2: Desinhibici\u00f3n<\/p>\n<p>Introducci\u00f3n<br \/>\nNarrando un Gol<br \/>\nVerso<br \/>\nCantar y Encantar<br \/>\nJuego de Futbol<br \/>\nJuego de Futbol<br \/>\nJuego de Futbol en c\u00e1mara lenta<br \/>\nDesinhibici\u00f3n final <\/p>\n<p>M\u00f3dulo 3: Escucha Activa <\/p>\n<p>Introducci\u00f3n<br \/>\nEjercicio de la Gallina<br \/>\nEjemplo con Animales<br \/>\nEjercicio Zumbido de Abejas<br \/>\nEjercicio de la Campana<br \/>\nRelato de Experiencia<br \/>\nOigo Voces<br \/>\nObservaci\u00f3n activa<br \/>\nSentido del Gusto<br \/>\nSentido del Tacto <\/p>\n<p>Modulo 4: Sentido del Ritmo<\/p>\n<p>Sentido del Ritmo<br \/>\n5 ritmos<br \/>\nInterpretaci\u00f3n con Ritmo<br \/>\nEjercicio Cambios de Ritmo<br \/>\nTonalidades Corporales<br \/>\nEjercicio de Baile<\/p>\n<p>Modulo 5: Sentido de la Respiraci\u00f3n<\/p>\n<p>Sentido de la Respiraci\u00f3n<br \/>\nRespiraci\u00f3n Diafragm\u00e1tica<br \/>\nExhalaci\u00f3n con S<br \/>\nExhalaci\u00f3n con J<br \/>\nEjercicio del Cien<br \/>\nAlambre de P\u00faas<br \/>\nRevisi\u00f3n de la Respiraci\u00f3n<br \/>\nEjercicio del Libro<\/p>\n<p>Modulo 6: Respiraci\u00f3n Emocional &#8211; Voz y Movimiento:<\/p>\n<p>Respiraci\u00f3n Emocional para el Llanto<br \/>\nRespiraci\u00f3n emocional con Dulzura<br \/>\nConexi\u00f3n con la Ternura<br \/>\nEjercicio Texto Ternura<br \/>\nEjercicio Respiraci\u00f3n en el llanto<br \/>\nEjercicio Respiraci\u00f3n de la Rabia<br \/>\nEjercicio de Felicidad<br \/>\nPartitura de emociones<br \/>\nPartitura corporal de emociones<br \/>\nPartitura General de la Rabia<br \/>\nEjercicio El Juego de la Felicidad<br \/>\nJuego del Llanto<br \/>\nPrende la luz de la creatividad<br \/>\nGrabar la Voz<\/p>\n<p>Modulo 7: La voz<\/p>\n<p>Ejercicio de las Hojas<br \/>\nEjercicio Practico de Imagen Vocal<br \/>\nEjercicio Corporal Muecas<br \/>\nEjercicio Limpieza de Garganta<br \/>\nEjercicio Emisi\u00f3n de Sonido<br \/>\nEjercicio Tipo Yoga<br \/>\nEjercicio Alargamiento de Pared<br \/>\nEjercicio Vocales con el Cuerpo<br \/>\nEjercicio de Estiramiento<br \/>\nEjercicio Final, Involucrar todo<br \/>\nFinal Curso Actuaci\u00f3n<\/p>\n<p>ACERCA DEL PRODUCTOR<\/p>\n<p>Desarrollado por ALINA LOZANO ACOSTA, actriz, conferencista, directora art\u00edstica , coach de respiraci\u00f3n y coach logoterapeutica. <\/p>\n<p>Manager de artistas con 25 a\u00f1os de experiencia, en cine teatro y televisi\u00f3n. Pedagoga art\u00edstica a trav\u00e9s del juego.<\/p>\n<p>Profesional en teatro f\u00edsico y manejo de la voz a trav\u00e9s del cuerpo la respiraci\u00f3n y la emoci\u00f3n. Ganadora del premio India Catalina por su papel de Do\u00f1a Nidia en la novela \u00abPedro el escamoso\u00bb.Nominada varias veces al mismo premio, por sus papeles en \u00abPa quererte\u00bb,\u00bbAmar y vivir\u00bb y en \u00abDistrito salvaje\u00bb. Adem\u00e1s, ganadora del premio TV y Novelas.<\/p>\n","protected":false},"excerpt":{"rendered":"<p>!LUCES, C\u00c1MARA, ACCI\u00d3N! Est\u00e1 comprobado que la actuaci\u00f3n es una herramienta poderosa para impactar la forma como te comunicas.<\/p>\n<p>Con el MasterClass ACTUACI\u00d3N PARA TODOS, aprende los secretos de los grandes maestros para lograr una actuaci\u00f3n \u00e9pica. <\/p>\n<p>Desarrollado por ALINA LOZANO, reconocida actriz de talla internacional quien te ense\u00f1ar\u00e1 a perder el p\u00e1nico esc\u00e9nico con ejercicio grabados en distintos lugares.<\/p>\n<p>Expresa tu lenguaje corporal y tono de la voz con la fuerza emotiva necesaria para que dejes con la boca abierta a tu p\u00fablico.<\/p>\n<p>Interpreta el papel de tu vida o dicta una conferencia con una actuaci\u00f3n inolvidable proyectando tu carrera.<\/p>\n","protected":false},"featured_media":4809,"template":"","meta":{"_joinchat":[]},"product_brand":[],"product_cat":[332,344],"product_tag":[],"class_list":{"0":"post-12728","1":"product","2":"type-product","3":"status-publish","4":"has-post-thumbnail","6":"product_cat-musica-y-artes","7":"product_cat-todos","9":"first","10":"instock","11":"sale","12":"shipping-taxable","13":"product-type-external"},"_links":{"self":[{"href":"https:\/\/www.cursos.olgavelez.co\/cu\/wp-json\/wp\/v2\/product\/12728","targetHints":{"allow":["GET"]}}],"collection":[{"href":"https:\/\/www.cursos.olgavelez.co\/cu\/wp-json\/wp\/v2\/product"}],"about":[{"href":"https:\/\/www.cursos.olgavelez.co\/cu\/wp-json\/wp\/v2\/types\/product"}],"version-history":[{"count":2,"href":"https:\/\/www.cursos.olgavelez.co\/cu\/wp-json\/wp\/v2\/product\/12728\/revisions"}],"predecessor-version":[{"id":14652,"href":"https:\/\/www.cursos.olgavelez.co\/cu\/wp-json\/wp\/v2\/product\/12728\/revisions\/14652"}],"wp:featuredmedia":[{"embeddable":true,"href":"https:\/\/www.cursos.olgavelez.co\/cu\/wp-json\/wp\/v2\/media\/4809"}],"wp:attachment":[{"href":"https:\/\/www.cursos.olgavelez.co\/cu\/wp-json\/wp\/v2\/media?parent=12728"}],"wp:term":[{"taxonomy":"product_brand","embeddable":true,"href":"https:\/\/www.cursos.olgavelez.co\/cu\/wp-json\/wp\/v2\/product_brand?post=12728"},{"taxonomy":"product_cat","embeddable":true,"href":"https:\/\/www.cursos.olgavelez.co\/cu\/wp-json\/wp\/v2\/product_cat?post=12728"},{"taxonomy":"product_tag","embeddable":true,"href":"https:\/\/www.cursos.olgavelez.co\/cu\/wp-json\/wp\/v2\/product_tag?post=12728"}],"curies":[{"name":"wp","href":"https:\/\/api.w.org\/{rel}","templated":true}]}}